{"id":105,"date":"2011-07-14T09:53:47","date_gmt":"2011-07-14T09:53:47","guid":{"rendered":"?page_id=105"},"modified":"2020-02-29T18:23:01","modified_gmt":"2020-02-29T18:23:01","slug":"predigtreihe","status":"publish","type":"page","link":"https:\/\/kirchehundwil.ch\/?page_id=105","title":{"rendered":"Kurse, Vortr\u00e4ge, Konzerte"},"content":{"rendered":"<h2><strong>Vortrags- und Gespr\u00e4chsabend<\/strong><\/h2>\n<p><strong>Dienstag, 17. M\u00e4rz 20, 20 Uhr<\/strong>,<br \/>\nUnterrichtszimmer (Gemeindekanzlei, Dorf 12):<br \/>\n<strong>Das Klima \u00e4ndert sich.<\/strong> Was wissen wir \u00fcber die Ursachen? Was k\u00f6nnen und sollen wir tun? Werner D\u00e4ppen, Astrophysiker an der Universit\u00e4t Los Angeles, erkl\u00e4rt uns etwas zu dem, was viele junge Menschen bewegt.<\/p>\n<h2>Vorangehend:<\/h2>\n<p><strong>Mittwoch, 26. Februar 2020, 14.30 Uhr, Unterrichtszimmer, Dorf 12<\/strong><br \/>\nGespr\u00e4chsnachmittag: Gott in der Verfassung &#8211; Gott im allt\u00e4glichen Denken, Reden und Handeln? Was Menschen im Appenzellerland sagen.<br \/>\nWir lesen und reden \u00fcber die pers\u00f6nlichen Worte im Appenzeller Jahrbuch 2018<br \/>\n<a href=\"http:\/\/www.aggesellschaft.ch\/wp-content\/uploads\/AJb_2018.pdf\">http:\/\/www.aggesellschaft.ch\/wp-content\/uploads\/AJb_2018.pdf<\/a><\/p>\n<p>1000 Jahre mit Christus<br \/>\nStudientag am Samstag, 19. Oktober 2019 in St. Gallen<br \/>\n<a href=\"https:\/\/kirchehundwil.ch\/wp-content\/uploads\/2019\/09\/1000-Jahre-mit-Christus-19.10.19-mit-Logo.pdf\">1000 Jahre mit Christus 19.10.19<\/a><br \/>\nDas Basler M\u00fcnster: Eines der bedeutendsten Kulturdenkm\u00e4ler erz\u00e4hlt anschaulich von den K\u00e4mpfen um das rechte Verst\u00e4ndnis des Evangeliums.<\/p>\n<h2><\/h2>\n<p><strong>Stadt und Land und Agglomeration<\/strong><br \/>\n<strong>Was aus dem Land von Brder Klaus geworden ist<br \/>\n<\/strong><strong>Ein Podiumsgespr\u00e4ch zum Buch &#8222;Der Name Jesu sei euer Gruss&#8220;<\/strong><br \/>\n<strong>Mittwoch, 7.November 2018, 18.30 Uhr<\/strong><br \/>\nArchitekturwerkstatt St. Gallen (visavis vom Bahnhof)<br \/>\nDr. Gerhard Schwarz, Pfr. Dr. Bernhard Rothen, Profn. Anna Jessen<br \/>\n<a href=\"https:\/\/kirchehundwil.ch\/wp-content\/uploads\/2011\/07\/Podium-7.11.18.docx\">Podiumsgespr\u00e4ch am 7. November 2018<\/a><\/p>\n<p><strong>&#8222;So hat Gott geliebt&#8220;: Sieben St\u00fccke aus dem Wort Gottes<\/strong><br \/>\n<strong>Ein Glaubenskurs<\/strong><\/p>\n<p>zusammen mit der Ostschweizer Bibelgesellschaft<\/p>\n<p><a href=\"https:\/\/kirchehundwil.ch\/wp-content\/uploads\/2011\/07\/So-hat-Gott-geliebt-2018.pdf\">So hat Gott geliebt, Kurs im 1. Halbjahr 2018<\/a><\/p>\n<p>Der Kurs wird <strong>in zwei Zeitfenstern an zwei Orten<\/strong> durchgef\u00fchrt:<br \/>\nVier Abende und ein Studientag im <strong>Saal neben dem Migros\u00adrestaurant im Bahnhof St.\u00a0Gallen<\/strong>,<br \/>\nvier Nachmittage und ein Studientag im <strong>Unterweisungszimmer, Dorf 12, in Hundwil AR<\/strong>.<\/p>\n<p><strong>Montag, 12. Februar 2018, 19.30 Uhr<\/strong>, Saal Migrosrestaurant Bahnhof St.\u00a0Gallen und<strong> Mittwoch, 14. Februar 2018, 14.30 Uhr<\/strong>, Unterweisungszimmer Hundwil<br \/>\n<span style=\"color: #993300;\">Jesus, der Christus<br \/>\n<\/span><span style=\"color: #993300;\">Fakten, Fake-News und das Versprechen der Propheten und Apostel. Warum das Evangelium Zweifel weckt und gerade deshalb glaubw\u00fcrdig ist.<\/span><\/p>\n<p><strong>Mittwoch, 14. M\u00e4rz 2018, 14.30 Uhr<\/strong>, Unterweisungszimmer Hundwil und<br \/>\n<strong>Montag, 19. M\u00e4rz 2018, 19.30 Uhr<\/strong>, Saal Migrosrestaurant Bahnhof St.\u00a0Gallen<br \/>\n<strong><span style=\"color: #993300;\">Heilige Schriften<\/span><\/strong><br \/>\n<span style=\"color: #993300;\"> Zeitlich und ewig n\u00fctzliche Geschichten, Gesetze, Lieder, Spr\u00fcche, Lehren und Bilder. Warum das wichtigste Buch der Welt verharmlost und verdr\u00e4ngt wird.<\/span><\/p>\n<p><strong>Mittwoch, 25. April 2018, 14.30 Uhr<\/strong>, Unterweisungszimmer Hundwil und<br \/>\n<strong>Montag, 30. <\/strong><strong>April 2018, 19.30 Uhr<\/strong>, Saal Migrosrestaurant Bahnhof St. Gallen<br \/>\n<strong><span style=\"color: #993300;\">Umkehr zur Freiheit<\/span><\/strong><br \/>\n<span style=\"color: #993300;\"> Die Voraussetzungen und die Wirkung der Taufe. <\/span><br \/>\n<span style=\"color: #993300;\"> Warum mit uns etwas geschehen muss, bevor wir reif sind f\u00fcr die volle Gemeinschaft mit Gott.<\/span><\/p>\n<p><strong>Montag, 14. Mai 2018, 19.30 Uhr<\/strong>, Saal Migrosrestaurant Bahnhof St. Gallen und<strong> Mittwoch, 16. Mai 2018, 14.30 Uhr<\/strong>, Unterweisungszimmer Hundwil<br \/>\n<strong><span style=\"color: #993300;\">Adam und Eva<\/span><\/strong><br \/>\n<span style=\"color: #993300;\"> Gute Sch\u00f6pfung und grausam-sch\u00f6ne Natur. <\/span><br \/>\n<span style=\"color: #993300;\"> Warum der Glaube eine realistische und erwartungsvolle Weltsicht schenkt.<\/span><\/p>\n<p><strong>Studientag, 9.30 bis 16.30 Uhr<br \/>\nSamstag, 2. Juni 2018<\/strong>, Unterweisungszimmer Hundwil<br \/>\n<strong>Samstag, 25. August 2018<\/strong>, Saal Migrosrest. Bahnhof St. Gallen<br \/>\n<strong><span style=\"color: #993300;\">Glaube, Hoffnung, Liebe<\/span><\/strong><br \/>\n<span style=\"color: #993300;\">Leben aus dem Frieden, den Christus gestiftet hat. <\/span><br \/>\n<span style=\"color: #993300;\">Die praktischen Konsequenzen aus dem Abendmahl.<\/span><\/p>\n<p>Kurskosten: Fr. 60.- f\u00fcr die Abende und ebenso f\u00fcr den Studientag. Die Kosten entfallen f\u00fcr alle Mitglieder der Kirchgemeinde Hundwil und f\u00fc alle in Ausbildung. Essen am Studientag in Hundwil im Restaurant B\u00e4ren Fr. 30.-, am Studientag in St. Gallen im Migrosrestaurant nach freier Wahl.<br \/>\nEine Anmeldung ist sowohl f\u00fcr die Kursabende wie f\u00fcr den Studientag n\u00f6tig, bis eine Woche vor dem ersten Termin an <span style=\"color: #3366ff;\">pfarramtATkirchehundwil.ch<\/span>.<\/p>\n<h2><strong><strong>Vorangegangenes<\/strong><\/strong><\/h2>\n<h1>&#8222;Gottes Wort erscholl im ganzen Land&#8220;<\/h1>\n<p>Ein Kurs im Gedenkjahr Walter Klarer (1499-1567), Reformator des Appenzellerlandes. Wir lesen in Walter Klarers Chronik, betten sie ein in ihren geschichtlichen Hintergrund und fragen uns, was das uns heute zu sagen hat. Daraus ergeben sich kritische Anfragen an die heutigen Kirchen und ihren Umgang mit dem Reformationsjubil\u00e4um.<\/p>\n<p><strong><a href=\"https:\/\/kirchehundwil.ch\/wp-content\/uploads\/2011\/07\/Unterschrift-Klarerf\u00fcr-Web.jpg\"><img loading=\"lazy\" decoding=\"async\" class=\"alignleft size-full wp-image-1639\" title=\"Unterschrift Walter Klarer\" src=\"https:\/\/kirchehundwil.ch\/wp-content\/uploads\/2011\/07\/Unterschrift-Klarerf\u00fcr-Web.jpg\" alt=\"\" width=\"448\" height=\"167\" srcset=\"https:\/\/kirchehundwil.ch\/wp-content\/uploads\/2011\/07\/Unterschrift-Klarerf\u00fcr-Web.jpg 448w, https:\/\/kirchehundwil.ch\/wp-content\/uploads\/2011\/07\/Unterschrift-Klarerf\u00fcr-Web-300x111.jpg 300w\" sizes=\"auto, (max-width: 448px) 100vw, 448px\" \/><\/a><\/strong><\/p>\n<p>Walther Klarer<br \/>\nW\u00e4chter zu Hundwyl<br \/>\n<em>Unterschrift<\/em><br \/>\n<em> in einem Brief an Vadian, Juni 1524<\/em><\/p>\n<p><strong>Studientag Samstag, 6. Mai 2017, 10 bis 16.30 Uhr<\/strong><br \/>\nin der Kirche Hundwil<br \/>\n<strong>Eine Anmeldung ist erforderlich!<\/strong><\/p>\n<p>Die genauen Informationen finden sich auf dem Faltblatt:<br \/>\n<a href=\"https:\/\/kirchehundwil.ch\/wp-content\/uploads\/2011\/07\/16-11-04-Flyer-Kurs-2017-Gottes-Wort-erscholl-im-ganzen-Land-2.pdf\">Kurs: &#8222;Gottes Wort erscholl im ganzen Land&#8220;<\/a><\/p>\n<p><strong>Donnerstag, 24. und 31. Oktober und 7. November 2016<\/strong>,<br \/>\njeweils 19.30 bis 20.50 Uhr<br \/>\nRosenbergsaal des Migros Restaurants, Hauptbahnhof St. Gallen<br \/>\nDie Klarhheit der Schrift, die geheimnisvolle Kraft der Bibel<a href=\"https:\/\/kirchehundwil.ch\/wp-content\/uploads\/2011\/07\/Flyer_Die-Bibel-und-ihre-Kraft_2016_Hundwil.pdf\"><br \/>\nZum Reformationsjubil\u00e4um 2017: Die Bibel und ihre Kraft in der Schwachheit,<br \/>\nOktober und November 2016<\/a><\/p>\n<p><strong>Mittwoch, 16. November 2016, 20 Uhr, reformierte Kirche Appenzell<br \/>\n<\/strong>Gunnar Wiebalckvon der Menschenrechtsorganisation CSI (Christian Solidarity International) informiert \u00fcber dei Lage der Christen in Pakistan<\/p>\n<p><strong>Samstag, 19. November 2016, 16 Uhr, Kirchgemeindehaus Teufen<\/strong><br \/>\nProf. Dr. Peter Opitz, Schweizer Reformation und Wirren im Appenzellerland<br \/>\n<a href=\"https:\/\/kirchehundwil.ch\/wp-content\/uploads\/2011\/07\/Flyer-Reformationsvortrag_neue-Version-2.pdf\">Reformationsvortrag am 19.November 2016 in Teufen<\/a><\/p>\n<p><strong>Samstag, 16.Januar 2016<\/strong><br \/>\n9.30 Uhr bis 16 Uhr, Rosenbergsaal im Migrosrestaurant am Bahnhof St. Gallen<br \/>\nBibel und Koran<br \/>\nBedr\u00e4ngend aktuell: Wir lesen und vergleichen Texte\u00a0 aus den beiden wirkm\u00e4chtisgten B\u00fcchern der Menschheitsgeschichte.<a href=\"https:\/\/kirchehundwil.ch\/wp-content\/uploads\/2011\/07\/Flyer_Bibel_und_Koran2016b.pdf\"><br \/>\nTageskurs 16.1.16 Bibel und Koran<\/a><\/p>\n<p><strong>Montag, 23. November 2015, 20 Uhr<br \/>\nArrarat, mon amour.<br \/>\n<\/strong>Th\u00e9atre du Sacr\u00e9, Inszenierung von Pierre Massaux<br \/>\nEintritt frei, Kollekte<\/p>\n<h1><\/h1>\n<p><strong>Zum Gedenkjahr 2015, Jakob K\u00fcnzler<br \/>\n<\/strong><strong>Samstag, 31. Oktober 2015<br \/>\n<\/strong> &#8222;Das Blut deines Bruders schreit von der Erde zu mir&#8220;<br \/>\nSymposion zur biblischen Geschichte des Brudermordes 1.\u00a0Mose 4<\/p>\n<p><strong> Dienstag, 10. November 2015, 20 Uhr<br \/>\n<\/strong>Christenverfolgung heute, im Gebiet von Aleppo. Zusammen mit der Menschenrechtsorganisation CSI und der Kirchgemeinde Appenzell.<strong>Bettag, 20. September 2015, 20 Uhr: <\/strong>Das Kreuz im Wappen. Mit Dr. J. St\u00fcssi, Leiter\u00a0 der Milit\u00e4rbibliothek in Bern<\/p>\n<p><strong>Donnerstag, 22. Oktober 2015, 20 Uhr: <\/strong>Manuschak Karnusian erz\u00e4hlt von armenischen Schicksalen in der Schweiz. Ihre Grossmutter geh\u00f6rte zu den Waisenkindern, die von Jakob und Elisabeth K\u00fcnzler gerettet wurden.<\/p>\n<p><strong>Samstag, 25. April 2015, 19.30 Uhr, Kirche Hundwil<br \/>\nKonzert mit Robert Virabyan <\/strong>am Internationalen Gedenktag des V\u00f6lkermordes<\/p>\n<p><strong>Donnerstag, 30. April 2015, 20 Uhr, Kirche Hundwil<br \/>\nDer Basler Arzt und der Appenzeller Diakon<br \/>\n<\/strong>Emanuel La Roche erz\u00e4hlt von der Zusammenarbeit seines Grossvaters Hermann Christ mit Jakob K\u00fcnzler in Urfa<\/p>\n<p><strong> D<\/strong><strong>onnerstag, 7. Mai 2015, 20 Uhr, Kirche Hundwil<br \/>\nGeschwistermord<\/strong><br \/>\nProf. Hans-Lukas Kieser bettet das Lebenswerk Jakob K\u00fcnzlers in seinen sp\u00e4tosmanischen Kontext<\/p>\n<p><strong>Die M\u00e4chte dieser Welt und die Macht der Liebe<br \/>\n<\/strong>Wir lesen in den Berichten Jakob K\u00fcnzlers aus Urfa (1900 bis 1919)<br \/>\nDer Kurs wird in zwei Zeitfenstern angeboten, am Nachmittag und am Abend<br \/>\njeweils Donnerstags,\u00a0 14.30 Uhr und 20 Uhr<br \/>\nin der Schulanlage Mitledi<br \/>\n<strong>26. Februar 2015<\/strong>: Die Macht des K\u00f6nnens und des Geldes &#8211; und die Macht des Glaubens<br \/>\n<strong>12. M\u00e4rz 2015<\/strong>: Die Macht der Sippe und der Freundschaft &#8211; und die Macht des Geistes<br \/>\n<strong>26. M\u00e4rz 2015<\/strong>: Die Macht der Staaten und der Vertr\u00e4ge &#8211; und die Macht der Hoffnung<br \/>\nKursleitung: Pfr. Dr. Bernhard Rothen<br \/>\nAnmeldung erw\u00fcnscht an: pfarramtAThundwil.ch<\/p>\n<p><strong>Archiv:<\/strong><\/p>\n<p><a href=\"https:\/\/kirchehundwil.ch\/wp-content\/uploads\/2011\/07\/Woher-wohin-2014.pdf\"><strong>Woher wir kommen, wohin wir gehen, Veranstaltungen 2014<\/strong><\/a><\/p>\n<p><strong>Donnerstag, 20. November 2014, 20 Uhr:<\/strong><br \/>\nDer Saal des Grossen Rates in Appenzell. F\u00fchrung durch Dr. Roland Inauen,\u00a0 Stillstehender Landammann. Besammlung 19.45 Uhr Landsgemeindeplatz Hundwil.<\/p>\n<p><strong>Donnerstag, 28. August 2014, 19.30 Uhr<\/strong>: Auf den Sporen der Zellwegers. Spaziergang durch Trogen mit der Kantonsbiblothekarin Dr. Heidi Eisenhut<br \/>\nBesammlung 19 Uhr beim Landsgemeindeplatz Hundwil.<\/p>\n<p><strong>Bettag, 21. September 2014, 20 Uhr:<\/strong><br \/>\nBesinnnungsabend &#8222;Zum Beispiel Hundwil&#8220;. Interviews mit Gemeindepr\u00e4sidentin Margrit M\u00fcller und R\u00f6sli Schiess. Lorenz Reifler zeigt ein selber gemaltes Bild zum Thema.<br \/>\nZur Vorbereitung sehen wir den <strong>Film &#8222;Zum Beispiel Suberg&#8220;. <\/strong><br \/>\nSamstag, 20. September 2014, 19.30 Uhr im Unterweisungszimmer, Gemeindhaus, Dorf\u00a0 12<\/p>\n<p><a href=\"https:\/\/kirchehundwil.ch\/wp-content\/uploads\/2011\/07\/Ein-musikalischer-Sommerabend2doc1.pdf\"><strong>14. Juni 2014, 20 Uhr: Ein musikalischer Sommerabend mit inszenierter Chormusik<\/strong><\/a><\/p>\n<p><strong>Donnerstag, 22.\u00a0Mai 2014, 20 Uhr<br \/>\n<\/strong> Schalmeien und anderes, s\u00fcss und herb<br \/>\n<strong>Vergessene Instrumente der Appenzeller Volksmusik<\/strong><br \/>\nUrs Klauser und Daniel Som vom Ensemble \u00abtritonus\u00bb stellen die Instrumente aus alter Zeit und ihre Geschichte vor, in Wort, Ton und Bild.<\/p>\n<p><strong>Sonntag, 2. M\u00e4rz 2014<\/strong>, anschliessend an den Gottesdienst, ca. 10.30 Uhr:<br \/>\nProf. Dr. Christian Br\u00fcckner f\u00fchrt alle Interessierte ein in den Aufbau und die formgebenden Botschaften in einem der Orgelwerke Johann Sebastian Bachs.<\/p>\n<p>Woher wir kommen, wohin wir gehen<br \/>\n<strong>Karl der Grosse<\/strong><br \/>\nEin Kaiser f\u00f6rdert wegweisend bis heute das Beten, Denken und Schaffen<br \/>\nWir besuchen die grosse Ausstellung im Landesmuseum in Z\u00fcrich.<br \/>\n<strong>Samstag, 11.\u00a0Januar 2014<\/strong>, Abfahrt Hundwil Post 12.56 Uhr, R\u00fcckkehr 18.44 Uhr<br \/>\nAnmeldung an das Pfarramt bis Montag, 6.\u00a0Januar 2014: Pfarramt\/at\/hundwil.ch<\/p>\n<p>1. und 2.\u00a0November 2013<br \/>\n<strong>Symposion in der Kirche Hundwil<\/strong><br \/>\n&#8222;Ich bin der Herr, dein Gott, der ich dich aus der Knechtschaft gef\u00fchrt habe&#8220;<br \/>\nFachwissenschaftler machen sich Gedanken \u00fcber die Eingangsworte der Zehn Gebote<br \/>\n<a href=\"https:\/\/kirchehundwil.ch\/wp-content\/uploads\/2011\/07\/Flyer-Symposion-2.11.13.pdf\">Faltblatt mit detaillierten Angaben und Anmeldeformular<\/a><\/p>\n","protected":false},"excerpt":{"rendered":"<p>Vortrags- und Gespr\u00e4chsabend Dienstag, 17. M\u00e4rz 20, 20 Uhr, Unterrichtszimmer (Gemeindekanzlei, Dorf 12): Das Klima \u00e4ndert sich. Was wissen wir \u00fcber die Ursachen? Was k\u00f6nnen und sollen wir tun? Werner D\u00e4ppen, Astrophysiker an der Universit\u00e4t Los Angeles, erkl\u00e4rt uns etwas &hellip; <a href=\"https:\/\/kirchehundwil.ch\/?page_id=105\">Weiterlesen <span class=\"meta-nav\">&rarr;<\/span><\/a><\/p>\n","protected":false},"author":1,"featured_media":0,"parent":0,"menu_order":5,"comment_status":"open","ping_status":"open","template":"","meta":{"footnotes":""},"class_list":["post-105","page","type-page","status-publish","hentry"],"_links":{"self":[{"href":"https:\/\/kirchehundwil.ch\/index.php?rest_route=\/wp\/v2\/pages\/105","targetHints":{"allow":["GET"]}}],"collection":[{"href":"https:\/\/kirchehundwil.ch\/index.php?rest_route=\/wp\/v2\/pages"}],"about":[{"href":"https:\/\/kirchehundwil.ch\/index.php?rest_route=\/wp\/v2\/types\/page"}],"author":[{"embeddable":true,"href":"https:\/\/kirchehundwil.ch\/index.php?rest_route=\/wp\/v2\/users\/1"}],"replies":[{"embeddable":true,"href":"https:\/\/kirchehundwil.ch\/index.php?rest_route=%2Fwp%2Fv2%2Fcomments&post=105"}],"version-history":[{"count":113,"href":"https:\/\/kirchehundwil.ch\/index.php?rest_route=\/wp\/v2\/pages\/105\/revisions"}],"predecessor-version":[{"id":2747,"href":"https:\/\/kirchehundwil.ch\/index.php?rest_route=\/wp\/v2\/pages\/105\/revisions\/2747"}],"wp:attachment":[{"href":"https:\/\/kirchehundwil.ch\/index.php?rest_route=%2Fwp%2Fv2%2Fmedia&parent=105"}],"curies":[{"name":"wp","href":"https:\/\/api.w.org\/{rel}","templated":true}]}}