{"id":1230,"date":"2015-11-16T20:13:14","date_gmt":"2015-11-16T20:13:14","guid":{"rendered":"\/?page_id=1230"},"modified":"2024-07-06T21:00:22","modified_gmt":"2024-07-06T19:00:22","slug":"religionsunterricht","status":"publish","type":"page","link":"https:\/\/kirchehundwil.ch\/?page_id=1230","title":{"rendered":"Religionsunterricht"},"content":{"rendered":"<p>Wir werden im Religionsunterricht zusammen biblische Geschichten h\u00f6ren, singen, malen, spielen und auch mal basteln. Zum Religionsunterricht der evangelisch-reformierten Kirche Hundwil geh\u00f6rt auch der Besuch von 5 Familiengottesdiensten pro Schuljahr, wobei einer davon ein normaler Gottesdienst (z.B. die Konfirmation) oder ein ausw\u00e4rtiger sein kann. Die Kinder sollen die M\u00f6glichkeit haben, die Gemeinde, zu der sie geh\u00f6ren, kennenzulernen und den Sonntag als Tag des Gottesdienstes zu erleben. Das ist ja auch hier in Hundwil die mit Abstand \u00e4lteste Tradition! Je und je werden sie auch selber etwas zum Gottesdienst beitragen.<\/p>\n<p><strong>2. und 3. Klasse jeweils am Montag, 15.35 &#8211; 16.20 Uhr<\/strong> im Gemeinschaftsaal Schulhaus Mitledi.<\/p>\n<p><strong>5. und 6. Klasse jeweils am Dienstag, 15.35 &#8211; 16.20 Uhr<\/strong> im Gemeinschaftsaal Schulhaus Mitledi.<\/p>\n<h2><strong>Informationen f\u00fcr das Schuljahr 2024-25<\/strong><\/h2>\n<p style=\"font-weight: 400;\">In diesem Schuljahr finden voraussichtlich 8 Familiengottesdienste statt:<\/p>\n<p style=\"font-weight: 400;\"><strong>Am Sonntag, 11. August 2024, 9.30 Uhr: <\/strong>Begr\u00fcssung der neuen Konfirmanden<\/p>\n<p style=\"font-weight: 400;\"><strong>Am Sonntag, 15. September 2024, 9.30 Uhr: Eidgen\u00f6ssischer Dank- Buss- und Bettag: <\/strong>Familiengottesdienst mit Abendmahl mit dem M\u00e4nnerchor Hundwil, anschliessend Wurst und Brot vor der Kirche<\/p>\n<p style=\"font-weight: 400;\"><strong>Am Sonntag, 29. September 2024, 10.30 Uhr: Erntedank-Familiengottesdienst <\/strong>mit dem Jugendch\u00f6rli Hundwil. Anschliessend gemeinsam Wurst und Brot.<\/p>\n<p style=\"font-weight: 400;\"><strong>Am Vierten Advent, Sonntag, 22. Dezember 2024, 15.00 Uhr<\/strong>, Familiengottesdienst mit der Sonntagsschulweihnacht<\/p>\n<p style=\"font-weight: 400;\"><strong>Am Heilig Abend, Dienstag, 24. Dezember 2024, 17.10 Uhr<\/strong>, Familiengottesdienst am Heilig Abend<\/p>\n<p style=\"font-weight: 400;\"><strong>Am Sonntag, 9. ? \u00a0M\u00e4rz 2025, 10.00 Uhr<\/strong>, Familiengottesdienst in der Mitledi mit Suppenzmittag<\/p>\n<p style=\"font-weight: 400;\"><strong>Am Karfreitag, 18. April 2025<\/strong>,\u00a0<strong>14 Uhr<\/strong>, Kreuzweg zur Ahornkapelle<\/p>\n<p style=\"font-weight: 400;\"><strong>Am Ostersamstag, 19. April 2025, 20.30 Uhr<\/strong>\u00a0Beginn beim Friedhof. Osternachtfeier mit Taufged\u00e4chtnis<\/p>\n<p style=\"font-weight: 400;\"><strong>Am Sonntag, 6. Juli 2025, 9.30 Uhr<\/strong>, Familiengottesdienst zum Schuljahresschluss<\/p>\n<p style=\"font-weight: 400;\"><strong>Am Sonntag, 10. August 2025, 9.30 Uhr<\/strong>, Familiengottesdienst zum Schuljahresbeginn (neues Schuljahr 2025-26)<\/p>\n<p>Ausflug nach Basel am Samstag, 6. April 2019.<a href=\"https:\/\/kirchehundwil.ch\/wp-content\/uploads\/2019\/04\/Im-Helm-des-Turms.jpg\"><img loading=\"lazy\" decoding=\"async\" class=\"alignleft size-large wp-image-2255\" src=\"https:\/\/kirchehundwil.ch\/wp-content\/uploads\/2019\/04\/Im-Helm-des-Turms-1024x683.jpg\" alt=\"\" width=\"640\" height=\"427\" srcset=\"https:\/\/kirchehundwil.ch\/wp-content\/uploads\/2019\/04\/Im-Helm-des-Turms.jpg 1024w, https:\/\/kirchehundwil.ch\/wp-content\/uploads\/2019\/04\/Im-Helm-des-Turms-300x200.jpg 300w, https:\/\/kirchehundwil.ch\/wp-content\/uploads\/2019\/04\/Im-Helm-des-Turms-768x512.jpg 768w\" sizes=\"auto, (max-width: 640px) 100vw, 640px\" \/><\/a><\/p>\n","protected":false},"excerpt":{"rendered":"<p>Wir werden im Religionsunterricht zusammen biblische Geschichten h\u00f6ren, singen, malen, spielen und auch mal basteln. Zum Religionsunterricht der evangelisch-reformierten Kirche Hundwil geh\u00f6rt auch der Besuch von 5 Familiengottesdiensten pro Schuljahr, wobei einer davon ein normaler Gottesdienst (z.B. die Konfirmation) oder &hellip; <a href=\"https:\/\/kirchehundwil.ch\/?page_id=1230\">Weiterlesen <span class=\"meta-nav\">&rarr;<\/span><\/a><\/p>\n","protected":false},"author":1,"featured_media":0,"parent":449,"menu_order":1,"comment_status":"open","ping_status":"open","template":"","meta":{"footnotes":""},"class_list":["post-1230","page","type-page","status-publish","hentry"],"_links":{"self":[{"href":"https:\/\/kirchehundwil.ch\/index.php?rest_route=\/wp\/v2\/pages\/1230","targetHints":{"allow":["GET"]}}],"collection":[{"href":"https:\/\/kirchehundwil.ch\/index.php?rest_route=\/wp\/v2\/pages"}],"about":[{"href":"https:\/\/kirchehundwil.ch\/index.php?rest_route=\/wp\/v2\/types\/page"}],"author":[{"embeddable":true,"href":"https:\/\/kirchehundwil.ch\/index.php?rest_route=\/wp\/v2\/users\/1"}],"replies":[{"embeddable":true,"href":"https:\/\/kirchehundwil.ch\/index.php?rest_route=%2Fwp%2Fv2%2Fcomments&post=1230"}],"version-history":[{"count":50,"href":"https:\/\/kirchehundwil.ch\/index.php?rest_route=\/wp\/v2\/pages\/1230\/revisions"}],"predecessor-version":[{"id":7864,"href":"https:\/\/kirchehundwil.ch\/index.php?rest_route=\/wp\/v2\/pages\/1230\/revisions\/7864"}],"up":[{"embeddable":true,"href":"https:\/\/kirchehundwil.ch\/index.php?rest_route=\/wp\/v2\/pages\/449"}],"wp:attachment":[{"href":"https:\/\/kirchehundwil.ch\/index.php?rest_route=%2Fwp%2Fv2%2Fmedia&parent=1230"}],"curies":[{"name":"wp","href":"https:\/\/api.w.org\/{rel}","templated":true}]}}