{"id":1341,"date":"2016-03-09T21:20:17","date_gmt":"2016-03-09T21:20:17","guid":{"rendered":"\/?page_id=1341"},"modified":"2024-01-13T12:05:23","modified_gmt":"2024-01-13T11:05:23","slug":"kirchhori","status":"publish","type":"page","link":"https:\/\/kirchehundwil.ch\/?page_id=1341","title":{"rendered":"Kirchh\u00f6ri"},"content":{"rendered":"\n<p>Die Kirchh\u00f6ri findet anschliessend an den Gottesdienst statt. Alle Reformierten der Kirchgemeinde Hundwil sind herzlich eingeladen.<\/p>\n\n\n\n<p><strong>Kirchh\u00f6ri am Sonntag, 21. April 2024 um 10.45 Uhr in der Kirche<\/strong><\/p>\n\n\n\n<ol class=\"wp-block-list\">\n<li>Begr\u00fcssung<\/li>\n\n\n\n<li>Wahl der Stimmenz\u00e4hler<\/li>\n\n\n\n<li>Jahresbericht des Pr\u00e4sidenten<\/li>\n\n\n\n<li>Abstimmung \u00fcber die Jahresrechnung 2023,inkl. Zuteilung des Ergebnisses<\/li>\n\n\n\n<li>Abstimmung \u00fcber das Budget 2024 bei gleich\u00adbleibendem Steuerfuss von 0,75 Einheiten<\/li>\n\n\n\n<li>R\u00fccktritte \/ Wahlen<\/li>\n\n\n\n<li>W\u00fcnsche und Antr\u00e4ge (Antr\u00e4ge der Kirchgemeinde\u00adglieder m\u00fcssen bis sp\u00e4testens 10 Tage vor der Kirchgemeindeversammlung schriftlich bei der Kirchenvorsteherschaft eingereicht werden)<\/li>\n\n\n\n<li>Varia<\/li>\n<\/ol>\n\n\n\n<p>Besucher k\u00f6nnen die Kirchh\u00f6ri von der Empore aus miterleben. Die Traktanden finden Sie auch in der separaten Einladung.<\/p>\n\n\n\n<p><strong>Kirchh\u00f6ri am Sonntag, 16. April 2023 um 10.45 Uhr in der Kirche<\/strong><\/p>\n\n\n\n<div data-wp-interactive=\"core\/file\" class=\"wp-block-file\"><object data-wp-bind--hidden=\"!state.hasPdfPreview\" hidden class=\"wp-block-file__embed\" data=\"https:\/\/kirchehundwil.ch\/wp-content\/uploads\/2023\/03\/20230327-Edikt-2023-Hundwil-2.pdf\" type=\"application\/pdf\" style=\"width:100%;height:610px\" aria-label=\"Einbettung von 20230327-Edikt-2023-Hundwil-2.\"><\/object><a id=\"wp-block-file--media-f9f14967-65e2-4954-b4b3-76eb3ce04bef\" href=\"https:\/\/kirchehundwil.ch\/wp-content\/uploads\/2023\/03\/20230327-Edikt-2023-Hundwil-2.pdf\">20230327-Edikt-2023-Hundwil-2<\/a><a href=\"https:\/\/kirchehundwil.ch\/wp-content\/uploads\/2023\/03\/20230327-Edikt-2023-Hundwil-2.pdf\" class=\"wp-block-file__button wp-element-button\" download aria-describedby=\"wp-block-file--media-f9f14967-65e2-4954-b4b3-76eb3ce04bef\">Herunterladen<\/a><\/div>\n\n\n\n<figure class=\"wp-block-image size-large\"><a href=\"https:\/\/kirchehundwil.ch\/wp-content\/uploads\/2023\/03\/01-IMG_2580-Dorfkern-scaled.jpg\"><img loading=\"lazy\" decoding=\"async\" width=\"1024\" height=\"768\" src=\"https:\/\/kirchehundwil.ch\/wp-content\/uploads\/2023\/03\/01-IMG_2580-Dorfkern-1024x768.jpg\" alt=\"\" class=\"wp-image-6511\" srcset=\"https:\/\/kirchehundwil.ch\/wp-content\/uploads\/2023\/03\/01-IMG_2580-Dorfkern-1024x768.jpg 1024w, https:\/\/kirchehundwil.ch\/wp-content\/uploads\/2023\/03\/01-IMG_2580-Dorfkern-300x225.jpg 300w, https:\/\/kirchehundwil.ch\/wp-content\/uploads\/2023\/03\/01-IMG_2580-Dorfkern-768x576.jpg 768w, https:\/\/kirchehundwil.ch\/wp-content\/uploads\/2023\/03\/01-IMG_2580-Dorfkern-1536x1152.jpg 1536w, https:\/\/kirchehundwil.ch\/wp-content\/uploads\/2023\/03\/01-IMG_2580-Dorfkern-2048x1536.jpg 2048w\" sizes=\"auto, (max-width: 1024px) 100vw, 1024px\" \/><\/a><\/figure>\n\n\n\n<p><strong>Kirchh\u00f6ri am Sonntag, 3. April 2022 um 10.45 Uhr in der Kirche<\/strong><\/p>\n\n\n\n<p><a href=\"https:\/\/kirchehundwil.ch\/wp-content\/uploads\/2022\/03\/2022-Edikt-Evang-Kirche-Hundwil.pdf\">2022-Edikt-Evang-Kirche-Hundwil<\/a><\/p>\n\n\n\n<p><\/p>\n\n\n\n<p><strong>Kirchh\u00f6ri am Sonntag, 16. August 2020, 11.15 Uhr<\/strong><br><a href=\"https:\/\/kirchehundwil.ch\/wp-content\/uploads\/2020\/08\/Hundwil-Edikt-2020-Umschlag.pdf\">Edikt 2020, Umschlag<\/a><br><a href=\"https:\/\/kirchehundwil.ch\/wp-content\/uploads\/2020\/08\/Hundwil-Edikt-2020-Inhalt.pdf\">Edikt 2020, Inhalt<\/a><\/p>\n\n\n\n<p><strong><a href=\"https:\/\/kirchehundwil.ch\/wp-content\/uploads\/2019\/04\/Rechnung_Hundwil_2018_ALLES.pdf\">Edikt mit Jahresrechnung, Budget und Berichten<\/a><br><a href=\"https:\/\/kirchehundwil.ch\/wp-content\/uploads\/2019\/04\/Protokoll-der-Kirchh\u00f6ri-7.4.19.pdf\">Protokoll der Kirchh\u00f6ri 7.4.19<\/a><br><\/strong><\/p>\n\n\n<div class=\"wp-block-image\">\n<figure class=\"alignleft\"><a href=\"https:\/\/kirchehundwil.ch\/wp-content\/uploads\/2019\/04\/Dank-7.4.19-kompr.jpg\"><img loading=\"lazy\" decoding=\"async\" width=\"448\" height=\"299\" src=\"https:\/\/kirchehundwil.ch\/wp-content\/uploads\/2019\/04\/Dank-7.4.19-kompr.jpg\" alt=\"\" class=\"wp-image-2238\" srcset=\"https:\/\/kirchehundwil.ch\/wp-content\/uploads\/2019\/04\/Dank-7.4.19-kompr.jpg 448w, https:\/\/kirchehundwil.ch\/wp-content\/uploads\/2019\/04\/Dank-7.4.19-kompr-300x200.jpg 300w\" sizes=\"auto, (max-width: 448px) 100vw, 448px\" \/><\/a><\/figure>\n<\/div>\n\n\n<p>An der Kirchh\u00f6ri am 7. April 2019 wurde neu in die Vorsteherschaft gew\u00e4hlt Renate Oertle (links) f\u00fcr die zur\u00fccktretende Monika Kn\u00f6pfel (zweite von links). Gedankt wurde Madeleine F\u00e4ssler (zweite von rechts) f\u00fcr die langj\u00e4hrige F\u00fchrung des Adressregisters und Heidi Oertle (rechts) f\u00fcr den Einsatz w\u00e4hrend der langen Vakanz im Messmeramt.<\/p>\n\n\n\n<p><strong>Ausserordentliche Kirchh\u00f6ri am 2. September 2018,<br>anschliessend an den Gottesdienst, 10.45 Uhr<\/strong><\/p>\n\n\n\n<p><a href=\"https:\/\/kirchehundwil.ch\/wp-content\/uploads\/2016\/03\/Protokoll-Kirchh\u00f6ri-18-09-02062.pdf\">Protokoll der Kirchh\u00f6ri vom 2.9.2018<\/a><\/p>\n\n\n\n<p><strong>Ordentliche Kirchh\u00f6ri 2018<\/strong><br>Sonntag, 8. April 2018, im Anschluss an den Gottesdienst, ca. 10.30 Uhr<br><a href=\"https:\/\/kirchehundwil.ch\/wp-content\/uploads\/2016\/03\/Edikt-Kirchh\u00f6ri-2018.pdf\">Edikt Kirchh\u00f6ri 2018<br><\/a><a href=\"https:\/\/kirchehundwil.ch\/wp-content\/uploads\/2016\/03\/Kirchh\u00f6ri-18-04-080001.pdf\">Protokoll der Kirchh\u00f6ri am 8. April 2018<\/a><\/p>\n\n\n\n<p><strong>Kirchh\u00f6ri 2017<\/strong><br>Sonntag, 2. April 2017, im Anschluss an den Gottesdienst, 10.30 Uhr<br><a href=\"https:\/\/kirchehundwil.ch\/wp-content\/uploads\/2016\/03\/Rechnung_2016_GzD_AK_1__Inhalt.pdf\">Kirchh\u00f6ri am 2.April 2017<br><\/a><a href=\"https:\/\/kirchehundwil.ch\/wp-content\/uploads\/2016\/03\/Protokoll-2.4.20170001.pdf\">Protokoll der Kirchh\u00f6ri vom 2.4.2017<\/a><\/p>\n\n\n\n<p><strong>Kirchh\u00f6ri 2016<\/strong><br>3. April 2016, 10.45 Uhr<br><a href=\"https:\/\/kirchehundwil.ch\/wp-content\/uploads\/2016\/03\/Rechnung_2015_Budget_2016.pdf\">Edikt mit Traktandenliste und Rechnung 2015 und Budget 2016<\/a><\/p>\n\n\n\n<p><\/p>\n","protected":false},"excerpt":{"rendered":"<p>Die Kirchh\u00f6ri findet anschliessend an den Gottesdienst statt. Alle Reformierten der Kirchgemeinde Hundwil sind herzlich eingeladen. Kirchh\u00f6ri am Sonntag, 21. April 2024 um 10.45 Uhr in der Kirche Besucher k\u00f6nnen die Kirchh\u00f6ri von der Empore aus miterleben. Die Traktanden finden &hellip; <a href=\"https:\/\/kirchehundwil.ch\/?page_id=1341\">Weiterlesen <span class=\"meta-nav\">&rarr;<\/span><\/a><\/p>\n","protected":false},"author":1,"featured_media":0,"parent":0,"menu_order":12,"comment_status":"closed","ping_status":"open","template":"","meta":{"footnotes":""},"class_list":["post-1341","page","type-page","status-publish","hentry"],"_links":{"self":[{"href":"https:\/\/kirchehundwil.ch\/index.php?rest_route=\/wp\/v2\/pages\/1341","targetHints":{"allow":["GET"]}}],"collection":[{"href":"https:\/\/kirchehundwil.ch\/index.php?rest_route=\/wp\/v2\/pages"}],"about":[{"href":"https:\/\/kirchehundwil.ch\/index.php?rest_route=\/wp\/v2\/types\/page"}],"author":[{"embeddable":true,"href":"https:\/\/kirchehundwil.ch\/index.php?rest_route=\/wp\/v2\/users\/1"}],"replies":[{"embeddable":true,"href":"https:\/\/kirchehundwil.ch\/index.php?rest_route=%2Fwp%2Fv2%2Fcomments&post=1341"}],"version-history":[{"count":33,"href":"https:\/\/kirchehundwil.ch\/index.php?rest_route=\/wp\/v2\/pages\/1341\/revisions"}],"predecessor-version":[{"id":7330,"href":"https:\/\/kirchehundwil.ch\/index.php?rest_route=\/wp\/v2\/pages\/1341\/revisions\/7330"}],"wp:attachment":[{"href":"https:\/\/kirchehundwil.ch\/index.php?rest_route=%2Fwp%2Fv2%2Fmedia&parent=1341"}],"curies":[{"name":"wp","href":"https:\/\/api.w.org\/{rel}","templated":true}]}}