{"id":1696,"date":"2017-06-23T12:16:01","date_gmt":"2017-06-23T12:16:01","guid":{"rendered":"http:\/\/kirchehundwil.ch\/?page_id=1696"},"modified":"2022-06-16T11:50:04","modified_gmt":"2022-06-16T09:50:04","slug":"taegliche-andacht","status":"publish","type":"page","link":"https:\/\/kirchehundwil.ch\/?page_id=1696","title":{"rendered":"T\u00e4gliche Andacht"},"content":{"rendered":"<p>Im Altersheim Erika findet jeweils am 2. und 4. Freitag im Monat um 10 Uhr ein Gottesdienst statt. Im Altersheim Pfand half w\u00e4hrend Jahren eine Gruppe von Ehrenamtlichen aus der katholischen und der evangelisch-reformierten Landeskirche und aus Freikirchen, dass jeden Tag um 10 Uhr eine Andacht stattfinden konnte.<\/p>\n<p>Die Bewohner des Heims waren dankbar f\u00fcr diesen Dienst. Das t\u00e4gliche Beten, Singen und Bibellesen half, zum Frieden zu finden f\u00fcr das, was war, und was noch kommen muss. Und es bringt gewiss nah und fern Segen.<br \/><br \/><\/p>\n\n\n<p><\/p>\n","protected":false},"excerpt":{"rendered":"<p>Im Altersheim Erika findet jeweils am 2. und 4. Freitag im Monat um 10 Uhr ein Gottesdienst statt. Im Altersheim Pfand half w\u00e4hrend Jahren eine Gruppe von Ehrenamtlichen aus der katholischen und der evangelisch-reformierten Landeskirche und aus Freikirchen, dass jeden &hellip; <a href=\"https:\/\/kirchehundwil.ch\/?page_id=1696\">Weiterlesen <span class=\"meta-nav\">&rarr;<\/span><\/a><\/p>\n","protected":false},"author":1,"featured_media":0,"parent":35,"menu_order":0,"comment_status":"closed","ping_status":"closed","template":"","meta":{"footnotes":""},"class_list":["post-1696","page","type-page","status-publish","hentry"],"_links":{"self":[{"href":"https:\/\/kirchehundwil.ch\/index.php?rest_route=\/wp\/v2\/pages\/1696","targetHints":{"allow":["GET"]}}],"collection":[{"href":"https:\/\/kirchehundwil.ch\/index.php?rest_route=\/wp\/v2\/pages"}],"about":[{"href":"https:\/\/kirchehundwil.ch\/index.php?rest_route=\/wp\/v2\/types\/page"}],"author":[{"embeddable":true,"href":"https:\/\/kirchehundwil.ch\/index.php?rest_route=\/wp\/v2\/users\/1"}],"replies":[{"embeddable":true,"href":"https:\/\/kirchehundwil.ch\/index.php?rest_route=%2Fwp%2Fv2%2Fcomments&post=1696"}],"version-history":[{"count":5,"href":"https:\/\/kirchehundwil.ch\/index.php?rest_route=\/wp\/v2\/pages\/1696\/revisions"}],"predecessor-version":[{"id":5244,"href":"https:\/\/kirchehundwil.ch\/index.php?rest_route=\/wp\/v2\/pages\/1696\/revisions\/5244"}],"up":[{"embeddable":true,"href":"https:\/\/kirchehundwil.ch\/index.php?rest_route=\/wp\/v2\/pages\/35"}],"wp:attachment":[{"href":"https:\/\/kirchehundwil.ch\/index.php?rest_route=%2Fwp%2Fv2%2Fmedia&parent=1696"}],"curies":[{"name":"wp","href":"https:\/\/api.w.org\/{rel}","templated":true}]}}