{"id":1987,"date":"2018-10-05T06:38:17","date_gmt":"2018-10-05T06:38:17","guid":{"rendered":"http:\/\/kirchehundwil.ch\/?page_id=1987"},"modified":"2018-10-05T06:41:26","modified_gmt":"2018-10-05T06:41:26","slug":"konfirmandenreise-2018","status":"publish","type":"page","link":"https:\/\/kirchehundwil.ch\/?page_id=1987","title":{"rendered":"Konfirmandenreise 2018"},"content":{"rendered":"<p><strong>1. und 2. Oktober 2018<\/strong><br \/>\nWanderung auf den Spuren von Heini am Grund ins Fl\u00fceli<br \/>\n<a href=\"https:\/\/kirchehundwil.ch\/wp-content\/uploads\/2018\/10\/vor-Klause-f\u00fcr-Homepage.jpg\"><img loading=\"lazy\" decoding=\"async\" class=\"alignleft wp-image-1988\" src=\"https:\/\/kirchehundwil.ch\/wp-content\/uploads\/2018\/10\/vor-Klause-f\u00fcr-Homepage-1024x683.jpg\" alt=\"\" width=\"524\" height=\"350\" srcset=\"https:\/\/kirchehundwil.ch\/wp-content\/uploads\/2018\/10\/vor-Klause-f\u00fcr-Homepage.jpg 1024w, https:\/\/kirchehundwil.ch\/wp-content\/uploads\/2018\/10\/vor-Klause-f\u00fcr-Homepage-300x200.jpg 300w, https:\/\/kirchehundwil.ch\/wp-content\/uploads\/2018\/10\/vor-Klause-f\u00fcr-Homepage-768x512.jpg 768w\" sizes=\"auto, (max-width: 524px) 100vw, 524px\" \/><\/a><\/p>\n<p>&nbsp;<\/p>\n<p>&nbsp;<\/p>\n<p>&nbsp;<\/p>\n<p>&nbsp;<\/p>\n<p>&nbsp;<\/p>\n<p>&nbsp;<\/p>\n<p>&nbsp;<\/p>\n<p>&nbsp;<\/p>\n<p>Mittagessen nach der Fahrt mit dem Kanadier \u00fcber den Vierwaldst\u00e4ttersee<br \/>\n<a href=\"https:\/\/kirchehundwil.ch\/wp-content\/uploads\/2018\/10\/Mittagsrast-f\u00fcr-Homepage.jpg\"><img loading=\"lazy\" decoding=\"async\" class=\"alignleft wp-image-1989\" src=\"https:\/\/kirchehundwil.ch\/wp-content\/uploads\/2018\/10\/Mittagsrast-f\u00fcr-Homepage-1024x683.jpg\" alt=\"\" width=\"509\" height=\"339\" srcset=\"https:\/\/kirchehundwil.ch\/wp-content\/uploads\/2018\/10\/Mittagsrast-f\u00fcr-Homepage-1024x683.jpg 1024w, https:\/\/kirchehundwil.ch\/wp-content\/uploads\/2018\/10\/Mittagsrast-f\u00fcr-Homepage-300x200.jpg 300w, https:\/\/kirchehundwil.ch\/wp-content\/uploads\/2018\/10\/Mittagsrast-f\u00fcr-Homepage-768x512.jpg 768w\" sizes=\"auto, (max-width: 509px) 100vw, 509px\" \/><\/a><\/p>\n<p>&nbsp;<\/p>\n<p>&nbsp;<\/p>\n<p>&nbsp;<\/p>\n<p>&nbsp;<\/p>\n<p>&nbsp;<\/p>\n<p>&nbsp;<\/p>\n<p>auf dem R\u00fctli<br \/>\n<a href=\"https:\/\/kirchehundwil.ch\/wp-content\/uploads\/2018\/10\/auf-dem-R\u00fctli-f\u00fcr-Homepage.jpg\"><img loading=\"lazy\" decoding=\"async\" class=\"alignleft size-large wp-image-1990\" src=\"https:\/\/kirchehundwil.ch\/wp-content\/uploads\/2018\/10\/auf-dem-R\u00fctli-f\u00fcr-Homepage-683x1024.jpg\" alt=\"\" width=\"640\" height=\"960\" srcset=\"https:\/\/kirchehundwil.ch\/wp-content\/uploads\/2018\/10\/auf-dem-R\u00fctli-f\u00fcr-Homepage.jpg 683w, https:\/\/kirchehundwil.ch\/wp-content\/uploads\/2018\/10\/auf-dem-R\u00fctli-f\u00fcr-Homepage-200x300.jpg 200w\" sizes=\"auto, (max-width: 640px) 100vw, 640px\" \/><\/a><\/p>\n<p>&nbsp;<\/p>\n<p>&nbsp;<\/p>\n<p>&nbsp;<\/p>\n<p>&nbsp;<\/p>\n<p>&nbsp;<\/p>\n<p>&nbsp;<\/p>\n<p>&nbsp;<\/p>\n<p>&nbsp;<\/p>\n<p>&nbsp;<\/p>\n<p>&nbsp;<\/p>\n<p>&nbsp;<\/p>\n<p>&nbsp;<\/p>\n<p>&nbsp;<\/p>\n<p>vor dem Forum Schweiz in Schwyz<br \/>\n<a href=\"https:\/\/kirchehundwil.ch\/wp-content\/uploads\/2018\/10\/IMG_1135.jpg\"><img loading=\"lazy\" decoding=\"async\" class=\"alignleft size-large wp-image-1991\" src=\"https:\/\/kirchehundwil.ch\/wp-content\/uploads\/2018\/10\/IMG_1135-1024x768.jpg\" alt=\"\" width=\"640\" height=\"480\" srcset=\"https:\/\/kirchehundwil.ch\/wp-content\/uploads\/2018\/10\/IMG_1135-1024x768.jpg 1024w, https:\/\/kirchehundwil.ch\/wp-content\/uploads\/2018\/10\/IMG_1135-300x225.jpg 300w, https:\/\/kirchehundwil.ch\/wp-content\/uploads\/2018\/10\/IMG_1135-768x576.jpg 768w, https:\/\/kirchehundwil.ch\/wp-content\/uploads\/2018\/10\/IMG_1135.jpg 1632w\" sizes=\"auto, (max-width: 640px) 100vw, 640px\" \/><\/a><\/p>\n","protected":false},"excerpt":{"rendered":"<p>1. und 2. Oktober 2018 Wanderung auf den Spuren von Heini am Grund ins Fl\u00fceli &nbsp; &nbsp; &nbsp; &nbsp; &nbsp; &nbsp; &nbsp; &nbsp; Mittagessen nach der Fahrt mit dem Kanadier \u00fcber den Vierwaldst\u00e4ttersee &nbsp; &nbsp; &nbsp; &nbsp; &nbsp; &nbsp; auf &hellip; <a href=\"https:\/\/kirchehundwil.ch\/?page_id=1987\">Weiterlesen <span class=\"meta-nav\">&rarr;<\/span><\/a><\/p>\n","protected":false},"author":1,"featured_media":0,"parent":12,"menu_order":0,"comment_status":"closed","ping_status":"closed","template":"","meta":{"footnotes":""},"class_list":["post-1987","page","type-page","status-publish","hentry"],"_links":{"self":[{"href":"https:\/\/kirchehundwil.ch\/index.php?rest_route=\/wp\/v2\/pages\/1987","targetHints":{"allow":["GET"]}}],"collection":[{"href":"https:\/\/kirchehundwil.ch\/index.php?rest_route=\/wp\/v2\/pages"}],"about":[{"href":"https:\/\/kirchehundwil.ch\/index.php?rest_route=\/wp\/v2\/types\/page"}],"author":[{"embeddable":true,"href":"https:\/\/kirchehundwil.ch\/index.php?rest_route=\/wp\/v2\/users\/1"}],"replies":[{"embeddable":true,"href":"https:\/\/kirchehundwil.ch\/index.php?rest_route=%2Fwp%2Fv2%2Fcomments&post=1987"}],"version-history":[{"count":3,"href":"https:\/\/kirchehundwil.ch\/index.php?rest_route=\/wp\/v2\/pages\/1987\/revisions"}],"predecessor-version":[{"id":1994,"href":"https:\/\/kirchehundwil.ch\/index.php?rest_route=\/wp\/v2\/pages\/1987\/revisions\/1994"}],"up":[{"embeddable":true,"href":"https:\/\/kirchehundwil.ch\/index.php?rest_route=\/wp\/v2\/pages\/12"}],"wp:attachment":[{"href":"https:\/\/kirchehundwil.ch\/index.php?rest_route=%2Fwp%2Fv2%2Fmedia&parent=1987"}],"curies":[{"name":"wp","href":"https:\/\/api.w.org\/{rel}","templated":true}]}}