{"id":2377,"date":"2019-05-15T13:25:34","date_gmt":"2019-05-15T13:25:34","guid":{"rendered":"http:\/\/kirchehundwil.ch\/?page_id=2377"},"modified":"2025-04-22T09:48:32","modified_gmt":"2025-04-22T07:48:32","slug":"kirchgemeinde-hundwil","status":"publish","type":"page","link":"https:\/\/kirchehundwil.ch\/","title":{"rendered":"Kirchgemeinde"},"content":{"rendered":"\n<div class=\"wp-block-media-text alignwide is-stacked-on-mobile\" style=\"grid-template-columns:54% auto\"><figure class=\"wp-block-media-text__media\"><img loading=\"lazy\" decoding=\"async\" width=\"768\" height=\"1024\" src=\"https:\/\/kirchehundwil.ch\/wp-content\/uploads\/2022\/10\/IMG_0793-Kirche-mit-Vechschauplatz-768x1024.jpg\" alt=\"\" class=\"wp-image-5876 size-full\" srcset=\"https:\/\/kirchehundwil.ch\/wp-content\/uploads\/2022\/10\/IMG_0793-Kirche-mit-Vechschauplatz-768x1024.jpg 768w, https:\/\/kirchehundwil.ch\/wp-content\/uploads\/2022\/10\/IMG_0793-Kirche-mit-Vechschauplatz-225x300.jpg 225w, https:\/\/kirchehundwil.ch\/wp-content\/uploads\/2022\/10\/IMG_0793-Kirche-mit-Vechschauplatz-1152x1536.jpg 1152w, https:\/\/kirchehundwil.ch\/wp-content\/uploads\/2022\/10\/IMG_0793-Kirche-mit-Vechschauplatz-1536x2048.jpg 1536w, https:\/\/kirchehundwil.ch\/wp-content\/uploads\/2022\/10\/IMG_0793-Kirche-mit-Vechschauplatz-scaled.jpg 1920w\" sizes=\"auto, (max-width: 768px) 100vw, 768px\" \/><\/figure><div class=\"wp-block-media-text__content\">\n<p>Auf der Internetseite der Kirche Hundwil finden sich die Informationen zum Gottesdienst und zum kirchlichen Leben in der Gemeinde, deren Gebiet von der Sprechenden Br\u00fccke \u00fcber die Urn\u00e4sch bis zum S\u00e4ntisgipfel reicht. Immer noch d\u00fcrfen wir in Hundwil w\u00f6chentlich den gemeinsamen Sonntagsgottesdienst feiern und so die neue Woche mit Gottes allein reich machenden Segen beginnen.<\/p>\n<\/div><\/div>\n\n\n\n<figure class=\"wp-block-embed is-type-video is-provider-youtube wp-block-embed-youtube wp-embed-aspect-16-9 wp-has-aspect-ratio\"><div class=\"wp-block-embed__wrapper\">\n<iframe loading=\"lazy\" title=\"Hundwil (CH - AR) Glocken der ref. Kirche\" width=\"640\" height=\"360\" src=\"https:\/\/www.youtube.com\/embed\/SB3TSHkaedE?feature=oembed\" frameborder=\"0\" allow=\"accelerometer; autoplay; clipboard-write; encrypted-media; gyroscope; picture-in-picture; web-share\" referrerpolicy=\"strict-origin-when-cross-origin\" allowfullscreen><\/iframe>\n<\/div><figcaption class=\"wp-element-caption\">Gel\u00e4ut der Kirche Hundwil in Bild und Ton<\/figcaption><\/figure>\n\n\n\n<div class=\"wp-block-media-text is-stacked-on-mobile\" style=\"grid-template-columns:55% auto\"><figure class=\"wp-block-media-text__media\"><img loading=\"lazy\" decoding=\"async\" width=\"1024\" height=\"717\" src=\"https:\/\/kirchehundwil.ch\/wp-content\/uploads\/2025\/04\/20250413-Konfirmation-2025-1024x717.jpg\" alt=\"\" class=\"wp-image-8470 size-full\" srcset=\"https:\/\/kirchehundwil.ch\/wp-content\/uploads\/2025\/04\/20250413-Konfirmation-2025-1024x717.jpg 1024w, https:\/\/kirchehundwil.ch\/wp-content\/uploads\/2025\/04\/20250413-Konfirmation-2025-300x210.jpg 300w, https:\/\/kirchehundwil.ch\/wp-content\/uploads\/2025\/04\/20250413-Konfirmation-2025-768x538.jpg 768w, https:\/\/kirchehundwil.ch\/wp-content\/uploads\/2025\/04\/20250413-Konfirmation-2025-1536x1075.jpg 1536w, https:\/\/kirchehundwil.ch\/wp-content\/uploads\/2025\/04\/20250413-Konfirmation-2025-2048x1434.jpg 2048w\" sizes=\"auto, (max-width: 1024px) 100vw, 1024px\" \/><\/figure><div class=\"wp-block-media-text__content\">\n<p>Am Palmsonntag, 13. April 2025 wurden konfirmiert: Armin J\u00e4ger, S\u00e4bel, S\u00e4mi J\u00e4ger, S\u00e4bel, Fabian Nef, Steg,  S\u00e4mi Holderegger, Halden.<\/p>\n<\/div><\/div>\n\n\n\n<div class=\"wp-block-media-text is-stacked-on-mobile\" style=\"grid-template-columns:55% auto\"><figure class=\"wp-block-media-text__media\"><img loading=\"lazy\" decoding=\"async\" width=\"1024\" height=\"683\" src=\"https:\/\/kirchehundwil.ch\/wp-content\/uploads\/2024\/08\/20240324-Konfirmanden-vor-der-Kirche-Druck_B-1024x683.jpeg\" alt=\"\" class=\"wp-image-7966 size-full\" srcset=\"https:\/\/kirchehundwil.ch\/wp-content\/uploads\/2024\/08\/20240324-Konfirmanden-vor-der-Kirche-Druck_B-1024x683.jpeg 1024w, https:\/\/kirchehundwil.ch\/wp-content\/uploads\/2024\/08\/20240324-Konfirmanden-vor-der-Kirche-Druck_B-300x200.jpeg 300w, https:\/\/kirchehundwil.ch\/wp-content\/uploads\/2024\/08\/20240324-Konfirmanden-vor-der-Kirche-Druck_B-768x512.jpeg 768w, https:\/\/kirchehundwil.ch\/wp-content\/uploads\/2024\/08\/20240324-Konfirmanden-vor-der-Kirche-Druck_B-1536x1025.jpeg 1536w, https:\/\/kirchehundwil.ch\/wp-content\/uploads\/2024\/08\/20240324-Konfirmanden-vor-der-Kirche-Druck_B-2048x1366.jpeg 2048w\" sizes=\"auto, (max-width: 1024px) 100vw, 1024px\" \/><\/figure><div class=\"wp-block-media-text__content\">\n<p>Am Palmsonntag, 24. M\u00e4rz 2024 wurden konfirmiert: Sonja Heierli, Mettlen; Silvan K\u00e4hli, Dorf; Andreas Kn\u00f6pfel, Neuhaus; Christian Kn\u00f6pfel, Schl\u00e4ttli; Michelle Kn\u00f6pfel, Nasse; Reto Kn\u00f6pfel, Grund; Samuel M\u00e4gli, Dorf; Marina Nef, St\u00e4g; Anja Oertle, Hempen; Ralph Oertle, Wasserschaffen; Emil Zellweger, Tobel; Beni Zuberb\u00fchler, Hohb\u00fchl.<\/p>\n<\/div><\/div>\n\n\n\n<div class=\"wp-block-media-text alignwide is-stacked-on-mobile\" style=\"grid-template-columns:55% auto\"><figure class=\"wp-block-media-text__media\"><img loading=\"lazy\" decoding=\"async\" width=\"943\" height=\"627\" src=\"https:\/\/kirchehundwil.ch\/wp-content\/uploads\/2023\/05\/20230402-Konfirmanden-2023.png\" alt=\"\" class=\"wp-image-6693 size-full\" srcset=\"https:\/\/kirchehundwil.ch\/wp-content\/uploads\/2023\/05\/20230402-Konfirmanden-2023.png 943w, https:\/\/kirchehundwil.ch\/wp-content\/uploads\/2023\/05\/20230402-Konfirmanden-2023-300x199.png 300w, https:\/\/kirchehundwil.ch\/wp-content\/uploads\/2023\/05\/20230402-Konfirmanden-2023-768x511.png 768w\" sizes=\"auto, (max-width: 943px) 100vw, 943px\" \/><\/figure><div class=\"wp-block-media-text__content\">\n<p>Am Palmsonntag, 2. April 2023 feierten wir einen beeindruckenden, gehaltvollen Konfirmationsgottesdienst. Es wurden konfirmiert: Tobias Bommeli, Birgitte Heierli, Yves Steingruber, Hansueli Holderegger. <\/p>\n<\/div><\/div>\n\n\n\n<div class=\"wp-block-media-text alignwide is-stacked-on-mobile\" style=\"grid-template-columns:55% auto\"><figure class=\"wp-block-media-text__media\"><img loading=\"lazy\" decoding=\"async\" width=\"1024\" height=\"718\" src=\"https:\/\/kirchehundwil.ch\/wp-content\/uploads\/2022\/05\/Konfirmation-2022-1024x718.jpg\" alt=\"\" class=\"wp-image-5129 size-full\" srcset=\"https:\/\/kirchehundwil.ch\/wp-content\/uploads\/2022\/05\/Konfirmation-2022-1024x718.jpg 1024w, https:\/\/kirchehundwil.ch\/wp-content\/uploads\/2022\/05\/Konfirmation-2022-300x210.jpg 300w, https:\/\/kirchehundwil.ch\/wp-content\/uploads\/2022\/05\/Konfirmation-2022-768x538.jpg 768w, https:\/\/kirchehundwil.ch\/wp-content\/uploads\/2022\/05\/Konfirmation-2022-1536x1077.jpg 1536w, https:\/\/kirchehundwil.ch\/wp-content\/uploads\/2022\/05\/Konfirmation-2022-2048x1435.jpg 2048w\" sizes=\"auto, (max-width: 1024px) 100vw, 1024px\" \/><\/figure><div class=\"wp-block-media-text__content\">\n<p style=\"font-size:15px\">Am&nbsp;Palmsonntag 2022 feierten wir mit den Angeh\u00f6rigen und der Gottesdienstgemeinde einen sehr stimmigen und ber\u00fchrenden&nbsp;Konfirmationsgottesdienst mit unseren Konfirmanden.  Von Links nach rechts: Pfarrer David M\u00e4gli, Fabian Meier, Vreni Zellweger, Sarina Zuberb\u00fchler, Anina Kn\u00f6pfel, Vanessa Kn\u00f6pfel, Fabio Fuchs, Sami Kn\u00f6pfel.<\/p>\n<\/div><\/div>\n\n\n\n<div class=\"wp-block-media-text alignwide is-stacked-on-mobile\" style=\"grid-template-columns:55% auto\" id=\"https:\/\/kirchehundwil.ch\/?page_id=3830\"><figure class=\"wp-block-media-text__media\"><img loading=\"lazy\" decoding=\"async\" width=\"1024\" height=\"706\" src=\"https:\/\/kirchehundwil.ch\/wp-content\/uploads\/2021\/03\/Konfirmation-2021-2-1024x706.jpg\" alt=\"Konfirmation am 28. M\u00e4rz 2021\" class=\"wp-image-4127 size-full\" srcset=\"https:\/\/kirchehundwil.ch\/wp-content\/uploads\/2021\/03\/Konfirmation-2021-2-1024x706.jpg 1024w, https:\/\/kirchehundwil.ch\/wp-content\/uploads\/2021\/03\/Konfirmation-2021-2-300x207.jpg 300w, https:\/\/kirchehundwil.ch\/wp-content\/uploads\/2021\/03\/Konfirmation-2021-2-768x530.jpg 768w, https:\/\/kirchehundwil.ch\/wp-content\/uploads\/2021\/03\/Konfirmation-2021-2-1536x1060.jpg 1536w, https:\/\/kirchehundwil.ch\/wp-content\/uploads\/2021\/03\/Konfirmation-2021-2-2048x1413.jpg 2048w\" sizes=\"auto, (max-width: 1024px) 100vw, 1024px\" \/><\/figure><div class=\"wp-block-media-text__content\">\n<p>Unsere Konfirmanden am Palmsonntag 2021 (von links nach rechts):<br>(Diakon Michael Augsburger), Ueli Kn\u00f6pfel, Eric Steingruber, Florian K\u00e4hli, Tanja Eugster, Karin Holderegger, Manuel Oertle, Beat Frischknecht, Andy J\u00e4ger (Pfr. Bernhard Rothen)<\/p>\n<\/div><\/div>\n\n\n\n<figure class=\"wp-block-image size-large is-resized\"><a href=\"https:\/\/kirchehundwil.ch\/wp-content\/uploads\/2022\/01\/DSC01236-scaled.jpg\"><img loading=\"lazy\" decoding=\"async\" width=\"1024\" height=\"682\" src=\"https:\/\/kirchehundwil.ch\/wp-content\/uploads\/2022\/01\/DSC01236-1024x682.jpg\" alt=\"\" class=\"wp-image-4752\" style=\"width:352px;height:235px\" srcset=\"https:\/\/kirchehundwil.ch\/wp-content\/uploads\/2022\/01\/DSC01236-1024x682.jpg 1024w, https:\/\/kirchehundwil.ch\/wp-content\/uploads\/2022\/01\/DSC01236-300x200.jpg 300w, https:\/\/kirchehundwil.ch\/wp-content\/uploads\/2022\/01\/DSC01236-768x511.jpg 768w, https:\/\/kirchehundwil.ch\/wp-content\/uploads\/2022\/01\/DSC01236-1536x1022.jpg 1536w, https:\/\/kirchehundwil.ch\/wp-content\/uploads\/2022\/01\/DSC01236-2048x1363.jpg 2048w\" sizes=\"auto, (max-width: 1024px) 100vw, 1024px\" \/><\/a><\/figure>\n\n\n\n<div class=\"wp-block-media-text alignwide is-stacked-on-mobile\" style=\"grid-template-columns:55% auto\"><figure class=\"wp-block-media-text__media\"><img loading=\"lazy\" decoding=\"async\" width=\"1024\" height=\"768\" src=\"https:\/\/kirchehundwil.ch\/wp-content\/uploads\/2022\/09\/Jugendchoerli-singt-IMG_3610-a-1-1024x768.jpg\" alt=\"\" class=\"wp-image-5682 size-full\" srcset=\"https:\/\/kirchehundwil.ch\/wp-content\/uploads\/2022\/09\/Jugendchoerli-singt-IMG_3610-a-1-1024x768.jpg 1024w, https:\/\/kirchehundwil.ch\/wp-content\/uploads\/2022\/09\/Jugendchoerli-singt-IMG_3610-a-1-300x225.jpg 300w, https:\/\/kirchehundwil.ch\/wp-content\/uploads\/2022\/09\/Jugendchoerli-singt-IMG_3610-a-1-768x576.jpg 768w, https:\/\/kirchehundwil.ch\/wp-content\/uploads\/2022\/09\/Jugendchoerli-singt-IMG_3610-a-1-1536x1152.jpg 1536w, https:\/\/kirchehundwil.ch\/wp-content\/uploads\/2022\/09\/Jugendchoerli-singt-IMG_3610-a-1-2048x1536.jpg 2048w\" sizes=\"auto, (max-width: 1024px) 100vw, 1024px\" \/><\/figure><div class=\"wp-block-media-text__content\">\n<p><\/p>\n<\/div><\/div>\n\n\n\n<p><\/p>\n\n\n\n<figure class=\"wp-block-gallery has-nested-images columns-default is-cropped wp-block-gallery-1 is-layout-flex wp-block-gallery-is-layout-flex\">\n<figure class=\"wp-block-image size-large\"><a href=\"https:\/\/kirchehundwil.ch\/wp-content\/uploads\/2022\/10\/Hundwiler-Tobel-mit-Bruecke-IMG_9261-1-scaled.jpg\"><img loading=\"lazy\" decoding=\"async\" width=\"1024\" height=\"768\" data-id=\"5880\" src=\"https:\/\/kirchehundwil.ch\/wp-content\/uploads\/2022\/10\/Hundwiler-Tobel-mit-Bruecke-IMG_9261-1-1024x768.jpg\" alt=\"\" class=\"wp-image-5880\" srcset=\"https:\/\/kirchehundwil.ch\/wp-content\/uploads\/2022\/10\/Hundwiler-Tobel-mit-Bruecke-IMG_9261-1-1024x768.jpg 1024w, https:\/\/kirchehundwil.ch\/wp-content\/uploads\/2022\/10\/Hundwiler-Tobel-mit-Bruecke-IMG_9261-1-300x225.jpg 300w, https:\/\/kirchehundwil.ch\/wp-content\/uploads\/2022\/10\/Hundwiler-Tobel-mit-Bruecke-IMG_9261-1-768x576.jpg 768w, https:\/\/kirchehundwil.ch\/wp-content\/uploads\/2022\/10\/Hundwiler-Tobel-mit-Bruecke-IMG_9261-1-1536x1152.jpg 1536w, https:\/\/kirchehundwil.ch\/wp-content\/uploads\/2022\/10\/Hundwiler-Tobel-mit-Bruecke-IMG_9261-1-2048x1536.jpg 2048w\" sizes=\"auto, (max-width: 1024px) 100vw, 1024px\" \/><\/a><\/figure>\n\n\n\n<figure class=\"wp-block-image size-large\"><a href=\"https:\/\/kirchehundwil.ch\/wp-content\/uploads\/2022\/10\/IMG_0773-Haeuserzeile-Hundwil-scaled.jpg\"><img loading=\"lazy\" decoding=\"async\" width=\"1024\" height=\"768\" data-id=\"5881\" src=\"https:\/\/kirchehundwil.ch\/wp-content\/uploads\/2022\/10\/IMG_0773-Haeuserzeile-Hundwil-1024x768.jpg\" alt=\"\" class=\"wp-image-5881\" srcset=\"https:\/\/kirchehundwil.ch\/wp-content\/uploads\/2022\/10\/IMG_0773-Haeuserzeile-Hundwil-1024x768.jpg 1024w, https:\/\/kirchehundwil.ch\/wp-content\/uploads\/2022\/10\/IMG_0773-Haeuserzeile-Hundwil-300x225.jpg 300w, https:\/\/kirchehundwil.ch\/wp-content\/uploads\/2022\/10\/IMG_0773-Haeuserzeile-Hundwil-768x576.jpg 768w, https:\/\/kirchehundwil.ch\/wp-content\/uploads\/2022\/10\/IMG_0773-Haeuserzeile-Hundwil-1536x1152.jpg 1536w, https:\/\/kirchehundwil.ch\/wp-content\/uploads\/2022\/10\/IMG_0773-Haeuserzeile-Hundwil-2048x1536.jpg 2048w\" sizes=\"auto, (max-width: 1024px) 100vw, 1024px\" \/><\/a><\/figure>\n\n\n\n<figure class=\"wp-block-image size-large\"><a href=\"https:\/\/kirchehundwil.ch\/wp-content\/uploads\/2022\/10\/IMG_1879-Saentis-Schwaegalp-1-scaled.jpg\"><img loading=\"lazy\" decoding=\"async\" width=\"1024\" height=\"768\" data-id=\"5882\" src=\"https:\/\/kirchehundwil.ch\/wp-content\/uploads\/2022\/10\/IMG_1879-Saentis-Schwaegalp-1-1024x768.jpg\" alt=\"\" class=\"wp-image-5882\" srcset=\"https:\/\/kirchehundwil.ch\/wp-content\/uploads\/2022\/10\/IMG_1879-Saentis-Schwaegalp-1-1024x768.jpg 1024w, https:\/\/kirchehundwil.ch\/wp-content\/uploads\/2022\/10\/IMG_1879-Saentis-Schwaegalp-1-300x225.jpg 300w, https:\/\/kirchehundwil.ch\/wp-content\/uploads\/2022\/10\/IMG_1879-Saentis-Schwaegalp-1-768x576.jpg 768w, https:\/\/kirchehundwil.ch\/wp-content\/uploads\/2022\/10\/IMG_1879-Saentis-Schwaegalp-1-1536x1152.jpg 1536w, https:\/\/kirchehundwil.ch\/wp-content\/uploads\/2022\/10\/IMG_1879-Saentis-Schwaegalp-1-2048x1536.jpg 2048w\" sizes=\"auto, (max-width: 1024px) 100vw, 1024px\" \/><\/a><\/figure>\n<\/figure>\n\n\n\n<figure class=\"wp-block-gallery has-nested-images columns-default is-cropped wp-block-gallery-2 is-layout-flex wp-block-gallery-is-layout-flex\">\n<figure class=\"wp-block-image size-large\"><a href=\"https:\/\/kirchehundwil.ch\/wp-content\/uploads\/2022\/10\/Grosser-Gott-wir-loben-Dich-IMG_7510-scaled.jpg\"><img loading=\"lazy\" decoding=\"async\" width=\"1024\" height=\"768\" data-id=\"5884\" src=\"https:\/\/kirchehundwil.ch\/wp-content\/uploads\/2022\/10\/Grosser-Gott-wir-loben-Dich-IMG_7510-1024x768.jpg\" alt=\"\" class=\"wp-image-5884\" srcset=\"https:\/\/kirchehundwil.ch\/wp-content\/uploads\/2022\/10\/Grosser-Gott-wir-loben-Dich-IMG_7510-1024x768.jpg 1024w, https:\/\/kirchehundwil.ch\/wp-content\/uploads\/2022\/10\/Grosser-Gott-wir-loben-Dich-IMG_7510-300x225.jpg 300w, https:\/\/kirchehundwil.ch\/wp-content\/uploads\/2022\/10\/Grosser-Gott-wir-loben-Dich-IMG_7510-768x576.jpg 768w, https:\/\/kirchehundwil.ch\/wp-content\/uploads\/2022\/10\/Grosser-Gott-wir-loben-Dich-IMG_7510-1536x1152.jpg 1536w, https:\/\/kirchehundwil.ch\/wp-content\/uploads\/2022\/10\/Grosser-Gott-wir-loben-Dich-IMG_7510-2048x1536.jpg 2048w\" sizes=\"auto, (max-width: 1024px) 100vw, 1024px\" \/><\/a><\/figure>\n\n\n\n<figure class=\"wp-block-image size-large\"><a href=\"https:\/\/kirchehundwil.ch\/wp-content\/uploads\/2022\/10\/IMG_2582-Sonnenuhr-Kirchenuhr-scaled.jpg\"><img loading=\"lazy\" decoding=\"async\" width=\"768\" height=\"1024\" data-id=\"5885\" src=\"https:\/\/kirchehundwil.ch\/wp-content\/uploads\/2022\/10\/IMG_2582-Sonnenuhr-Kirchenuhr-768x1024.jpg\" alt=\"\" class=\"wp-image-5885\" srcset=\"https:\/\/kirchehundwil.ch\/wp-content\/uploads\/2022\/10\/IMG_2582-Sonnenuhr-Kirchenuhr-768x1024.jpg 768w, https:\/\/kirchehundwil.ch\/wp-content\/uploads\/2022\/10\/IMG_2582-Sonnenuhr-Kirchenuhr-225x300.jpg 225w, https:\/\/kirchehundwil.ch\/wp-content\/uploads\/2022\/10\/IMG_2582-Sonnenuhr-Kirchenuhr-1152x1536.jpg 1152w, https:\/\/kirchehundwil.ch\/wp-content\/uploads\/2022\/10\/IMG_2582-Sonnenuhr-Kirchenuhr-1536x2048.jpg 1536w, https:\/\/kirchehundwil.ch\/wp-content\/uploads\/2022\/10\/IMG_2582-Sonnenuhr-Kirchenuhr-scaled.jpg 1920w\" sizes=\"auto, (max-width: 768px) 100vw, 768px\" \/><\/a><\/figure>\n\n\n\n<figure class=\"wp-block-image size-large\"><a href=\"https:\/\/kirchehundwil.ch\/wp-content\/uploads\/2022\/10\/Malerei-Lobe-den-Herrn-meine-Seele-IMG_7509-scaled.jpg\"><img loading=\"lazy\" decoding=\"async\" width=\"1024\" height=\"768\" data-id=\"5883\" src=\"https:\/\/kirchehundwil.ch\/wp-content\/uploads\/2022\/10\/Malerei-Lobe-den-Herrn-meine-Seele-IMG_7509-1024x768.jpg\" alt=\"\" class=\"wp-image-5883\" srcset=\"https:\/\/kirchehundwil.ch\/wp-content\/uploads\/2022\/10\/Malerei-Lobe-den-Herrn-meine-Seele-IMG_7509-1024x768.jpg 1024w, https:\/\/kirchehundwil.ch\/wp-content\/uploads\/2022\/10\/Malerei-Lobe-den-Herrn-meine-Seele-IMG_7509-300x225.jpg 300w, https:\/\/kirchehundwil.ch\/wp-content\/uploads\/2022\/10\/Malerei-Lobe-den-Herrn-meine-Seele-IMG_7509-768x576.jpg 768w, https:\/\/kirchehundwil.ch\/wp-content\/uploads\/2022\/10\/Malerei-Lobe-den-Herrn-meine-Seele-IMG_7509-1536x1152.jpg 1536w, https:\/\/kirchehundwil.ch\/wp-content\/uploads\/2022\/10\/Malerei-Lobe-den-Herrn-meine-Seele-IMG_7509-2048x1536.jpg 2048w\" sizes=\"auto, (max-width: 1024px) 100vw, 1024px\" \/><\/a><\/figure>\n<\/figure>\n\n\n\n<figure class=\"wp-block-gallery has-nested-images columns-default is-cropped wp-block-gallery-3 is-layout-flex wp-block-gallery-is-layout-flex\">\n<figure class=\"wp-block-image size-large\"><a href=\"https:\/\/kirchehundwil.ch\/wp-content\/uploads\/2022\/10\/IMG_0219-Glocke-Hundwiler-Wappen-scaled.jpg\"><img loading=\"lazy\" decoding=\"async\" width=\"1024\" height=\"768\" data-id=\"5887\" src=\"https:\/\/kirchehundwil.ch\/wp-content\/uploads\/2022\/10\/IMG_0219-Glocke-Hundwiler-Wappen-1024x768.jpg\" alt=\"\" class=\"wp-image-5887\" srcset=\"https:\/\/kirchehundwil.ch\/wp-content\/uploads\/2022\/10\/IMG_0219-Glocke-Hundwiler-Wappen-1024x768.jpg 1024w, https:\/\/kirchehundwil.ch\/wp-content\/uploads\/2022\/10\/IMG_0219-Glocke-Hundwiler-Wappen-300x225.jpg 300w, https:\/\/kirchehundwil.ch\/wp-content\/uploads\/2022\/10\/IMG_0219-Glocke-Hundwiler-Wappen-768x576.jpg 768w, https:\/\/kirchehundwil.ch\/wp-content\/uploads\/2022\/10\/IMG_0219-Glocke-Hundwiler-Wappen-1536x1152.jpg 1536w, https:\/\/kirchehundwil.ch\/wp-content\/uploads\/2022\/10\/IMG_0219-Glocke-Hundwiler-Wappen-2048x1536.jpg 2048w\" sizes=\"auto, (max-width: 1024px) 100vw, 1024px\" \/><\/a><\/figure>\n\n\n\n<figure class=\"wp-block-image size-large\"><a href=\"https:\/\/kirchehundwil.ch\/wp-content\/uploads\/2022\/10\/IMG_0807-Kirche-von-Oben-scaled.jpg\"><img loading=\"lazy\" decoding=\"async\" width=\"1024\" height=\"768\" data-id=\"5886\" src=\"https:\/\/kirchehundwil.ch\/wp-content\/uploads\/2022\/10\/IMG_0807-Kirche-von-Oben-1024x768.jpg\" alt=\"\" class=\"wp-image-5886\" srcset=\"https:\/\/kirchehundwil.ch\/wp-content\/uploads\/2022\/10\/IMG_0807-Kirche-von-Oben-1024x768.jpg 1024w, https:\/\/kirchehundwil.ch\/wp-content\/uploads\/2022\/10\/IMG_0807-Kirche-von-Oben-300x225.jpg 300w, https:\/\/kirchehundwil.ch\/wp-content\/uploads\/2022\/10\/IMG_0807-Kirche-von-Oben-768x576.jpg 768w, https:\/\/kirchehundwil.ch\/wp-content\/uploads\/2022\/10\/IMG_0807-Kirche-von-Oben-1536x1152.jpg 1536w, https:\/\/kirchehundwil.ch\/wp-content\/uploads\/2022\/10\/IMG_0807-Kirche-von-Oben-2048x1536.jpg 2048w\" sizes=\"auto, (max-width: 1024px) 100vw, 1024px\" \/><\/a><\/figure>\n\n\n\n<figure class=\"wp-block-image size-large\"><a href=\"https:\/\/kirchehundwil.ch\/wp-content\/uploads\/2022\/10\/IMG_5581-Kuehe-scaled.jpg\"><img loading=\"lazy\" decoding=\"async\" width=\"1024\" height=\"768\" data-id=\"5888\" src=\"https:\/\/kirchehundwil.ch\/wp-content\/uploads\/2022\/10\/IMG_5581-Kuehe-1024x768.jpg\" alt=\"\" class=\"wp-image-5888\" srcset=\"https:\/\/kirchehundwil.ch\/wp-content\/uploads\/2022\/10\/IMG_5581-Kuehe-1024x768.jpg 1024w, https:\/\/kirchehundwil.ch\/wp-content\/uploads\/2022\/10\/IMG_5581-Kuehe-300x225.jpg 300w, https:\/\/kirchehundwil.ch\/wp-content\/uploads\/2022\/10\/IMG_5581-Kuehe-768x576.jpg 768w, https:\/\/kirchehundwil.ch\/wp-content\/uploads\/2022\/10\/IMG_5581-Kuehe-1536x1152.jpg 1536w, https:\/\/kirchehundwil.ch\/wp-content\/uploads\/2022\/10\/IMG_5581-Kuehe-2048x1536.jpg 2048w\" sizes=\"auto, (max-width: 1024px) 100vw, 1024px\" \/><\/a><\/figure>\n<\/figure>\n","protected":false},"excerpt":{"rendered":"<p>Auf der Internetseite der Kirche Hundwil finden sich die Informationen zum Gottesdienst und zum kirchlichen Leben in der Gemeinde, deren Gebiet von der Sprechenden Br\u00fccke \u00fcber die Urn\u00e4sch bis zum S\u00e4ntisgipfel reicht. Immer noch d\u00fcrfen wir in Hundwil w\u00f6chentlich den &hellip; <a href=\"https:\/\/kirchehundwil.ch\/\">Weiterlesen <span class=\"meta-nav\">&rarr;<\/span><\/a><\/p>\n","protected":false},"author":1,"featured_media":3278,"parent":0,"menu_order":0,"comment_status":"closed","ping_status":"closed","template":"","meta":{"footnotes":""},"class_list":["post-2377","page","type-page","status-publish","has-post-thumbnail","hentry"],"_links":{"self":[{"href":"https:\/\/kirchehundwil.ch\/index.php?rest_route=\/wp\/v2\/pages\/2377","targetHints":{"allow":["GET"]}}],"collection":[{"href":"https:\/\/kirchehundwil.ch\/index.php?rest_route=\/wp\/v2\/pages"}],"about":[{"href":"https:\/\/kirchehundwil.ch\/index.php?rest_route=\/wp\/v2\/types\/page"}],"author":[{"embeddable":true,"href":"https:\/\/kirchehundwil.ch\/index.php?rest_route=\/wp\/v2\/users\/1"}],"replies":[{"embeddable":true,"href":"https:\/\/kirchehundwil.ch\/index.php?rest_route=%2Fwp%2Fv2%2Fcomments&post=2377"}],"version-history":[{"count":58,"href":"https:\/\/kirchehundwil.ch\/index.php?rest_route=\/wp\/v2\/pages\/2377\/revisions"}],"predecessor-version":[{"id":8473,"href":"https:\/\/kirchehundwil.ch\/index.php?rest_route=\/wp\/v2\/pages\/2377\/revisions\/8473"}],"wp:featuredmedia":[{"embeddable":true,"href":"https:\/\/kirchehundwil.ch\/index.php?rest_route=\/wp\/v2\/media\/3278"}],"wp:attachment":[{"href":"https:\/\/kirchehundwil.ch\/index.php?rest_route=%2Fwp%2Fv2%2Fmedia&parent=2377"}],"curies":[{"name":"wp","href":"https:\/\/api.w.org\/{rel}","templated":true}]}}