{"id":2434,"date":"2019-06-14T09:39:39","date_gmt":"2019-06-14T09:39:39","guid":{"rendered":"http:\/\/kirchehundwil.ch\/?page_id=2434"},"modified":"2024-06-29T19:51:55","modified_gmt":"2024-06-29T17:51:55","slug":"aktuell-2","status":"publish","type":"page","link":"https:\/\/kirchehundwil.ch\/?page_id=2434","title":{"rendered":"Aktuell"},"content":{"rendered":"\n<div class=\"wp-block-group\"><div class=\"wp-block-group__inner-container is-layout-flow wp-block-group-is-layout-flow\">\n<div class=\"wp-block-group\"><div class=\"wp-block-group__inner-container is-layout-flow wp-block-group-is-layout-flow\">\n<p>Nachfolgend eine kurze \u00dcbersicht der n\u00e4chsten Anl\u00e4sse. Details dazu finden Sie im Untermen\u00fc dieser Seite. Jeden Sonntag d\u00fcrfen wir Gottesdienst feiern, siehe dazu die Agenda.<\/p>\n\n\n\n<div class=\"wp-block-group\"><div class=\"wp-block-group__inner-container is-layout-flow wp-block-group-is-layout-flow\">\n<p><strong>Bibelabend<\/strong><\/p>\n\n\n\n<p>An den Bibelabenden an den n\u00e4chsten Sonntagen (jeweils um\u00a020 Uhr im Pfarrhaus) soll die M\u00f6glichkeit bestehen, anders als im Gottesdienst nicht die Predigt des Pfarrers zu h\u00f6ren, sondern gemeinsam zu lesen, was in der Bibel geschrieben steht und dar\u00fcber nachzudenken und zu reden, was wir wie verstehen oder auch nicht verstehen. Bisher wurden im Brief des Paulus an die R\u00f6mer, Kapitel 9, miteinander betrachtet. Ein Einstieg ist jederzeit m\u00f6glich.<\/p>\n<\/div><\/div>\n<\/div><\/div>\n<\/div><\/div>\n\n\n\n<div class=\"wp-block-buttons is-layout-flex wp-block-buttons-is-layout-flex\">\n<div class=\"wp-block-button has-custom-width wp-block-button__width-100 has-custom-font-size is-style-outline has-medium-font-size is-style-outline--1\"><a class=\"wp-block-button__link has-blue-color has-text-color wp-element-button\" href=\"https:\/\/kirchehundwil.ch\/?page_id=3248\">die Gottesdienste k\u00f6nnen hier online mitgeh\u00f6rt werden<\/a><\/div>\n\n\n\n<div class=\"wp-block-button has-custom-width wp-block-button__width-100 has-custom-font-size is-style-outline has-medium-font-size is-style-outline--2\"><a class=\"wp-block-button__link has-blue-color has-text-color wp-element-button\" href=\"https:\/\/kirchehundwil.ch\/?page_id=7375\" target=\"_blank\" rel=\"noreferrer noopener\">Alles Leben str\u00f6mt aus Dir &#8211; 500 Jahre Reformation<\/a><\/div>\n<\/div>\n\n\n\n<p><\/p>\n","protected":false},"excerpt":{"rendered":"<p>Nachfolgend eine kurze \u00dcbersicht der n\u00e4chsten Anl\u00e4sse. Details dazu finden Sie im Untermen\u00fc dieser Seite. Jeden Sonntag d\u00fcrfen wir Gottesdienst feiern, siehe dazu die Agenda. Bibelabend An den Bibelabenden an den n\u00e4chsten Sonntagen (jeweils um\u00a020 Uhr im Pfarrhaus) soll die &hellip; <a href=\"https:\/\/kirchehundwil.ch\/?page_id=2434\">Weiterlesen <span class=\"meta-nav\">&rarr;<\/span><\/a><\/p>\n","protected":false},"author":1,"featured_media":0,"parent":0,"menu_order":4,"comment_status":"closed","ping_status":"closed","template":"","meta":{"footnotes":""},"class_list":["post-2434","page","type-page","status-publish","hentry"],"_links":{"self":[{"href":"https:\/\/kirchehundwil.ch\/index.php?rest_route=\/wp\/v2\/pages\/2434","targetHints":{"allow":["GET"]}}],"collection":[{"href":"https:\/\/kirchehundwil.ch\/index.php?rest_route=\/wp\/v2\/pages"}],"about":[{"href":"https:\/\/kirchehundwil.ch\/index.php?rest_route=\/wp\/v2\/types\/page"}],"author":[{"embeddable":true,"href":"https:\/\/kirchehundwil.ch\/index.php?rest_route=\/wp\/v2\/users\/1"}],"replies":[{"embeddable":true,"href":"https:\/\/kirchehundwil.ch\/index.php?rest_route=%2Fwp%2Fv2%2Fcomments&post=2434"}],"version-history":[{"count":158,"href":"https:\/\/kirchehundwil.ch\/index.php?rest_route=\/wp\/v2\/pages\/2434\/revisions"}],"predecessor-version":[{"id":7839,"href":"https:\/\/kirchehundwil.ch\/index.php?rest_route=\/wp\/v2\/pages\/2434\/revisions\/7839"}],"wp:attachment":[{"href":"https:\/\/kirchehundwil.ch\/index.php?rest_route=%2Fwp%2Fv2%2Fmedia&parent=2434"}],"curies":[{"name":"wp","href":"https:\/\/api.w.org\/{rel}","templated":true}]}}