{"id":2807,"date":"2020-03-20T02:56:32","date_gmt":"2020-03-20T02:56:32","guid":{"rendered":"http:\/\/kirchehundwil.ch\/?page_id=2807"},"modified":"2021-08-21T12:05:17","modified_gmt":"2021-08-21T10:05:17","slug":"gottesdienst-daheim","status":"publish","type":"page","link":"https:\/\/kirchehundwil.ch\/?page_id=2807","title":{"rendered":"Gottesdienst daheim"},"content":{"rendered":"\n<p>Vom 22. M\u00e4rz bis am 28. Mai 2021 durften wir die Gottesdienste nur daheim feiern. Hier finden sich noch die Hilfestellungen f\u00fcr die gottesdienstlichen Feiern in den eigenen vier W\u00e4nden.<br><br>In einem weiteren Untermen\u00fc <strong>&#8222;Andachten f\u00fcr die Altersheime&#8220;<\/strong> finden sich Kurzandachten f\u00fcr die Altersheime, die w\u00e4hrend dieser Zeit aus der Kirche heraus f\u00fcr unsere Altersheime gehalten wurden.<\/p>\n\n\n\n<p>Aufzeichnung des Gottesdienstes vom 19.April 2020<\/p>\n\n\n\n<figure class=\"wp-block-audio\"><audio controls src=\"blob:https:\/\/kirchehundwil.ch\/5b96e144-0d62-4e49-80fb-ec3c1e6625ea\"><\/audio><\/figure>\n\n\n\n<div class=\"wp-block-file\"><a href=\"https:\/\/kirchehundwil.ch\/wp-content\/uploads\/2020\/04\/Vorschlag-f\u00fcr-eine-gottesdienstliche-Feier-20-04-19.docx\">Vorschlag f\u00fcr eine gottesdienstliche Feier am Sonntag nach dem Osterfest, 19. April 2020<\/a><a href=\"https:\/\/kirchehundwil.ch\/wp-content\/uploads\/2020\/04\/Vorschlag-f\u00fcr-eine-gottesdienstliche-Feier-20-04-19.docx\" class=\"wp-block-file__button\" download>Herunterladen<\/a><\/div>\n\n\n\n<figure class=\"wp-block-audio\"><audio controls src=\"https:\/\/kirchehundwil.ch\/wp-content\/uploads\/2020\/04\/20-04-12-1.Korinther-151-20-verkleinert.mp3\"><\/audio><figcaption> Gottesdienst aus der Kirche f\u00fcr die Altersheime am Ostersonntag 2020,<br>Predigt aus 1.Korinther 15,1-20 <\/figcaption><\/figure>\n\n\n\n<div class=\"wp-block-file\"><a href=\"https:\/\/kirchehundwil.ch\/wp-content\/uploads\/2020\/04\/Vorschlag-f\u00fcr-eine-gottesdienstliche-Feier-20-04-12-Ostern.docx\">Vorschlag f\u00fcr eine gottesdienstliche Feier am Ostersonntag 2020<\/a><a href=\"https:\/\/kirchehundwil.ch\/wp-content\/uploads\/2020\/04\/Vorschlag-f\u00fcr-eine-gottesdienstliche-Feier-20-04-12-Ostern.docx\" class=\"wp-block-file__button\" download>Herunterladen<\/a><\/div>\n\n\n\n<figure class=\"wp-block-audio\"><audio controls src=\"https:\/\/kirchehundwil.ch\/wp-content\/uploads\/2020\/04\/18-04-01-Ostern-1.Korinther-1550-58.mp3\"><\/audio><figcaption>Predigt aus 1.Korinther 15,50-58 am Ostersonntag 2018<\/figcaption><\/figure>\n\n\n\n<div class=\"wp-block-file\"><a href=\"https:\/\/kirchehundwil.ch\/wp-content\/uploads\/2020\/04\/20-04-11-Stiller-Samstag-Joh-1938-42-Lied-277.mp3\">Andacht am Stillen Samstag, 11.April 2020, aus Johannes 19,38-42<\/a><a href=\"https:\/\/kirchehundwil.ch\/wp-content\/uploads\/2020\/04\/20-04-11-Stiller-Samstag-Joh-1938-42-Lied-277.mp3\" class=\"wp-block-file__button\" download>Herunterladen<\/a><\/div>\n\n\n\n<p>Am <strong>Karfreitagnachmittag <\/strong>&#8222;gehen&#8220; wir auf den <strong>Kreuzweg<\/strong>. Unter &#8222;Aktuell&#8220; findet sich auf dieser Homepage der Link, \u00fcber den man die entsprechende Powerpintpr\u00e4sentation herunterladen kann. <\/p>\n\n\n\n<div class=\"wp-block-file\"><a href=\"https:\/\/kirchehundwil.ch\/wp-content\/uploads\/2020\/04\/Vorschlag-f\u00fcr-eine-gottesdienstliche-Feier-20-04-10.docx\">Vorschlag f\u00fcr eine gottesdienstliche Feier am Karfreitag 2020, Lesungen, Lieder, Gebete<\/a><a href=\"https:\/\/kirchehundwil.ch\/wp-content\/uploads\/2020\/04\/Vorschlag-f\u00fcr-eine-gottesdienstliche-Feier-20-04-10.docx\" class=\"wp-block-file__button\" download>Herunterladen<\/a><\/div>\n\n\n\n<div class=\"wp-block-file\"><a href=\"https:\/\/kirchehundwil.ch\/wp-content\/uploads\/2020\/04\/Karfreitag-2016-Lukaspassion-mit-Orgel.mp3\">Predigt aus der Passionsgeschichte nach Lukas am Karfreitag 2016<\/a><a href=\"https:\/\/kirchehundwil.ch\/wp-content\/uploads\/2020\/04\/Karfreitag-2016-Lukaspassion-mit-Orgel.mp3\" class=\"wp-block-file__button\" download>Herunterladen<\/a><\/div>\n\n\n\n<div class=\"wp-block-file\"><a href=\"https:\/\/kirchehundwil.ch\/wp-content\/uploads\/2020\/04\/Vorschlag-f\u00fcr-eine-gottesdienstliche-Feier-20-04-05.docx.pdf\">Vorschlag f\u00fcr eine gottesdienstliche Feier am Palmsonntag, 5.April 2020: Lesungen, Lieder, Gebete<\/a><a href=\"https:\/\/kirchehundwil.ch\/wp-content\/uploads\/2020\/04\/Vorschlag-f\u00fcr-eine-gottesdienstliche-Feier-20-04-05.docx.pdf\" class=\"wp-block-file__button\" download>Herunterladen<\/a><\/div>\n\n\n\n<div class=\"wp-block-file\"><a href=\"https:\/\/kirchehundwil.ch\/wp-content\/uploads\/2020\/04\/20-04-05-Predigt-f\u00fcr-den-Palmsonntag-2020.pdf\">Predigt (in Hochsprache) f\u00fcr den Palmsonntag 2020 zum Lesen<\/a><a href=\"https:\/\/kirchehundwil.ch\/wp-content\/uploads\/2020\/04\/20-04-05-Predigt-f\u00fcr-den-Palmsonntag-2020.pdf\" class=\"wp-block-file__button\" download>Herunterladen<\/a><\/div>\n\n\n\n<figure class=\"wp-block-audio\"><audio controls src=\"https:\/\/kirchehundwil.ch\/wp-content\/uploads\/2020\/04\/20-04-05-Predigt-und-Lied-529.mp3\"><\/audio><figcaption>Predigt (in Mundart) zum H\u00f6ren f\u00fcr die Konfirmanden und die Gemeinde, f\u00fcr den Palmsonntag, 5.April 2020, gehalten f\u00fcr die Bewohner in den Altersheimen<\/figcaption><\/figure>\n\n\n\n<div class=\"wp-block-file\"><a href=\"https:\/\/kirchehundwil.ch\/wp-content\/uploads\/2020\/03\/Vorschlag-f\u00fcr-eine-gottesdienstliche-Feier-20-03-29.docx\">Vorschlag f\u00fcr eine gottesdienstliche Feier am Sonntag, 29. M\u00e4rz 2020, 5. Sonntag in der Passionszeit<\/a><a href=\"https:\/\/kirchehundwil.ch\/wp-content\/uploads\/2020\/03\/Vorschlag-f\u00fcr-eine-gottesdienstliche-Feier-20-03-29.docx\" class=\"wp-block-file__button\" download>Herunterladen<\/a><\/div>\n\n\n\n<p><\/p>\n","protected":false},"excerpt":{"rendered":"<p>Vom 22. M\u00e4rz bis am 28. Mai 2021 durften wir die Gottesdienste nur daheim feiern. Hier finden sich noch die Hilfestellungen f\u00fcr die gottesdienstlichen Feiern in den eigenen vier W\u00e4nden. In einem weiteren Untermen\u00fc &#8222;Andachten f\u00fcr die Altersheime&#8220; finden sich &hellip; <a href=\"https:\/\/kirchehundwil.ch\/?page_id=2807\">Weiterlesen <span class=\"meta-nav\">&rarr;<\/span><\/a><\/p>\n","protected":false},"author":1,"featured_media":0,"parent":0,"menu_order":0,"comment_status":"closed","ping_status":"closed","template":"","meta":{"footnotes":""},"class_list":["post-2807","page","type-page","status-publish","hentry"],"_links":{"self":[{"href":"https:\/\/kirchehundwil.ch\/index.php?rest_route=\/wp\/v2\/pages\/2807","targetHints":{"allow":["GET"]}}],"collection":[{"href":"https:\/\/kirchehundwil.ch\/index.php?rest_route=\/wp\/v2\/pages"}],"about":[{"href":"https:\/\/kirchehundwil.ch\/index.php?rest_route=\/wp\/v2\/types\/page"}],"author":[{"embeddable":true,"href":"https:\/\/kirchehundwil.ch\/index.php?rest_route=\/wp\/v2\/users\/1"}],"replies":[{"embeddable":true,"href":"https:\/\/kirchehundwil.ch\/index.php?rest_route=%2Fwp%2Fv2%2Fcomments&post=2807"}],"version-history":[{"count":56,"href":"https:\/\/kirchehundwil.ch\/index.php?rest_route=\/wp\/v2\/pages\/2807\/revisions"}],"predecessor-version":[{"id":4501,"href":"https:\/\/kirchehundwil.ch\/index.php?rest_route=\/wp\/v2\/pages\/2807\/revisions\/4501"}],"wp:attachment":[{"href":"https:\/\/kirchehundwil.ch\/index.php?rest_route=%2Fwp%2Fv2%2Fmedia&parent=2807"}],"curies":[{"name":"wp","href":"https:\/\/api.w.org\/{rel}","templated":true}]}}