{"id":3529,"date":"2020-10-07T11:05:53","date_gmt":"2020-10-07T09:05:53","guid":{"rendered":"http:\/\/kirchehundwil.ch\/?page_id=3529"},"modified":"2021-03-06T07:34:44","modified_gmt":"2021-03-06T06:34:44","slug":"niklaus-von-fluee","status":"publish","type":"page","link":"https:\/\/kirchehundwil.ch\/?page_id=3529","title":{"rendered":"Niklaus von Fl\u00fce"},"content":{"rendered":"\n<p>Niklaus von Fl\u00fce (1417-1487). Er nannte sich selber \u201eBruder Klaus\u201c, nachdem er 1467 seine Familie verlassen hatte und als Einsiedler in seiner Klause im Ranft an der Melchaa lebte. Nach den Burgunderkriegen hat er 1481 unter den eidgen\u00f6ssischen St\u00e4dten und Landorten den Frieden von Stans vermittelt. Mit gutem Recht gilt er als eine der Gr\u00fcndergestalten der Schweizerischen Eidgenossenschaft.<br>In einer Zeit, in der Europa um eine Gemeinschaft ringt, die aus mehr als nur Wirtschaftsinteressen besteht, kann sein Werk und seine Person ein neues, bescheidenes Fragen nach den Wurzeln eines solchen Zusammenhalts inspirieren.<br><\/p>\n\n\n\n<p><img loading=\"lazy\" decoding=\"async\" width=\"202\" height=\"247\" class=\"wp-image-3372\" style=\"width: 202px;\" src=\"https:\/\/kirchehundwil.ch\/wp-content\/uploads\/2020\/08\/Bruder_Klaus.jpg\" alt=\"\" srcset=\"https:\/\/kirchehundwil.ch\/wp-content\/uploads\/2020\/08\/Bruder_Klaus.jpg 855w, https:\/\/kirchehundwil.ch\/wp-content\/uploads\/2020\/08\/Bruder_Klaus-245x300.jpg 245w, https:\/\/kirchehundwil.ch\/wp-content\/uploads\/2020\/08\/Bruder_Klaus-838x1024.jpg 838w, https:\/\/kirchehundwil.ch\/wp-content\/uploads\/2020\/08\/Bruder_Klaus-768x939.jpg 768w\" sizes=\"auto, (max-width: 202px) 100vw, 202px\" \/> <\/p>\n\n\n\n<p><strong>1. August 2020 bis 30. September 2021. <\/strong>Eine Rauminstallation am Landsgemeindeort Hundwil, beim Ortseingang, bei der Postautohaltestelle. T\u00e4glich ge\u00f6ffnet von 9 bis 19 Uhr. Eintritt frei. F\u00fchrungen in Kleingruppen empfohlen, Tel. 079 594 58 94, Pfr. Bernhard Rothen.<br><a rel=\"noreferrer noopener\" href=\"http:\/\/vonliebewegen.ch\" target=\"_blank\">Der Link zur Ausstellungsseite<\/a><\/p>\n","protected":false},"excerpt":{"rendered":"<p>Niklaus von Fl\u00fce (1417-1487). Er nannte sich selber \u201eBruder Klaus\u201c, nachdem er 1467 seine Familie verlassen hatte und als Einsiedler in seiner Klause im Ranft an der Melchaa lebte. Nach den Burgunderkriegen hat er 1481 unter den eidgen\u00f6ssischen St\u00e4dten und &hellip; <a href=\"https:\/\/kirchehundwil.ch\/?page_id=3529\">Weiterlesen <span class=\"meta-nav\">&rarr;<\/span><\/a><\/p>\n","protected":false},"author":1,"featured_media":0,"parent":0,"menu_order":0,"comment_status":"closed","ping_status":"closed","template":"","meta":{"footnotes":""},"class_list":["post-3529","page","type-page","status-publish","hentry"],"_links":{"self":[{"href":"https:\/\/kirchehundwil.ch\/index.php?rest_route=\/wp\/v2\/pages\/3529","targetHints":{"allow":["GET"]}}],"collection":[{"href":"https:\/\/kirchehundwil.ch\/index.php?rest_route=\/wp\/v2\/pages"}],"about":[{"href":"https:\/\/kirchehundwil.ch\/index.php?rest_route=\/wp\/v2\/types\/page"}],"author":[{"embeddable":true,"href":"https:\/\/kirchehundwil.ch\/index.php?rest_route=\/wp\/v2\/users\/1"}],"replies":[{"embeddable":true,"href":"https:\/\/kirchehundwil.ch\/index.php?rest_route=%2Fwp%2Fv2%2Fcomments&post=3529"}],"version-history":[{"count":3,"href":"https:\/\/kirchehundwil.ch\/index.php?rest_route=\/wp\/v2\/pages\/3529\/revisions"}],"predecessor-version":[{"id":3960,"href":"https:\/\/kirchehundwil.ch\/index.php?rest_route=\/wp\/v2\/pages\/3529\/revisions\/3960"}],"wp:attachment":[{"href":"https:\/\/kirchehundwil.ch\/index.php?rest_route=%2Fwp%2Fv2%2Fmedia&parent=3529"}],"curies":[{"name":"wp","href":"https:\/\/api.w.org\/{rel}","templated":true}]}}