{"id":3533,"date":"2020-10-07T11:22:52","date_gmt":"2020-10-07T09:22:52","guid":{"rendered":"http:\/\/kirchehundwil.ch\/?page_id=3533"},"modified":"2021-09-16T08:22:43","modified_gmt":"2021-09-16T06:22:43","slug":"ausstellungshalle-hundwil","status":"publish","type":"page","link":"https:\/\/kirchehundwil.ch\/?page_id=3533","title":{"rendered":"Ausstellungshalle Hundwil 2020 &#8211; die guten Grundlagen der Schweiz"},"content":{"rendered":"\n<figure class=\"wp-block-image size-large is-resized\"><a href=\"https:\/\/kirchehundwil.ch\/?page_id=3365\"><img loading=\"lazy\" decoding=\"async\" src=\"https:\/\/kirchehundwil.ch\/wp-content\/uploads\/2020\/08\/image.png\" alt=\"\" class=\"wp-image-3367\" width=\"474\" height=\"319\"\/><\/a><figcaption>in der beflaggten Halle neben der Bushaltestelle (Ortseingang)<\/figcaption><\/figure>\n\n\n\n<p><a href=\"https:\/\/kirchehundwil.ch\/wp-content\/uploads\/2020\/08\/Flyer_Die-guten-Grundlagen.pdf\">Faltblatt mit den wichtigsten Informationen<\/a><a href=\"https:\/\/kirchehundwil.ch\/wp-content\/uploads\/2020\/08\/Flyer_Die-guten-Grundlagen.pdf\">Herunterladen<\/a><a href=\"https:\/\/kirchehundwil.ch\/wp-content\/uploads\/2020\/10\/Einf\u00fchrung-4-Tafeln-zur-Rauminstallation-\u200e.pdf\">Einf\u00fchrung-4-Tafeln-zur-Rauminstallation-\u200e<\/a><a href=\"https:\/\/kirchehundwil.ch\/wp-content\/uploads\/2020\/10\/Einf\u00fchrung-4-Tafeln-zur-Rauminstallation-\u200e.pdf\">Herunterladen<\/a><\/p>\n\n\n\n<blockquote class=\"wp-block-quote is-layout-flow wp-block-quote-is-layout-flow\"><p><strong>1. August 2020 bis 15. Januar 2022 verl\u00e4ngert.\u00a0<\/strong>Eine Rauminstallation am Landsgemeindeort Hundwil, beim Ortseingang, bei der Postautohaltestelle. T\u00e4glich ge\u00f6ffnet von 9 bis 19 Uhr. Eintritt frei. F\u00fchrungen auch ausserhalb der \u00d6ffnungszeiten.\u00a0<br><a rel=\"noreferrer noopener\" href=\"http:\/\/vonliebewegen.ch\" target=\"_blank\">Der Link zur Ausstellungsseite<\/a><\/p><\/blockquote>\n\n\n\n<p>Die Ausstellung ist in den vier Landessprachen Deutsch, Franz\u00f6sisch, Italienisch und Rumantsch und auf Englisch zug\u00e4nglich.<\/p>\n\n\n\n<p>Nutzen wir die Zeit, in der wir auf grosse Versammlungen verzichten m\u00fcssen, um in kleineren Gruppen umso intensiver nachzudenken \u00fcber das, was unserem Land Gutes gegeben ist! Auskunft und F\u00fchrungen: 079 594 58 94 \/ info@stiftungbruderklaus.ch<\/p>\n","protected":false},"excerpt":{"rendered":"<p>Faltblatt mit den wichtigsten InformationenHerunterladenEinf\u00fchrung-4-Tafeln-zur-Rauminstallation-\u200eHerunterladen 1. August 2020 bis 15. Januar 2022 verl\u00e4ngert.\u00a0Eine Rauminstallation am Landsgemeindeort Hundwil, beim Ortseingang, bei der Postautohaltestelle. T\u00e4glich ge\u00f6ffnet von 9 bis 19 Uhr. Eintritt frei. F\u00fchrungen auch ausserhalb der \u00d6ffnungszeiten.\u00a0Der Link zur Ausstellungsseite Die &hellip; <a href=\"https:\/\/kirchehundwil.ch\/?page_id=3533\">Weiterlesen <span class=\"meta-nav\">&rarr;<\/span><\/a><\/p>\n","protected":false},"author":1,"featured_media":0,"parent":0,"menu_order":0,"comment_status":"closed","ping_status":"closed","template":"","meta":{"footnotes":""},"class_list":["post-3533","page","type-page","status-publish","hentry"],"_links":{"self":[{"href":"https:\/\/kirchehundwil.ch\/index.php?rest_route=\/wp\/v2\/pages\/3533","targetHints":{"allow":["GET"]}}],"collection":[{"href":"https:\/\/kirchehundwil.ch\/index.php?rest_route=\/wp\/v2\/pages"}],"about":[{"href":"https:\/\/kirchehundwil.ch\/index.php?rest_route=\/wp\/v2\/types\/page"}],"author":[{"embeddable":true,"href":"https:\/\/kirchehundwil.ch\/index.php?rest_route=\/wp\/v2\/users\/1"}],"replies":[{"embeddable":true,"href":"https:\/\/kirchehundwil.ch\/index.php?rest_route=%2Fwp%2Fv2%2Fcomments&post=3533"}],"version-history":[{"count":12,"href":"https:\/\/kirchehundwil.ch\/index.php?rest_route=\/wp\/v2\/pages\/3533\/revisions"}],"predecessor-version":[{"id":4561,"href":"https:\/\/kirchehundwil.ch\/index.php?rest_route=\/wp\/v2\/pages\/3533\/revisions\/4561"}],"wp:attachment":[{"href":"https:\/\/kirchehundwil.ch\/index.php?rest_route=%2Fwp%2Fv2%2Fmedia&parent=3533"}],"curies":[{"name":"wp","href":"https:\/\/api.w.org\/{rel}","templated":true}]}}