{"id":3817,"date":"2021-01-12T10:53:00","date_gmt":"2021-01-12T09:53:00","guid":{"rendered":"http:\/\/kirchehundwil.ch\/?page_id=3817"},"modified":"2021-04-27T07:42:10","modified_gmt":"2021-04-27T05:42:10","slug":"pfarrwahl-und-kirchhoeri-vom-31-januar-2021","status":"publish","type":"page","link":"https:\/\/kirchehundwil.ch\/?page_id=3817","title":{"rendered":"Pfarrwahl und Brief von Pfarrer David M\u00e4gli"},"content":{"rendered":"\n<div class=\"wp-block-media-text alignwide is-stacked-on-mobile\"><figure class=\"wp-block-media-text__media\"><img loading=\"lazy\" decoding=\"async\" width=\"1024\" height=\"722\" src=\"https:\/\/kirchehundwil.ch\/wp-content\/uploads\/2021\/01\/David-Maegli-Foto-02-DSC08868-1024x722.jpg\" alt=\"\" class=\"wp-image-3868 size-full\" srcset=\"https:\/\/kirchehundwil.ch\/wp-content\/uploads\/2021\/01\/David-Maegli-Foto-02-DSC08868-1024x722.jpg 1024w, https:\/\/kirchehundwil.ch\/wp-content\/uploads\/2021\/01\/David-Maegli-Foto-02-DSC08868-300x211.jpg 300w, https:\/\/kirchehundwil.ch\/wp-content\/uploads\/2021\/01\/David-Maegli-Foto-02-DSC08868-768x541.jpg 768w, https:\/\/kirchehundwil.ch\/wp-content\/uploads\/2021\/01\/David-Maegli-Foto-02-DSC08868-1536x1083.jpg 1536w, https:\/\/kirchehundwil.ch\/wp-content\/uploads\/2021\/01\/David-Maegli-Foto-02-DSC08868-2048x1444.jpg 2048w\" sizes=\"auto, (max-width: 1024px) 100vw, 1024px\" \/><\/figure><div class=\"wp-block-media-text__content\">\n<p>Die Kirchgemeinde hat David M\u00e4gli, Lotzwil BE, als Pfarrer von Hundwil gew\u00e4hlt. Er hat diese Berufung angenommen. Am 17. Januar hielt er seine Vorstellungspredigt. Am 31. Januar 2021 wurde er dann an der ausserordentlichen Kirchh\u00f6ri mit der vollen Stimmenzahl zum neuen Pfarrer gew\u00e4hlt. Die versammelte Kirchgemeinde freut sich \u00fcber die Wahl und heisst Pfarrer David M\u00e4gli mit seiner Familie ganz herzlich willkommen.<\/p>\n<\/div><\/div>\n\n\n\n<p><strong>Brief von Pfarrer M\u00e4gli an die Kirchgemeinde<\/strong><\/p>\n\n\n\n<p>Liebe Kirchgemeinde<\/p>\n\n\n\n<p>Ich freue mich sehr, dass nach der Berufung durch den Kirchenvorstand und unserem Ja dazu nun auch Ihr zu einem einstimmigen Ja gefunden habt. Ich soll Euer n\u00e4chster Pfarrer sein.<br>F\u00fcr dieses Vertrauen, m\u00f6chte ich mich herzlich bedanken. Es ehrt mich.-<br>Bitte betet f\u00fcr mich, dass ich mich der Berufung auch w\u00fcrdig erweise und mein Amt recht f\u00fchren kann.<\/p>\n\n\n\n<p>Wir freuen uns auf Euch und auf Hundwil. Wir hoffen und beten, dass das Haupt der Kirche, Jesus Christus, vieles gut f\u00fcgen m\u00f6ge und uns und Euch bereiten f\u00fcr eine gemeinsames Wegst\u00fcck auf dem Weg des Lebens. Dass er seinen Segen gebe zum Ausgang Pfarrer Rothens ebenso wie zu meinem Eingang und f\u00fcr die Zeit, die uns miteinander gegeben wird. So dass sein Wort mit seiner Gnade und Wahrheit Raum findet in unseren Herzen, in unseren H\u00e4usern und im Dorf Hundwil und dadurch die Ehre seines Namens gemehrt werden darf.<\/p>\n\n\n\n<p>Bis dahin w\u00fcnsche ich Euch viel Gutes und gr\u00fcsse Euch herzlich <\/p>\n\n\n\n<p>Pfr. David M\u00e4gli mit Katrin und den Buben, Lotzwil im Februar 2021<\/p>\n\n\n\n<p><\/p>\n\n\n\n<p><\/p>\n\n\n\n<p><strong>Wort des Kirchenpr\u00e4sidenten &#8211; Kirche Hundwil: eine Kirche mit Tradition!&nbsp;<\/strong><\/p>\n\n\n\n<p>Hundwil kann zu Recht stolz sein auf seine Traditionen und Br\u00e4uche: vormals die Landsgemeinde, jetzt die Weissk\u00fcferei, das \u00d6berefahre, die Viehschau, das Chlausen und auch das Bloch. Diese bleiben bestehen, auch wenn in diesen speziellen Zeiten nicht alle durchgef\u00fchrt werden k\u00f6nnen. Mit viel Liebe sind sie in den vergangenen Jahren gepflegt und respektvoll erneuert worden.&nbsp;<\/p>\n\n\n\n<p>Auch in der Kirche Hundwil m\u00f6chten wir umsichtig weiterf\u00fchren und erneuern, was den Generationen von unseren Vorfahren Lebensmut und Hoffnung geschenkt hat. Der Gottesdienst am Sonntag mit Orgel- und manchmal Appenzellermusik und einer Predigt aus der Bibel, und die Sonntagsschule und der Religions- und Konfirmandenunterricht, die unsere Kinder einf\u00fchren in ein rechtes Gottvertrauen: An diesen bew\u00e4hrten Formen m\u00f6chte die Kirchenvorsteherschaft festhalten und denkt, dass das Hundwil entspricht.&nbsp;<\/p>\n\n\n\n<p>Darum sind wir dankbar und froh, dass ein junger Pfarrer, der unserer Kirchgemeinde in diesem Sinn dienen m\u00f6chte, die Berufung nach Hundwil angenommen hat und im Sommer mit seiner Familie zu uns ziehen will. Die Kirchenvorsteherschaft hatte die Stelle \u00fcber ein Jahr lang ausgeschrieben und gesehen: Es ist heute f\u00fcr eine Landgemeinde nicht einfach, einen Pfarrer zu finden, der bereit ist, einen solchen Schritt zu wagen (besonders f\u00fcr eine Gemeinde, die keinen vollen Lohn mehr zahlen kann und doch auf einen vollen Einsatz angewiesen ist). David M\u00e4gli ist in unserer Kirchgemeinde kein Unbekannter: Er war von August 2013 bis Juli 2014 als Vikar in Hundwil und hat auch sp\u00e4ter Vertretungen \u00fcbernommen. Jetzt hatte er eine Anfrage aus einer anderen Ostschweizer Kirchgemeinde, ist aber nach sorgf\u00e4ltigem \u00dcberlegen zur \u00dcberzeugung gekommen, dass f\u00fcr ihn und seine Familie der Weg nach Hundwil der richtige ist.&nbsp;<\/p>\n\n\n\n<p>Wir sind dankbar f\u00fcr alle, die weiterhin mitdenken, mitbeten und mithelfen, die Verantwortung daf\u00fcr zu \u00fcbernehmen, dass die Kirche ihren Beitrag zur Zukunft von Hundwil beisteuern kann!&nbsp;<\/p>\n\n\n\n<p>Ihnen und Ihren Angeh\u00f6rigen w\u00fcnsche ich Bewahrung unter den gegenw\u00e4rtigen Umst\u00e4nden und weiterhin ein gutes Jahr!&nbsp;<\/p>\n\n\n\n<p>Heinz Naef, Kirchenpr\u00e4sident. Hundwil, im Januar 2021<\/p>\n","protected":false},"excerpt":{"rendered":"<p>Die Kirchgemeinde hat David M\u00e4gli, Lotzwil BE, als Pfarrer von Hundwil gew\u00e4hlt. Er hat diese Berufung angenommen. Am 17. Januar hielt er seine Vorstellungspredigt. Am 31. Januar 2021 wurde er dann an der ausserordentlichen Kirchh\u00f6ri mit der vollen Stimmenzahl zum &hellip; <a href=\"https:\/\/kirchehundwil.ch\/?page_id=3817\">Weiterlesen <span class=\"meta-nav\">&rarr;<\/span><\/a><\/p>\n","protected":false},"author":1,"featured_media":0,"parent":0,"menu_order":0,"comment_status":"closed","ping_status":"closed","template":"","meta":{"footnotes":""},"class_list":["post-3817","page","type-page","status-publish","hentry"],"_links":{"self":[{"href":"https:\/\/kirchehundwil.ch\/index.php?rest_route=\/wp\/v2\/pages\/3817","targetHints":{"allow":["GET"]}}],"collection":[{"href":"https:\/\/kirchehundwil.ch\/index.php?rest_route=\/wp\/v2\/pages"}],"about":[{"href":"https:\/\/kirchehundwil.ch\/index.php?rest_route=\/wp\/v2\/types\/page"}],"author":[{"embeddable":true,"href":"https:\/\/kirchehundwil.ch\/index.php?rest_route=\/wp\/v2\/users\/1"}],"replies":[{"embeddable":true,"href":"https:\/\/kirchehundwil.ch\/index.php?rest_route=%2Fwp%2Fv2%2Fcomments&post=3817"}],"version-history":[{"count":10,"href":"https:\/\/kirchehundwil.ch\/index.php?rest_route=\/wp\/v2\/pages\/3817\/revisions"}],"predecessor-version":[{"id":4239,"href":"https:\/\/kirchehundwil.ch\/index.php?rest_route=\/wp\/v2\/pages\/3817\/revisions\/4239"}],"wp:attachment":[{"href":"https:\/\/kirchehundwil.ch\/index.php?rest_route=%2Fwp%2Fv2%2Fmedia&parent=3817"}],"curies":[{"name":"wp","href":"https:\/\/api.w.org\/{rel}","templated":true}]}}