{"id":3850,"date":"2021-01-12T18:49:50","date_gmt":"2021-01-12T17:49:50","guid":{"rendered":"http:\/\/kirchehundwil.ch\/?page_id=3850"},"modified":"2021-01-12T18:52:20","modified_gmt":"2021-01-12T17:52:20","slug":"aus-liebe-4-moegliche-zugaenge-zum-brief","status":"publish","type":"page","link":"https:\/\/kirchehundwil.ch\/?page_id=3850","title":{"rendered":"Aus Liebe &#8211; 4 m\u00f6gliche Zug\u00e4nge zum Brief"},"content":{"rendered":"\n<p><strong>Die Grundlagen der Schweiz<\/strong><\/p>\n\n\n\n<p>Bei der Postautohaltestelle steht die Ausstellung, die zuerst einmal ein stiller, tiefer Dank sein will f\u00fcr das, was Gott unserem Land gegeben hat. Es ist nichts, das sich heute jemand ausgedacht hat aus diesen oder jenen Partei- oder Kircheninteressen. Sondern es bringt zum Leuchten, was in den alten Dokumenten klar und deutlich ausgesprochen ist: Bruder Klaus hat den Frieden der Schweiz gestiftet. Und er hat selber in pr\u00e4zise Worte gefasst, wie dieser Friede lebendig und stark bleiben kann.<\/p>\n\n\n\n<p>Das ist nichts, was man mit einfachen Schlagworten weitergeben kann. Wer sich diese Weisheit und Liebe in zwanzig Minuten aneignen m\u00f6chte, muss sie schrecklich vereinfachen. Wer sich aber die Zeit nimmt, in diesen wunderbaren Zuspruch einzutauchen, findet die Argumente, warum es sich lohnt, unser Land und seine Leute zu lieben.<\/p>\n\n\n\n<figure class=\"wp-block-image size-large is-resized\"><a href=\"https:\/\/kirchehundwil.ch\/wp-content\/uploads\/2021\/01\/20210112-Innenraum-Ausstellung-1.png\"><img loading=\"lazy\" decoding=\"async\" src=\"https:\/\/kirchehundwil.ch\/wp-content\/uploads\/2021\/01\/20210112-Innenraum-Ausstellung-1.png\" alt=\"\" class=\"wp-image-3852\" width=\"435\" height=\"290\" srcset=\"https:\/\/kirchehundwil.ch\/wp-content\/uploads\/2021\/01\/20210112-Innenraum-Ausstellung-1.png 449w, https:\/\/kirchehundwil.ch\/wp-content\/uploads\/2021\/01\/20210112-Innenraum-Ausstellung-1-300x200.png 300w\" sizes=\"auto, (max-width: 435px) 100vw, 435px\" \/><\/a><\/figure>\n\n\n\n<figure class=\"wp-block-image size-large\"><a href=\"https:\/\/kirchehundwil.ch\/wp-content\/uploads\/2021\/01\/20210112-Aussenansicht-Ausstellungshalle-1.png\"><img loading=\"lazy\" decoding=\"async\" width=\"439\" height=\"289\" src=\"https:\/\/kirchehundwil.ch\/wp-content\/uploads\/2021\/01\/20210112-Aussenansicht-Ausstellungshalle-1.png\" alt=\"\" class=\"wp-image-3854\" srcset=\"https:\/\/kirchehundwil.ch\/wp-content\/uploads\/2021\/01\/20210112-Aussenansicht-Ausstellungshalle-1.png 439w, https:\/\/kirchehundwil.ch\/wp-content\/uploads\/2021\/01\/20210112-Aussenansicht-Ausstellungshalle-1-300x197.png 300w\" sizes=\"auto, (max-width: 439px) 100vw, 439px\" \/><\/a><\/figure>\n\n\n\n<p>Mit ganz wenigen Worten hat Bruder Klaus mehr gesagt als heute in einer Zeitung steht oder in einem abendf\u00fcllenden Film zum Thema wird. <strong>Darum ist es am besten, wenn man die Ausstellung drei, vier Mal besucht. <\/strong>Ich bin gefragt worden, wie man am besten einen Zugang zu ihr findet und dann wirklich etwas mitnehmen kann. Darum mache ich hier vier Vorschl\u00e4ge:<\/p>\n\n\n\n<p><strong>Man kann hineingehen und die inneren Seiten der drei Aussenw\u00e4nde anschauen.<\/strong> Da geht es um das, was Bruder Klaus \u00fcber die inneren Voraussetzungen f\u00fcr das menschliche Zusammenleben sagt: Warum man sorgen muss f\u00fcr diejenigen, die nicht f\u00fcr sich selber sorgen k\u00f6nnen, zum Beispiel die Alten, die Kranken und die Kinder. Und warum man das Gl\u00fcck nicht schlecht machen soll, warum es aber auch erst richtig sch\u00f6n wird, wenn man daf\u00fcr Danke sagt. Und schliesslich geht es um die schwierige Frage, wie man verhindern kann, dass alles gleichg\u00fcltig und ehrlos wird.<\/p>\n\n\n\n<p><strong>Man kann sich leiten lassen von den drei dreieckigen Elementen, <\/strong>auf denen davon die Rede ist, was die Liebe Gottes uns bringt und was sie von uns zur\u00fcckbekommen m\u00f6chte. Da geht es um das, was Bruder Klaus \u00fcber den Gehorsam schreibt: heute besonders aktuell den Gehorsam gegen\u00fcber der Natur (die kaputt geht, wenn man sie nur arrogant beherrschen und ausbeuten will), um das gegenseitige Aufeinanderh\u00f6ren zwischen und Menschen, und schliesslich um die Lebensaufgaben, die den Einsatz \u00fcber die eigenen Interessen hinaus von uns fordern.<\/p>\n\n\n\n<p><strong>Man kann ganz ins Innerste gehen und dar\u00fcber nachsinnen, wie Gott in seinem Innersten ist,<\/strong> wenn er wahrhaft liebt: Anders als alle G\u00f6tter, die sich die Menschen ausdenken, ist der wahre Gott bereit zu leiden. Wenn man aus diesem Innersten hinausgeht, sieht man, wie Gott sich selber pr\u00e4sentieren will. Sechs Pers\u00f6nlichkeiten aus der Schweizergeschichte sagen, was sie \u00fcber Jesus denken und mit seiner Hilfe verstanden haben.<\/p>\n\n\n\n<p><strong>Schliesslich ist es nat\u00fcrlich sinnvoll, etwas von dem geschichtlichen Umfeld dieses Friedenswortes zur Kenntnis zu nehmen <\/strong>und sich in Erinnerung zu rufen, wie die zentralen Aussagen von Bruder Klaus auch in anderen L\u00e4ndern die Menschen bewegt, getr\u00f6stet und zum Guten ermutigt haben. Dazu dienen zwei der Aussenseiten der drei Aussenw\u00e4nde und die Holztafeln, die am Fenster in dem freien Raum vor der Installation aufgestellt sind.<\/p>\n\n\n\n<p>Man sieht: Es gibt Stoff genug, so dass man sich zu Herzen nehmen und St\u00fccke weit verstehen kann, was unserem Land und Volk an seinem Ursprung wunderbar Gutes mitgegeben worden ist, das uns gerade heute wieder mit einer einsatzbereiten Liebe f\u00fcr unser Heimat begaben will.<\/p>\n\n\n\n<p>Zu Weihnachten ist auch ein Bilderbuch erschienen, das mit vielen farbigen Fotos die dramatische Geschichte erz\u00e4hlt, wie am 22.&nbsp;Dezember 1481 die Schweizerische Eidgenossenschaft gegr\u00fcndet worden ist.<\/p>\n","protected":false},"excerpt":{"rendered":"<p>Die Grundlagen der Schweiz Bei der Postautohaltestelle steht die Ausstellung, die zuerst einmal ein stiller, tiefer Dank sein will f\u00fcr das, was Gott unserem Land gegeben hat. Es ist nichts, das sich heute jemand ausgedacht hat aus diesen oder jenen &hellip; <a href=\"https:\/\/kirchehundwil.ch\/?page_id=3850\">Weiterlesen <span class=\"meta-nav\">&rarr;<\/span><\/a><\/p>\n","protected":false},"author":1,"featured_media":0,"parent":0,"menu_order":0,"comment_status":"closed","ping_status":"closed","template":"","meta":{"footnotes":""},"class_list":["post-3850","page","type-page","status-publish","hentry"],"_links":{"self":[{"href":"https:\/\/kirchehundwil.ch\/index.php?rest_route=\/wp\/v2\/pages\/3850","targetHints":{"allow":["GET"]}}],"collection":[{"href":"https:\/\/kirchehundwil.ch\/index.php?rest_route=\/wp\/v2\/pages"}],"about":[{"href":"https:\/\/kirchehundwil.ch\/index.php?rest_route=\/wp\/v2\/types\/page"}],"author":[{"embeddable":true,"href":"https:\/\/kirchehundwil.ch\/index.php?rest_route=\/wp\/v2\/users\/1"}],"replies":[{"embeddable":true,"href":"https:\/\/kirchehundwil.ch\/index.php?rest_route=%2Fwp%2Fv2%2Fcomments&post=3850"}],"version-history":[{"count":2,"href":"https:\/\/kirchehundwil.ch\/index.php?rest_route=\/wp\/v2\/pages\/3850\/revisions"}],"predecessor-version":[{"id":3857,"href":"https:\/\/kirchehundwil.ch\/index.php?rest_route=\/wp\/v2\/pages\/3850\/revisions\/3857"}],"wp:attachment":[{"href":"https:\/\/kirchehundwil.ch\/index.php?rest_route=%2Fwp%2Fv2%2Fmedia&parent=3850"}],"curies":[{"name":"wp","href":"https:\/\/api.w.org\/{rel}","templated":true}]}}