{"id":4029,"date":"2021-03-18T09:36:48","date_gmt":"2021-03-18T08:36:48","guid":{"rendered":"http:\/\/kirchehundwil.ch\/?page_id=4029"},"modified":"2021-03-22T17:52:33","modified_gmt":"2021-03-22T16:52:33","slug":"ausstellung-zum-150-geburtstag-von-jakob-kuenzler","status":"publish","type":"page","link":"https:\/\/kirchehundwil.ch\/?page_id=4029","title":{"rendered":"Ausstellung zum 150. Geburtstag von Jakob K\u00fcnzler"},"content":{"rendered":"\n<p><strong>\u201eGeboren am 8. M\u00e4rz 1871 in Hundwil\u201c&nbsp;<\/strong><\/p>\n\n\n\n<div class=\"wp-block-file\"><a href=\"https:\/\/kirchehundwil.ch\/wp-content\/uploads\/2021\/03\/Predigtreihe-Der-Gott-Jakobs.pdf\">Predigtreihe zum Gedenkjahr: Der Gott Jakobs<\/a><a href=\"https:\/\/kirchehundwil.ch\/wp-content\/uploads\/2021\/03\/Predigtreihe-Der-Gott-Jakobs.pdf\" class=\"wp-block-file__button\" download>Herunterladen<\/a><\/div>\n\n\n\n<p>Unter der Rubrik &#8222;Gottesdienste &#8211; Predigten zum H\u00f6ren&#8220; findet sich die Unterrubrik &#8222;Predigten zur Jakobsgeschichte&#8220;. Da sind die Predigten nachzuh\u00f6ren, die aus Anlass vom Jabil\u00e4umsjahr &#8222;Jakob K\u00fcnzler&#8220; gehalten wurden.<\/p>\n\n\n\n<div class=\"wp-block-file\"><a href=\"https:\/\/kirchehundwil.ch\/wp-content\/uploads\/2021\/03\/Leserbrief-zu-Kuenzler-in-AppenzellerZeitung-18.3.21-1.pdf\">Leserbrief zum Artikel \u00fcber Jakob K\u00fcnzler in der AppenzellerZeitung vom 18.3.21<\/a><a href=\"https:\/\/kirchehundwil.ch\/wp-content\/uploads\/2021\/03\/Leserbrief-zu-Kuenzler-in-AppenzellerZeitung-18.3.21-1.pdf\" class=\"wp-block-file__button\" download>Herunterladen<\/a><\/div>\n\n\n\n<div class=\"wp-block-file\"><a href=\"https:\/\/kirchehundwil.ch\/wp-content\/uploads\/2021\/03\/Wort-zum-Sonntag-21-03-12.pdf\">Wort zum Sonntag zu Jakob K\u00fcnzlers Lebensweg am 12.M\u00e4rz 2021<\/a><a href=\"https:\/\/kirchehundwil.ch\/wp-content\/uploads\/2021\/03\/Wort-zum-Sonntag-21-03-12.pdf\" class=\"wp-block-file__button\" download>Herunterladen<\/a><\/div>\n\n\n\n<p>Ausstellung, Buchpr\u00e4sentation und Predigtreihe zum 150. Geburtstag von Jakob K\u00fcnzler&nbsp;<\/p>\n\n\n\n<figure class=\"wp-block-image size-large is-resized is-style-default\"><a href=\"https:\/\/kirchehundwil.ch\/wp-content\/uploads\/2021\/03\/Jakob-Kuenzler-Ausstellung.png\"><img loading=\"lazy\" decoding=\"async\" src=\"https:\/\/kirchehundwil.ch\/wp-content\/uploads\/2021\/03\/Jakob-Kuenzler-Ausstellung.png\" alt=\"\" class=\"wp-image-4030\" width=\"363\" height=\"242\" srcset=\"https:\/\/kirchehundwil.ch\/wp-content\/uploads\/2021\/03\/Jakob-Kuenzler-Ausstellung.png 485w, https:\/\/kirchehundwil.ch\/wp-content\/uploads\/2021\/03\/Jakob-Kuenzler-Ausstellung-300x199.png 300w\" sizes=\"auto, (max-width: 363px) 100vw, 363px\" \/><\/a><\/figure>\n\n\n\n<figure class=\"wp-block-image size-large is-resized is-style-default\"><a href=\"https:\/\/kirchehundwil.ch\/wp-content\/uploads\/2021\/03\/Jakob-Kuenzler-mit-Kindern.png\"><img loading=\"lazy\" decoding=\"async\" src=\"https:\/\/kirchehundwil.ch\/wp-content\/uploads\/2021\/03\/Jakob-Kuenzler-mit-Kindern.png\" alt=\"\" class=\"wp-image-4031\" width=\"366\" height=\"271\" srcset=\"https:\/\/kirchehundwil.ch\/wp-content\/uploads\/2021\/03\/Jakob-Kuenzler-mit-Kindern.png 435w, https:\/\/kirchehundwil.ch\/wp-content\/uploads\/2021\/03\/Jakob-Kuenzler-mit-Kindern-300x222.png 300w\" sizes=\"auto, (max-width: 366px) 100vw, 366px\" \/><\/a><\/figure>\n\n\n\n<p>Eine Ausstellung in der Kirche Hundwil vergegenw\u00e4rtigt den Weg und das Werk von Jakob K\u00fcnzler: Vom Waisenkind und F\u00e4dler zum Ehrendoktor der Universit\u00e4t Basel. Unz\u00e4hlig vielen Kindern hat er frischen Lebensmut geschenkt und vielen Frauen zu einem Haus verholfen, in dem sie f\u00fcr ihre Kinder sorgen und selber wieder Freude finden konnten. Einblicke in sein pers\u00f6nliches Gedenkbuch und Briefe an die Missionsleitung \u00f6ffnen einen lebendigen Zugang zu dieser grossen Pers\u00f6nlichkeit.&nbsp;<\/p>\n\n\n\n<p>Zwei Publikationen erschliessen neue Aspekte:<br>Die Jugenderinnerungen, publiziert in einem kleinen Heft (CHF 9) und die Berichte aus Urfa, publiziert in einem Buch (CHF 25).<br>Zu beziehen beim Pfarramt Hundwil<\/p>\n\n\n\n<div class=\"wp-block-image is-style-default\"><figure class=\"aligncenter size-large is-resized\"><a href=\"https:\/\/kirchehundwil.ch\/wp-content\/uploads\/2021\/03\/Jakob-Kuenzler-Buch-Urfa.png\"><img loading=\"lazy\" decoding=\"async\" src=\"https:\/\/kirchehundwil.ch\/wp-content\/uploads\/2021\/03\/Jakob-Kuenzler-Buch-Urfa.png\" alt=\"\" class=\"wp-image-4041\" width=\"254\" height=\"366\" srcset=\"https:\/\/kirchehundwil.ch\/wp-content\/uploads\/2021\/03\/Jakob-Kuenzler-Buch-Urfa.png 254w, https:\/\/kirchehundwil.ch\/wp-content\/uploads\/2021\/03\/Jakob-Kuenzler-Buch-Urfa-208x300.png 208w\" sizes=\"auto, (max-width: 254px) 100vw, 254px\" \/><\/a><figcaption>Jakob K\u00fcnzler &#8211; Berichte aus Urfa<\/figcaption><\/figure><\/div>\n\n\n\n<div class=\"wp-block-image is-style-default\"><figure class=\"aligncenter size-large is-resized\"><a href=\"https:\/\/kirchehundwil.ch\/wp-content\/uploads\/2021\/03\/Jakob-Kuenzler-Jugenderinnerungen.png\"><img loading=\"lazy\" decoding=\"async\" src=\"https:\/\/kirchehundwil.ch\/wp-content\/uploads\/2021\/03\/Jakob-Kuenzler-Jugenderinnerungen.png\" alt=\"\" class=\"wp-image-4042\" width=\"259\" height=\"187\" srcset=\"https:\/\/kirchehundwil.ch\/wp-content\/uploads\/2021\/03\/Jakob-Kuenzler-Jugenderinnerungen.png 502w, https:\/\/kirchehundwil.ch\/wp-content\/uploads\/2021\/03\/Jakob-Kuenzler-Jugenderinnerungen-300x216.png 300w\" sizes=\"auto, (max-width: 259px) 100vw, 259px\" \/><\/a><figcaption>Jakob K\u00fcnzler &#8211; Jugenderinnerungen<\/figcaption><\/figure><\/div>\n\n\n\n<p>Wir m\u00fcssen damit rechnen, dass die Teilnehmerzahl f\u00fcr Gottesdienste weiterhin beschr\u00e4nkt bleibt. Deshalb laden wir zu zwei Gottesdiensten mit der Buchpr\u00e4sentation ein, am Samstag, 24. April 2021, 17.10 Uhr und am Sonntag, 25. April 2021, 10 Uhr.&nbsp;<\/p>\n\n\n\n<p><strong>Gedenkgottesdienst&nbsp;<\/strong><strong><\/strong><\/p>\n\n\n\n<p>Am 24. April wird weltweit an den vieltausendfachen Mord an den Armeniern erinnert. Auch in Hundwil wollen wir einstimmen in dieses Gedenken. Der bekannte Tenor Robert Virabyan vom Stadttheater St. Gallen wird armenische Lieder singen. Landammann Alfred Stricker richtet ein Grusswort an die Versammelten:&nbsp;<br><strong>Samstag, 24. April 2021, 17.10 Uhr<\/strong>&nbsp;in der Kirche Hundwil.&nbsp;<\/p>\n\n\n\n<p><strong>Sonntag, 25. April 2021, 10 Uhr<\/strong> in der Kirche Hundwil:<br>Gottesdienst mit einem Grusswort der Gemeindepr\u00e4sidentin Margrit M\u00fcller<\/p>\n\n\n\n<p><strong>Donnerstag, 6. Mai 2021, 13.30 Uhr:<\/strong> <strong>Seniorennachmittag:<\/strong> Jakob K\u00fcnzler und das Appenzellerland. Pfarrer Rothen fasst zusammen, was er dankbar mitnimmt. Beginn in der Kirche, Zvieri im R\u00f6ssli.<\/p>\n\n\n\n<p><strong>Donnerstag, 27. Mai 2021, 20 Uhr:<\/strong> <strong>Kursabend im Unterweisungszimmer<\/strong> oder in der Kirche: Jakob K\u00fcnzler und die Bibel. Pfr. Dr. Bernhard Rothen.<\/p>\n","protected":false},"excerpt":{"rendered":"<p>\u201eGeboren am 8. M\u00e4rz 1871 in Hundwil\u201c&nbsp; Unter der Rubrik &#8222;Gottesdienste &#8211; Predigten zum H\u00f6ren&#8220; findet sich die Unterrubrik &#8222;Predigten zur Jakobsgeschichte&#8220;. Da sind die Predigten nachzuh\u00f6ren, die aus Anlass vom Jabil\u00e4umsjahr &#8222;Jakob K\u00fcnzler&#8220; gehalten wurden. Ausstellung, Buchpr\u00e4sentation und Predigtreihe &hellip; <a href=\"https:\/\/kirchehundwil.ch\/?page_id=4029\">Weiterlesen <span class=\"meta-nav\">&rarr;<\/span><\/a><\/p>\n","protected":false},"author":1,"featured_media":0,"parent":0,"menu_order":0,"comment_status":"closed","ping_status":"closed","template":"","meta":{"footnotes":""},"class_list":["post-4029","page","type-page","status-publish","hentry"],"_links":{"self":[{"href":"https:\/\/kirchehundwil.ch\/index.php?rest_route=\/wp\/v2\/pages\/4029","targetHints":{"allow":["GET"]}}],"collection":[{"href":"https:\/\/kirchehundwil.ch\/index.php?rest_route=\/wp\/v2\/pages"}],"about":[{"href":"https:\/\/kirchehundwil.ch\/index.php?rest_route=\/wp\/v2\/types\/page"}],"author":[{"embeddable":true,"href":"https:\/\/kirchehundwil.ch\/index.php?rest_route=\/wp\/v2\/users\/1"}],"replies":[{"embeddable":true,"href":"https:\/\/kirchehundwil.ch\/index.php?rest_route=%2Fwp%2Fv2%2Fcomments&post=4029"}],"version-history":[{"count":11,"href":"https:\/\/kirchehundwil.ch\/index.php?rest_route=\/wp\/v2\/pages\/4029\/revisions"}],"predecessor-version":[{"id":4104,"href":"https:\/\/kirchehundwil.ch\/index.php?rest_route=\/wp\/v2\/pages\/4029\/revisions\/4104"}],"wp:attachment":[{"href":"https:\/\/kirchehundwil.ch\/index.php?rest_route=%2Fwp%2Fv2%2Fmedia&parent=4029"}],"curies":[{"name":"wp","href":"https:\/\/api.w.org\/{rel}","templated":true}]}}