{"id":4387,"date":"2021-06-30T10:02:02","date_gmt":"2021-06-30T08:02:02","guid":{"rendered":"https:\/\/kirchehundwil.ch\/?page_id=4387"},"modified":"2021-07-07T13:20:33","modified_gmt":"2021-07-07T11:20:33","slug":"dank-der-kirchgemeinde","status":"publish","type":"page","link":"https:\/\/kirchehundwil.ch\/?page_id=4387","title":{"rendered":"Dank der Kirchgemeinde"},"content":{"rendered":"\n<p>Die Kirchgemeinde Hundwil und viele andere danken dem Pfarrerehepaar Bernhard Rothen und seiner Frau Susanne f\u00fcr ihren umsichtigen und engagierten Dienst im Pfarramt. F\u00fcr Kinder, Sonntagssch\u00fcler, Konfirmanden und die gottesdienstliche Gemeinde, f\u00fcr Senioren und die Altersheime.<\/p>\n\n\n\n<p>Ihr Sachverstand und ihr gemeinsames Forschen und Engagement gingen weit \u00fcber das \u00fcbliche und ihren Auftrag in Hundwil hinaus.&nbsp;<\/p>\n\n\n\n<p>Ehrfurcht vor Gottes lebendig machendem Wort und eine grosse Ernsthaftigkeit pr\u00e4gen ihr Wirken. Sie wussten, unsere Zeit und ihre vereinnahmenden Str\u00f6mungen mutig ins Licht der biblische Botschaft zu stellen und blieben dabei n\u00fcchtern, klar und milde. Mit der Zeit und doch gegen die Zeit.<\/p>\n\n\n\n<p>Die Hundwilertobelbr\u00fccke wurde wieder zu dem, was sie immer war, zur sprechenden Br\u00fccke. Am tiefsten Punkt der Gemeinde, dort spricht Gott.&nbsp;<\/p>\n\n\n\n<p>Der Weg von Walter Klarer, dem Reformator des Appenzellerlandes, wurde neu entfaltet. Ein Mann auch mit Schw\u00e4chen, von der Pariser Sorbonne zur\u00fcck im Appenzellerland, wurde Pfarrer Hundwils. Nicht was die Kirchenoberen verlangen, nicht was die Leute gern h\u00f6ren m\u00f6chten, sondern was mit dem Bibelwort begr\u00fcndet werden kann, das sollte der Pfarrer predigen. Das beschloss die Landsgemeinde schon 1525. Das Appenzellerland wurde damals evangelisch.<\/p>\n\n\n\n<p>Das Pfarramt mit dessen Auftrag, in die die dazu Berufenen, Bef\u00e4higten und Gesandten von Grund weg gestellt sind, wurde neu entfaltet.<\/p>\n\n\n\n<p>Die Arbeit verdienstvoller Menschen wie Jakob K\u00fcnzler von Hundwil, dem Waisenvater der Armenierkinder und Niklaus von Fl\u00fce, dem Friedensstifter im Herzen Europas und der so vielf\u00e4ltigen Schweiz, wurde von allzu menschlichem befreit und erforscht, ans Licht gebracht, vertieft und geehrt.<\/p>\n\n\n\n<p>Es bleibt bei diesen Beispielen. Mit diesen wenigen Worten ist es nicht m\u00f6glich, auf all Ihr Schaffen geb\u00fchrend einzugehen. In allem aber sollte der geehrt werden, der sagt: Himmel und Erde werden vergehen, meine Worte aber werden nicht vergehen (Matth. 24,35).<\/p>\n\n\n\n<p>So w\u00fcnschen wir unseren lieben Rothen\u2019s einfach eine gute Zeit und weiterhin &#8211; in Licht und Schatten &#8211; ein frohes Schaffen und Wirken \u2013 auch im Umfeld ihrer Kinder und Enkel \u2013 und \u2013 wenn es sein darf, auch da und dort ein frohes Wiedersehen. Und weil an Gottes Segen alles gelegen ist soll dieser Segen uns alle begleiten: <\/p>\n\n\n\n<p>Der Name Jesu sei euer Gruss!<\/p>\n","protected":false},"excerpt":{"rendered":"<p>Die Kirchgemeinde Hundwil und viele andere danken dem Pfarrerehepaar Bernhard Rothen und seiner Frau Susanne f\u00fcr ihren umsichtigen und engagierten Dienst im Pfarramt. F\u00fcr Kinder, Sonntagssch\u00fcler, Konfirmanden und die gottesdienstliche Gemeinde, f\u00fcr Senioren und die Altersheime. Ihr Sachverstand und ihr &hellip; <a href=\"https:\/\/kirchehundwil.ch\/?page_id=4387\">Weiterlesen <span class=\"meta-nav\">&rarr;<\/span><\/a><\/p>\n","protected":false},"author":1,"featured_media":0,"parent":0,"menu_order":0,"comment_status":"closed","ping_status":"closed","template":"","meta":{"footnotes":""},"class_list":["post-4387","page","type-page","status-publish","hentry"],"_links":{"self":[{"href":"https:\/\/kirchehundwil.ch\/index.php?rest_route=\/wp\/v2\/pages\/4387","targetHints":{"allow":["GET"]}}],"collection":[{"href":"https:\/\/kirchehundwil.ch\/index.php?rest_route=\/wp\/v2\/pages"}],"about":[{"href":"https:\/\/kirchehundwil.ch\/index.php?rest_route=\/wp\/v2\/types\/page"}],"author":[{"embeddable":true,"href":"https:\/\/kirchehundwil.ch\/index.php?rest_route=\/wp\/v2\/users\/1"}],"replies":[{"embeddable":true,"href":"https:\/\/kirchehundwil.ch\/index.php?rest_route=%2Fwp%2Fv2%2Fcomments&post=4387"}],"version-history":[{"count":7,"href":"https:\/\/kirchehundwil.ch\/index.php?rest_route=\/wp\/v2\/pages\/4387\/revisions"}],"predecessor-version":[{"id":4406,"href":"https:\/\/kirchehundwil.ch\/index.php?rest_route=\/wp\/v2\/pages\/4387\/revisions\/4406"}],"wp:attachment":[{"href":"https:\/\/kirchehundwil.ch\/index.php?rest_route=%2Fwp%2Fv2%2Fmedia&parent=4387"}],"curies":[{"name":"wp","href":"https:\/\/api.w.org\/{rel}","templated":true}]}}