{"id":4422,"date":"2021-07-13T11:02:22","date_gmt":"2021-07-13T09:02:22","guid":{"rendered":"https:\/\/kirchehundwil.ch\/?page_id=4422"},"modified":"2021-07-13T11:02:22","modified_gmt":"2021-07-13T09:02:22","slug":"grusswort-von-pfarrer-david-maegli","status":"publish","type":"page","link":"https:\/\/kirchehundwil.ch\/?page_id=4422","title":{"rendered":"Grusswort von Pfarrer David M\u00e4gli"},"content":{"rendered":"\n<p>Hundwil, im Juli 2021<\/p>\n\n\n\n<p>Liebe Hundwiler<\/p>\n\n\n\n<p>Als ich mich vor 7 Jahren im Hondwiler Bl\u00e4ttli als Vikar verabschiedete, hatte ich mich gefragt, welche Wege diese aufgeweckten, manchmal etwas wilden Hundwiler Kinder wohl gehen werden, die ich unterrichtet hatte. Die meisten von ihnen stehen nun fest im Berufsleben. Ob sie sich noch an den Unterricht beim Vikar M\u00e4gli erinnern und an den, von dem sie im Unterricht geh\u00f6rt haben? Gott, unser Sch\u00f6pfer, der in seiner Gnade zu uns reden und uns umsorgen will? Oder gehen sie allein auf sich und ihre Gedanken und W\u00fcnsche gestellt ihren Weg? Ich hoffe sehr ,dass sie auch heute noch manchmal zu ihm beten und auf sein Wort h\u00f6ren und auch als Erwachsene noch hie und da einstimmen in die Lieder, die sie damals im Unterricht aus voller Kehle gesungen haben. Gerne erinnere ich mich an diesen fr\u00f6hlichen Kindergesang und daran, dass die Kinder trotz aller Unb\u00e4ndigkeit auch zugeh\u00f6rt und ernste Fragen gestellt haben, so dass ich manches Mal fr\u00f6hlich nach Hause gegangen bin.<\/p>\n\n\n\n<p>F\u00fcr unser Land und auch das Dorf Hundwil h\u00e4ngt viel davon ab, dass die Kinder etwas vom hellen Licht des Evangeliums erfassen und es nach Hause mitnehmen. Es ist ein unsch\u00e4tzbarer Segen, wenn hier und da das unser Vater gebetet wird und manchmal auch in einer Stube ein Lied erklingt , das von den Werken Gottes singt. Wenn in einer Familie klar ist: das Gute kommt nicht von den Menschen und&nbsp;&nbsp;ihren Theorien und Vorschriften (zum Beispiel vom Bundesamt f\u00fcr Gesundheit), sondern von Gott.<\/p>\n\n\n\n<p>Nun darf ich als Hundwiler Pfarrer mithelfen, dass dieses Gottvertrauen wachsen kann. Es ist eine Gnade, dass ich in eine Gemeinde komme, in der mein Vorg\u00e4nger treu und zuverl\u00e4ssig den Dienst am Wort versehen hat. So dass manches Herz im Glauben gest\u00e4rkt worden ist und das Lob Gottes \u00fcber die Klage der Schlechtigkeit der Menschen obsiegt hat. Ich freue mich auf eine neue Schar lebensfroher Kinder und hoffe, dass ich Ihnen etwas mitgeben kann aus der F\u00fclle des Evangeliums. So dass sie gesch\u00e4rften Verstandes und frohen Mutes ihren Teil zum Wohl des Dorfes und Landes beitragen k\u00f6nnen. Ich freue mich auf viele gemeinsame Gottesdienste und Abendmahlsfeiern, in der Hoffnung, dass etwas vom Trost und Frieden des Evangeliums in unseren Herzen und H\u00e4usern Raum finden darf. Ich freue mich auf gute Begegnungen und Gespr\u00e4che im Dorf, zu Hause, im Pfarrhaus mit dem&nbsp;&nbsp;Wunsch und der Bitte, dass wir einander achten k\u00f6nnen, so wie es sich geb\u00fchrt.<\/p>\n\n\n\n<p>Wie lange ich dieses Amt noch ausf\u00fchren kann, weiss kein Mensch. Noch f\u00fcr 70 Prozent Arbeit werde ich bezahlt, bereits 10 Prozent weniger als mein Vorg\u00e4nger. M\u00f6glich, dass es in wenigen Jahren wieder weniger sein wird. Werde ich vielleicht sogar der letzte Hundwiler Pfarrer sein? Der letzte Pfarrer, der mit seiner Familie in Hundwil lebt und allein in Hundwil sein Amt hat und nicht von irgendwoher mehrere Gemeinden \u201ebetreut\u201c? &#8211;<\/p>\n\n\n\n<p>Auch solche Fragen sind es, mit denen ich dieses Pfarramt \u00fcbernehme. Nur wenig habe ich in der Hand, die Antworten darauf positiv zu beeinflussen. Gott sei Dank ist da auch noch eine Gemeinde die bescheiden und treu den Weg mit mir geht.<\/p>\n\n\n\n<p>Und Gott sei Dank ist da noch Gott selber. Er hat alles in seiner Hand. Der Gott auf dessen Name wir getauft worden sind: Der Vater, der Sohn und der Heilige Geist. Er hat versprochen dass denen, die ihn lieben, alle Dinge zum Guten mitwirken. Das l\u00e4sst mich mit Dankbarkeit und Zuversicht auf die kommende Zeit mit Euch schauen, liebe Hundwiler. M\u00f6ge er mit seiner Gnade mit uns sein!<\/p>\n\n\n\n<p>Pfarrer David M\u00e4gli<\/p>\n","protected":false},"excerpt":{"rendered":"<p>Hundwil, im Juli 2021 Liebe Hundwiler Als ich mich vor 7 Jahren im Hondwiler Bl\u00e4ttli als Vikar verabschiedete, hatte ich mich gefragt, welche Wege diese aufgeweckten, manchmal etwas wilden Hundwiler Kinder wohl gehen werden, die ich unterrichtet hatte. Die meisten &hellip; <a href=\"https:\/\/kirchehundwil.ch\/?page_id=4422\">Weiterlesen <span class=\"meta-nav\">&rarr;<\/span><\/a><\/p>\n","protected":false},"author":1,"featured_media":0,"parent":0,"menu_order":0,"comment_status":"closed","ping_status":"closed","template":"","meta":{"footnotes":""},"class_list":["post-4422","page","type-page","status-publish","hentry"],"_links":{"self":[{"href":"https:\/\/kirchehundwil.ch\/index.php?rest_route=\/wp\/v2\/pages\/4422","targetHints":{"allow":["GET"]}}],"collection":[{"href":"https:\/\/kirchehundwil.ch\/index.php?rest_route=\/wp\/v2\/pages"}],"about":[{"href":"https:\/\/kirchehundwil.ch\/index.php?rest_route=\/wp\/v2\/types\/page"}],"author":[{"embeddable":true,"href":"https:\/\/kirchehundwil.ch\/index.php?rest_route=\/wp\/v2\/users\/1"}],"replies":[{"embeddable":true,"href":"https:\/\/kirchehundwil.ch\/index.php?rest_route=%2Fwp%2Fv2%2Fcomments&post=4422"}],"version-history":[{"count":1,"href":"https:\/\/kirchehundwil.ch\/index.php?rest_route=\/wp\/v2\/pages\/4422\/revisions"}],"predecessor-version":[{"id":4423,"href":"https:\/\/kirchehundwil.ch\/index.php?rest_route=\/wp\/v2\/pages\/4422\/revisions\/4423"}],"wp:attachment":[{"href":"https:\/\/kirchehundwil.ch\/index.php?rest_route=%2Fwp%2Fv2%2Fmedia&parent=4422"}],"curies":[{"name":"wp","href":"https:\/\/api.w.org\/{rel}","templated":true}]}}