{"id":4864,"date":"2022-03-09T07:23:05","date_gmt":"2022-03-09T06:23:05","guid":{"rendered":"https:\/\/kirchehundwil.ch\/?page_id=4864"},"modified":"2026-04-18T19:42:16","modified_gmt":"2026-04-18T17:42:16","slug":"kirchhoeri","status":"publish","type":"page","link":"https:\/\/kirchehundwil.ch\/?page_id=4864","title":{"rendered":"Kirchh\u00f6ri 19. April 2026"},"content":{"rendered":"\n<p>Die diesj\u00e4hrige Kirchh\u00f6ri der Evangelischen Kirchgemeinde findet am <strong>Sonntag, 19. April 2026 um 10.45 Uhr in der Kirche<\/strong> statt (nach dem Gottesdienst).<\/p>\n\n\n\n<ul class=\"wp-block-list\">\n<li>Beschlussfassung \u00fcber die Jahresrechnung 2025, inklusive Zuteilung des Ergebnisses.<\/li>\n\n\n\n<li>Abstimmung \u00fcber das Budget 2026 bei gleichbleibendem Steuerfuss (0.75 Einheiten).<\/li>\n\n\n\n<li>R\u00fccktritte \/ Wahlen<\/li>\n\n\n\n<li>W\u00fcnsche und Antr\u00e4ge (Antr\u00e4ge der Kirchgemeindeglieder sind bis sp\u00e4testens 10 Tage vor der Kirchgemeindeversammlung schriftlich bei der Kirchenvorsteherschaft einzureichen)<\/li>\n\n\n\n<li>Varia<\/li>\n<\/ul>\n\n\n\n<p>Das Edikt wurde den Stimmberechtigten verschickt und ist nachfolgend publiziert.\u00a0Sie k\u00f6nnen nachfolgend darin Einsicht nehmen (mit Maus darauffahren und scrollen) oder es direkt herunterladen.<\/p>\n\n\n\n<div data-wp-interactive=\"core\/file\" class=\"wp-block-file\"><object data-wp-bind--hidden=\"!state.hasPdfPreview\" hidden class=\"wp-block-file__embed\" data=\"https:\/\/kirchehundwil.ch\/wp-content\/uploads\/2026\/04\/20260404-Edikt-Hundwil-2026.pdf\" type=\"application\/pdf\" style=\"width:100%;height:600px\" aria-label=\"Einbettung von 20260404 Edikt Hundwil 2026.\"><\/object><a id=\"wp-block-file--media-37453340-3a96-462d-be3e-1a420b3c7a01\" href=\"https:\/\/kirchehundwil.ch\/wp-content\/uploads\/2026\/04\/20260404-Edikt-Hundwil-2026.pdf\">20260404 Edikt Hundwil 2026<\/a><a href=\"https:\/\/kirchehundwil.ch\/wp-content\/uploads\/2026\/04\/20260404-Edikt-Hundwil-2026.pdf\" class=\"wp-block-file__button wp-element-button\" download aria-describedby=\"wp-block-file--media-37453340-3a96-462d-be3e-1a420b3c7a01\">Herunterladen<\/a><\/div>\n\n\n\n<p>F\u00fcr Ausk\u00fcnfte und Anliegen: Kirchenvorsteherschaftspr\u00e4sident Heinz Naef, Tel. 071 376 00 38<\/p>\n\n\n\n<p>Es sind alle Kirchgemeindeglieder herzlich eingeladen. Besucher k\u00f6nnen die Kirchh\u00f6ri von der Empore aus miterleben. Die Traktanden finden Sie auch in der separaten Einladung.<\/p>\n\n\n\n<figure class=\"wp-block-image size-full\"><a href=\"https:\/\/kirchehundwil.ch\/wp-content\/uploads\/2021\/08\/20210822-Foto-Kirche-und-Dorf.png\"><img loading=\"lazy\" decoding=\"async\" width=\"637\" height=\"424\" src=\"https:\/\/kirchehundwil.ch\/wp-content\/uploads\/2021\/08\/20210822-Foto-Kirche-und-Dorf.png\" alt=\"\" class=\"wp-image-4475\" srcset=\"https:\/\/kirchehundwil.ch\/wp-content\/uploads\/2021\/08\/20210822-Foto-Kirche-und-Dorf.png 637w, https:\/\/kirchehundwil.ch\/wp-content\/uploads\/2021\/08\/20210822-Foto-Kirche-und-Dorf-300x200.png 300w\" sizes=\"auto, (max-width: 637px) 100vw, 637px\" \/><\/a><\/figure>\n","protected":false},"excerpt":{"rendered":"<p>Die diesj\u00e4hrige Kirchh\u00f6ri der Evangelischen Kirchgemeinde findet am Sonntag, 19. April 2026 um 10.45 Uhr in der Kirche statt (nach dem Gottesdienst). Das Edikt wurde den Stimmberechtigten verschickt und ist nachfolgend publiziert.\u00a0Sie k\u00f6nnen nachfolgend darin Einsicht nehmen (mit Maus darauffahren &hellip; <a href=\"https:\/\/kirchehundwil.ch\/?page_id=4864\">Weiterlesen <span class=\"meta-nav\">&rarr;<\/span><\/a><\/p>\n","protected":false},"author":1,"featured_media":0,"parent":0,"menu_order":0,"comment_status":"closed","ping_status":"closed","template":"","meta":{"footnotes":""},"class_list":["post-4864","page","type-page","status-publish","hentry"],"_links":{"self":[{"href":"https:\/\/kirchehundwil.ch\/index.php?rest_route=\/wp\/v2\/pages\/4864","targetHints":{"allow":["GET"]}}],"collection":[{"href":"https:\/\/kirchehundwil.ch\/index.php?rest_route=\/wp\/v2\/pages"}],"about":[{"href":"https:\/\/kirchehundwil.ch\/index.php?rest_route=\/wp\/v2\/types\/page"}],"author":[{"embeddable":true,"href":"https:\/\/kirchehundwil.ch\/index.php?rest_route=\/wp\/v2\/users\/1"}],"replies":[{"embeddable":true,"href":"https:\/\/kirchehundwil.ch\/index.php?rest_route=%2Fwp%2Fv2%2Fcomments&post=4864"}],"version-history":[{"count":9,"href":"https:\/\/kirchehundwil.ch\/index.php?rest_route=\/wp\/v2\/pages\/4864\/revisions"}],"predecessor-version":[{"id":9312,"href":"https:\/\/kirchehundwil.ch\/index.php?rest_route=\/wp\/v2\/pages\/4864\/revisions\/9312"}],"wp:attachment":[{"href":"https:\/\/kirchehundwil.ch\/index.php?rest_route=%2Fwp%2Fv2%2Fmedia&parent=4864"}],"curies":[{"name":"wp","href":"https:\/\/api.w.org\/{rel}","templated":true}]}}