{"id":4875,"date":"2022-03-14T09:34:32","date_gmt":"2022-03-14T08:34:32","guid":{"rendered":"https:\/\/kirchehundwil.ch\/?page_id=4875"},"modified":"2024-08-21T20:42:42","modified_gmt":"2024-08-21T18:42:42","slug":"konfirmation-2022","status":"publish","type":"page","link":"https:\/\/kirchehundwil.ch\/?page_id=4875","title":{"rendered":"Konfirmation 2024"},"content":{"rendered":"\n<p><strong>Am vergangenen Palmsonntag, 24. M\u00e4rz 2024&nbsp;<\/strong>wurden unsere 12 jungen Gemeindeglieder, unsere Konfirmanden, bei einer eindr\u00fccklichen Feier konfirmiert. Ihre Bekenntnisse ber\u00fchrten die Herzen der Gemeinde. M\u00f6gen sie sich ihrer Worte und ihres Bekenntnisses immer neu erinnern. Unser HERR und Sch\u00f6pfer tut es gewiss \u2013 und weiss, wie sie es meinen \u2013 und steht treu dazu.<\/p>\n\n\n\n<figure class=\"wp-block-image size-large\"><a href=\"https:\/\/kirchehundwil.ch\/wp-content\/uploads\/2024\/08\/20240324-Konfirmanden-vor-der-Kirche-Druck_B-2-scaled.jpeg\"><img loading=\"lazy\" decoding=\"async\" width=\"1024\" height=\"683\" src=\"https:\/\/kirchehundwil.ch\/wp-content\/uploads\/2024\/08\/20240324-Konfirmanden-vor-der-Kirche-Druck_B-2-1024x683.jpeg\" alt=\"\" class=\"wp-image-7970\" srcset=\"https:\/\/kirchehundwil.ch\/wp-content\/uploads\/2024\/08\/20240324-Konfirmanden-vor-der-Kirche-Druck_B-2-1024x683.jpeg 1024w, https:\/\/kirchehundwil.ch\/wp-content\/uploads\/2024\/08\/20240324-Konfirmanden-vor-der-Kirche-Druck_B-2-300x200.jpeg 300w, https:\/\/kirchehundwil.ch\/wp-content\/uploads\/2024\/08\/20240324-Konfirmanden-vor-der-Kirche-Druck_B-2-768x512.jpeg 768w, https:\/\/kirchehundwil.ch\/wp-content\/uploads\/2024\/08\/20240324-Konfirmanden-vor-der-Kirche-Druck_B-2-1536x1025.jpeg 1536w, https:\/\/kirchehundwil.ch\/wp-content\/uploads\/2024\/08\/20240324-Konfirmanden-vor-der-Kirche-Druck_B-2-2048x1366.jpeg 2048w\" sizes=\"auto, (max-width: 1024px) 100vw, 1024px\" \/><\/a><\/figure>\n\n\n\n<p>Konfirmiert wurden: Sonja Heierli, Mettlen; Silvan K\u00e4hli, Dorf; Andreas Kn\u00f6pfel, Neuhaus; Christian Kn\u00f6pfel, Schl\u00e4ttli; Michelle Kn\u00f6pfel, Nasse; Reto Kn\u00f6pfel, Grund; Samuel M\u00e4gli, Dorf; Marina Nef, St\u00e4g; Anja Oertle, Hempen; Ralph Oertle, Wasserschaffen; Emil Zellweger, Tobel; Beni Zuberb\u00fchler, Hohb\u00fchl.<\/p>\n\n\n\n<h2 class=\"wp-block-heading\">Konfirmation 2023<\/h2>\n\n\n\n<p>Am <strong>Palmsonntag, 2. April 2023, 10.00 Uhr<\/strong> feierten wir mit den Angeh\u00f6rigen und der Gottesdienstgemeinde den&nbsp;Konfirmationsgottesdienst mit unseren Konfirmanden. Konfirmiert wurden:<\/p>\n\n\n\n<figure class=\"wp-block-image size-full\"><a href=\"https:\/\/kirchehundwil.ch\/wp-content\/uploads\/2023\/05\/20230402-Konfirmanden-2023.png\"><img loading=\"lazy\" decoding=\"async\" width=\"943\" height=\"627\" src=\"https:\/\/kirchehundwil.ch\/wp-content\/uploads\/2023\/05\/20230402-Konfirmanden-2023.png\" alt=\"\" class=\"wp-image-6693\" srcset=\"https:\/\/kirchehundwil.ch\/wp-content\/uploads\/2023\/05\/20230402-Konfirmanden-2023.png 943w, https:\/\/kirchehundwil.ch\/wp-content\/uploads\/2023\/05\/20230402-Konfirmanden-2023-300x199.png 300w, https:\/\/kirchehundwil.ch\/wp-content\/uploads\/2023\/05\/20230402-Konfirmanden-2023-768x511.png 768w\" sizes=\"auto, (max-width: 943px) 100vw, 943px\" \/><\/a><\/figure>\n\n\n\n<p>Brigitte Heierli, Mettlen 275,<br>Hansueli Holderegger, Halden 233,<br>Yves Steingruber, Schmidshaus 112,<br>Tobias Bommeli, Rohnen 13, 9411 Schachen bei Reute.<\/p>\n\n\n\n<p> Wir w\u00fcnschen den Familien und Konfirmanden viel Gutes und Gottes Segen.<\/p>\n\n\n\n<p><\/p>\n\n\n\n<h2 class=\"wp-block-heading\">Konfirmation 2022<\/h2>\n\n\n\n<p>Am <strong>Palmsonntag, 10. April 2022, 10.00 Uhr<\/strong> feierten wir mit den Angeh\u00f6rigen und der Gottesdienstgemeinde einen sehr stimmigen und ber\u00fchrenden&nbsp;Konfirmationsgottesdienst mit unseren Konfirmanden. Viel Gutes und Gottes Segen w\u00fcnschen wir den Familien und Konfirmanden.<\/p>\n\n\n\n<figure class=\"wp-block-image size-large\"><a href=\"https:\/\/kirchehundwil.ch\/wp-content\/uploads\/2022\/05\/Konfirmation-2022-scaled.jpg\"><img loading=\"lazy\" decoding=\"async\" width=\"1024\" height=\"718\" src=\"https:\/\/kirchehundwil.ch\/wp-content\/uploads\/2022\/05\/Konfirmation-2022-1024x718.jpg\" alt=\"\" class=\"wp-image-5129\" srcset=\"https:\/\/kirchehundwil.ch\/wp-content\/uploads\/2022\/05\/Konfirmation-2022-1024x718.jpg 1024w, https:\/\/kirchehundwil.ch\/wp-content\/uploads\/2022\/05\/Konfirmation-2022-300x210.jpg 300w, https:\/\/kirchehundwil.ch\/wp-content\/uploads\/2022\/05\/Konfirmation-2022-768x538.jpg 768w, https:\/\/kirchehundwil.ch\/wp-content\/uploads\/2022\/05\/Konfirmation-2022-1536x1077.jpg 1536w, https:\/\/kirchehundwil.ch\/wp-content\/uploads\/2022\/05\/Konfirmation-2022-2048x1435.jpg 2048w\" sizes=\"auto, (max-width: 1024px) 100vw, 1024px\" \/><\/a><\/figure>\n\n\n\n<p>von Links nach rechts: Pfarrer David M\u00e4gli, Fabian Meier, Vreni Zellweger, Sarina Zuberb\u00fchler, Anina Kn\u00f6pfel, Vanessa Kn\u00f6pfel, Fabio Fuchs, Sami Kn\u00f6pfel.<\/p>\n\n\n\n<div data-wp-interactive=\"core\/file\" class=\"wp-block-file\"><object data-wp-bind--hidden=\"!state.hasPdfPreview\" hidden class=\"wp-block-file__embed\" data=\"https:\/\/kirchehundwil.ch\/wp-content\/uploads\/2022\/05\/20220410-Konfirmanden-Portrait_2022_GZD.pdf\" type=\"application\/pdf\" style=\"width:100%;height:580px\" aria-label=\"Einbettung von 20220410-Konfirmanden-Portrait_2022_GZD.\"><\/object><a id=\"wp-block-file--media-a3115395-b1c5-4545-a627-7820dd95d5ad\" href=\"https:\/\/kirchehundwil.ch\/wp-content\/uploads\/2022\/05\/20220410-Konfirmanden-Portrait_2022_GZD.pdf\">20220410-Konfirmanden-Portrait_2022_GZD<\/a><a href=\"https:\/\/kirchehundwil.ch\/wp-content\/uploads\/2022\/05\/20220410-Konfirmanden-Portrait_2022_GZD.pdf\" class=\"wp-block-file__button wp-element-button\" download aria-describedby=\"wp-block-file--media-a3115395-b1c5-4545-a627-7820dd95d5ad\">Herunterladen<\/a><\/div>\n\n\n\n<div class=\"wp-block-media-text alignwide is-stacked-on-mobile\"><figure class=\"wp-block-media-text__media\"><img loading=\"lazy\" decoding=\"async\" width=\"1024\" height=\"768\" src=\"https:\/\/kirchehundwil.ch\/wp-content\/uploads\/2022\/05\/20220402_114020_001-1024x768.jpg\" alt=\"\" class=\"wp-image-5131 size-full\" srcset=\"https:\/\/kirchehundwil.ch\/wp-content\/uploads\/2022\/05\/20220402_114020_001-1024x768.jpg 1024w, https:\/\/kirchehundwil.ch\/wp-content\/uploads\/2022\/05\/20220402_114020_001-300x225.jpg 300w, https:\/\/kirchehundwil.ch\/wp-content\/uploads\/2022\/05\/20220402_114020_001-768x576.jpg 768w, https:\/\/kirchehundwil.ch\/wp-content\/uploads\/2022\/05\/20220402_114020_001-1536x1152.jpg 1536w, https:\/\/kirchehundwil.ch\/wp-content\/uploads\/2022\/05\/20220402_114020_001-2048x1536.jpg 2048w\" sizes=\"auto, (max-width: 1024px) 100vw, 1024px\" \/><\/figure><div class=\"wp-block-media-text__content\">\n<p class=\"has-medium-font-size\">&#8230; zusammen im Schnee &#8230;<\/p>\n<\/div><\/div>\n\n\n\n<p><\/p>\n\n\n\n<div class=\"wp-block-media-text alignwide is-stacked-on-mobile\"><figure class=\"wp-block-media-text__media\"><img loading=\"lazy\" decoding=\"async\" width=\"1024\" height=\"768\" src=\"https:\/\/kirchehundwil.ch\/wp-content\/uploads\/2022\/03\/20220215-Konfirmandenfoto-1024x768.jpeg\" alt=\"\" class=\"wp-image-4877 size-full\" srcset=\"https:\/\/kirchehundwil.ch\/wp-content\/uploads\/2022\/03\/20220215-Konfirmandenfoto-1024x768.jpeg 1024w, https:\/\/kirchehundwil.ch\/wp-content\/uploads\/2022\/03\/20220215-Konfirmandenfoto-300x225.jpeg 300w, https:\/\/kirchehundwil.ch\/wp-content\/uploads\/2022\/03\/20220215-Konfirmandenfoto-768x576.jpeg 768w, https:\/\/kirchehundwil.ch\/wp-content\/uploads\/2022\/03\/20220215-Konfirmandenfoto-1536x1152.jpeg 1536w, https:\/\/kirchehundwil.ch\/wp-content\/uploads\/2022\/03\/20220215-Konfirmandenfoto.jpeg 2016w\" sizes=\"auto, (max-width: 1024px) 100vw, 1024px\" \/><\/figure><div class=\"wp-block-media-text__content\">\n<p class=\"has-medium-font-size\">&#8230; ein Jahr zuvor &#8230;<\/p>\n<\/div><\/div>\n","protected":false},"excerpt":{"rendered":"<p>Am vergangenen Palmsonntag, 24. M\u00e4rz 2024&nbsp;wurden unsere 12 jungen Gemeindeglieder, unsere Konfirmanden, bei einer eindr\u00fccklichen Feier konfirmiert. Ihre Bekenntnisse ber\u00fchrten die Herzen der Gemeinde. M\u00f6gen sie sich ihrer Worte und ihres Bekenntnisses immer neu erinnern. Unser HERR und Sch\u00f6pfer tut &hellip; <a href=\"https:\/\/kirchehundwil.ch\/?page_id=4875\">Weiterlesen <span class=\"meta-nav\">&rarr;<\/span><\/a><\/p>\n","protected":false},"author":1,"featured_media":0,"parent":0,"menu_order":0,"comment_status":"closed","ping_status":"closed","template":"","meta":{"footnotes":""},"class_list":["post-4875","page","type-page","status-publish","hentry"],"_links":{"self":[{"href":"https:\/\/kirchehundwil.ch\/index.php?rest_route=\/wp\/v2\/pages\/4875","targetHints":{"allow":["GET"]}}],"collection":[{"href":"https:\/\/kirchehundwil.ch\/index.php?rest_route=\/wp\/v2\/pages"}],"about":[{"href":"https:\/\/kirchehundwil.ch\/index.php?rest_route=\/wp\/v2\/types\/page"}],"author":[{"embeddable":true,"href":"https:\/\/kirchehundwil.ch\/index.php?rest_route=\/wp\/v2\/users\/1"}],"replies":[{"embeddable":true,"href":"https:\/\/kirchehundwil.ch\/index.php?rest_route=%2Fwp%2Fv2%2Fcomments&post=4875"}],"version-history":[{"count":18,"href":"https:\/\/kirchehundwil.ch\/index.php?rest_route=\/wp\/v2\/pages\/4875\/revisions"}],"predecessor-version":[{"id":7971,"href":"https:\/\/kirchehundwil.ch\/index.php?rest_route=\/wp\/v2\/pages\/4875\/revisions\/7971"}],"wp:attachment":[{"href":"https:\/\/kirchehundwil.ch\/index.php?rest_route=%2Fwp%2Fv2%2Fmedia&parent=4875"}],"curies":[{"name":"wp","href":"https:\/\/api.w.org\/{rel}","templated":true}]}}