{"id":4889,"date":"2022-03-14T11:27:17","date_gmt":"2022-03-14T10:27:17","guid":{"rendered":"https:\/\/kirchehundwil.ch\/?page_id=4889"},"modified":"2026-04-06T10:04:52","modified_gmt":"2026-04-06T08:04:52","slug":"osternachtfeier","status":"publish","type":"page","link":"https:\/\/kirchehundwil.ch\/?page_id=4889","title":{"rendered":"Osternachtfeier vom 4. April 2026"},"content":{"rendered":"\n<p>F\u00fcr Jung und Alt. In der Nacht auf den Ostersonntag gedachten wir der Wohltaten des Erl\u00f6sungswerks und feiern die Auferstehung unseres HERRN und Erl\u00f6sers Jesus Christus.<\/p>\n\n\n\n<p><strong>Beginn war am Karsamstagabend, 4. April 2026 um 20:30 Uhr<\/strong> auf dem Friedhof. Gemeinsam zogen wir nach der Andacht mit dem Osterlicht zur Kirche und erinnerten uns: Wir sind getauft! Wir d\u00fcrfen mit Christus auferstehen und leben. Um circa 21 Uhr waren wir in der Kirche, wo wir das Taufged\u00e4chtnis feierten.<\/p>\n\n\n\n<figure class=\"wp-block-image size-large\"><a href=\"https:\/\/kirchehundwil.ch\/wp-content\/uploads\/2026\/04\/Samstag-Karwoche-Dorf-IMG_4784-scaled.jpg\"><img loading=\"lazy\" decoding=\"async\" width=\"1024\" height=\"768\" src=\"https:\/\/kirchehundwil.ch\/wp-content\/uploads\/2026\/04\/Samstag-Karwoche-Dorf-IMG_4784-1024x768.jpg\" alt=\"\" class=\"wp-image-9282\" srcset=\"https:\/\/kirchehundwil.ch\/wp-content\/uploads\/2026\/04\/Samstag-Karwoche-Dorf-IMG_4784-1024x768.jpg 1024w, https:\/\/kirchehundwil.ch\/wp-content\/uploads\/2026\/04\/Samstag-Karwoche-Dorf-IMG_4784-300x225.jpg 300w, https:\/\/kirchehundwil.ch\/wp-content\/uploads\/2026\/04\/Samstag-Karwoche-Dorf-IMG_4784-768x576.jpg 768w, https:\/\/kirchehundwil.ch\/wp-content\/uploads\/2026\/04\/Samstag-Karwoche-Dorf-IMG_4784-1536x1152.jpg 1536w, https:\/\/kirchehundwil.ch\/wp-content\/uploads\/2026\/04\/Samstag-Karwoche-Dorf-IMG_4784-2048x1536.jpg 2048w\" sizes=\"auto, (max-width: 1024px) 100vw, 1024px\" \/><\/a><\/figure>\n\n\n\n<p>Dann die Osterhasensuche f\u00fcr die vielen, vielen Kinder und Jugendlichen &#8211; wahrscheinlich \u00fcber 50 &#8211; rund um die Kirche. Wie jedes Jahr dann eine grosse Freud &#8222;ond d\u00e4 Plausch&#8220;.<\/p>\n\n\n\n<figure class=\"wp-block-image size-large\"><a href=\"https:\/\/kirchehundwil.ch\/wp-content\/uploads\/2022\/03\/20220314-Osternachtfeier.png\"><img loading=\"lazy\" decoding=\"async\" width=\"1024\" height=\"393\" src=\"https:\/\/kirchehundwil.ch\/wp-content\/uploads\/2022\/03\/20220314-Osternachtfeier-1024x393.png\" alt=\"\" class=\"wp-image-4890\" srcset=\"https:\/\/kirchehundwil.ch\/wp-content\/uploads\/2022\/03\/20220314-Osternachtfeier-1024x393.png 1024w, https:\/\/kirchehundwil.ch\/wp-content\/uploads\/2022\/03\/20220314-Osternachtfeier-300x115.png 300w, https:\/\/kirchehundwil.ch\/wp-content\/uploads\/2022\/03\/20220314-Osternachtfeier-768x295.png 768w, https:\/\/kirchehundwil.ch\/wp-content\/uploads\/2022\/03\/20220314-Osternachtfeier-1536x590.png 1536w, https:\/\/kirchehundwil.ch\/wp-content\/uploads\/2022\/03\/20220314-Osternachtfeier-2048x787.png 2048w\" sizes=\"auto, (max-width: 1024px) 100vw, 1024px\" \/><\/a><\/figure>\n\n\n\n<p>Damit f\u00fcr jedes Kind etwas versteckt ist, braucht es bis eine Woche zuvor jeweils eine <strong>Anmeldung der Kinder<\/strong>  beim Pfarramt. Tel. 071 367 12 26 oder per Mail an pfarramt@kirchehundwil.ch.<\/p>\n","protected":false},"excerpt":{"rendered":"<p>F\u00fcr Jung und Alt. In der Nacht auf den Ostersonntag gedachten wir der Wohltaten des Erl\u00f6sungswerks und feiern die Auferstehung unseres HERRN und Erl\u00f6sers Jesus Christus. Beginn war am Karsamstagabend, 4. April 2026 um 20:30 Uhr auf dem Friedhof. Gemeinsam &hellip; <a href=\"https:\/\/kirchehundwil.ch\/?page_id=4889\">Weiterlesen <span class=\"meta-nav\">&rarr;<\/span><\/a><\/p>\n","protected":false},"author":1,"featured_media":0,"parent":0,"menu_order":0,"comment_status":"closed","ping_status":"closed","template":"","meta":{"footnotes":""},"class_list":["post-4889","page","type-page","status-publish","hentry"],"_links":{"self":[{"href":"https:\/\/kirchehundwil.ch\/index.php?rest_route=\/wp\/v2\/pages\/4889","targetHints":{"allow":["GET"]}}],"collection":[{"href":"https:\/\/kirchehundwil.ch\/index.php?rest_route=\/wp\/v2\/pages"}],"about":[{"href":"https:\/\/kirchehundwil.ch\/index.php?rest_route=\/wp\/v2\/types\/page"}],"author":[{"embeddable":true,"href":"https:\/\/kirchehundwil.ch\/index.php?rest_route=\/wp\/v2\/users\/1"}],"replies":[{"embeddable":true,"href":"https:\/\/kirchehundwil.ch\/index.php?rest_route=%2Fwp%2Fv2%2Fcomments&post=4889"}],"version-history":[{"count":22,"href":"https:\/\/kirchehundwil.ch\/index.php?rest_route=\/wp\/v2\/pages\/4889\/revisions"}],"predecessor-version":[{"id":9283,"href":"https:\/\/kirchehundwil.ch\/index.php?rest_route=\/wp\/v2\/pages\/4889\/revisions\/9283"}],"wp:attachment":[{"href":"https:\/\/kirchehundwil.ch\/index.php?rest_route=%2Fwp%2Fv2%2Fmedia&parent=4889"}],"curies":[{"name":"wp","href":"https:\/\/api.w.org\/{rel}","templated":true}]}}