{"id":4939,"date":"2022-03-19T20:12:37","date_gmt":"2022-03-19T19:12:37","guid":{"rendered":"https:\/\/kirchehundwil.ch\/?page_id=4939"},"modified":"2022-03-23T09:27:30","modified_gmt":"2022-03-23T08:27:30","slug":"soforthilfe-fluechtlinge","status":"publish","type":"page","link":"https:\/\/kirchehundwil.ch\/?page_id=4939","title":{"rendered":"Soforthilfe Fl\u00fcchtlinge"},"content":{"rendered":"\n<p>Hundwil, Samstag, 19. M\u00e4rz 2022<\/p>\n\n\n\n<p>Liebe Hundwiler Kirchb\u00fcrger, liebe Nachbarn<\/p>\n\n\n\n<p>Das Elend in der Ukraine ist gross. T\u00e4glich treffen neue Fl\u00fcchtlinge in der Schweiz ein. Auch in unserem Kanton werden in den n\u00e4chsten Tagen weitere Fl\u00fcchtlinge aus der Ukraine erwartet und dann auf die Gemeinden verteilt.<\/p>\n\n\n\n<p>Die Gemeinde Hundwil hat dem Kanton das ehemalige Alters- und Pflegeheim Pfand zur Verf\u00fcgung gestellt. Wir k\u00f6nnen zum jetzigen Zeitpunkt nicht genau sagen wann und wie viele Fl\u00fcchtlinge bei uns eintreffen werden. Es k\u00f6nnte jedoch schon im Verlaufe n\u00e4chster Woche der Fall sein. Helfen Sie bitte mit!<\/p>\n\n\n\n<p>Wir suchen:<\/p>\n\n\n\n<p><strong>Freiwillige Helfer f\u00fcr:<\/strong><\/p>\n\n\n\n<ul class=\"wp-block-list\"><li>Betreuungsaufgaben<\/li><li>Hilfe in der K\u00fcche<\/li><li>Boteng\u00e4nge<\/li><li>Fahrdienste<\/li><li>Einkaufsunterst\u00fctzung usw.&nbsp;<\/li><\/ul>\n\n\n\n<p><strong>\u00dcbersetzer f\u00fcr:<\/strong><\/p>\n\n\n\n<ul class=\"wp-block-list\"><li>Ukrainisch<\/li><li>Russisch<\/li><li>Englisch<\/li><\/ul>\n\n\n\n<p><strong>Material:<\/strong><\/p>\n\n\n\n<ul class=\"wp-block-list\"><li>Betten und Matratzen in gutem Zustand<\/li><li>Duvets, Kissen<\/li><li>Fixleint\u00fccher, Bettanz\u00fcge<\/li><li>Duschmittel, Shampoo<\/li><li>Spenden von Grundnahrungsmitteln<\/li><\/ul>\n\n\n\n<p>Sollten Sie freien Wohnraum haben und diesen zur Verf\u00fcgung stellen k\u00f6nnen, nehmen wir dies dankbar zur Kenntnis und melden uns bei Bedarf.<\/p>\n\n\n\n<p><strong>Kontakt:&nbsp;<\/strong><strong><\/strong><\/p>\n\n\n\n<p>Helfer und Spenden k\u00f6nnen Sie\u00a0<strong>ab sofort und bitte so schnell wie m\u00f6glich<\/strong>\u00a0bei Agnes Ehrbar (Koordination) melden, per Mail an\u00a0<a href=\"mailto:ehrbar.wehrlin@bluewin.ch\">ehrbar.wehrlin@bluewin.ch<\/a>\u00a0oder telefonisch an 078 687 61 68.<\/p>\n\n\n\n<p><strong>Angaben zur Hilfe:<\/strong><\/p>\n\n\n\n<p>Bitte bei den Helfereins\u00e4tzen folgende Angaben machen:<\/p>\n\n\n\n<ul class=\"wp-block-list\"><li>Wann und womit kann ich helfen<\/li><li>Auto vorhanden: ja\/nein<\/li><li>Telefonnummer<\/li><\/ul>\n\n\n\n<p>Vielen herzlichen Dank f\u00fcr Eure Unterst\u00fctzung! Vergelt&#8217;s Gott!<\/p>\n","protected":false},"excerpt":{"rendered":"<p>Hundwil, Samstag, 19. M\u00e4rz 2022 Liebe Hundwiler Kirchb\u00fcrger, liebe Nachbarn Das Elend in der Ukraine ist gross. T\u00e4glich treffen neue Fl\u00fcchtlinge in der Schweiz ein. Auch in unserem Kanton werden in den n\u00e4chsten Tagen weitere Fl\u00fcchtlinge aus der Ukraine erwartet &hellip; <a href=\"https:\/\/kirchehundwil.ch\/?page_id=4939\">Weiterlesen <span class=\"meta-nav\">&rarr;<\/span><\/a><\/p>\n","protected":false},"author":1,"featured_media":0,"parent":0,"menu_order":0,"comment_status":"closed","ping_status":"closed","template":"","meta":{"footnotes":""},"class_list":["post-4939","page","type-page","status-publish","hentry"],"_links":{"self":[{"href":"https:\/\/kirchehundwil.ch\/index.php?rest_route=\/wp\/v2\/pages\/4939","targetHints":{"allow":["GET"]}}],"collection":[{"href":"https:\/\/kirchehundwil.ch\/index.php?rest_route=\/wp\/v2\/pages"}],"about":[{"href":"https:\/\/kirchehundwil.ch\/index.php?rest_route=\/wp\/v2\/types\/page"}],"author":[{"embeddable":true,"href":"https:\/\/kirchehundwil.ch\/index.php?rest_route=\/wp\/v2\/users\/1"}],"replies":[{"embeddable":true,"href":"https:\/\/kirchehundwil.ch\/index.php?rest_route=%2Fwp%2Fv2%2Fcomments&post=4939"}],"version-history":[{"count":4,"href":"https:\/\/kirchehundwil.ch\/index.php?rest_route=\/wp\/v2\/pages\/4939\/revisions"}],"predecessor-version":[{"id":4946,"href":"https:\/\/kirchehundwil.ch\/index.php?rest_route=\/wp\/v2\/pages\/4939\/revisions\/4946"}],"wp:attachment":[{"href":"https:\/\/kirchehundwil.ch\/index.php?rest_route=%2Fwp%2Fv2%2Fmedia&parent=4939"}],"curies":[{"name":"wp","href":"https:\/\/api.w.org\/{rel}","templated":true}]}}