{"id":5341,"date":"2022-07-09T18:36:53","date_gmt":"2022-07-09T16:36:53","guid":{"rendered":"https:\/\/kirchehundwil.ch\/?page_id=5341"},"modified":"2022-07-09T18:36:54","modified_gmt":"2022-07-09T16:36:54","slug":"schwaegalp-gottesdienst","status":"publish","type":"page","link":"https:\/\/kirchehundwil.ch\/?page_id=5341","title":{"rendered":"Schw\u00e4galp-Gottesdienst"},"content":{"rendered":"\n<figure class=\"wp-block-image size-full\"><a href=\"https:\/\/kirchehundwil.ch\/wp-content\/uploads\/2022\/07\/image0.jpeg\"><img loading=\"lazy\" decoding=\"async\" width=\"640\" height=\"480\" src=\"https:\/\/kirchehundwil.ch\/wp-content\/uploads\/2022\/07\/image0.jpeg\" alt=\"\" class=\"wp-image-5342\" srcset=\"https:\/\/kirchehundwil.ch\/wp-content\/uploads\/2022\/07\/image0.jpeg 640w, https:\/\/kirchehundwil.ch\/wp-content\/uploads\/2022\/07\/image0-300x225.jpeg 300w\" sizes=\"auto, (max-width: 640px) 100vw, 640px\" \/><\/a><\/figure>\n\n\n\n<p><em>Am Sonntag, 3. Juli 2022 feierte eine ansehnliche Gottesdienstgemeinde auf der Schw\u00e4galp unter einem strahlend blauen, freien Himmel den Berggottesdienst. Umrahmt vom Gesang des Hondwiler M\u00e4nnerchors und den Senntumsglocken lud Beat Antenen\u00a0zum Sinnieren \u00fcber den eigentlichen Lebenssinn und -aufgabe ein. Vers\u00f6hnung mit Vergangenem. Nicht immer einfach &#8211; aber fassbar, wenn wir erkennen, dass Gottes Sch\u00f6pferhand schlussendlich und kaum fassbar doch alles wirkt und lenkt<\/em> &#8211; und es den Seinen zum besten dienen muss.<\/p>\n\n\n\n<p><em>Der bekannte TV-Moderator und Redaktor f\u00fchrte das dreissigste und letzte Mal hier auf der Schw\u00e4galp durch den Gottesdienst.<\/em><\/p>\n\n\n\n<figure class=\"wp-block-image size-full\"><a href=\"https:\/\/kirchehundwil.ch\/wp-content\/uploads\/2022\/07\/image2.jpeg\"><img loading=\"lazy\" decoding=\"async\" width=\"640\" height=\"430\" src=\"https:\/\/kirchehundwil.ch\/wp-content\/uploads\/2022\/07\/image2.jpeg\" alt=\"\" class=\"wp-image-5343\" srcset=\"https:\/\/kirchehundwil.ch\/wp-content\/uploads\/2022\/07\/image2.jpeg 640w, https:\/\/kirchehundwil.ch\/wp-content\/uploads\/2022\/07\/image2-300x202.jpeg 300w\" sizes=\"auto, (max-width: 640px) 100vw, 640px\" \/><\/a><\/figure>\n","protected":false},"excerpt":{"rendered":"<p>Am Sonntag, 3. Juli 2022 feierte eine ansehnliche Gottesdienstgemeinde auf der Schw\u00e4galp unter einem strahlend blauen, freien Himmel den Berggottesdienst. Umrahmt vom Gesang des Hondwiler M\u00e4nnerchors und den Senntumsglocken lud Beat Antenen\u00a0zum Sinnieren \u00fcber den eigentlichen Lebenssinn und -aufgabe ein. &hellip; <a href=\"https:\/\/kirchehundwil.ch\/?page_id=5341\">Weiterlesen <span class=\"meta-nav\">&rarr;<\/span><\/a><\/p>\n","protected":false},"author":1,"featured_media":0,"parent":0,"menu_order":0,"comment_status":"closed","ping_status":"closed","template":"","meta":{"footnotes":""},"class_list":["post-5341","page","type-page","status-publish","hentry"],"_links":{"self":[{"href":"https:\/\/kirchehundwil.ch\/index.php?rest_route=\/wp\/v2\/pages\/5341","targetHints":{"allow":["GET"]}}],"collection":[{"href":"https:\/\/kirchehundwil.ch\/index.php?rest_route=\/wp\/v2\/pages"}],"about":[{"href":"https:\/\/kirchehundwil.ch\/index.php?rest_route=\/wp\/v2\/types\/page"}],"author":[{"embeddable":true,"href":"https:\/\/kirchehundwil.ch\/index.php?rest_route=\/wp\/v2\/users\/1"}],"replies":[{"embeddable":true,"href":"https:\/\/kirchehundwil.ch\/index.php?rest_route=%2Fwp%2Fv2%2Fcomments&post=5341"}],"version-history":[{"count":2,"href":"https:\/\/kirchehundwil.ch\/index.php?rest_route=\/wp\/v2\/pages\/5341\/revisions"}],"predecessor-version":[{"id":5345,"href":"https:\/\/kirchehundwil.ch\/index.php?rest_route=\/wp\/v2\/pages\/5341\/revisions\/5345"}],"wp:attachment":[{"href":"https:\/\/kirchehundwil.ch\/index.php?rest_route=%2Fwp%2Fv2%2Fmedia&parent=5341"}],"curies":[{"name":"wp","href":"https:\/\/api.w.org\/{rel}","templated":true}]}}