{"id":5391,"date":"2022-07-13T10:55:14","date_gmt":"2022-07-13T08:55:14","guid":{"rendered":"https:\/\/kirchehundwil.ch\/?page_id=5391"},"modified":"2026-04-25T20:20:33","modified_gmt":"2026-04-25T18:20:33","slug":"wort-des-pfarrers","status":"publish","type":"page","link":"https:\/\/kirchehundwil.ch\/?page_id=5391","title":{"rendered":"Wort des Pfarrers"},"content":{"rendered":"\n<p>Die nachfolgenden Beitr\u00e4ge wurden im Hondwiler Bl\u00e4ttli oder teilweise im &#8222;Magnet&#8220; publiziert. Sie sollen die Gemeinde und den Leser im Glauben an den Einen auferbauen, zurechtbringen und erfreuen. Schauen sie sich dazu die Unterkapitel an oder dr\u00fccken Sie einfach auf die folgenden Links.<\/p>\n\n\n\n<div class=\"wp-block-buttons is-layout-flex wp-block-buttons-is-layout-flex\">\n<div class=\"wp-block-button has-custom-width wp-block-button__width-100 is-style-outline is-style-outline--1\"><a class=\"wp-block-button__link has-blue-color has-text-color has-link-color has-medium-font-size has-custom-font-size wp-element-button\" href=\"https:\/\/kirchehundwil.ch\/?page_id=9328\" style=\"border-top-left-radius:10px;border-top-right-radius:10px;border-bottom-left-radius:10px;border-bottom-right-radius:10px\">Pfingsten und der Beistand des Heiligen Geistes<\/a><\/div>\n<\/div>\n\n\n\n<p><\/p>\n\n\n\n<div class=\"wp-block-buttons is-layout-flex wp-block-buttons-is-layout-flex\">\n<div class=\"wp-block-button has-custom-width wp-block-button__width-100 is-style-outline is-style-outline--2\"><a class=\"wp-block-button__link has-blue-color has-text-color has-link-color has-medium-font-size has-custom-font-size wp-element-button\" href=\"https:\/\/kirchehundwil.ch\/?page_id=8914\" style=\"border-radius:10px\">Peter<\/a><\/div>\n<\/div>\n\n\n\n<p><\/p>\n\n\n\n<div class=\"wp-block-buttons is-layout-flex wp-block-buttons-is-layout-flex\">\n<div class=\"wp-block-button has-custom-width wp-block-button__width-100 is-style-outline is-style-outline--3\"><a class=\"wp-block-button__link has-blue-color has-text-color has-link-color has-medium-font-size has-custom-font-size wp-element-button\" href=\"https:\/\/kirchehundwil.ch\/?page_id=8651\" style=\"border-radius:10px\">Meinen Frieden gebe ich euch<\/a><\/div>\n<\/div>\n\n\n\n<p><\/p>\n\n\n\n<div class=\"wp-block-buttons is-layout-flex wp-block-buttons-is-layout-flex\">\n<div class=\"wp-block-button has-custom-width wp-block-button__width-100 is-style-outline is-style-outline--4\"><a class=\"wp-block-button__link has-blue-color has-text-color has-link-color has-medium-font-size has-custom-font-size wp-element-button\" href=\"https:\/\/kirchehundwil.ch\/?page_id=8505\" style=\"border-radius:10px\">Trachtet zuerst nach &#8230;<\/a><\/div>\n<\/div>\n\n\n\n<p><\/p>\n\n\n\n<div class=\"wp-block-buttons is-layout-flex wp-block-buttons-is-layout-flex\">\n<div class=\"wp-block-button has-custom-width wp-block-button__width-100 is-style-outline is-style-outline--5\"><a class=\"wp-block-button__link has-blue-color has-text-color has-link-color has-medium-font-size has-custom-font-size wp-element-button\" href=\"https:\/\/kirchehundwil.ch\/?page_id=8256\" style=\"border-radius:10px\">Wort zum Eingang in das neue Jahr<\/a><\/div>\n<\/div>\n\n\n\n<p><\/p>\n\n\n\n<div class=\"wp-block-buttons is-layout-flex wp-block-buttons-is-layout-flex\">\n<div class=\"wp-block-button has-custom-width wp-block-button__width-100 is-style-outline is-style-outline--6\"><a class=\"wp-block-button__link has-blue-color has-text-color has-link-color has-medium-font-size has-custom-font-size wp-element-button\" href=\"https:\/\/kirchehundwil.ch\/?page_id=8088\" style=\"border-radius:10px;font-style:normal;font-weight:500\" target=\"_blank\" rel=\"noreferrer noopener\">&#8230; denn euch ist heute der Retter geboren<\/a><\/div>\n<\/div>\n\n\n\n<p><\/p>\n\n\n\n<div class=\"wp-block-buttons is-layout-flex wp-block-buttons-is-layout-flex\">\n<div class=\"wp-block-button has-custom-width wp-block-button__width-100 is-style-outline is-style-outline--7\"><a class=\"wp-block-button__link has-blue-color has-text-color has-link-color has-medium-font-size has-custom-font-size wp-element-button\" href=\"https:\/\/kirchehundwil.ch\/?page_id=7492\" style=\"border-radius:10px\" target=\"_blank\" rel=\"https:\/\/kirchehundwil.ch\/?page_id=7492 noopener\">Das Betttagsmandat der Berner Regierung von 1831<\/a><\/div>\n<\/div>\n\n\n\n<p><\/p>\n\n\n\n<div class=\"wp-block-buttons is-layout-flex wp-block-buttons-is-layout-flex\">\n<div class=\"wp-block-button has-custom-width wp-block-button__width-100 is-style-outline is-style-outline--8\"><a class=\"wp-block-button__link has-blue-color has-text-color has-link-color has-medium-font-size has-custom-font-size wp-element-button\" href=\"https:\/\/kirchehundwil.ch\/?page_id=7492\" style=\"border-radius:10px\" target=\"_blank\" rel=\"https:\/\/kirchehundwil.ch\/?page_id=7492 noopener\">Von Innen her reformiert werden<\/a><\/div>\n<\/div>\n\n\n\n<p><\/p>\n\n\n\n<div class=\"wp-block-buttons is-layout-flex wp-block-buttons-is-layout-flex\">\n<div class=\"wp-block-button has-custom-width wp-block-button__width-100 is-style-outline is-style-outline--9\"><a class=\"wp-block-button__link has-blue-color has-text-color has-medium-font-size has-custom-font-size wp-element-button\" href=\"https:\/\/kirchehundwil.ch\/?page_id=7339\" style=\"border-radius:10px\" target=\"_blank\" rel=\"noreferrer noopener\">Leben oder &#8211; nur zentralisiertes Dienstleistungsangebot?<\/a><\/div>\n<\/div>\n\n\n\n<p><\/p>\n\n\n\n<div class=\"wp-block-buttons is-layout-flex wp-block-buttons-is-layout-flex\">\n<div class=\"wp-block-button has-custom-width wp-block-button__width-100 is-style-outline is-style-outline--10\"><a class=\"wp-block-button__link has-blue-color has-text-color has-medium-font-size has-custom-font-size wp-element-button\" href=\"https:\/\/kirchehundwil.ch\/?page_id=7092\" style=\"border-radius:10px\">Wem geb\u00fchrt der Dank?<\/a><\/div>\n<\/div>\n\n\n\n<p><\/p>\n\n\n\n<div class=\"wp-block-buttons is-layout-flex wp-block-buttons-is-layout-flex\">\n<div class=\"wp-block-button has-custom-width wp-block-button__width-100 is-style-outline is-style-outline--11\"><a class=\"wp-block-button__link has-blue-color has-text-color has-medium-font-size has-custom-font-size wp-element-button\" href=\"https:\/\/kirchehundwil.ch\/?page_id=5801\" style=\"border-radius:10px\">&#8230; dass die St\u00e4rke des Volkes sich misst am Wohl der Schwachen<\/a><\/div>\n<\/div>\n\n\n\n<p><\/p>\n\n\n\n<div class=\"wp-block-buttons is-layout-flex wp-block-buttons-is-layout-flex\">\n<div class=\"wp-block-button has-custom-width wp-block-button__width-100 is-style-outline is-style-outline--12\"><a class=\"wp-block-button__link has-blue-color has-text-color has-medium-font-size has-custom-font-size wp-element-button\" href=\"https:\/\/kirchehundwil.ch\/?page_id=6572\" style=\"border-radius:12px\" rel=\"Jedes Jahr werden am Palmsonntag in unserer Kirchgemeinde und in unz\u00e4hligen anderen Kirchgemeinden die Kinder der 9. Klasse konfirmiert. Doch was ist das eigentlich, die Konfirmation? Ein Fest der Jungen unserer Kirche? Ein \u00dcbergangsritus auf dem Weg zum Erwachsensein?-   \u201eWie ist es dazu gekommen, was ist der Grund daf\u00fcr, dass es \u00fcberall auf der Welt Tradition ist und junge Menschen etwas lernen sollen \u00fcber Gott ?\u201c So fragen wir uns jeweils in der ersten Stunde des Konfirmationsunterrichts. Irgendwann sind wir dann am Ursprung der Konfirmation. Und es ist jedes Mal von Neuem eindr\u00fccklich, sich dessen bewusst zu werden: Ein Mann in Galil\u00e4a, im heutigen Israel, hat elf anderen M\u00e4nnern einen Befehl gegeben. Deshalb sitzen zweitausend (!) Jahre sp\u00e4ter im Unterweisungszimmer des Gemeindehauses jede Woche ein paar junge Hundwiler mit dem Pfarrer beisammen. \u201eMir ist gegeben alle Macht im Himmel und auf Erden. Darum gehet hin und macht zu J\u00fcngern alle V\u00f6lker, indem ihr sie tauft auf den Namen des Vaters, des Sohnes und des Heiligen Geistes und indem ihr sie halten lehrt, alles, was ich euch geboten habe. Und siehe, ich bin bei euch alle Tage bis an der Welt Ende.\u201c (Matth\u00e4us 28, 18ff.) Kein anderes Wort hat eine solche Wirkung gehabt wie dieses Wort Jesu. Eine Folge davon ist, dass auch bei uns jeden Palmsonntag die Familien und Freunde einiger junger Hundwiler sich in der Kirche sammeln, um dort Zeugen zu sein, wie diese konfirmiert werden. Was aber bedeutet \u201ekonfirmieren\u201c? Confirmare ist lateinisch und heisst \u201ebest\u00e4tigen, bekr\u00e4ftigen\u201c. An der Konfirmation wird ganz grundlegend best\u00e4tigt, dass der Befehl Jesu auch an diesen jungen Menschen ausgef\u00fchrt worden ist: Sie wurden, meist als S\u00e4uglinge, getauft auf den Namen des dreieinigen Gottes. Und wie alle Getauften geh\u00f6ren sie deshalb zu Gott. Im Laufe der Jahre wurden sie unterrichtet in dem, was Jesus, was Gott geboten hat. Einige davon haben die Sonntagsschule besucht, alle den Religionsunterricht, die Kinderlehre und endlich den Konfirmationsunterricht. Sie haben viel geh\u00f6rt von unserem Sch\u00f6pfer und Erl\u00f6ser und mit dem Pfarrer nachgedacht \u00fcber sein Wort, seine Werke und seine Wege mit uns Menschen. Zum andern sollen die Konfirmanden best\u00e4tigen, dass sie zu Jesus Christus geh\u00f6ren und an ihn glauben. So werden sie entlassen in die eigene Verantwortung vor Gott. Nicht mehr die Eltern, nicht mehr der Pfarrer, sondern sie selber sind nun verantwortlich daf\u00fcr, wie sie es mit Gott halten. Ob sie weiterhin in einer gewissen Regelm\u00e4ssigkeit zu ihm beten und sein Wort h\u00f6ren und bedenken und so Schritt f\u00fcr Schritt gehen k\u00f6nnen auf einem Lebenweg, darin der Glaube, die Hoffnung und die Liebe wachsen und gedeihen und am Ende \u00fcber allem das Lob der G\u00fcte und Barmherzigkeit Gottes steht. Oder ob sie Gott vergessen und ohne ihn ihr Gl\u00fcck suchen. Auch wenn das nun in der Verantwortung der Konfirmierten liegt. Wir \u00e4lteren Kirchgemeindeglieder, Eltern, Nachbarn, Freunde sind hier gefordert, mehr als uns wahrscheinlich bewusst oder lieb ist. Zum einen ganz grundlegend, indem wir f\u00fcr diese jungen Gemeindeglieder beten; dass Gott sich ihrer annehme und sie in seine Wahrheit f\u00fchre. Zum andern aber auch, dass wir selber versuchen als Konfirmierte zu leben. Auch wir wurden getauft und geh\u00f6ren deshalb zu Jesus Christus. Auch wir haben Gottes Wort kennengelernt und sollen nun als Christen leben. Wie anders ist es, wenn nicht nur das Kind, weil es muss, sondern hin und wieder auch Vater und Mutter freiwillig am Sonntag in den Gottesdienst gehen. Wenn nicht nur der Pfarrer in der Kirche Gott dankt und bittet, sondern auch die Mutter am Mittagstisch, der Vater am Bett. Wenn nicht nur der Pfarrer, sondern auch der Nachbar oder Freund manchmal von etwas spricht, das \u00fcber die Freuden und Leiden dieser Zeit hinausgeht. Dass wir unsere eigene Konfirmation, die darin geschenkte Gnade und damit verbundene Verantwortung wieder neu entdecken, ist f\u00fcr unsere Konfirmanden und f\u00fcr die Zukunft unserer Kirchgemeinde weit wichtiger als die Anzahl Kirchgemeindeglieder und auch die beste Kirchenpolitik.  Pfarrer David M\u00e4gli\">Kein anderes Wort hat eine solche Wirkung<\/a><\/div>\n<\/div>\n\n\n\n<p><\/p>\n\n\n\n<div class=\"wp-block-buttons is-layout-flex wp-block-buttons-is-layout-flex\">\n<div class=\"wp-block-button has-custom-width wp-block-button__width-100 is-style-outline is-style-outline--13\"><a class=\"wp-block-button__link has-blue-color has-text-color has-medium-font-size has-custom-font-size wp-element-button\" href=\"https:\/\/kirchehundwil.ch\/?page_id=6105\" style=\"border-radius:11px\">Niemand kann zwei Herren dienen<\/a><\/div>\n<\/div>\n\n\n\n<p><\/p>\n\n\n\n<div class=\"wp-block-buttons is-layout-flex wp-block-buttons-is-layout-flex\">\n<div class=\"wp-block-button has-custom-width wp-block-button__width-100 is-style-outline is-style-outline--14\"><a class=\"wp-block-button__link has-blue-color has-text-color has-medium-font-size has-custom-font-size wp-element-button\" href=\"https:\/\/kirchehundwil.ch\/?page_id=5796\" style=\"border-radius:12px\" target=\"_blank\" rel=\"noreferrer noopener\">Was w\u00fcrde Jeremia uns sagen ?<\/a><\/div>\n\n\n\n<div class=\"wp-block-button has-custom-width wp-block-button__width-100 is-style-outline is-style-outline--15\"><a class=\"wp-block-button__link has-blue-color has-text-color has-medium-font-size has-custom-font-size wp-element-button\" href=\"https:\/\/kirchehundwil.ch\/?page_id=5394\" style=\"border-radius:12px\">\u00d6ffne deinen Mund f\u00fcr den Stummen!<\/a><\/div>\n\n\n\n\n\n<div class=\"wp-block-button has-custom-width wp-block-button__width-100 is-style-outline is-style-outline--17\"><a class=\"wp-block-button__link has-blue-color has-text-color has-medium-font-size has-custom-font-size wp-element-button\" href=\"https:\/\/kirchehundwil.ch\/?page_id=5810\" style=\"border-radius:12px\">Der Fr\u00fchling &#8211; wahrhaftig auferstanden!<\/a><\/div>\n\n\n\n<div class=\"wp-block-button has-custom-width wp-block-button__width-100 is-style-outline is-style-outline--18\"><a class=\"wp-block-button__link has-blue-color has-text-color has-medium-font-size has-custom-font-size wp-element-button\" href=\"https:\/\/kirchehundwil.ch\/?page_id=5807\" style=\"border-radius:12px\">Die Zeitenwende &#8211; zum Jahresanfang<\/a><\/div>\n\n\n\n<div class=\"wp-block-button has-custom-width wp-block-button__width-100 is-style-outline is-style-outline--19\"><a class=\"wp-block-button__link has-blue-color has-text-color has-medium-font-size has-custom-font-size wp-element-button\" href=\"https:\/\/kirchehundwil.ch\/?page_id=5804\" style=\"border-radius:12px\" target=\"_blank\" rel=\"noreferrer noopener\">Zur Amtseinsetzung &#8211; best\u00e4ndig dem Advent zu<\/a><\/div>\n\n\n\n<div class=\"wp-block-button has-custom-width wp-block-button__width-100 is-style-outline is-style-outline--20\"><a class=\"wp-block-button__link has-blue-color has-text-color has-medium-font-size has-custom-font-size wp-element-button\" href=\"https:\/\/kirchehundwil.ch\/?page_id=5801\" style=\"border-radius:12px\">Grusswort des Pfarrers &#8211; das Helle des Evangeliums<\/a><\/div>\n<\/div>\n\n\n\n<p><\/p>\n\n\n\n<p><\/p>\n\n\n\n<figure class=\"wp-block-image size-large\"><a href=\"https:\/\/kirchehundwil.ch\/wp-content\/uploads\/2022\/10\/IMG_0807-Kirche-von-Oben-scaled.jpg\"><img loading=\"lazy\" decoding=\"async\" width=\"1024\" height=\"768\" src=\"https:\/\/kirchehundwil.ch\/wp-content\/uploads\/2022\/10\/IMG_0807-Kirche-von-Oben-1024x768.jpg\" alt=\"\" class=\"wp-image-5886\" srcset=\"https:\/\/kirchehundwil.ch\/wp-content\/uploads\/2022\/10\/IMG_0807-Kirche-von-Oben-1024x768.jpg 1024w, https:\/\/kirchehundwil.ch\/wp-content\/uploads\/2022\/10\/IMG_0807-Kirche-von-Oben-300x225.jpg 300w, https:\/\/kirchehundwil.ch\/wp-content\/uploads\/2022\/10\/IMG_0807-Kirche-von-Oben-768x576.jpg 768w, https:\/\/kirchehundwil.ch\/wp-content\/uploads\/2022\/10\/IMG_0807-Kirche-von-Oben-1536x1152.jpg 1536w, https:\/\/kirchehundwil.ch\/wp-content\/uploads\/2022\/10\/IMG_0807-Kirche-von-Oben-2048x1536.jpg 2048w\" sizes=\"auto, (max-width: 1024px) 100vw, 1024px\" \/><\/a><\/figure>\n\n\n\n<p><\/p>\n\n\n\n<p class=\"has-text-align-center has-medium-font-size\"><strong><em>Tue deinen Mund auf f\u00fcr die Stummen und f\u00fcr die Sache aller, die verlassen sind<\/em><\/strong> <em>(Spr\u00fcche 31,8).<\/em><\/p>\n\n\n\n<figure class=\"wp-block-image size-large\"><a href=\"https:\/\/kirchehundwil.ch\/wp-content\/uploads\/2022\/07\/Hundwil-IMG_2089-scaled.jpg\"><img loading=\"lazy\" decoding=\"async\" width=\"1024\" height=\"768\" src=\"https:\/\/kirchehundwil.ch\/wp-content\/uploads\/2022\/07\/Hundwil-IMG_2089-1024x768.jpg\" alt=\"\" class=\"wp-image-5392\" srcset=\"https:\/\/kirchehundwil.ch\/wp-content\/uploads\/2022\/07\/Hundwil-IMG_2089-1024x768.jpg 1024w, https:\/\/kirchehundwil.ch\/wp-content\/uploads\/2022\/07\/Hundwil-IMG_2089-300x225.jpg 300w, https:\/\/kirchehundwil.ch\/wp-content\/uploads\/2022\/07\/Hundwil-IMG_2089-768x576.jpg 768w, https:\/\/kirchehundwil.ch\/wp-content\/uploads\/2022\/07\/Hundwil-IMG_2089-1536x1152.jpg 1536w, https:\/\/kirchehundwil.ch\/wp-content\/uploads\/2022\/07\/Hundwil-IMG_2089-2048x1536.jpg 2048w\" sizes=\"auto, (max-width: 1024px) 100vw, 1024px\" \/><\/a><\/figure>\n","protected":false},"excerpt":{"rendered":"<p>Die nachfolgenden Beitr\u00e4ge wurden im Hondwiler Bl\u00e4ttli oder teilweise im &#8222;Magnet&#8220; publiziert. Sie sollen die Gemeinde und den Leser im Glauben an den Einen auferbauen, zurechtbringen und erfreuen. Schauen sie sich dazu die Unterkapitel an oder dr\u00fccken Sie einfach auf &hellip; <a href=\"https:\/\/kirchehundwil.ch\/?page_id=5391\">Weiterlesen <span class=\"meta-nav\">&rarr;<\/span><\/a><\/p>\n","protected":false},"author":1,"featured_media":0,"parent":0,"menu_order":0,"comment_status":"closed","ping_status":"closed","template":"","meta":{"footnotes":""},"class_list":["post-5391","page","type-page","status-publish","hentry"],"_links":{"self":[{"href":"https:\/\/kirchehundwil.ch\/index.php?rest_route=\/wp\/v2\/pages\/5391","targetHints":{"allow":["GET"]}}],"collection":[{"href":"https:\/\/kirchehundwil.ch\/index.php?rest_route=\/wp\/v2\/pages"}],"about":[{"href":"https:\/\/kirchehundwil.ch\/index.php?rest_route=\/wp\/v2\/types\/page"}],"author":[{"embeddable":true,"href":"https:\/\/kirchehundwil.ch\/index.php?rest_route=\/wp\/v2\/users\/1"}],"replies":[{"embeddable":true,"href":"https:\/\/kirchehundwil.ch\/index.php?rest_route=%2Fwp%2Fv2%2Fcomments&post=5391"}],"version-history":[{"count":52,"href":"https:\/\/kirchehundwil.ch\/index.php?rest_route=\/wp\/v2\/pages\/5391\/revisions"}],"predecessor-version":[{"id":9338,"href":"https:\/\/kirchehundwil.ch\/index.php?rest_route=\/wp\/v2\/pages\/5391\/revisions\/9338"}],"wp:attachment":[{"href":"https:\/\/kirchehundwil.ch\/index.php?rest_route=%2Fwp%2Fv2%2Fmedia&parent=5391"}],"curies":[{"name":"wp","href":"https:\/\/api.w.org\/{rel}","templated":true}]}}