{"id":5394,"date":"2022-07-13T10:59:31","date_gmt":"2022-07-13T08:59:31","guid":{"rendered":"https:\/\/kirchehundwil.ch\/?page_id=5394"},"modified":"2023-10-21T19:58:10","modified_gmt":"2023-10-21T17:58:10","slug":"oeffne-deinen-mund-fuer-den-stummen","status":"publish","type":"page","link":"https:\/\/kirchehundwil.ch\/?page_id=5394","title":{"rendered":"\u00d6ffne deinen Mund f\u00fcr den Stummen"},"content":{"rendered":"\n<p><strong>Wort des Pfarrers im Juni 2022<\/strong><\/p>\n\n\n\n<p><strong>Stumm sind die wirklich Schwachen<\/strong><\/p>\n\n\n\n<p>\u201e<em>\u00d6ffne deinen Mund f\u00fcr den Stummen, f\u00fcr das Recht aller Schwachen!<\/em>\u201c So heisst es in der Bibel Spr\u00fcche 31, 8. Wer w\u00fcrde heute diesem Spruch nicht sofort zustimmen? Ja, ihn vielleicht sogar auf eine Fahne schreiben? Das w\u00e4re etwas, ein Bibelzitat auf den Fahnen derer, die an einer Demonstration gegen Rassismus und Diskriminierung durch die Strassen marschieren!-<\/p>\n\n\n\n<p>Es ist heute ja eine Mode, ja mehr als das, eine Ideologie, (vielleicht sogar eine neue Art des alten marxistischen Klassenkampfes, wie einige bef\u00fcrchten), die wie so h\u00e4ufig aus Amerika auch zu uns gekommen ist: Sich einzusetzen f\u00fcr die verschiedensten \u201eSchwachen\u201c, die von \u201eStarken\u201c unterdr\u00fcckt werden. In den USA wurde daf\u00fcr vor wenigen Jahren ein englischer Begriff gepr\u00e4gt: \u201ewoke\u201c, auf deutsch etwa \u201eaufgewacht\u201c. Als \u201ewoke\u201c \/ \u201eaufgewacht\u201c bezeichnen sich diejenigen, die meinen, erkannt zu haben, wie sehr angeblich irgendeine Gruppe Menschen, h\u00e4ufig sind es Minderheiten, von anderen Menschen benachteiligt, ausgenutzt, unterdr\u00fcckt und misshandelt worden sei oder immer noch w\u00fcrde. Seien es Frauen von M\u00e4nnern, Dunkelh\u00e4utige von Hellh\u00e4utigen, homosexuell Empfindende von heterosexuell Empfindenden, sogenannt \u201eQueere\u201c, also Menschen, die sich weder als Mann noch Frau bezeichnen, von M\u00e4nnern und Frauen. Die Liste ist lang und wird immer l\u00e4nger.<\/p>\n\n\n\n<p>Auf der einen Seite hat es sein gutes Recht, wenn Unrecht benannt und bek\u00e4mpft wird. Denn es ist ja so, \u00fcberall auf der Welt tun wir Menschen einander Unrecht und B\u00f6ses. Die Bibel nimmt da kein Blatt vor den Mund: Wir Menschen sind S\u00fcnder. Und es ist richtig und gut, wenn wir dort, wo wir auf Unrecht und Bosheit stossen, nicht einfach bequem wegschauen, sondern mutig und streitbar sind, auch dann, wenn ein kritisches Wort, ein Einschreiten zu Unannehmlichkeiten f\u00fchren k\u00f6nnte.<\/p>\n\n\n\n<p>Andererseits l\u00e4sst sich leider beobachten, dass viele dieser \u201eAufgeweckten\u201c selber immer intoleranter und repressiver agieren. Menschen, die anderer Ansicht sind, werden an ihrer freien Meinungs\u00e4usserung gehindert. Wenn sie es trotzdem tun, werden sie diffamiert und zu Parias gemacht von denen, die sich angeblich f\u00fcr die Schwachen einsetzen. Ja es kommt vor, dass sie sogar ihre Arbeit verlieren, nur weil sie etwas ge\u00e4ussert haben, was der letzten \u201ewoken\u201c Mode widerspricht. Die \u00dcberzeugung, das Recht auf seiner Seite zu haben, f\u00fchrt nur zu schnell zu einer gef\u00e4hrlichen Selbstgerechtigkeit, die denen, die es anders sehen, Unrecht und Leid zuf\u00fcgt. Davor m\u00f6ge uns Gott bewahren.<\/p>\n\n\n\n<p>Wer aber \u00f6ffnet seinen Mund eigentlich f\u00fcr die Schw\u00e4chsten der Schwachen?-<\/p>\n\n\n\n<p>Gem\u00e4ss offiziellen Angaben der WHO werden weltweit jedes Jahr weit \u00fcber 50&#8217;000&#8217;000 Kinder im Mutterleib get\u00f6tet. In unserem Land waren es gem\u00e4ss des Bundesamtes f\u00fcr Statistik 11&#8217;143 ungeborene Kinder, denen im Jahr 2020 das Leben genommen wurde. Das sind pro Tag 30 Kinder. &#8211;<\/p>\n\n\n\n<p>Es ist angebracht und gut, den Mund aufzutun und sich einzusetzen f\u00fcr das Recht der Schwachen. In der Schweiz hat das eine lange Tradition: Noch immer misst sich ja gem\u00e4ss unserer Verfassung \u201e<em>die St\u00e4rke unseres Landes am Wohl der Schwachen<\/em>\u201c. Doch sollten wir dabei nicht den Massstab aus den Augen verlieren. Stumm und schwach sind nicht diejenigen, die in den neuen Netflixserien \u00fcberall vorgezeigt werden, die in den Medien landauf landab zu Wort kommen mit ihren manchmal berechtigten, h\u00e4ufig belanglosen Anliegen, die in den sogenannten \u201esozialen Medien\u201c abertausende Zuschauer haben f\u00fcr ihre neuartigen \u201eLebensentw\u00fcrfe\u201c. Stumm sind die wirklich Schwachen. Diejenigen, die entweder noch gar keine Stimme haben, oder aber diejenigen, deren schwache Stimme im L\u00e4rm der Selbstgerechten untergeht.-<\/p>\n\n\n\n<p>F\u00fcr sie unseren Mund aufzutun, sind wir dazu bereit?<\/p>\n\n\n\n<p>Hundwil, im Juni 2022, Pfarrer David M\u00e4gli<\/p>\n\n\n\n<p>Quelle: Hondwiler Bl\u00e4ttli, 3. Quartal 2022<\/p>\n","protected":false},"excerpt":{"rendered":"<p>Wort des Pfarrers im Juni 2022 Stumm sind die wirklich Schwachen \u201e\u00d6ffne deinen Mund f\u00fcr den Stummen, f\u00fcr das Recht aller Schwachen!\u201c So heisst es in der Bibel Spr\u00fcche 31, 8. Wer w\u00fcrde heute diesem Spruch nicht sofort zustimmen? Ja, &hellip; <a href=\"https:\/\/kirchehundwil.ch\/?page_id=5394\">Weiterlesen <span class=\"meta-nav\">&rarr;<\/span><\/a><\/p>\n","protected":false},"author":1,"featured_media":0,"parent":0,"menu_order":0,"comment_status":"closed","ping_status":"closed","template":"","meta":{"footnotes":""},"class_list":["post-5394","page","type-page","status-publish","hentry"],"_links":{"self":[{"href":"https:\/\/kirchehundwil.ch\/index.php?rest_route=\/wp\/v2\/pages\/5394","targetHints":{"allow":["GET"]}}],"collection":[{"href":"https:\/\/kirchehundwil.ch\/index.php?rest_route=\/wp\/v2\/pages"}],"about":[{"href":"https:\/\/kirchehundwil.ch\/index.php?rest_route=\/wp\/v2\/types\/page"}],"author":[{"embeddable":true,"href":"https:\/\/kirchehundwil.ch\/index.php?rest_route=\/wp\/v2\/users\/1"}],"replies":[{"embeddable":true,"href":"https:\/\/kirchehundwil.ch\/index.php?rest_route=%2Fwp%2Fv2%2Fcomments&post=5394"}],"version-history":[{"count":6,"href":"https:\/\/kirchehundwil.ch\/index.php?rest_route=\/wp\/v2\/pages\/5394\/revisions"}],"predecessor-version":[{"id":7097,"href":"https:\/\/kirchehundwil.ch\/index.php?rest_route=\/wp\/v2\/pages\/5394\/revisions\/7097"}],"wp:attachment":[{"href":"https:\/\/kirchehundwil.ch\/index.php?rest_route=%2Fwp%2Fv2%2Fmedia&parent=5394"}],"curies":[{"name":"wp","href":"https:\/\/api.w.org\/{rel}","templated":true}]}}