{"id":5629,"date":"2022-09-08T12:30:00","date_gmt":"2022-09-08T10:30:00","guid":{"rendered":"https:\/\/kirchehundwil.ch\/?page_id=5629"},"modified":"2022-10-13T14:57:57","modified_gmt":"2022-10-13T12:57:57","slug":"seniorennachmittag-vom-2-november-2022","status":"publish","type":"page","link":"https:\/\/kirchehundwil.ch\/?page_id=5629","title":{"rendered":"Seniorennachmittag vom 2. November 2022"},"content":{"rendered":"\n<p>Der Seniorennachmittag findet am Mittwoch, 2. November ab 13.30 Uhr im Restaurant R\u00f6ssli, Hundwil statt. Versch\u00f6nert wird der Nachmittag von der Kindertrachtentanzgruppe Urn\u00e4sch. Es gibt dazu einen feinen Zvieri. Alle Senioren aus Hundwil sind dazu herzlich eingeladen!<\/p>\n\n\n\n<figure class=\"wp-block-gallery has-nested-images columns-default is-cropped wp-block-gallery-1 is-layout-flex wp-block-gallery-is-layout-flex\">\n<figure class=\"wp-block-image size-large\"><a href=\"https:\/\/kirchehundwil.ch\/wp-content\/uploads\/2022\/10\/20221102-Kindertrachtentanzgruppe.png\"><img loading=\"lazy\" decoding=\"async\" width=\"470\" height=\"245\" data-id=\"5762\" src=\"https:\/\/kirchehundwil.ch\/wp-content\/uploads\/2022\/10\/20221102-Kindertrachtentanzgruppe.png\" alt=\"\" class=\"wp-image-5762\" srcset=\"https:\/\/kirchehundwil.ch\/wp-content\/uploads\/2022\/10\/20221102-Kindertrachtentanzgruppe.png 470w, https:\/\/kirchehundwil.ch\/wp-content\/uploads\/2022\/10\/20221102-Kindertrachtentanzgruppe-300x156.png 300w\" sizes=\"auto, (max-width: 470px) 100vw, 470px\" \/><\/a><\/figure>\n\n\n\n<figure class=\"wp-block-image size-large\"><a href=\"https:\/\/kirchehundwil.ch\/wp-content\/uploads\/2022\/09\/Bildschirmfoto-2022-09-08-um-11.53.14.png\"><img loading=\"lazy\" decoding=\"async\" width=\"1926\" height=\"782\" data-id=\"5619\" src=\"https:\/\/kirchehundwil.ch\/wp-content\/uploads\/2022\/09\/Bildschirmfoto-2022-09-08-um-11.53.14.png\" alt=\"\" class=\"wp-image-5619\" srcset=\"https:\/\/kirchehundwil.ch\/wp-content\/uploads\/2022\/09\/Bildschirmfoto-2022-09-08-um-11.53.14.png 1926w, https:\/\/kirchehundwil.ch\/wp-content\/uploads\/2022\/09\/Bildschirmfoto-2022-09-08-um-11.53.14-300x122.png 300w, https:\/\/kirchehundwil.ch\/wp-content\/uploads\/2022\/09\/Bildschirmfoto-2022-09-08-um-11.53.14-1024x416.png 1024w, https:\/\/kirchehundwil.ch\/wp-content\/uploads\/2022\/09\/Bildschirmfoto-2022-09-08-um-11.53.14-768x312.png 768w, https:\/\/kirchehundwil.ch\/wp-content\/uploads\/2022\/09\/Bildschirmfoto-2022-09-08-um-11.53.14-1536x624.png 1536w\" sizes=\"auto, (max-width: 1926px) 100vw, 1926px\" \/><\/a><\/figure>\n<\/figure>\n\n\n\n<p>Anmeldung bitte bis zum Mittwoch, 26. Oktober 2022 an das Pfarramt, Dorf 21, 9064 Hundwil, Tel. 071 367 12 26, pfarramt@kirchehundwil.ch oder an Therese Heierli, Tel. 071\/ 367 14 29.<\/p>\n\n\n\n<figure class=\"wp-block-image size-full\"><a href=\"https:\/\/kirchehundwil.ch\/wp-content\/uploads\/2022\/09\/Roessli-Hundwil-4edb192b.jpg\"><img loading=\"lazy\" decoding=\"async\" width=\"835\" height=\"532\" src=\"https:\/\/kirchehundwil.ch\/wp-content\/uploads\/2022\/09\/Roessli-Hundwil-4edb192b.jpg\" alt=\"\" class=\"wp-image-5627\" srcset=\"https:\/\/kirchehundwil.ch\/wp-content\/uploads\/2022\/09\/Roessli-Hundwil-4edb192b.jpg 835w, https:\/\/kirchehundwil.ch\/wp-content\/uploads\/2022\/09\/Roessli-Hundwil-4edb192b-300x191.jpg 300w, https:\/\/kirchehundwil.ch\/wp-content\/uploads\/2022\/09\/Roessli-Hundwil-4edb192b-768x489.jpg 768w\" sizes=\"auto, (max-width: 835px) 100vw, 835px\" \/><\/a><\/figure>\n","protected":false},"excerpt":{"rendered":"<p>Der Seniorennachmittag findet am Mittwoch, 2. November ab 13.30 Uhr im Restaurant R\u00f6ssli, Hundwil statt. Versch\u00f6nert wird der Nachmittag von der Kindertrachtentanzgruppe Urn\u00e4sch. Es gibt dazu einen feinen Zvieri. Alle Senioren aus Hundwil sind dazu herzlich eingeladen! Anmeldung bitte bis &hellip; <a href=\"https:\/\/kirchehundwil.ch\/?page_id=5629\">Weiterlesen <span class=\"meta-nav\">&rarr;<\/span><\/a><\/p>\n","protected":false},"author":1,"featured_media":0,"parent":0,"menu_order":0,"comment_status":"closed","ping_status":"closed","template":"","meta":{"footnotes":""},"class_list":["post-5629","page","type-page","status-publish","hentry"],"_links":{"self":[{"href":"https:\/\/kirchehundwil.ch\/index.php?rest_route=\/wp\/v2\/pages\/5629","targetHints":{"allow":["GET"]}}],"collection":[{"href":"https:\/\/kirchehundwil.ch\/index.php?rest_route=\/wp\/v2\/pages"}],"about":[{"href":"https:\/\/kirchehundwil.ch\/index.php?rest_route=\/wp\/v2\/types\/page"}],"author":[{"embeddable":true,"href":"https:\/\/kirchehundwil.ch\/index.php?rest_route=\/wp\/v2\/users\/1"}],"replies":[{"embeddable":true,"href":"https:\/\/kirchehundwil.ch\/index.php?rest_route=%2Fwp%2Fv2%2Fcomments&post=5629"}],"version-history":[{"count":3,"href":"https:\/\/kirchehundwil.ch\/index.php?rest_route=\/wp\/v2\/pages\/5629\/revisions"}],"predecessor-version":[{"id":5763,"href":"https:\/\/kirchehundwil.ch\/index.php?rest_route=\/wp\/v2\/pages\/5629\/revisions\/5763"}],"wp:attachment":[{"href":"https:\/\/kirchehundwil.ch\/index.php?rest_route=%2Fwp%2Fv2%2Fmedia&parent=5629"}],"curies":[{"name":"wp","href":"https:\/\/api.w.org\/{rel}","templated":true}]}}