{"id":5780,"date":"2022-10-17T11:47:35","date_gmt":"2022-10-17T09:47:35","guid":{"rendered":"https:\/\/kirchehundwil.ch\/?page_id=5780"},"modified":"2026-04-25T21:53:40","modified_gmt":"2026-04-25T19:53:40","slug":"bibelabend","status":"publish","type":"page","link":"https:\/\/kirchehundwil.ch\/?page_id=5780","title":{"rendered":"Bibelabend"},"content":{"rendered":"\n<p><strong>An den n\u00e4chsten Bibelabenden vom 10. Mai, 31. Mai und 21. Juni<\/strong> soll die M\u00f6glichkeit bestehen, anders als im Gottesdienst nicht die Predigt des Pfarrers zu h\u00f6ren, sondern gemeinsam zu lesen, was in der Bibel geschrieben steht und dar\u00fcber nachzudenken und zu reden, was wir wie verstehen oder auch nicht verstehen.<\/p>\n\n\n\n<p>Wir lesen die \u201eApostelgeschichte\u201c des Lukas, davon Martin Luther sagt: \u201eDarauf soll man merken, dass Sankt Lukas mit diesem Buch die ganze Christenheit lehret bis an der Welt Ende das rechte Hauptst\u00fcck christlicher Lehre. N\u00e4mlich wie wir alle m\u00fcssen gerecht werden allein durch den Glauben an Jesu Christo ohn alles Tun des Gesetzes oder Hilfe unserer Werke.\u201c<\/p>\n\n\n\n<figure class=\"wp-block-image size-large\"><a href=\"https:\/\/kirchehundwil.ch\/wp-content\/uploads\/2026\/01\/Apostelgeschichte.png\"><img loading=\"lazy\" decoding=\"async\" width=\"722\" height=\"1024\" src=\"https:\/\/kirchehundwil.ch\/wp-content\/uploads\/2026\/01\/Apostelgeschichte-722x1024.png\" alt=\"\" class=\"wp-image-9112\" srcset=\"https:\/\/kirchehundwil.ch\/wp-content\/uploads\/2026\/01\/Apostelgeschichte-722x1024.png 722w, https:\/\/kirchehundwil.ch\/wp-content\/uploads\/2026\/01\/Apostelgeschichte-211x300.png 211w, https:\/\/kirchehundwil.ch\/wp-content\/uploads\/2026\/01\/Apostelgeschichte-768x1090.png 768w, https:\/\/kirchehundwil.ch\/wp-content\/uploads\/2026\/01\/Apostelgeschichte-1082x1536.png 1082w, https:\/\/kirchehundwil.ch\/wp-content\/uploads\/2026\/01\/Apostelgeschichte-1443x2048.png 1443w, https:\/\/kirchehundwil.ch\/wp-content\/uploads\/2026\/01\/Apostelgeschichte.png 1470w\" sizes=\"auto, (max-width: 722px) 100vw, 722px\" \/><\/a><\/figure>\n\n\n\n<p>Dazu braucht es keinerlei Vorkenntnisse und auch keine besondere Vorbereitung, einzig Interesse am Buch der B\u00fccher. Wer eine Bibel hat, soll diese bitte mitbringen.<\/p>\n\n\n\n<figure class=\"wp-block-image size-large\"><a href=\"https:\/\/kirchehundwil.ch\/wp-content\/uploads\/2022\/10\/Bibel-und-Blumen-IMG_1700-scaled.jpg\"><img loading=\"lazy\" decoding=\"async\" width=\"1024\" height=\"768\" src=\"https:\/\/kirchehundwil.ch\/wp-content\/uploads\/2022\/10\/Bibel-und-Blumen-IMG_1700-1024x768.jpg\" alt=\"\" class=\"wp-image-5778\" srcset=\"https:\/\/kirchehundwil.ch\/wp-content\/uploads\/2022\/10\/Bibel-und-Blumen-IMG_1700-1024x768.jpg 1024w, https:\/\/kirchehundwil.ch\/wp-content\/uploads\/2022\/10\/Bibel-und-Blumen-IMG_1700-300x225.jpg 300w, https:\/\/kirchehundwil.ch\/wp-content\/uploads\/2022\/10\/Bibel-und-Blumen-IMG_1700-768x576.jpg 768w, https:\/\/kirchehundwil.ch\/wp-content\/uploads\/2022\/10\/Bibel-und-Blumen-IMG_1700-1536x1152.jpg 1536w, https:\/\/kirchehundwil.ch\/wp-content\/uploads\/2022\/10\/Bibel-und-Blumen-IMG_1700-2048x1536.jpg 2048w\" sizes=\"auto, (max-width: 1024px) 100vw, 1024px\" \/><\/a><\/figure>\n\n\n\n<p>Ein Einstieg ist jederzeit m\u00f6glich. Beginn ist jeweils um 20.00 Uhr im Pfarrhaus.<\/p>\n\n\n\n<p>Informationen: Pfr. David M\u00e4gli, Dorf 21, 071 367 12 26.<\/p>\n","protected":false},"excerpt":{"rendered":"<p>An den n\u00e4chsten Bibelabenden vom 10. Mai, 31. Mai und 21. Juni soll die M\u00f6glichkeit bestehen, anders als im Gottesdienst nicht die Predigt des Pfarrers zu h\u00f6ren, sondern gemeinsam zu lesen, was in der Bibel geschrieben steht und dar\u00fcber nachzudenken &hellip; <a href=\"https:\/\/kirchehundwil.ch\/?page_id=5780\">Weiterlesen <span class=\"meta-nav\">&rarr;<\/span><\/a><\/p>\n","protected":false},"author":1,"featured_media":0,"parent":0,"menu_order":0,"comment_status":"closed","ping_status":"closed","template":"","meta":{"footnotes":""},"class_list":["post-5780","page","type-page","status-publish","hentry"],"_links":{"self":[{"href":"https:\/\/kirchehundwil.ch\/index.php?rest_route=\/wp\/v2\/pages\/5780","targetHints":{"allow":["GET"]}}],"collection":[{"href":"https:\/\/kirchehundwil.ch\/index.php?rest_route=\/wp\/v2\/pages"}],"about":[{"href":"https:\/\/kirchehundwil.ch\/index.php?rest_route=\/wp\/v2\/types\/page"}],"author":[{"embeddable":true,"href":"https:\/\/kirchehundwil.ch\/index.php?rest_route=\/wp\/v2\/users\/1"}],"replies":[{"embeddable":true,"href":"https:\/\/kirchehundwil.ch\/index.php?rest_route=%2Fwp%2Fv2%2Fcomments&post=5780"}],"version-history":[{"count":74,"href":"https:\/\/kirchehundwil.ch\/index.php?rest_route=\/wp\/v2\/pages\/5780\/revisions"}],"predecessor-version":[{"id":9346,"href":"https:\/\/kirchehundwil.ch\/index.php?rest_route=\/wp\/v2\/pages\/5780\/revisions\/9346"}],"wp:attachment":[{"href":"https:\/\/kirchehundwil.ch\/index.php?rest_route=%2Fwp%2Fv2%2Fmedia&parent=5780"}],"curies":[{"name":"wp","href":"https:\/\/api.w.org\/{rel}","templated":true}]}}