{"id":5810,"date":"2022-10-21T08:51:36","date_gmt":"2022-10-21T06:51:36","guid":{"rendered":"https:\/\/kirchehundwil.ch\/?page_id=5810"},"modified":"2023-02-17T13:23:35","modified_gmt":"2023-02-17T12:23:35","slug":"der-fruehling","status":"publish","type":"page","link":"https:\/\/kirchehundwil.ch\/?page_id=5810","title":{"rendered":"Der Fr\u00fchling"},"content":{"rendered":"\n<p><strong>Wort des Pfarrers<\/strong><\/p>\n\n\n\n<p><strong>ER ist wahrhaftig auferstanden!<\/strong><\/p>\n\n\n\n<p>Wohltuend haben uns die letzten Tage mit ihrer Klarheit und milden Sonnenw\u00e4rme daran erinnert, dass nach dem Winter noch immer ein Fr\u00fchling kommt. Nicht weil es ein Naturgesetz ist, sondern weil die Elemente, weil Sonne und Mond, weil die Erde und all ihr Gew\u00e4chs, weil die kleinen und grossen Tiere noch immer das uralte Wort Gottes, das er am allerersten Anfang gesprochen hat, vollziehen (1. Mose 1). Nachdem die Kraft der Sonne die Primeln Schneegl\u00f6cklein, M\u00e4rzenbecher und Krokusse aus dem Dunkel des Erdreichs gelockt hat, schm\u00fccken Buschwindr\u00f6schen, Schl\u00fcsselblumen, Osterglocken, Tulpen, Hyazhinten und andere Sch\u00f6nheiten Wald, Wiese und Garten. Bald schon wird der Buchfink sein Lied wieder von den B\u00e4umen schmettern und Morgens und Abends d\u00fcrfen wir dem Amselm\u00e4nnchens lauschen, wie es seine Melodie zum Himmel singt. Die K\u00fche und K\u00e4lber sind unruhig und freuen sich, bald wieder draussen die Matten abzugrasen. Der Fr\u00fchling h\u00e4lt Einzug, schwingt sein goldiges St\u00f6ckchen, erweckt vieles was tot war, zu neuem Leben und begabt auch uns Menschen wieder mit Mut und Lust zum Leben.<\/p>\n\n\n\n<p>Wer mag in all dieser aufkeimenden Lebenslust daran denken, dass vor 2000 Jahren ein Leben in der Bl\u00fcte und Kraft seiner Jugend am Kreuzesstamm verwelkt ist? &#8211;<\/p>\n\n\n\n<p>Doch noch sind wir in der Passionszeit, h\u00f6ren und singen in der Kirche davon, was Jesus Christus getan und erlitten und am Karfreitag durch seinen Tod besiegelt hat. Jedes Jahr ist dieser Gegensatz augenf\u00e4llig und es scheint fast ein bisschen wider die Natur zu sein: Neben dem jubelnden Fr\u00fchlingsgesang der V\u00f6gel einzustimmen in die Lieder des Glaubens, welche das Leiden Christi f\u00fcr uns am Kreuz besingen. Hier das willkommene, spr\u00fchende Leben, hier der verstossene, zerschlagene Gekreuzigte.-<\/p>\n\n\n\n<p>Doch wissen wir von den Propheten und Aposteln, dass ja gerade dieser Tod es ist, der neues, wirkliches und unverg\u00e4ngliches Leben erm\u00f6glicht. Als am dritten Tag die Frauen den Leichnam Jesu salben wollten, war das Grab leer und der Engel sagte ihnen zum ersten Mal, was seither millionenfach um die Welt, von Mund zu Mund gegangen ist und in der Osternacht auch in unserer Kirche weitergesagt wird: \u201eEr ist auferstanden!\u201c &#8211;<\/p>\n\n\n\n<p>\u201e<em>W\u00e4r er nicht erstanden, so w\u00e4r die Welt vergangen<\/em>\u201c, besingt das&nbsp;&nbsp;\u00e4lteste deutsche Osterlied (RG 462) diese frohe Botschaft.<\/p>\n\n\n\n<p>Das ist uns heutigen, modernen und ach so aufgekl\u00e4rten Menschen fremd. Es ist gut, wenn wir es uns sagen lassen und wieder neu bewusst werden: H\u00e4tte der Sohn Gottes nicht unsere Schuld auf sich genommen und das Gericht \u00fcber sich ergehen lassen, die Welt h\u00e4tte unter dem Zorngericht Gottes vergehen m\u00fcssen. Keine Blume w\u00fcrde mehr wachsen, kein Vogel w\u00fcrde mehr singen und kein Mensch w\u00e4re mehr da, der sich dar\u00fcber freut.-<\/p>\n\n\n\n<p>\u201e<em>Doch seit das er erstanden ist, freut sich alles was da ist<\/em>\u201c, heisst es weiter in dem Lied.<\/p>\n\n\n\n<p>Wenn also jetzt im Fr\u00fchling die Sch\u00f6pfung um uns erneuert wird und auch ins uns wieder neu die Freude und der Dank f\u00fcr das Dasein w\u00e4chst, dann sollen wir daran denken, dass f\u00fcr dieses sch\u00f6ne, spr\u00fchende Leben einer sein Leben gelassen hat. Der Sohn Gottes. Wir sollen daran denken, dass auch wir mitschuldig sind an seinem Tod und uns dar\u00fcber gr\u00e4men. Doch dann d\u00fcrfen wir uns auch von der allj\u00e4hrlichen kleinen Auferstehung in der Natur erinnern lassen, dass am ersten Ostersonntag mit Jesus Christus die grosse Auferstehung bereits begonnen hat. Die erneuerte, unverg\u00e4ngliche Sch\u00f6pfung, daran er selbst uns Anteil geben will und da wir uns mitsamt der befreiten Kreatur ewig freuen werden.<\/p>\n\n\n\n<p>Pfr. David M\u00e4gli<\/p>\n\n\n\n<p>Quelle: Hondwiler Bl\u00e4ttli, 2. Quartal 2022 <\/p>\n","protected":false},"excerpt":{"rendered":"<p>Wort des Pfarrers ER ist wahrhaftig auferstanden! Wohltuend haben uns die letzten Tage mit ihrer Klarheit und milden Sonnenw\u00e4rme daran erinnert, dass nach dem Winter noch immer ein Fr\u00fchling kommt. Nicht weil es ein Naturgesetz ist, sondern weil die Elemente, &hellip; <a href=\"https:\/\/kirchehundwil.ch\/?page_id=5810\">Weiterlesen <span class=\"meta-nav\">&rarr;<\/span><\/a><\/p>\n","protected":false},"author":1,"featured_media":0,"parent":0,"menu_order":0,"comment_status":"closed","ping_status":"closed","template":"","meta":{"footnotes":""},"class_list":["post-5810","page","type-page","status-publish","hentry"],"_links":{"self":[{"href":"https:\/\/kirchehundwil.ch\/index.php?rest_route=\/wp\/v2\/pages\/5810","targetHints":{"allow":["GET"]}}],"collection":[{"href":"https:\/\/kirchehundwil.ch\/index.php?rest_route=\/wp\/v2\/pages"}],"about":[{"href":"https:\/\/kirchehundwil.ch\/index.php?rest_route=\/wp\/v2\/types\/page"}],"author":[{"embeddable":true,"href":"https:\/\/kirchehundwil.ch\/index.php?rest_route=\/wp\/v2\/users\/1"}],"replies":[{"embeddable":true,"href":"https:\/\/kirchehundwil.ch\/index.php?rest_route=%2Fwp%2Fv2%2Fcomments&post=5810"}],"version-history":[{"count":3,"href":"https:\/\/kirchehundwil.ch\/index.php?rest_route=\/wp\/v2\/pages\/5810\/revisions"}],"predecessor-version":[{"id":6381,"href":"https:\/\/kirchehundwil.ch\/index.php?rest_route=\/wp\/v2\/pages\/5810\/revisions\/6381"}],"wp:attachment":[{"href":"https:\/\/kirchehundwil.ch\/index.php?rest_route=%2Fwp%2Fv2%2Fmedia&parent=5810"}],"curies":[{"name":"wp","href":"https:\/\/api.w.org\/{rel}","templated":true}]}}