{"id":6241,"date":"2023-01-11T05:44:55","date_gmt":"2023-01-11T04:44:55","guid":{"rendered":"https:\/\/kirchehundwil.ch\/?page_id=6241"},"modified":"2023-01-11T05:50:55","modified_gmt":"2023-01-11T04:50:55","slug":"orgelkostprobe-13-jan-2023","status":"publish","type":"page","link":"https:\/\/kirchehundwil.ch\/?page_id=6241","title":{"rendered":"Orgelkostprobe 13. Jan. 2023"},"content":{"rendered":"\n<p>Eine Orgelkostprobe in der Kirche Hundwil, gespielt von der Organistin Barbara Kind f\u00fcr Studienfreundinnen und -Freunde und eventuell weitere Leute, die Freude an Orgelkl\u00e4ngen haben und gerne zuh\u00f6ren m\u00f6chten. Freitag, 13. Januar 2023, um 14.45 Uhr.<\/p>\n\n\n\n<div class=\"wp-block-buttons is-layout-flex wp-block-buttons-is-layout-flex\">\n<div class=\"wp-block-button\"><a class=\"wp-block-button__link wp-element-button\" href=\"https:\/\/static.infomaniak.ch\/infomaniak\/radio\/html\/hundwil_rk_astream_player.html\" target=\"_blank\" rel=\"noreferrer noopener\">Orgelkostprobe Streaming<\/a><\/div>\n<\/div>\n\n\n\n<p><\/p>\n\n\n\n<figure class=\"wp-block-image size-full\"><a href=\"https:\/\/kirchehundwil.ch\/wp-content\/uploads\/2023\/01\/Orgel-Foto.png\"><img loading=\"lazy\" decoding=\"async\" width=\"754\" height=\"566\" src=\"https:\/\/kirchehundwil.ch\/wp-content\/uploads\/2023\/01\/Orgel-Foto.png\" alt=\"\" class=\"wp-image-6242\" srcset=\"https:\/\/kirchehundwil.ch\/wp-content\/uploads\/2023\/01\/Orgel-Foto.png 754w, https:\/\/kirchehundwil.ch\/wp-content\/uploads\/2023\/01\/Orgel-Foto-300x225.png 300w\" sizes=\"auto, (max-width: 754px) 100vw, 754px\" \/><\/a><\/figure>\n\n\n\n<p class=\"has-medium-font-size\" style=\"font-style:normal;font-weight:600\">Jan Bender, Choralvorspiel zu \u00abWir treten in das neue Jahr\u00bb<\/p>\n\n\n\n<p class=\"has-medium-font-size\" style=\"font-style:normal;font-weight:600\">J.S. Bach, Pr\u00e4ludium in F<\/p>\n\n\n\n<p class=\"has-medium-font-size\" style=\"font-style:normal;font-weight:600\">J.S. Bach, Choralvorspiel zu \u00abWer nur den lieben Gott l\u00e4sst walten\u00bb<\/p>\n\n\n\n<p class=\"has-medium-font-size\" style=\"font-style:normal;font-weight:600\">A.Dvorak, Pr\u00e4ludium in D<\/p>\n\n\n\n<p class=\"has-medium-font-size\" style=\"font-style:normal;font-weight:600\">S. Scheidt, A solis ortus cardine, Bicinium<\/p>\n\n\n\n<p class=\"has-medium-font-size\" style=\"font-style:normal;font-weight:600\">A.Katharina Winteler, Alpenrosen-Bolka \u00abam B\u00fchl\u00bb<\/p>\n\n\n\n<p class=\"has-medium-font-size\" style=\"font-style:normal;font-weight:600\">Landsgemeindelied, \u00abAlles Leben str\u00f6mt aus dir\u00bb, s. R\u00fcckseite<\/p>\n\n\n\n<p class=\"has-medium-font-size\" style=\"font-style:normal;font-weight:600\">J.Pachelbel,Toccata in C<\/p>\n\n\n\n<p class=\"has-medium-font-size\" style=\"font-style:normal;font-weight:600\">G.F. H\u00e4ndel, Fantasie in F<\/p>\n\n\n\n<p class=\"has-medium-font-size\" style=\"font-style:normal;font-weight:600\">C. Franck, Sortie, 1.Teil<\/p>\n\n\n\n<pre class=\"wp-block-preformatted\"><\/pre>\n","protected":false},"excerpt":{"rendered":"<p>Eine Orgelkostprobe in der Kirche Hundwil, gespielt von der Organistin Barbara Kind f\u00fcr Studienfreundinnen und -Freunde und eventuell weitere Leute, die Freude an Orgelkl\u00e4ngen haben und gerne zuh\u00f6ren m\u00f6chten. Freitag, 13. Januar 2023, um 14.45 Uhr. Jan Bender, Choralvorspiel zu &hellip; <a href=\"https:\/\/kirchehundwil.ch\/?page_id=6241\">Weiterlesen <span class=\"meta-nav\">&rarr;<\/span><\/a><\/p>\n","protected":false},"author":1,"featured_media":0,"parent":0,"menu_order":0,"comment_status":"closed","ping_status":"closed","template":"","meta":{"footnotes":""},"class_list":["post-6241","page","type-page","status-publish","hentry"],"_links":{"self":[{"href":"https:\/\/kirchehundwil.ch\/index.php?rest_route=\/wp\/v2\/pages\/6241","targetHints":{"allow":["GET"]}}],"collection":[{"href":"https:\/\/kirchehundwil.ch\/index.php?rest_route=\/wp\/v2\/pages"}],"about":[{"href":"https:\/\/kirchehundwil.ch\/index.php?rest_route=\/wp\/v2\/types\/page"}],"author":[{"embeddable":true,"href":"https:\/\/kirchehundwil.ch\/index.php?rest_route=\/wp\/v2\/users\/1"}],"replies":[{"embeddable":true,"href":"https:\/\/kirchehundwil.ch\/index.php?rest_route=%2Fwp%2Fv2%2Fcomments&post=6241"}],"version-history":[{"count":3,"href":"https:\/\/kirchehundwil.ch\/index.php?rest_route=\/wp\/v2\/pages\/6241\/revisions"}],"predecessor-version":[{"id":6247,"href":"https:\/\/kirchehundwil.ch\/index.php?rest_route=\/wp\/v2\/pages\/6241\/revisions\/6247"}],"wp:attachment":[{"href":"https:\/\/kirchehundwil.ch\/index.php?rest_route=%2Fwp%2Fv2%2Fmedia&parent=6241"}],"curies":[{"name":"wp","href":"https:\/\/api.w.org\/{rel}","templated":true}]}}