{"id":6463,"date":"2023-03-18T19:04:13","date_gmt":"2023-03-18T18:04:13","guid":{"rendered":"https:\/\/kirchehundwil.ch\/?page_id=6463"},"modified":"2023-03-25T12:54:56","modified_gmt":"2023-03-25T11:54:56","slug":"suppenzmittag-in-der-passionszeit-rueckblick","status":"publish","type":"page","link":"https:\/\/kirchehundwil.ch\/?page_id=6463","title":{"rendered":"Suppenzmittag in der Passionszeit &#8211; R\u00fcckblick"},"content":{"rendered":"\n<p>Am Sonntag, 12. M\u00e4rz 2023 haben die Kirchenvorsteherschaft und das Pfarramt zum Suppentag in der Passionszeit eingeladen.<br>Wir feierten gemeinsam mit der Musikgesellschaft Waldstatt, den Kindern des Religionsunterrichts und Pfr. David M\u00e4gli in der Mitledi einen Familiengottesdienst mit anschliessendem Suppenzmittag und einem horizonterweiternden Vortrag von Pfr. Markus Grieder zur Arbeit in Nepal. Viele folgten der Einladung. Viele freiwillige H\u00e4nde wirkten in der K\u00fcche und beim Erstellen des Dessertbuffets  &#8211; und dann auch wieder beim Aufr\u00e4umen mit.<\/p>\n\n\n\n<figure class=\"wp-block-image size-large\"><a href=\"https:\/\/kirchehundwil.ch\/wp-content\/uploads\/2023\/03\/Gottesdienst-IMG_5008-B-scaled.jpg\"><img loading=\"lazy\" decoding=\"async\" width=\"1024\" height=\"768\" src=\"https:\/\/kirchehundwil.ch\/wp-content\/uploads\/2023\/03\/Gottesdienst-IMG_5008-B-1024x768.jpg\" alt=\"\" class=\"wp-image-6465\" srcset=\"https:\/\/kirchehundwil.ch\/wp-content\/uploads\/2023\/03\/Gottesdienst-IMG_5008-B-1024x768.jpg 1024w, https:\/\/kirchehundwil.ch\/wp-content\/uploads\/2023\/03\/Gottesdienst-IMG_5008-B-300x225.jpg 300w, https:\/\/kirchehundwil.ch\/wp-content\/uploads\/2023\/03\/Gottesdienst-IMG_5008-B-768x576.jpg 768w, https:\/\/kirchehundwil.ch\/wp-content\/uploads\/2023\/03\/Gottesdienst-IMG_5008-B-1536x1152.jpg 1536w, https:\/\/kirchehundwil.ch\/wp-content\/uploads\/2023\/03\/Gottesdienst-IMG_5008-B-2048x1536.jpg 2048w\" sizes=\"auto, (max-width: 1024px) 100vw, 1024px\" \/><\/a><figcaption class=\"wp-element-caption\">Viele folgten der Einladung zum Gottesdienst mit Suppenzmittag.<\/figcaption><\/figure>\n\n\n\n<figure class=\"wp-block-image size-large\"><a href=\"https:\/\/kirchehundwil.ch\/wp-content\/uploads\/2023\/03\/Musikgesellschaft-Waldstatt-IMG_5007-B-scaled.jpg\"><img loading=\"lazy\" decoding=\"async\" width=\"1024\" height=\"768\" src=\"https:\/\/kirchehundwil.ch\/wp-content\/uploads\/2023\/03\/Musikgesellschaft-Waldstatt-IMG_5007-B-1024x768.jpg\" alt=\"\" class=\"wp-image-6466\" srcset=\"https:\/\/kirchehundwil.ch\/wp-content\/uploads\/2023\/03\/Musikgesellschaft-Waldstatt-IMG_5007-B-1024x768.jpg 1024w, https:\/\/kirchehundwil.ch\/wp-content\/uploads\/2023\/03\/Musikgesellschaft-Waldstatt-IMG_5007-B-300x225.jpg 300w, https:\/\/kirchehundwil.ch\/wp-content\/uploads\/2023\/03\/Musikgesellschaft-Waldstatt-IMG_5007-B-768x576.jpg 768w, https:\/\/kirchehundwil.ch\/wp-content\/uploads\/2023\/03\/Musikgesellschaft-Waldstatt-IMG_5007-B-1536x1152.jpg 1536w, https:\/\/kirchehundwil.ch\/wp-content\/uploads\/2023\/03\/Musikgesellschaft-Waldstatt-IMG_5007-B-2048x1536.jpg 2048w\" sizes=\"auto, (max-width: 1024px) 100vw, 1024px\" \/><\/a><figcaption class=\"wp-element-caption\">Die Musikgesellschaft Waldstatt erfreute und umrahmte den Anlass passend.<\/figcaption><\/figure>\n\n\n\n<figure class=\"wp-block-image size-large\"><a href=\"https:\/\/kirchehundwil.ch\/wp-content\/uploads\/2023\/03\/Mittag-IMG_5009-B-scaled.jpg\"><img loading=\"lazy\" decoding=\"async\" width=\"1024\" height=\"768\" src=\"https:\/\/kirchehundwil.ch\/wp-content\/uploads\/2023\/03\/Mittag-IMG_5009-B-1024x768.jpg\" alt=\"\" class=\"wp-image-6467\" srcset=\"https:\/\/kirchehundwil.ch\/wp-content\/uploads\/2023\/03\/Mittag-IMG_5009-B-1024x768.jpg 1024w, https:\/\/kirchehundwil.ch\/wp-content\/uploads\/2023\/03\/Mittag-IMG_5009-B-300x225.jpg 300w, https:\/\/kirchehundwil.ch\/wp-content\/uploads\/2023\/03\/Mittag-IMG_5009-B-768x576.jpg 768w, https:\/\/kirchehundwil.ch\/wp-content\/uploads\/2023\/03\/Mittag-IMG_5009-B-1536x1152.jpg 1536w, https:\/\/kirchehundwil.ch\/wp-content\/uploads\/2023\/03\/Mittag-IMG_5009-B-2048x1536.jpg 2048w\" sizes=\"auto, (max-width: 1024px) 100vw, 1024px\" \/><\/a><figcaption class=\"wp-element-caption\">Die G\u00e4ste genossen die feine Suppe.<\/figcaption><\/figure>\n\n\n\n<figure class=\"wp-block-image size-large\"><a href=\"https:\/\/kirchehundwil.ch\/wp-content\/uploads\/2022\/12\/20221215-Friendship-Nepal.png\"><img loading=\"lazy\" decoding=\"async\" width=\"1024\" height=\"522\" src=\"https:\/\/kirchehundwil.ch\/wp-content\/uploads\/2022\/12\/20221215-Friendship-Nepal-1024x522.png\" alt=\"\" class=\"wp-image-6091\" srcset=\"https:\/\/kirchehundwil.ch\/wp-content\/uploads\/2022\/12\/20221215-Friendship-Nepal-1024x522.png 1024w, https:\/\/kirchehundwil.ch\/wp-content\/uploads\/2022\/12\/20221215-Friendship-Nepal-300x153.png 300w, https:\/\/kirchehundwil.ch\/wp-content\/uploads\/2022\/12\/20221215-Friendship-Nepal-768x391.png 768w, https:\/\/kirchehundwil.ch\/wp-content\/uploads\/2022\/12\/20221215-Friendship-Nepal-1536x782.png 1536w, https:\/\/kirchehundwil.ch\/wp-content\/uploads\/2022\/12\/20221215-Friendship-Nepal.png 1806w\" sizes=\"auto, (max-width: 1024px) 100vw, 1024px\" \/><\/a><figcaption class=\"wp-element-caption\">Der Bericht von Pfarrer Markus Grieder \u00fcber die Arbeit in Nepal und den Bau von Schulen tat neue Horizonte auf.<\/figcaption><\/figure>\n","protected":false},"excerpt":{"rendered":"<p>Am Sonntag, 12. M\u00e4rz 2023 haben die Kirchenvorsteherschaft und das Pfarramt zum Suppentag in der Passionszeit eingeladen.Wir feierten gemeinsam mit der Musikgesellschaft Waldstatt, den Kindern des Religionsunterrichts und Pfr. David M\u00e4gli in der Mitledi einen Familiengottesdienst mit anschliessendem Suppenzmittag und &hellip; <a href=\"https:\/\/kirchehundwil.ch\/?page_id=6463\">Weiterlesen <span class=\"meta-nav\">&rarr;<\/span><\/a><\/p>\n","protected":false},"author":1,"featured_media":0,"parent":0,"menu_order":0,"comment_status":"closed","ping_status":"closed","template":"","meta":{"footnotes":""},"class_list":["post-6463","page","type-page","status-publish","hentry"],"_links":{"self":[{"href":"https:\/\/kirchehundwil.ch\/index.php?rest_route=\/wp\/v2\/pages\/6463","targetHints":{"allow":["GET"]}}],"collection":[{"href":"https:\/\/kirchehundwil.ch\/index.php?rest_route=\/wp\/v2\/pages"}],"about":[{"href":"https:\/\/kirchehundwil.ch\/index.php?rest_route=\/wp\/v2\/types\/page"}],"author":[{"embeddable":true,"href":"https:\/\/kirchehundwil.ch\/index.php?rest_route=\/wp\/v2\/users\/1"}],"replies":[{"embeddable":true,"href":"https:\/\/kirchehundwil.ch\/index.php?rest_route=%2Fwp%2Fv2%2Fcomments&post=6463"}],"version-history":[{"count":3,"href":"https:\/\/kirchehundwil.ch\/index.php?rest_route=\/wp\/v2\/pages\/6463\/revisions"}],"predecessor-version":[{"id":6503,"href":"https:\/\/kirchehundwil.ch\/index.php?rest_route=\/wp\/v2\/pages\/6463\/revisions\/6503"}],"wp:attachment":[{"href":"https:\/\/kirchehundwil.ch\/index.php?rest_route=%2Fwp%2Fv2%2Fmedia&parent=6463"}],"curies":[{"name":"wp","href":"https:\/\/api.w.org\/{rel}","templated":true}]}}