{"id":6846,"date":"2023-07-08T12:15:41","date_gmt":"2023-07-08T10:15:41","guid":{"rendered":"https:\/\/kirchehundwil.ch\/?page_id=6846"},"modified":"2023-08-30T16:24:03","modified_gmt":"2023-08-30T14:24:03","slug":"familiengottesdienst-zum-schulanfang","status":"publish","type":"page","link":"https:\/\/kirchehundwil.ch\/?page_id=6846","title":{"rendered":"Familiengottesdienst zum Schulanfang"},"content":{"rendered":"\n<h2 class=\"wp-block-heading\">Festgottesdienst mit den neuen Konfirmanden 13. August 2023<\/h2>\n\n\n\n<p><strong>Am Sonntag, 13. August 2023, beim Festgottesdienst begr\u00fcssten wir in der Kirche Hundwil die neuen Konfirmanden<\/strong>, die am Palmsonntag, 24. M\u00e4rz 2024 konfirmiert werden.<\/p>\n\n\n\n<p>Es sind dies Sonja Heierli, Mettlen; Silvan K\u00e4hli, Dorf; Andreas Kn\u00f6pfel, Neuhaus; Christian Kn\u00f6pfel, Schl\u00e4ttli; Michelle Kn\u00f6pfel, Nasse; Reto Kn\u00f6pfel, Grund; Samuel M\u00e4gli, Dorf; Marina Nef, St\u00e4g; Anja Oertle, Hempen; Ralph Oertle, Wasserschaffen; Emil Zellweger, Tobel; Beni Zuberb\u00fchler, Hohb\u00fchl. <\/p>\n\n\n\n<figure class=\"wp-block-image size-large\"><a href=\"https:\/\/kirchehundwil.ch\/wp-content\/uploads\/2023\/08\/20230828-Foto-Konfirmandenklasse-2024-IMG_6061-1-scaled.jpg\"><img loading=\"lazy\" decoding=\"async\" width=\"1024\" height=\"768\" src=\"https:\/\/kirchehundwil.ch\/wp-content\/uploads\/2023\/08\/20230828-Foto-Konfirmandenklasse-2024-IMG_6061-1-1024x768.jpg\" alt=\"\" class=\"wp-image-6953\" srcset=\"https:\/\/kirchehundwil.ch\/wp-content\/uploads\/2023\/08\/20230828-Foto-Konfirmandenklasse-2024-IMG_6061-1-1024x768.jpg 1024w, https:\/\/kirchehundwil.ch\/wp-content\/uploads\/2023\/08\/20230828-Foto-Konfirmandenklasse-2024-IMG_6061-1-300x225.jpg 300w, https:\/\/kirchehundwil.ch\/wp-content\/uploads\/2023\/08\/20230828-Foto-Konfirmandenklasse-2024-IMG_6061-1-768x576.jpg 768w, https:\/\/kirchehundwil.ch\/wp-content\/uploads\/2023\/08\/20230828-Foto-Konfirmandenklasse-2024-IMG_6061-1-1536x1152.jpg 1536w, https:\/\/kirchehundwil.ch\/wp-content\/uploads\/2023\/08\/20230828-Foto-Konfirmandenklasse-2024-IMG_6061-1-2048x1536.jpg 2048w\" sizes=\"auto, (max-width: 1024px) 100vw, 1024px\" \/><\/a><\/figure>\n\n\n\n<p>Wir w\u00fcnschen Ihnen gute Stunden miteinander und einen frohen Geist, eine gesunde Offenheit und dass sie belebende Einsichten erhalten und so mit einer guten und festen Grundlage f\u00fcr Ihren Lebensweg ausger\u00fcstet werden.<\/p>\n\n\n\n<figure class=\"wp-block-image size-large\"><a href=\"https:\/\/kirchehundwil.ch\/wp-content\/uploads\/2022\/10\/Bibel-und-Blumen-IMG_1700-scaled.jpg\"><img loading=\"lazy\" decoding=\"async\" width=\"1024\" height=\"768\" src=\"https:\/\/kirchehundwil.ch\/wp-content\/uploads\/2022\/10\/Bibel-und-Blumen-IMG_1700-1024x768.jpg\" alt=\"\" class=\"wp-image-5778\" srcset=\"https:\/\/kirchehundwil.ch\/wp-content\/uploads\/2022\/10\/Bibel-und-Blumen-IMG_1700-1024x768.jpg 1024w, https:\/\/kirchehundwil.ch\/wp-content\/uploads\/2022\/10\/Bibel-und-Blumen-IMG_1700-300x225.jpg 300w, https:\/\/kirchehundwil.ch\/wp-content\/uploads\/2022\/10\/Bibel-und-Blumen-IMG_1700-768x576.jpg 768w, https:\/\/kirchehundwil.ch\/wp-content\/uploads\/2022\/10\/Bibel-und-Blumen-IMG_1700-1536x1152.jpg 1536w, https:\/\/kirchehundwil.ch\/wp-content\/uploads\/2022\/10\/Bibel-und-Blumen-IMG_1700-2048x1536.jpg 2048w\" sizes=\"auto, (max-width: 1024px) 100vw, 1024px\" \/><\/a><\/figure>\n","protected":false},"excerpt":{"rendered":"<p>Festgottesdienst mit den neuen Konfirmanden 13. August 2023 Am Sonntag, 13. August 2023, beim Festgottesdienst begr\u00fcssten wir in der Kirche Hundwil die neuen Konfirmanden, die am Palmsonntag, 24. M\u00e4rz 2024 konfirmiert werden. Es sind dies Sonja Heierli, Mettlen; Silvan K\u00e4hli, &hellip; <a href=\"https:\/\/kirchehundwil.ch\/?page_id=6846\">Weiterlesen <span class=\"meta-nav\">&rarr;<\/span><\/a><\/p>\n","protected":false},"author":1,"featured_media":0,"parent":0,"menu_order":0,"comment_status":"closed","ping_status":"closed","template":"","meta":{"footnotes":""},"class_list":["post-6846","page","type-page","status-publish","hentry"],"_links":{"self":[{"href":"https:\/\/kirchehundwil.ch\/index.php?rest_route=\/wp\/v2\/pages\/6846","targetHints":{"allow":["GET"]}}],"collection":[{"href":"https:\/\/kirchehundwil.ch\/index.php?rest_route=\/wp\/v2\/pages"}],"about":[{"href":"https:\/\/kirchehundwil.ch\/index.php?rest_route=\/wp\/v2\/types\/page"}],"author":[{"embeddable":true,"href":"https:\/\/kirchehundwil.ch\/index.php?rest_route=\/wp\/v2\/users\/1"}],"replies":[{"embeddable":true,"href":"https:\/\/kirchehundwil.ch\/index.php?rest_route=%2Fwp%2Fv2%2Fcomments&post=6846"}],"version-history":[{"count":2,"href":"https:\/\/kirchehundwil.ch\/index.php?rest_route=\/wp\/v2\/pages\/6846\/revisions"}],"predecessor-version":[{"id":6954,"href":"https:\/\/kirchehundwil.ch\/index.php?rest_route=\/wp\/v2\/pages\/6846\/revisions\/6954"}],"wp:attachment":[{"href":"https:\/\/kirchehundwil.ch\/index.php?rest_route=%2Fwp%2Fv2%2Fmedia&parent=6846"}],"curies":[{"name":"wp","href":"https:\/\/api.w.org\/{rel}","templated":true}]}}