{"id":7068,"date":"2023-10-10T22:18:31","date_gmt":"2023-10-10T20:18:31","guid":{"rendered":"https:\/\/kirchehundwil.ch\/?page_id=7068"},"modified":"2023-10-10T22:18:31","modified_gmt":"2023-10-10T20:18:31","slug":"gespraech-mit-dem-pfarrer","status":"publish","type":"page","link":"https:\/\/kirchehundwil.ch\/?page_id=7068","title":{"rendered":"Gespr\u00e4ch mit dem Pfarrer"},"content":{"rendered":"\n<p>Wer zu Hause oder im Pfarrhaus gerne ein Gespr\u00e4ch mit dem Pfarrer f\u00fchren w\u00fcrde, der kontaktiere ungeniert Pfarrer David M\u00e4gli. Auch wer von jemandem weiss, der einsam, krank oder im Spital ist und sich \u00fcber einen Besuch des Pfarrers freuen w\u00fcrde, soll es bitte melden. Telefon: 071 367 12 26, Mail: pfarramt@kirchehundwil.ch.<\/p>\n","protected":false},"excerpt":{"rendered":"<p>Wer zu Hause oder im Pfarrhaus gerne ein Gespr\u00e4ch mit dem Pfarrer f\u00fchren w\u00fcrde, der kontaktiere ungeniert Pfarrer David M\u00e4gli. Auch wer von jemandem weiss, der einsam, krank oder im Spital ist und sich \u00fcber einen Besuch des Pfarrers freuen &hellip; <a href=\"https:\/\/kirchehundwil.ch\/?page_id=7068\">Weiterlesen <span class=\"meta-nav\">&rarr;<\/span><\/a><\/p>\n","protected":false},"author":1,"featured_media":0,"parent":0,"menu_order":0,"comment_status":"closed","ping_status":"closed","template":"","meta":{"footnotes":""},"class_list":["post-7068","page","type-page","status-publish","hentry"],"_links":{"self":[{"href":"https:\/\/kirchehundwil.ch\/index.php?rest_route=\/wp\/v2\/pages\/7068","targetHints":{"allow":["GET"]}}],"collection":[{"href":"https:\/\/kirchehundwil.ch\/index.php?rest_route=\/wp\/v2\/pages"}],"about":[{"href":"https:\/\/kirchehundwil.ch\/index.php?rest_route=\/wp\/v2\/types\/page"}],"author":[{"embeddable":true,"href":"https:\/\/kirchehundwil.ch\/index.php?rest_route=\/wp\/v2\/users\/1"}],"replies":[{"embeddable":true,"href":"https:\/\/kirchehundwil.ch\/index.php?rest_route=%2Fwp%2Fv2%2Fcomments&post=7068"}],"version-history":[{"count":1,"href":"https:\/\/kirchehundwil.ch\/index.php?rest_route=\/wp\/v2\/pages\/7068\/revisions"}],"predecessor-version":[{"id":7069,"href":"https:\/\/kirchehundwil.ch\/index.php?rest_route=\/wp\/v2\/pages\/7068\/revisions\/7069"}],"wp:attachment":[{"href":"https:\/\/kirchehundwil.ch\/index.php?rest_route=%2Fwp%2Fv2%2Fmedia&parent=7068"}],"curies":[{"name":"wp","href":"https:\/\/api.w.org\/{rel}","templated":true}]}}