{"id":7132,"date":"2023-11-07T20:45:37","date_gmt":"2023-11-07T19:45:37","guid":{"rendered":"https:\/\/kirchehundwil.ch\/?page_id=7132"},"modified":"2024-03-25T14:38:04","modified_gmt":"2024-03-25T13:38:04","slug":"maenner-im-ring","status":"publish","type":"page","link":"https:\/\/kirchehundwil.ch\/?page_id=7132","title":{"rendered":"M\u00e4nner im Ring"},"content":{"rendered":"\n<h2 class=\"wp-block-heading\">Senioren- und Mitarbeiternachmittag vom 4. November 2023<\/h2>\n\n\n\n<p>Am Samstag, 4.11.2023 traf sich eine muntere Schar mit den Senioren und Mitarbeitern der Kirchgemeinde Hundwil im Kino Cin\u00e9treff in Herisau. Es wurde der Film von Erich Langjahr  \u00abM\u00e4nner im Ring\u00bb gezeigt. Der Film zeigt die letzte M\u00e4nnerlandsgemeinde von 1989 und die umstrittene Abstimmung zur Einf\u00fchrung des Frauenstimmrechts. Der Regisseur gab sich die Ehre, machte die Einleitung und f\u00fchrte die anschliessende Diskussion. Anschliessend wurde bei angeregten Gespr\u00e4chen Gemeinschaft gepflegt und ein feines Vesper genossen. Auch einige Aussenstehende zeigten Interesse am Film.<\/p>\n\n\n\n<figure class=\"wp-block-gallery has-nested-images columns-default is-cropped wp-block-gallery-1 is-layout-flex wp-block-gallery-is-layout-flex\">\n<figure class=\"wp-block-image size-large\"><a href=\"https:\/\/kirchehundwil.ch\/wp-content\/uploads\/2023\/11\/00-Treffpunkt-und-Kirche.jpeg\"><img loading=\"lazy\" decoding=\"async\" width=\"1024\" height=\"768\" data-id=\"7133\" src=\"https:\/\/kirchehundwil.ch\/wp-content\/uploads\/2023\/11\/00-Treffpunkt-und-Kirche.jpeg\" alt=\"\" class=\"wp-image-7133\" srcset=\"https:\/\/kirchehundwil.ch\/wp-content\/uploads\/2023\/11\/00-Treffpunkt-und-Kirche.jpeg 1024w, https:\/\/kirchehundwil.ch\/wp-content\/uploads\/2023\/11\/00-Treffpunkt-und-Kirche-300x225.jpeg 300w, https:\/\/kirchehundwil.ch\/wp-content\/uploads\/2023\/11\/00-Treffpunkt-und-Kirche-768x576.jpeg 768w\" sizes=\"auto, (max-width: 1024px) 100vw, 1024px\" \/><\/a><\/figure>\n\n\n\n<figure class=\"wp-block-image size-large\"><a href=\"https:\/\/kirchehundwil.ch\/wp-content\/uploads\/2023\/11\/02-Filmbeginn-Titel.jpeg\"><img loading=\"lazy\" decoding=\"async\" width=\"1024\" height=\"768\" data-id=\"7136\" src=\"https:\/\/kirchehundwil.ch\/wp-content\/uploads\/2023\/11\/02-Filmbeginn-Titel.jpeg\" alt=\"\" class=\"wp-image-7136\" srcset=\"https:\/\/kirchehundwil.ch\/wp-content\/uploads\/2023\/11\/02-Filmbeginn-Titel.jpeg 1024w, https:\/\/kirchehundwil.ch\/wp-content\/uploads\/2023\/11\/02-Filmbeginn-Titel-300x225.jpeg 300w, https:\/\/kirchehundwil.ch\/wp-content\/uploads\/2023\/11\/02-Filmbeginn-Titel-768x576.jpeg 768w\" sizes=\"auto, (max-width: 1024px) 100vw, 1024px\" \/><\/a><\/figure>\n\n\n\n<figure class=\"wp-block-image size-large\"><a href=\"https:\/\/kirchehundwil.ch\/wp-content\/uploads\/2023\/11\/03-Holzschnitt.jpeg\"><img loading=\"lazy\" decoding=\"async\" width=\"1024\" height=\"768\" data-id=\"7135\" src=\"https:\/\/kirchehundwil.ch\/wp-content\/uploads\/2023\/11\/03-Holzschnitt.jpeg\" alt=\"\" class=\"wp-image-7135\" srcset=\"https:\/\/kirchehundwil.ch\/wp-content\/uploads\/2023\/11\/03-Holzschnitt.jpeg 1024w, https:\/\/kirchehundwil.ch\/wp-content\/uploads\/2023\/11\/03-Holzschnitt-300x225.jpeg 300w, https:\/\/kirchehundwil.ch\/wp-content\/uploads\/2023\/11\/03-Holzschnitt-768x576.jpeg 768w\" sizes=\"auto, (max-width: 1024px) 100vw, 1024px\" \/><\/a><\/figure>\n<\/figure>\n\n\n\n<p><strong>M\u00e4nner im Ring<\/strong>&nbsp;ist ein Kinodokumentarfilm aus dem Jahr 1990 des Schweizer Regisseurs Erich Langjahr.&nbsp;Der Film ist Langjahrs pers\u00f6nliches Geschenk zum 700. Geburtsjahr der Schweizerischen Eidgenossenschaft. Der Film wurde mehrmals ausgezeichnet. Der Film fand nicht nur in der deutschsprachigen Schweiz, sondern auch in den franz\u00f6sisch und italienisch &nbsp;sprechenden Landesteilen sowie international&nbsp;Beachtung.<\/p>\n\n\n\n<figure class=\"wp-block-gallery has-nested-images columns-default is-cropped wp-block-gallery-2 is-layout-flex wp-block-gallery-is-layout-flex\">\n<figure class=\"wp-block-image size-large\"><a href=\"https:\/\/kirchehundwil.ch\/wp-content\/uploads\/2023\/11\/04-Erich-Langjahr-1.jpeg\"><img loading=\"lazy\" decoding=\"async\" width=\"438\" height=\"303\" data-id=\"7137\" src=\"https:\/\/kirchehundwil.ch\/wp-content\/uploads\/2023\/11\/04-Erich-Langjahr-1.jpeg\" alt=\"\" class=\"wp-image-7137\" srcset=\"https:\/\/kirchehundwil.ch\/wp-content\/uploads\/2023\/11\/04-Erich-Langjahr-1.jpeg 438w, https:\/\/kirchehundwil.ch\/wp-content\/uploads\/2023\/11\/04-Erich-Langjahr-1-300x208.jpeg 300w\" sizes=\"auto, (max-width: 438px) 100vw, 438px\" \/><\/a><\/figure>\n\n\n\n<figure class=\"wp-block-image size-large\"><a href=\"https:\/\/kirchehundwil.ch\/wp-content\/uploads\/2023\/11\/05-am-Glaetten.jpeg\"><img loading=\"lazy\" decoding=\"async\" width=\"752\" height=\"691\" data-id=\"7138\" src=\"https:\/\/kirchehundwil.ch\/wp-content\/uploads\/2023\/11\/05-am-Glaetten.jpeg\" alt=\"\" class=\"wp-image-7138\" srcset=\"https:\/\/kirchehundwil.ch\/wp-content\/uploads\/2023\/11\/05-am-Glaetten.jpeg 752w, https:\/\/kirchehundwil.ch\/wp-content\/uploads\/2023\/11\/05-am-Glaetten-300x276.jpeg 300w\" sizes=\"auto, (max-width: 752px) 100vw, 752px\" \/><\/a><\/figure>\n\n\n\n<figure class=\"wp-block-image size-large\"><a href=\"https:\/\/kirchehundwil.ch\/wp-content\/uploads\/2023\/11\/07-Harmonie.jpeg\"><img loading=\"lazy\" decoding=\"async\" width=\"563\" height=\"520\" data-id=\"7141\" src=\"https:\/\/kirchehundwil.ch\/wp-content\/uploads\/2023\/11\/07-Harmonie.jpeg\" alt=\"\" class=\"wp-image-7141\" srcset=\"https:\/\/kirchehundwil.ch\/wp-content\/uploads\/2023\/11\/07-Harmonie.jpeg 563w, https:\/\/kirchehundwil.ch\/wp-content\/uploads\/2023\/11\/07-Harmonie-300x277.jpeg 300w\" sizes=\"auto, (max-width: 563px) 100vw, 563px\" \/><\/a><\/figure>\n\n\n\n<figure class=\"wp-block-image size-large\"><a href=\"https:\/\/kirchehundwil.ch\/wp-content\/uploads\/2023\/11\/09-beim-Coiffeur.jpeg\"><img loading=\"lazy\" decoding=\"async\" width=\"710\" height=\"663\" data-id=\"7140\" src=\"https:\/\/kirchehundwil.ch\/wp-content\/uploads\/2023\/11\/09-beim-Coiffeur.jpeg\" alt=\"\" class=\"wp-image-7140\" srcset=\"https:\/\/kirchehundwil.ch\/wp-content\/uploads\/2023\/11\/09-beim-Coiffeur.jpeg 710w, https:\/\/kirchehundwil.ch\/wp-content\/uploads\/2023\/11\/09-beim-Coiffeur-300x280.jpeg 300w\" sizes=\"auto, (max-width: 710px) 100vw, 710px\" \/><\/a><\/figure>\n\n\n\n<figure class=\"wp-block-image size-large\"><a href=\"https:\/\/kirchehundwil.ch\/wp-content\/uploads\/2023\/11\/10-neuer-Degen.jpeg\"><img loading=\"lazy\" decoding=\"async\" width=\"533\" height=\"636\" data-id=\"7142\" src=\"https:\/\/kirchehundwil.ch\/wp-content\/uploads\/2023\/11\/10-neuer-Degen.jpeg\" alt=\"\" class=\"wp-image-7142\" srcset=\"https:\/\/kirchehundwil.ch\/wp-content\/uploads\/2023\/11\/10-neuer-Degen.jpeg 533w, https:\/\/kirchehundwil.ch\/wp-content\/uploads\/2023\/11\/10-neuer-Degen-251x300.jpeg 251w\" sizes=\"auto, (max-width: 533px) 100vw, 533px\" \/><\/a><\/figure>\n\n\n\n<figure class=\"wp-block-image size-large\"><a href=\"https:\/\/kirchehundwil.ch\/wp-content\/uploads\/2023\/11\/14-der-Mesmer-Paul-Meier.jpeg\"><img loading=\"lazy\" decoding=\"async\" width=\"619\" height=\"768\" data-id=\"7139\" src=\"https:\/\/kirchehundwil.ch\/wp-content\/uploads\/2023\/11\/14-der-Mesmer-Paul-Meier.jpeg\" alt=\"\" class=\"wp-image-7139\" srcset=\"https:\/\/kirchehundwil.ch\/wp-content\/uploads\/2023\/11\/14-der-Mesmer-Paul-Meier.jpeg 619w, https:\/\/kirchehundwil.ch\/wp-content\/uploads\/2023\/11\/14-der-Mesmer-Paul-Meier-242x300.jpeg 242w\" sizes=\"auto, (max-width: 619px) 100vw, 619px\" \/><\/a><\/figure>\n<\/figure>\n\n\n\n<p>Viele verliessen diese Landsgemeinde nachdem der letzte und entscheidende Punkt abgehandelt war mit gemischten Gef\u00fchlen. Die Gespr\u00e4che draussen und in der Wirtschaft drehten sich noch lange bei Klein und Gross um diesen doch nicht so eindeutigen, wohl erzwungenen  und damit unreifen Entscheid. Gem\u00e4ss einem Augenzeugen meinten hohe G\u00e4ste unter den Zuschauern damals, die Abstimmung h\u00e4tte doch wiederholt werden m\u00fcssen.<\/p>\n\n\n\n<figure class=\"wp-block-gallery has-nested-images columns-default is-cropped wp-block-gallery-3 is-layout-flex wp-block-gallery-is-layout-flex\">\n<figure class=\"wp-block-image size-large\"><a href=\"https:\/\/kirchehundwil.ch\/wp-content\/uploads\/2023\/11\/08-Hohe-Gaeste.jpeg\"><img loading=\"lazy\" decoding=\"async\" width=\"741\" height=\"455\" data-id=\"7144\" src=\"https:\/\/kirchehundwil.ch\/wp-content\/uploads\/2023\/11\/08-Hohe-Gaeste.jpeg\" alt=\"\" class=\"wp-image-7144\" srcset=\"https:\/\/kirchehundwil.ch\/wp-content\/uploads\/2023\/11\/08-Hohe-Gaeste.jpeg 741w, https:\/\/kirchehundwil.ch\/wp-content\/uploads\/2023\/11\/08-Hohe-Gaeste-300x184.jpeg 300w\" sizes=\"auto, (max-width: 741px) 100vw, 741px\" \/><\/a><\/figure>\n\n\n\n<figure class=\"wp-block-image size-large\"><a href=\"https:\/\/kirchehundwil.ch\/wp-content\/uploads\/2023\/11\/14-Vereidigung-.jpeg\"><img loading=\"lazy\" decoding=\"async\" width=\"603\" height=\"558\" data-id=\"7145\" src=\"https:\/\/kirchehundwil.ch\/wp-content\/uploads\/2023\/11\/14-Vereidigung-.jpeg\" alt=\"\" class=\"wp-image-7145\" srcset=\"https:\/\/kirchehundwil.ch\/wp-content\/uploads\/2023\/11\/14-Vereidigung-.jpeg 603w, https:\/\/kirchehundwil.ch\/wp-content\/uploads\/2023\/11\/14-Vereidigung--300x278.jpeg 300w\" sizes=\"auto, (max-width: 603px) 100vw, 603px\" \/><\/a><\/figure>\n\n\n\n<figure class=\"wp-block-image size-large\"><a href=\"https:\/\/kirchehundwil.ch\/wp-content\/uploads\/2023\/11\/15-Danach-Draussen.jpeg\"><img loading=\"lazy\" decoding=\"async\" width=\"730\" height=\"768\" data-id=\"7146\" src=\"https:\/\/kirchehundwil.ch\/wp-content\/uploads\/2023\/11\/15-Danach-Draussen.jpeg\" alt=\"\" class=\"wp-image-7146\" srcset=\"https:\/\/kirchehundwil.ch\/wp-content\/uploads\/2023\/11\/15-Danach-Draussen.jpeg 730w, https:\/\/kirchehundwil.ch\/wp-content\/uploads\/2023\/11\/15-Danach-Draussen-285x300.jpeg 285w\" sizes=\"auto, (max-width: 730px) 100vw, 730px\" \/><\/a><\/figure>\n\n\n\n<figure class=\"wp-block-image size-large\"><a href=\"https:\/\/kirchehundwil.ch\/wp-content\/uploads\/2023\/11\/15-Danach-im-Wirtshaus.jpeg\"><img loading=\"lazy\" decoding=\"async\" width=\"717\" height=\"618\" data-id=\"7143\" src=\"https:\/\/kirchehundwil.ch\/wp-content\/uploads\/2023\/11\/15-Danach-im-Wirtshaus.jpeg\" alt=\"\" class=\"wp-image-7143\" srcset=\"https:\/\/kirchehundwil.ch\/wp-content\/uploads\/2023\/11\/15-Danach-im-Wirtshaus.jpeg 717w, https:\/\/kirchehundwil.ch\/wp-content\/uploads\/2023\/11\/15-Danach-im-Wirtshaus-300x259.jpeg 300w\" sizes=\"auto, (max-width: 717px) 100vw, 717px\" \/><\/a><\/figure>\n\n\n\n<figure class=\"wp-block-image size-large\"><a href=\"https:\/\/kirchehundwil.ch\/wp-content\/uploads\/2023\/11\/18-Abstimmung-2.jpeg\"><img loading=\"lazy\" decoding=\"async\" width=\"1024\" height=\"768\" data-id=\"7147\" src=\"https:\/\/kirchehundwil.ch\/wp-content\/uploads\/2023\/11\/18-Abstimmung-2.jpeg\" alt=\"\" class=\"wp-image-7147\" srcset=\"https:\/\/kirchehundwil.ch\/wp-content\/uploads\/2023\/11\/18-Abstimmung-2.jpeg 1024w, https:\/\/kirchehundwil.ch\/wp-content\/uploads\/2023\/11\/18-Abstimmung-2-300x225.jpeg 300w, https:\/\/kirchehundwil.ch\/wp-content\/uploads\/2023\/11\/18-Abstimmung-2-768x576.jpeg 768w\" sizes=\"auto, (max-width: 1024px) 100vw, 1024px\" \/><\/a><\/figure>\n\n\n\n<figure class=\"wp-block-image size-large\"><a href=\"https:\/\/kirchehundwil.ch\/wp-content\/uploads\/2023\/11\/19-danach-Bauer.jpeg\"><img loading=\"lazy\" decoding=\"async\" width=\"541\" height=\"681\" data-id=\"7148\" src=\"https:\/\/kirchehundwil.ch\/wp-content\/uploads\/2023\/11\/19-danach-Bauer.jpeg\" alt=\"\" class=\"wp-image-7148\" srcset=\"https:\/\/kirchehundwil.ch\/wp-content\/uploads\/2023\/11\/19-danach-Bauer.jpeg 541w, https:\/\/kirchehundwil.ch\/wp-content\/uploads\/2023\/11\/19-danach-Bauer-238x300.jpeg 238w\" sizes=\"auto, (max-width: 541px) 100vw, 541px\" \/><\/a><\/figure>\n<\/figure>\n\n\n\n<p>An der Landsgemeinde Ende April 1990 in Trogen durften die Frauen erstmals im Ring mitentscheiden. Das Bild \u00e4nderte sich wenig, die Frauen machten die Landsgemeinde etwas bunter, und das traditionelle Landsgemeindelied ert\u00f6nte neu in zweistimmiger Fassung. 1997 tagte die damals gr\u00f6sste Landsgemeinde der Schweiz und Aush\u00e4ngeschild der direktdemokratischen Regierung des Volkes das letzte Mal. Sie wurde Kraft einer Urnenabstimmung abgeschafft.<\/p>\n\n\n\n<figure class=\"wp-block-image size-full\"><a href=\"https:\/\/kirchehundwil.ch\/wp-content\/uploads\/2023\/11\/20-Senioren-im-Gespraech.jpeg\"><img loading=\"lazy\" decoding=\"async\" width=\"1024\" height=\"768\" src=\"https:\/\/kirchehundwil.ch\/wp-content\/uploads\/2023\/11\/20-Senioren-im-Gespraech.jpeg\" alt=\"\" class=\"wp-image-7149\" srcset=\"https:\/\/kirchehundwil.ch\/wp-content\/uploads\/2023\/11\/20-Senioren-im-Gespraech.jpeg 1024w, https:\/\/kirchehundwil.ch\/wp-content\/uploads\/2023\/11\/20-Senioren-im-Gespraech-300x225.jpeg 300w, https:\/\/kirchehundwil.ch\/wp-content\/uploads\/2023\/11\/20-Senioren-im-Gespraech-768x576.jpeg 768w\" sizes=\"auto, (max-width: 1024px) 100vw, 1024px\" \/><\/a><\/figure>\n\n\n\n<p>Die Senioren und Mitarbeiter im angeregten Gespr\u00e4ch. Es wurden Anekdoten und Beobachtungen ausgetauscht.<\/p>\n","protected":false},"excerpt":{"rendered":"<p>Senioren- und Mitarbeiternachmittag vom 4. November 2023 Am Samstag, 4.11.2023 traf sich eine muntere Schar mit den Senioren und Mitarbeitern der Kirchgemeinde Hundwil im Kino Cin\u00e9treff in Herisau. Es wurde der Film von Erich Langjahr \u00abM\u00e4nner im Ring\u00bb gezeigt. Der &hellip; <a href=\"https:\/\/kirchehundwil.ch\/?page_id=7132\">Weiterlesen <span class=\"meta-nav\">&rarr;<\/span><\/a><\/p>\n","protected":false},"author":1,"featured_media":0,"parent":0,"menu_order":0,"comment_status":"closed","ping_status":"closed","template":"","meta":{"footnotes":""},"class_list":["post-7132","page","type-page","status-publish","hentry"],"_links":{"self":[{"href":"https:\/\/kirchehundwil.ch\/index.php?rest_route=\/wp\/v2\/pages\/7132","targetHints":{"allow":["GET"]}}],"collection":[{"href":"https:\/\/kirchehundwil.ch\/index.php?rest_route=\/wp\/v2\/pages"}],"about":[{"href":"https:\/\/kirchehundwil.ch\/index.php?rest_route=\/wp\/v2\/types\/page"}],"author":[{"embeddable":true,"href":"https:\/\/kirchehundwil.ch\/index.php?rest_route=\/wp\/v2\/users\/1"}],"replies":[{"embeddable":true,"href":"https:\/\/kirchehundwil.ch\/index.php?rest_route=%2Fwp%2Fv2%2Fcomments&post=7132"}],"version-history":[{"count":2,"href":"https:\/\/kirchehundwil.ch\/index.php?rest_route=\/wp\/v2\/pages\/7132\/revisions"}],"predecessor-version":[{"id":7468,"href":"https:\/\/kirchehundwil.ch\/index.php?rest_route=\/wp\/v2\/pages\/7132\/revisions\/7468"}],"wp:attachment":[{"href":"https:\/\/kirchehundwil.ch\/index.php?rest_route=%2Fwp%2Fv2%2Fmedia&parent=7132"}],"curies":[{"name":"wp","href":"https:\/\/api.w.org\/{rel}","templated":true}]}}