{"id":7201,"date":"2023-12-13T21:20:51","date_gmt":"2023-12-13T20:20:51","guid":{"rendered":"https:\/\/kirchehundwil.ch\/?page_id=7201"},"modified":"2025-12-27T19:08:01","modified_gmt":"2025-12-27T18:08:01","slug":"herzliche-einladung-zur-sonntagsschulweihnacht","status":"publish","type":"page","link":"https:\/\/kirchehundwil.ch\/?page_id=7201","title":{"rendered":"Sonntagsschulweihnacht vom Vierten Advent, Sonntag, 21. Dezember 2025"},"content":{"rendered":"\n<p>Einmal mehr haben uns die Kinder der Sonntagsschule und des Religionsunterrichts mit viel Fleiss, Ausdauer und Freude vor Augen gef\u00fchrt, was wir an Weihnachten feiern. Unser Heiland ist nun da!<\/p>\n\n\n\n<p>Orgel und Trompete umrahmten kunstvoll.<\/p>\n\n\n\n<figure class=\"wp-block-gallery has-nested-images columns-default is-cropped wp-block-gallery-1 is-layout-flex wp-block-gallery-is-layout-flex\">\n<figure class=\"wp-block-image size-large\"><a href=\"https:\/\/kirchehundwil.ch\/wp-content\/uploads\/2025\/12\/Alle-01-IMG_2956-scaled.jpg\"><img loading=\"lazy\" decoding=\"async\" width=\"1024\" height=\"768\" data-id=\"9046\" src=\"https:\/\/kirchehundwil.ch\/wp-content\/uploads\/2025\/12\/Alle-01-IMG_2956-1024x768.jpg\" alt=\"\" class=\"wp-image-9046\" srcset=\"https:\/\/kirchehundwil.ch\/wp-content\/uploads\/2025\/12\/Alle-01-IMG_2956-1024x768.jpg 1024w, https:\/\/kirchehundwil.ch\/wp-content\/uploads\/2025\/12\/Alle-01-IMG_2956-300x225.jpg 300w, https:\/\/kirchehundwil.ch\/wp-content\/uploads\/2025\/12\/Alle-01-IMG_2956-768x576.jpg 768w, https:\/\/kirchehundwil.ch\/wp-content\/uploads\/2025\/12\/Alle-01-IMG_2956-1536x1152.jpg 1536w, https:\/\/kirchehundwil.ch\/wp-content\/uploads\/2025\/12\/Alle-01-IMG_2956-2048x1536.jpg 2048w\" sizes=\"auto, (max-width: 1024px) 100vw, 1024px\" \/><\/a><\/figure>\n\n\n\n<figure class=\"wp-block-image size-large\"><a href=\"https:\/\/kirchehundwil.ch\/wp-content\/uploads\/2025\/12\/Ganze-Gruppe-01-IMG_477CF3BFD2D5-1.jpeg\"><img loading=\"lazy\" decoding=\"async\" width=\"1024\" height=\"768\" data-id=\"9049\" src=\"https:\/\/kirchehundwil.ch\/wp-content\/uploads\/2025\/12\/Ganze-Gruppe-01-IMG_477CF3BFD2D5-1-1024x768.jpeg\" alt=\"\" class=\"wp-image-9049\" srcset=\"https:\/\/kirchehundwil.ch\/wp-content\/uploads\/2025\/12\/Ganze-Gruppe-01-IMG_477CF3BFD2D5-1-1024x768.jpeg 1024w, https:\/\/kirchehundwil.ch\/wp-content\/uploads\/2025\/12\/Ganze-Gruppe-01-IMG_477CF3BFD2D5-1-300x225.jpeg 300w, https:\/\/kirchehundwil.ch\/wp-content\/uploads\/2025\/12\/Ganze-Gruppe-01-IMG_477CF3BFD2D5-1-768x576.jpeg 768w, https:\/\/kirchehundwil.ch\/wp-content\/uploads\/2025\/12\/Ganze-Gruppe-01-IMG_477CF3BFD2D5-1-1536x1152.jpeg 1536w, https:\/\/kirchehundwil.ch\/wp-content\/uploads\/2025\/12\/Ganze-Gruppe-01-IMG_477CF3BFD2D5-1.jpeg 1600w\" sizes=\"auto, (max-width: 1024px) 100vw, 1024px\" \/><\/a><\/figure>\n\n\n\n<figure class=\"wp-block-image size-large\"><a href=\"https:\/\/kirchehundwil.ch\/wp-content\/uploads\/2025\/12\/Hirten-01-IMG_2958-scaled.jpg\"><img loading=\"lazy\" decoding=\"async\" width=\"1024\" height=\"768\" data-id=\"9048\" src=\"https:\/\/kirchehundwil.ch\/wp-content\/uploads\/2025\/12\/Hirten-01-IMG_2958-1024x768.jpg\" alt=\"\" class=\"wp-image-9048\" srcset=\"https:\/\/kirchehundwil.ch\/wp-content\/uploads\/2025\/12\/Hirten-01-IMG_2958-1024x768.jpg 1024w, https:\/\/kirchehundwil.ch\/wp-content\/uploads\/2025\/12\/Hirten-01-IMG_2958-300x225.jpg 300w, https:\/\/kirchehundwil.ch\/wp-content\/uploads\/2025\/12\/Hirten-01-IMG_2958-768x576.jpg 768w, https:\/\/kirchehundwil.ch\/wp-content\/uploads\/2025\/12\/Hirten-01-IMG_2958-1536x1152.jpg 1536w, https:\/\/kirchehundwil.ch\/wp-content\/uploads\/2025\/12\/Hirten-01-IMG_2958-2048x1536.jpg 2048w\" sizes=\"auto, (max-width: 1024px) 100vw, 1024px\" \/><\/a><\/figure>\n\n\n\n<figure class=\"wp-block-image size-large\"><a href=\"https:\/\/kirchehundwil.ch\/wp-content\/uploads\/2025\/12\/Maria-und-Josef-01-IMG_DD2D16C30B95-1.jpeg\"><img loading=\"lazy\" decoding=\"async\" width=\"1024\" height=\"768\" data-id=\"9047\" src=\"https:\/\/kirchehundwil.ch\/wp-content\/uploads\/2025\/12\/Maria-und-Josef-01-IMG_DD2D16C30B95-1-1024x768.jpeg\" alt=\"\" class=\"wp-image-9047\" srcset=\"https:\/\/kirchehundwil.ch\/wp-content\/uploads\/2025\/12\/Maria-und-Josef-01-IMG_DD2D16C30B95-1-1024x768.jpeg 1024w, https:\/\/kirchehundwil.ch\/wp-content\/uploads\/2025\/12\/Maria-und-Josef-01-IMG_DD2D16C30B95-1-300x225.jpeg 300w, https:\/\/kirchehundwil.ch\/wp-content\/uploads\/2025\/12\/Maria-und-Josef-01-IMG_DD2D16C30B95-1-768x576.jpeg 768w, https:\/\/kirchehundwil.ch\/wp-content\/uploads\/2025\/12\/Maria-und-Josef-01-IMG_DD2D16C30B95-1-1536x1152.jpeg 1536w, https:\/\/kirchehundwil.ch\/wp-content\/uploads\/2025\/12\/Maria-und-Josef-01-IMG_DD2D16C30B95-1.jpeg 1600w\" sizes=\"auto, (max-width: 1024px) 100vw, 1024px\" \/><\/a><\/figure>\n<\/figure>\n\n\n\n<figure class=\"wp-block-pullquote\"><blockquote><p><br>Und der Engel sprach zu ihnen: F\u00fcrchtet euch nicht, denn siehe, ich verk\u00fcndige euch gro\u00dfe Freude, die f\u00fcr das ganze Volk sein wird;&nbsp;<br><br><strong>denn euch ist heute in&nbsp;der&nbsp;Stadt Davids ein Erretter geboren, welcher ist Christus,&nbsp;der&nbsp;Herr.<\/strong><\/p><\/blockquote><\/figure>\n\n\n\n<figure class=\"wp-block-image size-large\"><a href=\"https:\/\/kirchehundwil.ch\/wp-content\/uploads\/2025\/12\/Engel-01-IMG_2959-scaled.jpg\"><img loading=\"lazy\" decoding=\"async\" width=\"1024\" height=\"768\" src=\"https:\/\/kirchehundwil.ch\/wp-content\/uploads\/2025\/12\/Engel-01-IMG_2959-1024x768.jpg\" alt=\"\" class=\"wp-image-9050\" srcset=\"https:\/\/kirchehundwil.ch\/wp-content\/uploads\/2025\/12\/Engel-01-IMG_2959-1024x768.jpg 1024w, https:\/\/kirchehundwil.ch\/wp-content\/uploads\/2025\/12\/Engel-01-IMG_2959-300x225.jpg 300w, https:\/\/kirchehundwil.ch\/wp-content\/uploads\/2025\/12\/Engel-01-IMG_2959-768x576.jpg 768w, https:\/\/kirchehundwil.ch\/wp-content\/uploads\/2025\/12\/Engel-01-IMG_2959-1536x1152.jpg 1536w, https:\/\/kirchehundwil.ch\/wp-content\/uploads\/2025\/12\/Engel-01-IMG_2959-2048x1536.jpg 2048w\" sizes=\"auto, (max-width: 1024px) 100vw, 1024px\" \/><\/a><\/figure>\n\n\n\n<figure class=\"wp-block-gallery has-nested-images columns-default is-cropped wp-block-gallery-2 is-layout-flex wp-block-gallery-is-layout-flex\">\n<figure class=\"wp-block-image size-large\"><a href=\"https:\/\/kirchehundwil.ch\/wp-content\/uploads\/2025\/12\/Maria-und-Josef-01-IMG_DD2D16C30B95-1-1.jpeg\"><img loading=\"lazy\" decoding=\"async\" width=\"1024\" height=\"768\" data-id=\"9053\" src=\"https:\/\/kirchehundwil.ch\/wp-content\/uploads\/2025\/12\/Maria-und-Josef-01-IMG_DD2D16C30B95-1-1-1024x768.jpeg\" alt=\"\" class=\"wp-image-9053\" srcset=\"https:\/\/kirchehundwil.ch\/wp-content\/uploads\/2025\/12\/Maria-und-Josef-01-IMG_DD2D16C30B95-1-1-1024x768.jpeg 1024w, https:\/\/kirchehundwil.ch\/wp-content\/uploads\/2025\/12\/Maria-und-Josef-01-IMG_DD2D16C30B95-1-1-300x225.jpeg 300w, https:\/\/kirchehundwil.ch\/wp-content\/uploads\/2025\/12\/Maria-und-Josef-01-IMG_DD2D16C30B95-1-1-768x576.jpeg 768w, https:\/\/kirchehundwil.ch\/wp-content\/uploads\/2025\/12\/Maria-und-Josef-01-IMG_DD2D16C30B95-1-1-1536x1152.jpeg 1536w, https:\/\/kirchehundwil.ch\/wp-content\/uploads\/2025\/12\/Maria-und-Josef-01-IMG_DD2D16C30B95-1-1.jpeg 1600w\" sizes=\"auto, (max-width: 1024px) 100vw, 1024px\" \/><\/a><\/figure>\n\n\n\n<figure class=\"wp-block-image size-large\"><a href=\"https:\/\/kirchehundwil.ch\/wp-content\/uploads\/2025\/12\/Nachher-IMG_2968-scaled.jpg\"><img loading=\"lazy\" decoding=\"async\" width=\"1024\" height=\"768\" data-id=\"9051\" src=\"https:\/\/kirchehundwil.ch\/wp-content\/uploads\/2025\/12\/Nachher-IMG_2968-1024x768.jpg\" alt=\"\" class=\"wp-image-9051\" srcset=\"https:\/\/kirchehundwil.ch\/wp-content\/uploads\/2025\/12\/Nachher-IMG_2968-1024x768.jpg 1024w, https:\/\/kirchehundwil.ch\/wp-content\/uploads\/2025\/12\/Nachher-IMG_2968-300x225.jpg 300w, https:\/\/kirchehundwil.ch\/wp-content\/uploads\/2025\/12\/Nachher-IMG_2968-768x576.jpg 768w, https:\/\/kirchehundwil.ch\/wp-content\/uploads\/2025\/12\/Nachher-IMG_2968-1536x1152.jpg 1536w, https:\/\/kirchehundwil.ch\/wp-content\/uploads\/2025\/12\/Nachher-IMG_2968-2048x1536.jpg 2048w\" sizes=\"auto, (max-width: 1024px) 100vw, 1024px\" \/><\/a><\/figure>\n<\/figure>\n","protected":false},"excerpt":{"rendered":"<p>Einmal mehr haben uns die Kinder der Sonntagsschule und des Religionsunterrichts mit viel Fleiss, Ausdauer und Freude vor Augen gef\u00fchrt, was wir an Weihnachten feiern. Unser Heiland ist nun da! Orgel und Trompete umrahmten kunstvoll. Und der Engel sprach zu &hellip; <a href=\"https:\/\/kirchehundwil.ch\/?page_id=7201\">Weiterlesen <span class=\"meta-nav\">&rarr;<\/span><\/a><\/p>\n","protected":false},"author":1,"featured_media":0,"parent":0,"menu_order":0,"comment_status":"closed","ping_status":"closed","template":"","meta":{"footnotes":""},"class_list":["post-7201","page","type-page","status-publish","hentry"],"_links":{"self":[{"href":"https:\/\/kirchehundwil.ch\/index.php?rest_route=\/wp\/v2\/pages\/7201","targetHints":{"allow":["GET"]}}],"collection":[{"href":"https:\/\/kirchehundwil.ch\/index.php?rest_route=\/wp\/v2\/pages"}],"about":[{"href":"https:\/\/kirchehundwil.ch\/index.php?rest_route=\/wp\/v2\/types\/page"}],"author":[{"embeddable":true,"href":"https:\/\/kirchehundwil.ch\/index.php?rest_route=\/wp\/v2\/users\/1"}],"replies":[{"embeddable":true,"href":"https:\/\/kirchehundwil.ch\/index.php?rest_route=%2Fwp%2Fv2%2Fcomments&post=7201"}],"version-history":[{"count":11,"href":"https:\/\/kirchehundwil.ch\/index.php?rest_route=\/wp\/v2\/pages\/7201\/revisions"}],"predecessor-version":[{"id":9068,"href":"https:\/\/kirchehundwil.ch\/index.php?rest_route=\/wp\/v2\/pages\/7201\/revisions\/9068"}],"wp:attachment":[{"href":"https:\/\/kirchehundwil.ch\/index.php?rest_route=%2Fwp%2Fv2%2Fmedia&parent=7201"}],"curies":[{"name":"wp","href":"https:\/\/api.w.org\/{rel}","templated":true}]}}