{"id":7213,"date":"2023-12-13T22:51:27","date_gmt":"2023-12-13T21:51:27","guid":{"rendered":"https:\/\/kirchehundwil.ch\/?page_id=7213"},"modified":"2025-12-27T19:28:25","modified_gmt":"2025-12-27T18:28:25","slug":"herzliche-einladung-zum-weihnachtlichen-abendgebet-mit-viel-musik-am-zweiten-weihnachtstag","status":"publish","type":"page","link":"https:\/\/kirchehundwil.ch\/?page_id=7213","title":{"rendered":"Weihnachtliches Abendgebet mit viel Musik am Zweiten Weihnachtstag 2025"},"content":{"rendered":"\n<p>Am Zweiten Weihnachtstag 2025 folgten etwa 20 Menschen der Einladung der Kirche Hundwil zum Weihnachtlichen Abendgebet mit viel Musik und Gesang. Von biblischen Texten gest\u00fctzt und ermutigt und mit hochstehender Orgelmusik umrahmt und begleitet, versuchten wir mit Gesang, Anbetung und Besinnung unserem Sch\u00f6pfer, Erl\u00f6ser und Heilandgott &#8211; Jesus Christus &#8211; die ihm geb\u00fchrende Ehre zu geben und uns nochmals hineinnehmen zu lassen in das Geschehen dieser einmaligen, geweihten Nacht in Bethlehem. <\/p>\n\n\n\n<figure class=\"wp-block-image size-large\"><a href=\"https:\/\/kirchehundwil.ch\/wp-content\/uploads\/2025\/12\/20251226-Zweiter-WeihnachtsIMG_3017-scaled.jpg\"><img loading=\"lazy\" decoding=\"async\" width=\"1024\" height=\"628\" src=\"https:\/\/kirchehundwil.ch\/wp-content\/uploads\/2025\/12\/20251226-Zweiter-WeihnachtsIMG_3017-1024x628.jpg\" alt=\"\" class=\"wp-image-9070\" srcset=\"https:\/\/kirchehundwil.ch\/wp-content\/uploads\/2025\/12\/20251226-Zweiter-WeihnachtsIMG_3017-1024x628.jpg 1024w, https:\/\/kirchehundwil.ch\/wp-content\/uploads\/2025\/12\/20251226-Zweiter-WeihnachtsIMG_3017-300x184.jpg 300w, https:\/\/kirchehundwil.ch\/wp-content\/uploads\/2025\/12\/20251226-Zweiter-WeihnachtsIMG_3017-768x471.jpg 768w, https:\/\/kirchehundwil.ch\/wp-content\/uploads\/2025\/12\/20251226-Zweiter-WeihnachtsIMG_3017-1536x941.jpg 1536w, https:\/\/kirchehundwil.ch\/wp-content\/uploads\/2025\/12\/20251226-Zweiter-WeihnachtsIMG_3017-2048x1255.jpg 2048w\" sizes=\"auto, (max-width: 1024px) 100vw, 1024px\" \/><\/a><\/figure>\n\n\n\n<figure class=\"wp-block-pullquote\"><blockquote><p>Orgel,\u00a0J. S. Bach \u201eLobpreiset all zu dieser Zeit\u201c<br>Eingangswort Hebr\u00e4er 1, 1 &#8211; 3<br><strong>Lied\u00a0551, 1 &#8211; 3<\/strong><br><strong>\u00a0\u00a0\u00a0\u00a0\u00a0<\/strong>\u201eGelobet seist du Jesu Christ\u201c<br>*\u00a0<strong>Gebet im Wechsel, Psalm 96<\/strong><br>*\u00a0<strong>Lied 394, 1 &#8211; 6 + 15<\/strong><br><strong>\u00a0\u00a0\u00a0\u00a0\u00a0<\/strong>\u201eVom Himmel hoch, da komme ich her\u201c<br>Orgel,\u00a0J. S. Bach \u201eVom Himmel hoch\u201c<br><strong>Lied 384, 1 &#8211; 4<\/strong><br><strong>\u00a0\u00a0\u00a0\u00a0\u00a0<\/strong>\u201eIn dulci jubilo\u201c<br>Orgel,\u00a0J. S. Bach \u201eIn dulci jubilo\u201c<br>Lesung Jesaja 9, 1- 6<br>Orgel,\u00a0\u201eJ. S. Bach \u201eGelobet seist du, Jesu Christ\u201c<br>Lesung Offenbarung 12, 1 &#8211; 17<br><strong>Lied 392, 1 &#8211; 7<\/strong><br>\u00a0\u00a0\u00a0\u00a0\u00a0\u201eGelobet seist du, Jesu Christ\u201c<br>Orgel,\u00a0J. S. Bach \u201eLobt Gott, ihr Christen\u201c<br><strong>Lied 395, 1 &#8211; 5<\/strong><br><strong>\u00a0\u00a0\u00a0\u00a0\u00a0<\/strong>\u201eLobt Gott ihr Christen\u201c<br>* Unser Vater<br>*\u00a0<strong>Lied 412, 1 &#8211; 3<\/strong><br><strong>\u00a0\u00a0\u00a0\u00a0\u00a0<\/strong>\u201eStille Nacht\u201c<br>* Segen<br><strong>Lied 277, 1<\/strong><br>\u00a0\u00a0\u00a0\u00a0\u00a0\u201eHalt im Ged\u00e4chtnis Jesum Christ\u201c<br>Orgel,\u00a0J. L. Krebs \u201eHalt im Ged\u00e4chtnis\u201c<\/p><\/blockquote><\/figure>\n\n\n\n<figure class=\"wp-block-pullquote\"><blockquote><p><br>Und pl\u00f6tzlich war bei dem Engel eine Menge&nbsp;des&nbsp;himmlischen Heeres, die Gott lobten und sprachen:&nbsp;<br><strong>Herrlichkeit Gott in&nbsp;der&nbsp;H\u00f6he&nbsp;und Friede auf&nbsp;Erden in&nbsp;den&nbsp;Menschen seines Wohlgefallens!<\/strong><br><\/p><\/blockquote><\/figure>\n\n\n\n<figure class=\"wp-block-pullquote\"><blockquote><p><em>Psalm 96<\/em><br>\u00a0<br>Singet dem HERRN ein neues Lied;<br>singet dem HERRN, alle Welt!<br>\u00a0\u00a0\u00a0\u00a0\u00a0<strong>Singet dem HERRN und lobet seinen Namen, verk\u00fcndet von Tag zu Tag sein\u00a0Heil!<\/strong><br>Erz\u00e4hlet unter den Heiden von seiner Herrlichkeit, unter allen V\u00f6lkern von seinen Wundern!<br>\u00a0\u00a0\u00a0\u00a0\u00a0<strong>Denn der HERR ist gross und hoch zu loben, mehr zu f\u00fcrchten als alle G\u00f6tter.<\/strong><br>Denn alle G\u00f6tter der V\u00f6lker sind G\u00f6tzen; aber der HERR hat den Himmel gemacht.<br>\u00a0\u00a0\u00a0\u00a0\u00a0<strong>Hoheit und Pracht sind vor ihm, Macht und Herrlichkeit in seinem Heiligtum.<\/strong><br>Ihr V\u00f6lker, bringet dar dem HERRN,<br>bringet dar dem HERRN Ehre und Macht!<br>\u00a0\u00a0\u00a0\u00a0\u00a0<strong>Bringet dar dem HERRN die Ehre seines Namens, bringet Geschenke und kommt in seine Vorh\u00f6fe!<\/strong><br>Betet an den HERRN in heiligem Schmuck;<br>es f\u00fcrchte ihn alle Welt!<br>\u00a0\u00a0\u00a0\u00a0\u00a0<strong>Sagt unter den Heiden: Der HERR ist\u00a0K\u00f6nig. Er hat den Erdkreis gegr\u00fcndet, dass er nicht wankt. Er richtet die V\u00f6lker recht.<\/strong><br>Der Himmel freue sich, und die Erde sei fr\u00f6hlich, das Meer brause und was darinnen ist;<br>\u00a0\u00a0\u00a0\u00a0\u00a0<strong>das Feld sei fr\u00f6hlich und alles, was\u00a0darauf ist; es sollen jauchzen alle\u00a0B\u00e4ume im Walde<\/strong><br>vor dem HERRN; denn er kommt, denn er kommt, zu richten das Erdreich.<br>\u00a0\u00a0\u00a0\u00a0\u00a0<strong>Er wird den Erdkreis richten mit Gerechtigkeit und die V\u00f6lker mit seiner Wahrheit.<\/strong><br>Amen.<\/p><\/blockquote><\/figure>\n","protected":false},"excerpt":{"rendered":"<p>Am Zweiten Weihnachtstag 2025 folgten etwa 20 Menschen der Einladung der Kirche Hundwil zum Weihnachtlichen Abendgebet mit viel Musik und Gesang. Von biblischen Texten gest\u00fctzt und ermutigt und mit hochstehender Orgelmusik umrahmt und begleitet, versuchten wir mit Gesang, Anbetung und &hellip; <a href=\"https:\/\/kirchehundwil.ch\/?page_id=7213\">Weiterlesen <span class=\"meta-nav\">&rarr;<\/span><\/a><\/p>\n","protected":false},"author":1,"featured_media":0,"parent":0,"menu_order":0,"comment_status":"closed","ping_status":"closed","template":"","meta":{"footnotes":""},"class_list":["post-7213","page","type-page","status-publish","hentry"],"_links":{"self":[{"href":"https:\/\/kirchehundwil.ch\/index.php?rest_route=\/wp\/v2\/pages\/7213","targetHints":{"allow":["GET"]}}],"collection":[{"href":"https:\/\/kirchehundwil.ch\/index.php?rest_route=\/wp\/v2\/pages"}],"about":[{"href":"https:\/\/kirchehundwil.ch\/index.php?rest_route=\/wp\/v2\/types\/page"}],"author":[{"embeddable":true,"href":"https:\/\/kirchehundwil.ch\/index.php?rest_route=\/wp\/v2\/users\/1"}],"replies":[{"embeddable":true,"href":"https:\/\/kirchehundwil.ch\/index.php?rest_route=%2Fwp%2Fv2%2Fcomments&post=7213"}],"version-history":[{"count":7,"href":"https:\/\/kirchehundwil.ch\/index.php?rest_route=\/wp\/v2\/pages\/7213\/revisions"}],"predecessor-version":[{"id":9075,"href":"https:\/\/kirchehundwil.ch\/index.php?rest_route=\/wp\/v2\/pages\/7213\/revisions\/9075"}],"wp:attachment":[{"href":"https:\/\/kirchehundwil.ch\/index.php?rest_route=%2Fwp%2Fv2%2Fmedia&parent=7213"}],"curies":[{"name":"wp","href":"https:\/\/api.w.org\/{rel}","templated":true}]}}