{"id":7265,"date":"2023-12-29T10:20:22","date_gmt":"2023-12-29T09:20:22","guid":{"rendered":"https:\/\/kirchehundwil.ch\/?page_id=7265"},"modified":"2025-01-12T06:03:52","modified_gmt":"2025-01-12T05:03:52","slug":"jahreslosung-2024","status":"publish","type":"page","link":"https:\/\/kirchehundwil.ch\/?page_id=7265","title":{"rendered":"Jahreslosung 2025"},"content":{"rendered":"\n<figure class=\"wp-block-image size-full\"><a href=\"https:\/\/kirchehundwil.ch\/wp-content\/uploads\/2025\/01\/20250112-A-sonnenstrahlen-im-dunst-des-waldes-ae490bf3-3e97-4fc6-a172-a051547bf00a-Kopie-1.jpg\"><img loading=\"lazy\" decoding=\"async\" width=\"1000\" height=\"667\" src=\"https:\/\/kirchehundwil.ch\/wp-content\/uploads\/2025\/01\/20250112-A-sonnenstrahlen-im-dunst-des-waldes-ae490bf3-3e97-4fc6-a172-a051547bf00a-Kopie-1.jpg\" alt=\"\" class=\"wp-image-8284\" srcset=\"https:\/\/kirchehundwil.ch\/wp-content\/uploads\/2025\/01\/20250112-A-sonnenstrahlen-im-dunst-des-waldes-ae490bf3-3e97-4fc6-a172-a051547bf00a-Kopie-1.jpg 1000w, https:\/\/kirchehundwil.ch\/wp-content\/uploads\/2025\/01\/20250112-A-sonnenstrahlen-im-dunst-des-waldes-ae490bf3-3e97-4fc6-a172-a051547bf00a-Kopie-1-300x200.jpg 300w, https:\/\/kirchehundwil.ch\/wp-content\/uploads\/2025\/01\/20250112-A-sonnenstrahlen-im-dunst-des-waldes-ae490bf3-3e97-4fc6-a172-a051547bf00a-Kopie-1-768x512.jpg 768w\" sizes=\"auto, (max-width: 1000px) 100vw, 1000px\" \/><\/a><\/figure>\n\n\n\n<p>Im Zusammenhang mit der Jahreslosung &#8211; zum Nachdenken &#8211; wo liegt der Ursprung alles Guten?<\/p>\n\n\n\n<p>Jesus sagt in Matth\u00e4us 5, 17-20: <em>Ihr sollt nicht w\u00e4hnen, da\u00df ich gekommen sei, das Gesetz oder die Propheten aufzul\u00f6sen! Ich bin nicht gekommen aufzul\u00f6sen, sondern zu erf\u00fcllen. Denn wahrlich, ich sage euch, bis da\u00df Himmel und Erde vergangen sind, wird nicht ein Jota noch ein einziges Strichlein vom Gesetz vergehen, bis alles geschehen ist. Wer nun eines von diesen kleinsten Geboten aufl\u00f6st und die Leute also lehrt, der wird der Kleinste hei\u00dfen im Himmelreich, wer sie aber tut und lehrt, der wird gro\u00df hei\u00dfen im Himmelreich. 20\u00a0Denn ich sage euch: Wenn eure Gerechtigkeit die der Schriftgelehrten und Pharis\u00e4er nicht weit \u00fcbertrifft, so werdet ihr gar nicht in das Himmelreich eingehen!<\/em><\/p>\n\n\n\n<p><\/p>\n\n\n\n<p>Nutzen Sie die nachfolgenden Links zur eigenen Erbauung und Belehrung.<\/p>\n\n\n\n<div class=\"wp-block-buttons is-layout-flex wp-block-buttons-is-layout-flex\">\n<div class=\"wp-block-button has-custom-width wp-block-button__width-100 has-custom-font-size is-style-outline has-medium-font-size is-style-outline--1\" id=\"https:\/\/www.kirchenjahr-evangelisch.de\/-2023-9-0-0\"><a class=\"wp-block-button__link has-blue-color has-text-color wp-element-button\" href=\"https:\/\/www.kirchenjahr-evangelisch.de\/#2023-9-0-0\" style=\"border-radius:12px\" target=\"_blank\" rel=\"noopener\">Das evangelische Kirchenjahr<\/a><\/div>\n<\/div>\n\n\n\n<p><\/p>\n\n\n\n<div class=\"wp-block-buttons is-layout-flex wp-block-buttons-is-layout-flex\">\n<div class=\"wp-block-button has-custom-width wp-block-button__width-100 has-custom-font-size is-style-outline has-medium-font-size is-style-outline--2\"><a class=\"wp-block-button__link has-blue-color has-text-color wp-element-button\" href=\"https:\/\/www.die-bibel.de\/bibeln\/online-bibeln\/lesen\/LU17\/PSA.119.89-PSA.119.92\" style=\"border-radius:12px\" target=\"_blank\" rel=\"noreferrer noopener\">Wochenpsalm<\/a><\/div>\n<\/div>\n\n\n\n<p><\/p>\n\n\n\n<div class=\"wp-block-buttons is-layout-flex wp-block-buttons-is-layout-flex\">\n<div class=\"wp-block-button has-custom-width wp-block-button__width-100 has-custom-font-size is-style-outline has-medium-font-size is-style-outline--3\"><a class=\"wp-block-button__link has-blue-color has-text-color wp-element-button\" href=\"https:\/\/kirchehundwil.ch\/?page_id=5391\" style=\"border-radius:12px\" target=\"_blank\" rel=\"noreferrer noopener\">Wort des Pfarrers<\/a><\/div>\n<\/div>\n\n\n\n<p><\/p>\n\n\n\n<div class=\"wp-block-buttons is-layout-flex wp-block-buttons-is-layout-flex\">\n<div class=\"wp-block-button has-custom-width wp-block-button__width-100 has-custom-font-size is-style-outline has-medium-font-size is-style-outline--4\"><a class=\"wp-block-button__link has-blue-color has-text-color wp-element-button\" href=\"https:\/\/www.pfarrverein.ch\/perikopen\/\" style=\"border-radius:12px\" target=\"_blank\" rel=\"noreferrer noopener\">Perikopen<\/a><\/div>\n<\/div>\n\n\n\n<p><\/p>\n\n\n\n<p>Eine Perikope, in der Sprache des lateinischen Mittelalters Capitula genannt, ist ein Abschnitt aus der Bibel, der f\u00fcr die Lesung im Gottesdienst bestimmt ist.<\/p>\n","protected":false},"excerpt":{"rendered":"<p>Im Zusammenhang mit der Jahreslosung &#8211; zum Nachdenken &#8211; wo liegt der Ursprung alles Guten? Jesus sagt in Matth\u00e4us 5, 17-20: Ihr sollt nicht w\u00e4hnen, da\u00df ich gekommen sei, das Gesetz oder die Propheten aufzul\u00f6sen! Ich bin nicht gekommen aufzul\u00f6sen, &hellip; <a href=\"https:\/\/kirchehundwil.ch\/?page_id=7265\">Weiterlesen <span class=\"meta-nav\">&rarr;<\/span><\/a><\/p>\n","protected":false},"author":1,"featured_media":0,"parent":0,"menu_order":0,"comment_status":"closed","ping_status":"closed","template":"","meta":{"footnotes":""},"class_list":["post-7265","page","type-page","status-publish","hentry"],"_links":{"self":[{"href":"https:\/\/kirchehundwil.ch\/index.php?rest_route=\/wp\/v2\/pages\/7265","targetHints":{"allow":["GET"]}}],"collection":[{"href":"https:\/\/kirchehundwil.ch\/index.php?rest_route=\/wp\/v2\/pages"}],"about":[{"href":"https:\/\/kirchehundwil.ch\/index.php?rest_route=\/wp\/v2\/types\/page"}],"author":[{"embeddable":true,"href":"https:\/\/kirchehundwil.ch\/index.php?rest_route=\/wp\/v2\/users\/1"}],"replies":[{"embeddable":true,"href":"https:\/\/kirchehundwil.ch\/index.php?rest_route=%2Fwp%2Fv2%2Fcomments&post=7265"}],"version-history":[{"count":5,"href":"https:\/\/kirchehundwil.ch\/index.php?rest_route=\/wp\/v2\/pages\/7265\/revisions"}],"predecessor-version":[{"id":8285,"href":"https:\/\/kirchehundwil.ch\/index.php?rest_route=\/wp\/v2\/pages\/7265\/revisions\/8285"}],"wp:attachment":[{"href":"https:\/\/kirchehundwil.ch\/index.php?rest_route=%2Fwp%2Fv2%2Fmedia&parent=7265"}],"curies":[{"name":"wp","href":"https:\/\/api.w.org\/{rel}","templated":true}]}}