{"id":7639,"date":"2024-06-08T07:36:48","date_gmt":"2024-06-08T05:36:48","guid":{"rendered":"https:\/\/kirchehundwil.ch\/?page_id=7639"},"modified":"2024-06-08T10:56:31","modified_gmt":"2024-06-08T08:56:31","slug":"01-alles-leben-stroemt-aus-dir","status":"publish","type":"page","link":"https:\/\/kirchehundwil.ch\/?page_id=7639","title":{"rendered":"01 Alles Leben str\u00f6mt aus Dir"},"content":{"rendered":"\n<h2 class=\"wp-block-heading\"><strong>Walter Klarer,&nbsp;die Reformation im Appenzellerland und andere Fr\u00fcchte des Evangeliums<\/strong><\/h2>\n\n\n\n<p class=\"has-text-color has-link-color has-small-font-size wp-elements-b892deaab098e507bd33f286f89c8433\" style=\"color:#2020de\">\u00abErkennt, dass der HERR Gott ist! Er hat uns gemacht, und nicht wir selbst,&nbsp;sein Volk sind wir und die Schafe seiner Weide\u00bb&nbsp;Psalm 100,3<\/p>\n\n\n\n<h2 class=\"wp-block-heading\"><strong>Die Ode an Gott \u2013 grundlegende Einsichten<\/strong><\/h2>\n\n\n\n<p>Im Jahr 1838 vermutlich das erste Mal an der Appenzeller Landsgemeinde gesungen, wurde die \u201eOde an Gott\u201c, ein vom Trogener Johann Heinrich Tobler vertontes Gedicht der deutschen Dichterin Karoline Rudolphi 1877 zum offiziellen Landsgemeindelied. Als Klassiker, der verschiedentlich gesungen wird, transportiert das Lied bis heute grundlegende Einsichten in die biblische Wahrheit, welche durch die Reformatoren neu ans Licht gekommen sind:<\/p>\n\n\n\n<ul class=\"wp-block-list\">\n<li>Er ist&nbsp;<strong>der Sch\u00f6pfer<\/strong>, der alles Leben geschaffen hat und am Leben erh\u00e4lt.<\/li>\n\n\n\n<li>Er ist keine fremde, abwesende Macht, sondern&nbsp;<strong>ein pers\u00f6nliches Gegen\u00fcber<\/strong>, welches wir kennen k\u00f6nnen, mit dem wir sprechen k\u00f6nnen, den wir (dank Jesus Christus) \u201eVater\u201c nennen d\u00fcrfen!<\/li>\n\n\n\n<li>Vor seiner Gr\u00f6sse und Macht ist es angemessen,&nbsp;<strong>in Demut anbetend<\/strong>&nbsp;die Knie zu beugen.<\/li>\n\n\n\n<li>Als&nbsp;<strong>unser Vater sorgt er<\/strong>&nbsp;in allen Dingen f\u00fcr uns. Wir sind frei, ihm und einander zu dienen.<\/li>\n\n\n\n<li>Wir Menschen k\u00f6nnen (ewig) in die Irre gehen, weshalb der g\u00fctige Vater uns zum&nbsp;<strong>Ziel&nbsp;<\/strong>f\u00fchren m\u00f6ge, dem ewig guten Leben in seiner erneuerten Sch\u00f6pfung.<\/li>\n<\/ul>\n\n\n\n<figure class=\"wp-block-image size-large\"><a href=\"https:\/\/kirchehundwil.ch\/wp-content\/uploads\/2024\/06\/20240311-Evangelium-Luther.jpeg\"><img loading=\"lazy\" decoding=\"async\" width=\"1024\" height=\"448\" src=\"https:\/\/kirchehundwil.ch\/wp-content\/uploads\/2024\/06\/20240311-Evangelium-Luther-1024x448.jpeg\" alt=\"\" class=\"wp-image-7647\" srcset=\"https:\/\/kirchehundwil.ch\/wp-content\/uploads\/2024\/06\/20240311-Evangelium-Luther-1024x448.jpeg 1024w, https:\/\/kirchehundwil.ch\/wp-content\/uploads\/2024\/06\/20240311-Evangelium-Luther-300x131.jpeg 300w, https:\/\/kirchehundwil.ch\/wp-content\/uploads\/2024\/06\/20240311-Evangelium-Luther-768x336.jpeg 768w, https:\/\/kirchehundwil.ch\/wp-content\/uploads\/2024\/06\/20240311-Evangelium-Luther-1536x673.jpeg 1536w, https:\/\/kirchehundwil.ch\/wp-content\/uploads\/2024\/06\/20240311-Evangelium-Luther.jpeg 1900w\" sizes=\"auto, (max-width: 1024px) 100vw, 1024px\" \/><\/a><\/figure>\n\n\n\n<p>Anl\u00e4sslich des 500 j\u00e4hrigen Reformationsjubil\u00e4ums im Appenzellerland soll diese Ausstellung etwas von dem Leben und dem vielen Guten in Erinnerung rufen, das seither aus dem damals wiederentdeckten Wort Gottes geflossen ist. Sie soll uns ermutigen, dem Dank und Ehre zu geben, der Ursprung all des Guten und der Freiheit ist, in die wir hineingewachsen sind und uns selbstverst\u00e4ndlich scheint.<\/p>\n\n\n\n<figure class=\"wp-block-pullquote\"><blockquote><p>Alles Leben str\u00f6mt aus Dir<br>und durchwallt in tausend B\u00e4chen,<br>alle Welten; alle sprechen:<br>Deiner H\u00e4nde Werk sind wir!<br>&nbsp;<br>Dass ich f\u00fchle, dass ich bin,<br>das ich Dich, Du Grosser kenne<br>dass ich froh Dich Vater nenne;<br>o, ich sinke vor Dir hin!<br>&nbsp;<br>Welch ein Trost und unbegrenzt,<br>und unnennbar ist die Wonne,<br>dass, gleich Deiner milden Sonne,<br>mich Dein Vateraug umgl\u00e4nzt!<br>&nbsp;<br>Deiner Gegenwart Gef\u00fchl<br>sei mein Engel, der mich leite,<br>dass mein schwacher Fuss nicht gleite,<br>nicht sich irre von dem Ziel!<\/p><\/blockquote><\/figure>\n","protected":false},"excerpt":{"rendered":"<p>Walter Klarer,&nbsp;die Reformation im Appenzellerland und andere Fr\u00fcchte des Evangeliums \u00abErkennt, dass der HERR Gott ist! Er hat uns gemacht, und nicht wir selbst,&nbsp;sein Volk sind wir und die Schafe seiner Weide\u00bb&nbsp;Psalm 100,3 Die Ode an Gott \u2013 grundlegende Einsichten &hellip; <a href=\"https:\/\/kirchehundwil.ch\/?page_id=7639\">Weiterlesen <span class=\"meta-nav\">&rarr;<\/span><\/a><\/p>\n","protected":false},"author":1,"featured_media":0,"parent":0,"menu_order":0,"comment_status":"closed","ping_status":"closed","template":"","meta":{"footnotes":""},"class_list":["post-7639","page","type-page","status-publish","hentry"],"_links":{"self":[{"href":"https:\/\/kirchehundwil.ch\/index.php?rest_route=\/wp\/v2\/pages\/7639","targetHints":{"allow":["GET"]}}],"collection":[{"href":"https:\/\/kirchehundwil.ch\/index.php?rest_route=\/wp\/v2\/pages"}],"about":[{"href":"https:\/\/kirchehundwil.ch\/index.php?rest_route=\/wp\/v2\/types\/page"}],"author":[{"embeddable":true,"href":"https:\/\/kirchehundwil.ch\/index.php?rest_route=\/wp\/v2\/users\/1"}],"replies":[{"embeddable":true,"href":"https:\/\/kirchehundwil.ch\/index.php?rest_route=%2Fwp%2Fv2%2Fcomments&post=7639"}],"version-history":[{"count":4,"href":"https:\/\/kirchehundwil.ch\/index.php?rest_route=\/wp\/v2\/pages\/7639\/revisions"}],"predecessor-version":[{"id":7712,"href":"https:\/\/kirchehundwil.ch\/index.php?rest_route=\/wp\/v2\/pages\/7639\/revisions\/7712"}],"wp:attachment":[{"href":"https:\/\/kirchehundwil.ch\/index.php?rest_route=%2Fwp%2Fv2%2Fmedia&parent=7639"}],"curies":[{"name":"wp","href":"https:\/\/api.w.org\/{rel}","templated":true}]}}