{"id":7690,"date":"2024-06-08T10:33:39","date_gmt":"2024-06-08T08:33:39","guid":{"rendered":"https:\/\/kirchehundwil.ch\/?page_id=7690"},"modified":"2024-06-08T19:07:16","modified_gmt":"2024-06-08T17:07:16","slug":"04-freundlichkeit-und-beistand","status":"publish","type":"page","link":"https:\/\/kirchehundwil.ch\/?page_id=7690","title":{"rendered":"04 Freundlichkeit und Beistand &#8211; Jakob K\u00fcnzler"},"content":{"rendered":"\n<p class=\"has-text-color has-link-color wp-elements-49c61d1e4d3a284f38a71a0395564d05\" style=\"color:#2929de\">\u00abEure Freundlichkeit lasst kund sein allen Menschen! Der HERR ist nahe!\u00bb&nbsp;&nbsp;Philiper 4,5<\/p>\n\n\n\n<h2 class=\"wp-block-heading\">Jakob K\u00fcnzler &#8211; Fluchthelfer und Waisenvater der armenischen Kinder<\/h2>\n\n\n\n<p><strong>Liebesdienst an den Kranken und Verwundeten<\/strong><\/p>\n\n\n\n<p>2015 ist es 100 Jahre her, seit im Gebiet der heutigen T\u00fcrkei das Schreckliche seinen Lauf nahm, das man sp\u00e4ter den ersten V\u00f6lkermord der Moderne genannt hat. M\u00e4nner, Frauen, Kinder, Greise wurden ihrer Ehre und ihres Besitzes beraubt, deportiert, misshandelt, vergewaltigt und systematisch ermordet. Zum allergr\u00f6ssten Teil waren es Armenier, aber auch syrische und aram\u00e4ische Christen und muslimische Kurden, von denen das Land \u201egereinigt\u201c wurde. Die Zahl der Opfer wird auf weit \u00fcber eine Million gesch\u00e4tzt.&nbsp;<\/p>\n\n\n\n<p>Jakob K\u00fcnzler, am 8. M\u00e4rz 1871 in Hundwil geboren, wurde vor Ort zum Zeugen des Geschehens. Mit seiner Frau Elisabeth und anderen Mitarbeitern der Missionsstation in Urfa konnte er f\u00fcr einige wenige zum Helfer und Tr\u00f6ster werden. In einem steten Strom unfasslicher Grausamkeiten bot die Klinik, die er leitete, einer kleinen Zahl von Verst\u00f6rten und Verwundeten Zuflucht und medizinische Betreuung. Wo andere stumpf und gleichg\u00fcltig wurden, vermochten Jakob und Elisabeth K\u00fcnzler mit einer unersch\u00fctterlichen Liebeskraft den \u00c4ngsten zu trotzen und Tag f\u00fcr Tag f\u00fcr Gequ\u00e4lte da zu sein. Die t\u00e4gliche Morgenandacht und der Sonntagsgottesdienst gaben ihnen die n\u00f6tige Kraft und Zuversicht. Im gemeinsamen, abendlichen Unservater durften sie sich und die sie umgebenden N\u00f6te jeden Abend neu dem Willen und der Allmacht ihres Gott und Vaters im Himmel anbefehlen.&nbsp;<\/p>\n\n\n\n<p>Angesichts des so schrecklichen, sch\u00e4ndlichen und feigen Handwerks&nbsp;des Raubens und T\u00f6tens liess er sich doch nicht zu pauschalen&nbsp;Anklagen hinreissen, im Wissen, dass Gott dereinst gerecht richten&nbsp;wird.<\/p>\n\n\n\n<div class=\"wp-block-media-text is-stacked-on-mobile\" style=\"grid-template-columns:56% auto\"><figure class=\"wp-block-media-text__media\"><img loading=\"lazy\" decoding=\"async\" width=\"654\" height=\"934\" src=\"https:\/\/kirchehundwil.ch\/wp-content\/uploads\/2024\/06\/20240310-Jakob-Kuenzler-Foto-1.jpeg\" alt=\"\" class=\"wp-image-7691 size-full\" srcset=\"https:\/\/kirchehundwil.ch\/wp-content\/uploads\/2024\/06\/20240310-Jakob-Kuenzler-Foto-1.jpeg 654w, https:\/\/kirchehundwil.ch\/wp-content\/uploads\/2024\/06\/20240310-Jakob-Kuenzler-Foto-1-210x300.jpeg 210w\" sizes=\"auto, (max-width: 654px) 100vw, 654px\" \/><\/figure><div class=\"wp-block-media-text__content\">\n<p>K\u00fcnzler angesichts all der Greuel:&nbsp;<\/p>\n\n\n\n<p class=\"has-text-color has-link-color has-medium-font-size wp-elements-89b8c7937328aef4252f7f1e3e43e64f\" style=\"color:#2727bb\">\u00abNicht Kraut, nicht Pflaster, nicht Geld, nicht Pflege heilt auch hier den Schaden, sondern allein das Wort des Evangeliums, das alles heilet.\u00bb&nbsp;<\/p>\n\n\n\n<p><\/p>\n\n\n\n<p>K\u00fcnzler im R\u00fcckblick auf 23 Jahre in Urfa:&nbsp;<\/p>\n\n\n\n<p class=\"has-text-color has-link-color has-medium-font-size wp-elements-b448ef43321a545c95ea6a482c0f04fe\" style=\"color:#2121b6\">\u00abWar\u2019s umsonst? Der Glaube spricht:&nbsp;&nbsp;&nbsp;Nein!\u00bb&nbsp;<\/p>\n<\/div><\/div>\n\n\n\n<h2 class=\"wp-block-heading\">Jakob K\u00fcnzler&#8217;s Lebensweg<\/h2>\n\n\n\n<p>1871&nbsp;&nbsp;&nbsp;&nbsp;&nbsp;&nbsp;&nbsp;&nbsp;&nbsp;&nbsp;&nbsp;&nbsp;&nbsp;&nbsp;&nbsp;&nbsp;Geburt von Jakob K\u00fcnzler im Rothuus (Sonnenfeld)&nbsp;<\/p>\n\n\n\n<p>1877&nbsp;&nbsp;&nbsp;&nbsp;&nbsp;&nbsp;&nbsp;&nbsp;&nbsp;&nbsp;&nbsp;&nbsp;&nbsp;&nbsp;&nbsp;&nbsp;stirbt sein Vater. Er hinterl\u00e4sst 6 Kinder.<\/p>\n\n\n\n<p>1882&nbsp;&nbsp;&nbsp;&nbsp;&nbsp;&nbsp;&nbsp;&nbsp;&nbsp;&nbsp;&nbsp;&nbsp;&nbsp;&nbsp;&nbsp;&nbsp;stirbt die Mutter. Danach Arbeit in der Textilfabrik.<\/p>\n\n\n\n<p>1886&nbsp;&nbsp;&nbsp;&nbsp;&nbsp;&nbsp;&nbsp;&nbsp;&nbsp;&nbsp;&nbsp;&nbsp;&nbsp;&nbsp;&nbsp;&nbsp;Lehre als Zimmermann in Stein, beim Vetter-G\u00f6tti.<\/p>\n\n\n\n<p>1893&nbsp;&nbsp;&nbsp;&nbsp;&nbsp;&nbsp;&nbsp;&nbsp;&nbsp;&nbsp;&nbsp;&nbsp;&nbsp;&nbsp;&nbsp;&nbsp;Ausbildung als Diakon der Basler Mission im B\u00fcrgerspital Basel.<\/p>\n\n\n\n<p>1895&nbsp;&nbsp;&nbsp;&nbsp;&nbsp;&nbsp;&nbsp;&nbsp;&nbsp;&nbsp;&nbsp;&nbsp;&nbsp;&nbsp;&nbsp;&nbsp;Massaker der T\u00fcrken am armenischen Volk<\/p>\n\n\n\n<p>1899&nbsp;&nbsp;&nbsp;&nbsp;&nbsp;&nbsp;&nbsp;&nbsp;&nbsp;&nbsp;&nbsp;&nbsp;&nbsp;&nbsp;&nbsp;&nbsp;Ausreise nach Urfa im Auftrag der Christlichen Ostmission.<\/p>\n\n\n\n<p>Bis 1921&nbsp;&nbsp;&nbsp;&nbsp;&nbsp;&nbsp;&nbsp;&nbsp;&nbsp;&nbsp;&nbsp;in Urfa. Er w\u00e4chst rasch in medizinische Verantwortung, sicher auch weil er rasch Armenisch, Arabisch, Kurdisch, Englisch lernt.<\/p>\n\n\n\n<p>Ab 1915&nbsp;&nbsp;&nbsp;&nbsp;&nbsp;&nbsp;&nbsp;&nbsp;&nbsp;&nbsp;&nbsp;Systematische Ermordung des armenischen Volkes. Jakob und Elizabeth K\u00fcnzler bieten vielen Zuflucht und riskieren ihr Leben.<\/p>\n\n\n\n<p>1922&nbsp;&nbsp;&nbsp;&nbsp;&nbsp;&nbsp;&nbsp;&nbsp;&nbsp;&nbsp;&nbsp;&nbsp;&nbsp;&nbsp;&nbsp;&nbsp;K\u00fcnzler f\u00fchrt 8000 Waisenkinder durch W\u00fcsten und Berge in den Libanon, wo er in Ghazir ein Heim f\u00fcr 1400 Waisenm\u00e4dchen er\u00f6ffnet.<\/p>\n\n\n\n<p>1935&nbsp;&nbsp;&nbsp;&nbsp;&nbsp;&nbsp;&nbsp;&nbsp;&nbsp;&nbsp;&nbsp;&nbsp;&nbsp;&nbsp;&nbsp;&nbsp;baut er ein Lungensanatorium in Azounieh, in den liban. Bergen.<\/p>\n\n\n\n<p>1947&nbsp;&nbsp;&nbsp;&nbsp;&nbsp;&nbsp;&nbsp;&nbsp;&nbsp;&nbsp;&nbsp;&nbsp;&nbsp;&nbsp;&nbsp;&nbsp;Verleihung der Ehrendoktorw\u00fcrde der Universit\u00e4t Basel.<\/p>\n\n\n\n<p>1949&nbsp;&nbsp;&nbsp;&nbsp;&nbsp;&nbsp;&nbsp;&nbsp;&nbsp;&nbsp;&nbsp;&nbsp;&nbsp;&nbsp;&nbsp;&nbsp;stirbt Jakob K\u00fcnzler in Ghazir.<\/p>\n\n\n\n<div class=\"wp-block-media-text is-stacked-on-mobile\" style=\"grid-template-columns:59% auto\"><figure class=\"wp-block-media-text__media\"><img loading=\"lazy\" decoding=\"async\" width=\"1024\" height=\"626\" src=\"https:\/\/kirchehundwil.ch\/wp-content\/uploads\/2024\/06\/20240309-Karawane-ueber-8000-Kindern-Flucht-ermoeglicht-1-1024x626.jpeg\" alt=\"\" class=\"wp-image-7693 size-full\" srcset=\"https:\/\/kirchehundwil.ch\/wp-content\/uploads\/2024\/06\/20240309-Karawane-ueber-8000-Kindern-Flucht-ermoeglicht-1-1024x626.jpeg 1024w, https:\/\/kirchehundwil.ch\/wp-content\/uploads\/2024\/06\/20240309-Karawane-ueber-8000-Kindern-Flucht-ermoeglicht-1-300x183.jpeg 300w, https:\/\/kirchehundwil.ch\/wp-content\/uploads\/2024\/06\/20240309-Karawane-ueber-8000-Kindern-Flucht-ermoeglicht-1-768x469.jpeg 768w, https:\/\/kirchehundwil.ch\/wp-content\/uploads\/2024\/06\/20240309-Karawane-ueber-8000-Kindern-Flucht-ermoeglicht-1.jpeg 1415w\" sizes=\"auto, (max-width: 1024px) 100vw, 1024px\" \/><\/figure><div class=\"wp-block-media-text__content\">\n<p>Fl\u00fcchtlingskarawane \u2013 Jakob K\u00fcnzler gelingt 1922 mit 8&#8217;000 Kindern die Flucht in den Libanon<\/p>\n<\/div><\/div>\n\n\n\n<div class=\"wp-block-media-text is-stacked-on-mobile\" style=\"grid-template-columns:59% auto\"><figure class=\"wp-block-media-text__media\"><img loading=\"lazy\" decoding=\"async\" width=\"921\" height=\"616\" src=\"https:\/\/kirchehundwil.ch\/wp-content\/uploads\/2024\/06\/20240309-Mama-Kuenzler-mit-Waisenhauskindern-1.jpeg\" alt=\"\" class=\"wp-image-7692 size-full\" srcset=\"https:\/\/kirchehundwil.ch\/wp-content\/uploads\/2024\/06\/20240309-Mama-Kuenzler-mit-Waisenhauskindern-1.jpeg 921w, https:\/\/kirchehundwil.ch\/wp-content\/uploads\/2024\/06\/20240309-Mama-Kuenzler-mit-Waisenhauskindern-1-300x201.jpeg 300w, https:\/\/kirchehundwil.ch\/wp-content\/uploads\/2024\/06\/20240309-Mama-Kuenzler-mit-Waisenhauskindern-1-768x514.jpeg 768w\" sizes=\"auto, (max-width: 921px) 100vw, 921px\" \/><\/figure><div class=\"wp-block-media-text__content\">\n<p>\u00abMama\u00bb K\u00fcnzler mit Waisenkindern<\/p>\n<\/div><\/div>\n","protected":false},"excerpt":{"rendered":"<p>\u00abEure Freundlichkeit lasst kund sein allen Menschen! Der HERR ist nahe!\u00bb&nbsp;&nbsp;Philiper 4,5 Jakob K\u00fcnzler &#8211; Fluchthelfer und Waisenvater der armenischen Kinder Liebesdienst an den Kranken und Verwundeten 2015 ist es 100 Jahre her, seit im Gebiet der heutigen T\u00fcrkei das &hellip; <a href=\"https:\/\/kirchehundwil.ch\/?page_id=7690\">Weiterlesen <span class=\"meta-nav\">&rarr;<\/span><\/a><\/p>\n","protected":false},"author":1,"featured_media":0,"parent":0,"menu_order":0,"comment_status":"closed","ping_status":"closed","template":"","meta":{"footnotes":""},"class_list":["post-7690","page","type-page","status-publish","hentry"],"_links":{"self":[{"href":"https:\/\/kirchehundwil.ch\/index.php?rest_route=\/wp\/v2\/pages\/7690","targetHints":{"allow":["GET"]}}],"collection":[{"href":"https:\/\/kirchehundwil.ch\/index.php?rest_route=\/wp\/v2\/pages"}],"about":[{"href":"https:\/\/kirchehundwil.ch\/index.php?rest_route=\/wp\/v2\/types\/page"}],"author":[{"embeddable":true,"href":"https:\/\/kirchehundwil.ch\/index.php?rest_route=\/wp\/v2\/users\/1"}],"replies":[{"embeddable":true,"href":"https:\/\/kirchehundwil.ch\/index.php?rest_route=%2Fwp%2Fv2%2Fcomments&post=7690"}],"version-history":[{"count":3,"href":"https:\/\/kirchehundwil.ch\/index.php?rest_route=\/wp\/v2\/pages\/7690\/revisions"}],"predecessor-version":[{"id":7785,"href":"https:\/\/kirchehundwil.ch\/index.php?rest_route=\/wp\/v2\/pages\/7690\/revisions\/7785"}],"wp:attachment":[{"href":"https:\/\/kirchehundwil.ch\/index.php?rest_route=%2Fwp%2Fv2%2Fmedia&parent=7690"}],"curies":[{"name":"wp","href":"https:\/\/api.w.org\/{rel}","templated":true}]}}