{"id":7770,"date":"2024-06-08T14:05:40","date_gmt":"2024-06-08T12:05:40","guid":{"rendered":"https:\/\/kirchehundwil.ch\/?page_id=7770"},"modified":"2024-06-08T14:21:56","modified_gmt":"2024-06-08T12:21:56","slug":"09-alles-unter-der-sonne-hat-seine-zeit","status":"publish","type":"page","link":"https:\/\/kirchehundwil.ch\/?page_id=7770","title":{"rendered":"09 Alles unter der Sonne hat seine Zeit"},"content":{"rendered":"\n<p class=\"has-text-color has-link-color wp-elements-9aebd704921d8dc3ceca528e6794bbe4\" style=\"color:#082bd9\">\u00abMeine Zeit steht in deinen H\u00e4nden\u00bb&nbsp;&nbsp;&nbsp;&nbsp;&nbsp;Prediger 3,16<\/p>\n\n\n\n<figure class=\"wp-block-image size-full\"><a href=\"https:\/\/kirchehundwil.ch\/wp-content\/uploads\/2024\/06\/Sonnenuhr-mit-Kirchenuhr-IMG_7174.heic\"><img decoding=\"async\" src=\"https:\/\/kirchehundwil.ch\/wp-content\/uploads\/2024\/06\/Sonnenuhr-mit-Kirchenuhr-IMG_7174.heic\" alt=\"\" class=\"wp-image-7782\"\/><\/a><\/figure>\n\n\n\n<h2 class=\"wp-block-heading\">Die Glocken verk\u00fcnden den Sieg des Auferstandenen<\/h2>\n\n\n\n<p>\u201eWenn das Zeichen ert\u00f6nt, dass man sich versammeln soll, soll niemand zur\u00fcckbleiben.\u201c So hat es der christliche Einsiedler und Klostergr\u00fcnder Pachomius in seiner Klosterregel 318 n. Chr. gefordert. Sehr wahrscheinlich war dieses Zeichen das Schellen einer blechernen Handglocke, mit der die zu Beginn in ihren H\u00fctten verstreuten Einsiedler zu den sieben Psalmgebetszeiten gerufen wurden, die ihren Tag strukturierten.<\/p>\n\n\n\n<p>Die irischen M\u00f6nche Kolumban und Gallus brachten die mit Bronze \u00fcberzogene Eisenblechglocke nach Europa. W\u00e4hrend ihrer Reise von Irland nach Italien hatten sie und ihre Weggef\u00e4hrten zahlreiche Kl\u00f6ster in Frankreich, der Schweiz, Deutschland, \u00d6sterreich und Italien gegr\u00fcndet. Von diesen Kl\u00f6stern breitete sich das Evangelium und das daraus fliessende Gotteslob neu in Europa aus. So dass noch heute in fast jedem gr\u00f6sseren europ\u00e4ischen Ort die Kirchenglocken den Sieg des Auferstandenen und die Freiheit der Christenmenschen verk\u00fcndigen.<\/p>\n\n\n\n<figure class=\"wp-block-gallery has-nested-images columns-default is-cropped wp-block-gallery-1 is-layout-flex wp-block-gallery-is-layout-flex\">\n<figure class=\"wp-block-image size-large\"><a href=\"https:\/\/kirchehundwil.ch\/wp-content\/uploads\/2024\/06\/Glocke-1-IMG_7243.heic\"><img decoding=\"async\" data-id=\"7772\" src=\"https:\/\/kirchehundwil.ch\/wp-content\/uploads\/2024\/06\/Glocke-1-IMG_7243.heic\" alt=\"\" class=\"wp-image-7772\"\/><\/a><\/figure>\n\n\n\n<figure class=\"wp-block-image size-large\"><a href=\"https:\/\/kirchehundwil.ch\/wp-content\/uploads\/2024\/06\/Glocke-2-IMG_7248.heic\"><img decoding=\"async\" data-id=\"7771\" src=\"https:\/\/kirchehundwil.ch\/wp-content\/uploads\/2024\/06\/Glocke-2-IMG_7248.heic\" alt=\"\" class=\"wp-image-7771\"\/><\/a><\/figure>\n\n\n\n<figure class=\"wp-block-image size-large\"><a href=\"https:\/\/kirchehundwil.ch\/wp-content\/uploads\/2024\/06\/Glocke-3-IMG_7252.heic\"><img decoding=\"async\" data-id=\"7773\" src=\"https:\/\/kirchehundwil.ch\/wp-content\/uploads\/2024\/06\/Glocke-3-IMG_7252.heic\" alt=\"\" class=\"wp-image-7773\"\/><\/a><\/figure>\n\n\n\n<figure class=\"wp-block-image size-large\"><a href=\"https:\/\/kirchehundwil.ch\/wp-content\/uploads\/2024\/06\/Glocke-4-IMG_7262.heic\"><img decoding=\"async\" data-id=\"7774\" src=\"https:\/\/kirchehundwil.ch\/wp-content\/uploads\/2024\/06\/Glocke-4-IMG_7262.heic\" alt=\"\" class=\"wp-image-7774\"\/><\/a><\/figure>\n<\/figure>\n\n\n\n<h2 class=\"wp-block-heading\">Menschenverachtende Revolutionen und die Glocken<\/h2>\n\n\n\n<p>Diese frohe Botschaft des Auferstandenen war mit ein Grund, dass in den menschenverachtenden Revolutionen und Diktaturen der vergangenen Jahrhunderte die Glocken h\u00e4ufig weniger wurden oder ganz verstummten. Mit ihnen verstummten meistens auch die Fr\u00f6hlichkeit und Dankbarkeit der Menschen.&nbsp;<\/p>\n\n\n\n<p>Gott sei Dank gliedern bei uns bis heute die Kirchenglocken mit ihrem regelm\u00e4ssigen Schlag den Tag, k\u00fcnden vom Tod eines Gemeindeglieds, rufen uns zum gemeinsamen Gebet und Gottesdienst und l\u00e4uten noch immer die Siegesbotschaft Christi in die L\u00fcfte. Er \u2013 das Lamm Gottes \u2013 ist zu uns auf die Erde gekommen, hat unsere S\u00fcnde auf sich geladen und den Tod besiegt, ER ist Auferstanden \u2013 und ist uns so zum Bruder und Retter geworden.<\/p>\n\n\n\n<p>Emmanuel!&nbsp;&nbsp;&nbsp;Gott mit uns!<\/p>\n\n\n\n<div class=\"wp-block-media-text is-stacked-on-mobile\"><figure class=\"wp-block-media-text__media\"><img loading=\"lazy\" decoding=\"async\" width=\"579\" height=\"1024\" src=\"https:\/\/kirchehundwil.ch\/wp-content\/uploads\/2024\/06\/Kirche-Aussenansicht-579x1024.png\" alt=\"\" class=\"wp-image-7775 size-full\" srcset=\"https:\/\/kirchehundwil.ch\/wp-content\/uploads\/2024\/06\/Kirche-Aussenansicht-579x1024.png 579w, https:\/\/kirchehundwil.ch\/wp-content\/uploads\/2024\/06\/Kirche-Aussenansicht-170x300.png 170w, https:\/\/kirchehundwil.ch\/wp-content\/uploads\/2024\/06\/Kirche-Aussenansicht.png 622w\" sizes=\"auto, (max-width: 579px) 100vw, 579px\" \/><\/figure><div class=\"wp-block-media-text__content\">\n<p><strong>Alles hat seine Zeit,&nbsp;<\/strong><\/p>\n\n\n\n<p>und jedes Vorhaben unter dem Himmel hat seine Zeit.&nbsp;<\/p>\n\n\n\n<p>Geborenwerden hat seine Zeit, und Sterben hat seine Zeit; Pflanzen hat seine Zeit, und Ausrei\u00dfen des Gepflanzten hat seine Zeit;&nbsp;T\u00f6ten hat seine Zeit, und&nbsp;Heilen hat seine Zeit;&nbsp;Abbrechen hat seine Zeit,&nbsp;und Bauen hat seine Zeit;&nbsp;Weinen hat seine Zeit,&nbsp;und Lachen hat seine Zeit;&nbsp;Klagen hat seine Zeit,&nbsp;und Tanzen hat&nbsp;seine Zeit;&nbsp;Steinewerfen hat&nbsp;seine Zeit, und&nbsp;Steinesammeln hat&nbsp;seine Zeit;&nbsp;Umarmen hat&nbsp;seine Zeit,&nbsp;und vom Umarmen&nbsp;Fernbleiben hat&nbsp;seine Zeit;&nbsp;Suchen hat&nbsp;seine Zeit,&nbsp;und Verlieren hat&nbsp;seine Zeit;&nbsp;Aufbewahren hat&nbsp;seine Zeit,&nbsp;und Fortwerfen hat seine Zeit; Zerrei\u00dfen hat seine Zeit, und N\u00e4hen hat seine Zeit; Schweigen hat seine Zeit, und Reden hat seine Zeit;&nbsp;Lieben hat seine Zeit, und Hassen hat seine Zeit;&nbsp;Krieg hat seine Zeit, und Frieden hat seine Zeit. <\/p>\n\n\n\n<p><strong>Was f\u00fcr einen Gewinn hat der Schaffende bei dem, womit er sich abm\u00fcht?&nbsp;<\/strong><\/p>\n\n\n\n<p>Ich habe die Besch\u00e4ftigung gesehen, die Gott den Menschenkindern gegeben hat, sich damit abzuplagen. Alles hat er sch\u00f6n gemacht&nbsp;zu seiner Zeit;&nbsp;auch hat er die Ewigkeit in ihr Herz gelegt,&nbsp;ohne dass der Mensch das Werk, das Gott gewirkt hat, von Anfang bis Ende zu erfassen vermag.<\/p>\n\n\n\n<p>Prediger 3, 1-11<\/p>\n\n\n\n<p><br><\/p>\n<\/div><\/div>\n","protected":false},"excerpt":{"rendered":"<p>\u00abMeine Zeit steht in deinen H\u00e4nden\u00bb&nbsp;&nbsp;&nbsp;&nbsp;&nbsp;Prediger 3,16 Die Glocken verk\u00fcnden den Sieg des Auferstandenen \u201eWenn das Zeichen ert\u00f6nt, dass man sich versammeln soll, soll niemand zur\u00fcckbleiben.\u201c So hat es der christliche Einsiedler und Klostergr\u00fcnder Pachomius in seiner Klosterregel 318 n. &hellip; <a href=\"https:\/\/kirchehundwil.ch\/?page_id=7770\">Weiterlesen <span class=\"meta-nav\">&rarr;<\/span><\/a><\/p>\n","protected":false},"author":1,"featured_media":0,"parent":0,"menu_order":0,"comment_status":"closed","ping_status":"closed","template":"","meta":{"footnotes":""},"class_list":["post-7770","page","type-page","status-publish","hentry"],"_links":{"self":[{"href":"https:\/\/kirchehundwil.ch\/index.php?rest_route=\/wp\/v2\/pages\/7770","targetHints":{"allow":["GET"]}}],"collection":[{"href":"https:\/\/kirchehundwil.ch\/index.php?rest_route=\/wp\/v2\/pages"}],"about":[{"href":"https:\/\/kirchehundwil.ch\/index.php?rest_route=\/wp\/v2\/types\/page"}],"author":[{"embeddable":true,"href":"https:\/\/kirchehundwil.ch\/index.php?rest_route=\/wp\/v2\/users\/1"}],"replies":[{"embeddable":true,"href":"https:\/\/kirchehundwil.ch\/index.php?rest_route=%2Fwp%2Fv2%2Fcomments&post=7770"}],"version-history":[{"count":2,"href":"https:\/\/kirchehundwil.ch\/index.php?rest_route=\/wp\/v2\/pages\/7770\/revisions"}],"predecessor-version":[{"id":7784,"href":"https:\/\/kirchehundwil.ch\/index.php?rest_route=\/wp\/v2\/pages\/7770\/revisions\/7784"}],"wp:attachment":[{"href":"https:\/\/kirchehundwil.ch\/index.php?rest_route=%2Fwp%2Fv2%2Fmedia&parent=7770"}],"curies":[{"name":"wp","href":"https:\/\/api.w.org\/{rel}","templated":true}]}}