{"id":7777,"date":"2024-06-08T14:16:32","date_gmt":"2024-06-08T12:16:32","guid":{"rendered":"https:\/\/kirchehundwil.ch\/?page_id=7777"},"modified":"2024-06-14T13:22:03","modified_gmt":"2024-06-14T11:22:03","slug":"10-die-bedeutung-der-glocken","status":"publish","type":"page","link":"https:\/\/kirchehundwil.ch\/?page_id=7777","title":{"rendered":"10 Die Bedeutung der Glocken"},"content":{"rendered":"\n<h2 class=\"wp-block-heading\">Die Kirchenglocken erinnern uns daran &#8211; alles hat seine Zeit<\/h2>\n\n\n\n<p class=\"has-text-color has-link-color wp-elements-3c15d65aced4b5647c9eb7bf7c6b1446\" style=\"color:#0a3cee\">\u00abNachdem nun Gott die Zeiten der Unwissenheit \u00fcbersehen hat, gebietet er jetzt allen Menschen, dass sie alle \u00fcberall umkehren sollen, weil er einen Tag festgesetzt hat, an dem er den Erdkreis richten wird in Gerechtigkeit \u2026 \u00bb&nbsp;&nbsp;&nbsp;&nbsp;&nbsp;&nbsp;&nbsp;&nbsp;&nbsp;&nbsp;&nbsp;&nbsp;&nbsp;&nbsp;Apostelgeschichte 17,30+31<\/p>\n\n\n\n<p><strong>Die Kirchenglocken erinnern uns daran \u2013 alles hat seine Zeit&nbsp;&nbsp;&nbsp;&nbsp;&nbsp;&nbsp;&nbsp;&nbsp;&nbsp;&nbsp;&nbsp;&nbsp;<\/strong><\/p>\n\n\n\n<p>Zu jeder Viertelstunde schl\u00e4gt die Kirchenglocke und erinnert uns daran, was K\u00f6nig Salomo vor 3000 Jahren in Worte gefasst hat:&nbsp;\u201eAlles hat seine Zeit.\u201c&nbsp;<\/p>\n\n\n\n<p>Nicht ewige Wiederkehr, nicht gleichf\u00f6rmige Fortentwicklung, sondern Gott hat im Anfang Himmel und Erde geschaffen, so sagt es uns Gottes Wort.&nbsp;Der Sch\u00f6pfer schafft und erh\u00e4lt alles Leben und gibt jedem und allem seine Zeit, bis er am Ende \u00fcber alles Gewesene sein gerechtes Urteil spricht. Die Welt hat einen Anfang und sie wird ein Ende haben. Ebenso auch wir.<\/p>\n\n\n\n<p>\u201e<strong>Was war vorher?<\/strong>\u201c \u201e<strong>Was wird nachher sein?<\/strong>\u201c \u201e<strong>Wozu ist uns die Zeit hier auf Erden gegeben?<\/strong>\u201c-<\/p>\n\n\n\n<p>Auf diese grossen Fragen haben seit Menschengedenken verschiedene weltliche und religi\u00f6se Lehrer, Theoretiker und Philosophen zu antworten versucht. Viele haben sich geirrt und haben auch andere in die Irre gef\u00fchrt. Viele sind schon lange wieder vergessen. Das Wort Gottes aber leuchtet seit Jahrtausenden einfachen und gelehrten Menschen auf dem Weg zum Leben.<\/p>\n\n\n\n<figure class=\"wp-block-image size-full\"><a href=\"https:\/\/kirchehundwil.ch\/wp-content\/uploads\/2024\/06\/Glocke-2-IMG_7175.heic\"><img decoding=\"async\" src=\"https:\/\/kirchehundwil.ch\/wp-content\/uploads\/2024\/06\/Glocke-2-IMG_7175.heic\" alt=\"\" class=\"wp-image-7778\"\/><\/a><\/figure>\n\n\n\n<p>Selig sind, die Gottes Wort h\u00f6ren und bewahren.<\/p>\n","protected":false},"excerpt":{"rendered":"<p>Die Kirchenglocken erinnern uns daran &#8211; alles hat seine Zeit \u00abNachdem nun Gott die Zeiten der Unwissenheit \u00fcbersehen hat, gebietet er jetzt allen Menschen, dass sie alle \u00fcberall umkehren sollen, weil er einen Tag festgesetzt hat, an dem er den &hellip; <a href=\"https:\/\/kirchehundwil.ch\/?page_id=7777\">Weiterlesen <span class=\"meta-nav\">&rarr;<\/span><\/a><\/p>\n","protected":false},"author":1,"featured_media":0,"parent":0,"menu_order":0,"comment_status":"closed","ping_status":"closed","template":"","meta":{"footnotes":""},"class_list":["post-7777","page","type-page","status-publish","hentry"],"_links":{"self":[{"href":"https:\/\/kirchehundwil.ch\/index.php?rest_route=\/wp\/v2\/pages\/7777","targetHints":{"allow":["GET"]}}],"collection":[{"href":"https:\/\/kirchehundwil.ch\/index.php?rest_route=\/wp\/v2\/pages"}],"about":[{"href":"https:\/\/kirchehundwil.ch\/index.php?rest_route=\/wp\/v2\/types\/page"}],"author":[{"embeddable":true,"href":"https:\/\/kirchehundwil.ch\/index.php?rest_route=\/wp\/v2\/users\/1"}],"replies":[{"embeddable":true,"href":"https:\/\/kirchehundwil.ch\/index.php?rest_route=%2Fwp%2Fv2%2Fcomments&post=7777"}],"version-history":[{"count":2,"href":"https:\/\/kirchehundwil.ch\/index.php?rest_route=\/wp\/v2\/pages\/7777\/revisions"}],"predecessor-version":[{"id":7823,"href":"https:\/\/kirchehundwil.ch\/index.php?rest_route=\/wp\/v2\/pages\/7777\/revisions\/7823"}],"wp:attachment":[{"href":"https:\/\/kirchehundwil.ch\/index.php?rest_route=%2Fwp%2Fv2%2Fmedia&parent=7777"}],"curies":[{"name":"wp","href":"https:\/\/api.w.org\/{rel}","templated":true}]}}