{"id":7881,"date":"2024-07-15T22:15:50","date_gmt":"2024-07-15T20:15:50","guid":{"rendered":"https:\/\/kirchehundwil.ch\/?page_id=7881"},"modified":"2024-10-05T20:11:34","modified_gmt":"2024-10-05T18:11:34","slug":"erntedank-vom-29-september-2024-und-gaben","status":"publish","type":"page","link":"https:\/\/kirchehundwil.ch\/?page_id=7881","title":{"rendered":"R\u00fcckblick Erntedank vom 29. September 2024"},"content":{"rendered":"\n<p><strong>Erntedank vom Sonntag, 29. September 2024<\/strong><\/p>\n\n\n\n<p>Am Sonntag, 29. September 2024, 10.30 Uhr feierten wir im Familiengottesdienst den Erntedank, vom Jugendch\u00f6rli und den Sch\u00fclern des Religionsunterrichts mit frohem Gesang begleitet. Anschliessend gab es Wurst und Brot f\u00fcr Gross und Klein. Beim sch\u00f6n und reich angerichteten Gabentisch konnte sich jeder bedienen.<\/p>\n\n\n\n<figure class=\"wp-block-image size-full\"><a href=\"https:\/\/kirchehundwil.ch\/wp-content\/uploads\/2024\/10\/IMG_8824-1.heic\"><img decoding=\"async\" src=\"https:\/\/kirchehundwil.ch\/wp-content\/uploads\/2024\/10\/IMG_8824-1.heic\" alt=\"\" class=\"wp-image-8051\"\/><\/a><\/figure>\n\n\n\n<p><strong>What a morning!<\/strong><\/p>\n\n\n\n<p>What a morning! Was f\u00fcr ein Morgen! Hatte unser Organist Robert Jud gewusst, dass nach den vielen kalten Regentagen uns ganz \u00fcberraschend ein solcher Tag begr\u00fcssen w\u00fcrde &#8211; (und es nachher wieder nass und kalt w\u00fcrde)? Jedenfalls w\u00e4hlte er als erstes  Lied absolut zutreffen den Spiritual &#8220; What a morning&#8220;. <\/p>\n\n\n\n<figure class=\"wp-block-gallery has-nested-images columns-default is-cropped wp-block-gallery-1 is-layout-flex wp-block-gallery-is-layout-flex\">\n<figure class=\"wp-block-image size-large\"><a href=\"https:\/\/kirchehundwil.ch\/wp-content\/uploads\/2024\/10\/IMG_8798.heic\"><img decoding=\"async\" data-id=\"8027\" src=\"https:\/\/kirchehundwil.ch\/wp-content\/uploads\/2024\/10\/IMG_8798.heic\" alt=\"\" class=\"wp-image-8027\"\/><\/a><\/figure>\n\n\n\n<figure class=\"wp-block-image size-large\"><a href=\"https:\/\/kirchehundwil.ch\/wp-content\/uploads\/2024\/10\/IMG_8805.heic\"><img decoding=\"async\" data-id=\"8029\" src=\"https:\/\/kirchehundwil.ch\/wp-content\/uploads\/2024\/10\/IMG_8805.heic\" alt=\"\" class=\"wp-image-8029\"\/><\/a><\/figure>\n<\/figure>\n\n\n\n<p>Die Kinder vom Jugendch\u00f6rli geh\u00f6rten zu den Ersten.<\/p>\n\n\n\n<figure class=\"wp-block-gallery has-nested-images columns-default is-cropped wp-block-gallery-2 is-layout-flex wp-block-gallery-is-layout-flex\">\n<figure class=\"wp-block-image size-large\"><a href=\"https:\/\/kirchehundwil.ch\/wp-content\/uploads\/2024\/10\/IMG_8807-1.heic\"><img decoding=\"async\" data-id=\"8030\" src=\"https:\/\/kirchehundwil.ch\/wp-content\/uploads\/2024\/10\/IMG_8807-1.heic\" alt=\"\" class=\"wp-image-8030\"\/><\/a><\/figure>\n\n\n\n<figure class=\"wp-block-image size-large\"><a href=\"https:\/\/kirchehundwil.ch\/wp-content\/uploads\/2024\/10\/IMG_8810-1.heic\"><img decoding=\"async\" data-id=\"8031\" src=\"https:\/\/kirchehundwil.ch\/wp-content\/uploads\/2024\/10\/IMG_8810-1.heic\" alt=\"\" class=\"wp-image-8031\"\/><\/a><\/figure>\n<\/figure>\n\n\n\n<p>Jugendch\u00f6rli und die Kinder vom Religionsunterricht umrahmten den Dankgottesdienst festlich mit ihrem frohen Gesang.<\/p>\n\n\n\n<figure class=\"wp-block-gallery has-nested-images columns-default is-cropped wp-block-gallery-3 is-layout-flex wp-block-gallery-is-layout-flex\">\n<figure class=\"wp-block-image size-large\"><a href=\"https:\/\/kirchehundwil.ch\/wp-content\/uploads\/2024\/10\/IMG_8815.heic\"><img decoding=\"async\" data-id=\"8032\" src=\"https:\/\/kirchehundwil.ch\/wp-content\/uploads\/2024\/10\/IMG_8815.heic\" alt=\"\" class=\"wp-image-8032\"\/><\/a><\/figure>\n\n\n\n<figure class=\"wp-block-image size-large\"><a href=\"https:\/\/kirchehundwil.ch\/wp-content\/uploads\/2024\/10\/IMG_8816.heic\"><img decoding=\"async\" data-id=\"8036\" src=\"https:\/\/kirchehundwil.ch\/wp-content\/uploads\/2024\/10\/IMG_8816.heic\" alt=\"\" class=\"wp-image-8036\"\/><\/a><\/figure>\n\n\n\n<figure class=\"wp-block-image size-large\"><a href=\"https:\/\/kirchehundwil.ch\/wp-content\/uploads\/2024\/10\/IMG_8818.heic\"><img decoding=\"async\" data-id=\"8033\" src=\"https:\/\/kirchehundwil.ch\/wp-content\/uploads\/2024\/10\/IMG_8818.heic\" alt=\"\" class=\"wp-image-8033\"\/><\/a><\/figure>\n\n\n\n<figure class=\"wp-block-image size-large\"><a href=\"https:\/\/kirchehundwil.ch\/wp-content\/uploads\/2024\/10\/IMG_8821.heic\"><img decoding=\"async\" data-id=\"8034\" src=\"https:\/\/kirchehundwil.ch\/wp-content\/uploads\/2024\/10\/IMG_8821.heic\" alt=\"\" class=\"wp-image-8034\"\/><\/a><\/figure>\n\n\n\n<figure class=\"wp-block-image size-large\"><a href=\"https:\/\/kirchehundwil.ch\/wp-content\/uploads\/2024\/10\/IMG_8822.heic\"><img decoding=\"async\" data-id=\"8035\" src=\"https:\/\/kirchehundwil.ch\/wp-content\/uploads\/2024\/10\/IMG_8822.heic\" alt=\"\" class=\"wp-image-8035\"\/><\/a><\/figure>\n<\/figure>\n\n\n\n<p>Der Pfarrer erinnerte uns an den Auszug der leider auch murrenden Kinder Israels aus der leidvollen Knechtschaft in \u00c4gypten. Jeden Tag wurden sie versorgt. Brot aus dem Himmel gab er ihnen zu essen. Wer viel gesammelt hatte, der hatte keinen \u00dcberfluss &#8211; und wer wenig gesammelt hatte, der hatte keinen Mangel. Und am sechsten Tag schenkte er doppelt soviel. Am Sabbat aber sollten sie nicht hinausgehen und sammeln. Sie w\u00fcrden nichts finden. Es war der Ruhetag des HERRN.<\/p>\n\n\n\n<p>Schon am Abend zuvor hatten die Damen der Kirchenvorsteherschaft den Gabentisch mit den Fr\u00fcchten aus Feld, Garten, Stall und Backofen unter den Blicken der staunenden Kinderaugen liebevoll aufgebaut, arrangiert und geschm\u00fcckt. Sie hatten viel gesammelt, gepfl\u00fcckt, gebacken und eingemacht.<\/p>\n\n\n\n<figure class=\"wp-block-gallery has-nested-images columns-default is-cropped wp-block-gallery-4 is-layout-flex wp-block-gallery-is-layout-flex\">\n<figure class=\"wp-block-image size-large\"><a href=\"https:\/\/kirchehundwil.ch\/wp-content\/uploads\/2024\/10\/IMG_8781.heic\"><img decoding=\"async\" data-id=\"8037\" src=\"https:\/\/kirchehundwil.ch\/wp-content\/uploads\/2024\/10\/IMG_8781.heic\" alt=\"\" class=\"wp-image-8037\"\/><\/a><\/figure>\n\n\n\n<figure class=\"wp-block-image size-large\"><a href=\"https:\/\/kirchehundwil.ch\/wp-content\/uploads\/2024\/10\/IMG_8784.heic\"><img decoding=\"async\" data-id=\"8039\" src=\"https:\/\/kirchehundwil.ch\/wp-content\/uploads\/2024\/10\/IMG_8784.heic\" alt=\"\" class=\"wp-image-8039\"\/><\/a><\/figure>\n\n\n\n<figure class=\"wp-block-image size-large\"><a href=\"https:\/\/kirchehundwil.ch\/wp-content\/uploads\/2024\/10\/IMG_8787.heic\"><img decoding=\"async\" data-id=\"8041\" src=\"https:\/\/kirchehundwil.ch\/wp-content\/uploads\/2024\/10\/IMG_8787.heic\" alt=\"\" class=\"wp-image-8041\"\/><\/a><\/figure>\n\n\n\n<figure class=\"wp-block-image size-large\"><a href=\"https:\/\/kirchehundwil.ch\/wp-content\/uploads\/2024\/10\/IMG_8789.heic\"><img decoding=\"async\" data-id=\"8038\" src=\"https:\/\/kirchehundwil.ch\/wp-content\/uploads\/2024\/10\/IMG_8789.heic\" alt=\"\" class=\"wp-image-8038\"\/><\/a><\/figure>\n\n\n\n<figure class=\"wp-block-image size-large\"><a href=\"https:\/\/kirchehundwil.ch\/wp-content\/uploads\/2024\/10\/IMG_8792.heic\"><img decoding=\"async\" data-id=\"8040\" src=\"https:\/\/kirchehundwil.ch\/wp-content\/uploads\/2024\/10\/IMG_8792.heic\" alt=\"\" class=\"wp-image-8040\"\/><\/a><\/figure>\n<\/figure>\n\n\n\n<p>Herzlichen Dank allen helfenden und gebenden H\u00e4nden! Gott sei Dank f\u00fcr jede gute Gabe. Es wurde dann auch dankbar und froh zugegriffen.<\/p>\n\n\n\n<figure class=\"wp-block-gallery has-nested-images columns-default is-cropped wp-block-gallery-5 is-layout-flex wp-block-gallery-is-layout-flex\">\n<figure class=\"wp-block-image size-large\"><a href=\"https:\/\/kirchehundwil.ch\/wp-content\/uploads\/2024\/10\/IMG_8823.heic\"><img decoding=\"async\" data-id=\"8044\" src=\"https:\/\/kirchehundwil.ch\/wp-content\/uploads\/2024\/10\/IMG_8823.heic\" alt=\"\" class=\"wp-image-8044\"\/><\/a><\/figure>\n\n\n\n<figure class=\"wp-block-image size-large\"><a href=\"https:\/\/kirchehundwil.ch\/wp-content\/uploads\/2024\/10\/IMG_8824.heic\"><img decoding=\"async\" data-id=\"8049\" src=\"https:\/\/kirchehundwil.ch\/wp-content\/uploads\/2024\/10\/IMG_8824.heic\" alt=\"\" class=\"wp-image-8049\"\/><\/a><\/figure>\n\n\n\n<figure class=\"wp-block-image size-large\"><a href=\"https:\/\/kirchehundwil.ch\/wp-content\/uploads\/2024\/10\/IMG_8825.heic\"><img decoding=\"async\" data-id=\"8050\" src=\"https:\/\/kirchehundwil.ch\/wp-content\/uploads\/2024\/10\/IMG_8825.heic\" alt=\"\" class=\"wp-image-8050\"\/><\/a><\/figure>\n\n\n\n<figure class=\"wp-block-image size-large\"><a href=\"https:\/\/kirchehundwil.ch\/wp-content\/uploads\/2024\/10\/IMG_8826.heic\"><img decoding=\"async\" data-id=\"8046\" src=\"https:\/\/kirchehundwil.ch\/wp-content\/uploads\/2024\/10\/IMG_8826.heic\" alt=\"\" class=\"wp-image-8046\"\/><\/a><\/figure>\n\n\n\n<figure class=\"wp-block-image size-large\"><a href=\"https:\/\/kirchehundwil.ch\/wp-content\/uploads\/2024\/10\/IMG_8827.heic\"><img decoding=\"async\" data-id=\"8047\" src=\"https:\/\/kirchehundwil.ch\/wp-content\/uploads\/2024\/10\/IMG_8827.heic\" alt=\"\" class=\"wp-image-8047\"\/><\/a><\/figure>\n\n\n\n<figure class=\"wp-block-image size-large\"><a href=\"https:\/\/kirchehundwil.ch\/wp-content\/uploads\/2024\/10\/IMG_8828.heic\"><img decoding=\"async\" data-id=\"8045\" src=\"https:\/\/kirchehundwil.ch\/wp-content\/uploads\/2024\/10\/IMG_8828.heic\" alt=\"\" class=\"wp-image-8045\"\/><\/a><\/figure>\n\n\n\n<figure class=\"wp-block-image size-large\"><a href=\"https:\/\/kirchehundwil.ch\/wp-content\/uploads\/2024\/10\/IMG_8829.heic\"><img decoding=\"async\" data-id=\"8048\" src=\"https:\/\/kirchehundwil.ch\/wp-content\/uploads\/2024\/10\/IMG_8829.heic\" alt=\"\" class=\"wp-image-8048\"\/><\/a><\/figure>\n<\/figure>\n","protected":false},"excerpt":{"rendered":"<p>Erntedank vom Sonntag, 29. September 2024 Am Sonntag, 29. September 2024, 10.30 Uhr feierten wir im Familiengottesdienst den Erntedank, vom Jugendch\u00f6rli und den Sch\u00fclern des Religionsunterrichts mit frohem Gesang begleitet. Anschliessend gab es Wurst und Brot f\u00fcr Gross und Klein. &hellip; <a href=\"https:\/\/kirchehundwil.ch\/?page_id=7881\">Weiterlesen <span class=\"meta-nav\">&rarr;<\/span><\/a><\/p>\n","protected":false},"author":1,"featured_media":0,"parent":0,"menu_order":0,"comment_status":"closed","ping_status":"closed","template":"","meta":{"footnotes":""},"class_list":["post-7881","page","type-page","status-publish","hentry"],"_links":{"self":[{"href":"https:\/\/kirchehundwil.ch\/index.php?rest_route=\/wp\/v2\/pages\/7881","targetHints":{"allow":["GET"]}}],"collection":[{"href":"https:\/\/kirchehundwil.ch\/index.php?rest_route=\/wp\/v2\/pages"}],"about":[{"href":"https:\/\/kirchehundwil.ch\/index.php?rest_route=\/wp\/v2\/types\/page"}],"author":[{"embeddable":true,"href":"https:\/\/kirchehundwil.ch\/index.php?rest_route=\/wp\/v2\/users\/1"}],"replies":[{"embeddable":true,"href":"https:\/\/kirchehundwil.ch\/index.php?rest_route=%2Fwp%2Fv2%2Fcomments&post=7881"}],"version-history":[{"count":8,"href":"https:\/\/kirchehundwil.ch\/index.php?rest_route=\/wp\/v2\/pages\/7881\/revisions"}],"predecessor-version":[{"id":8057,"href":"https:\/\/kirchehundwil.ch\/index.php?rest_route=\/wp\/v2\/pages\/7881\/revisions\/8057"}],"wp:attachment":[{"href":"https:\/\/kirchehundwil.ch\/index.php?rest_route=%2Fwp%2Fv2%2Fmedia&parent=7881"}],"curies":[{"name":"wp","href":"https:\/\/api.w.org\/{rel}","templated":true}]}}