{"id":7886,"date":"2024-07-15T22:32:22","date_gmt":"2024-07-15T20:32:22","guid":{"rendered":"https:\/\/kirchehundwil.ch\/?page_id=7886"},"modified":"2024-09-07T20:12:40","modified_gmt":"2024-09-07T18:12:40","slug":"familiengottesdienst-zum-schulanfang-11-august-2024-begruessung-der-neuen-konfirmanden","status":"publish","type":"page","link":"https:\/\/kirchehundwil.ch\/?page_id=7886","title":{"rendered":"Familiengottesdienst zum Schulanfang 11. August 2024 &#8211; Begr\u00fcssung der neuen Konfirmanden &#8211; R\u00fcckblick"},"content":{"rendered":"\n<p><strong>Am Sonntag, 11. August 2023, um 9.30 Uhr begr\u00fcssten wir beim Festgottesdienst in der Kirche Hundwil die neuen Konfirmanden<\/strong>, die am Palmsonntag, 13. April 2025 konfirmiert werden.<\/p>\n\n\n\n<p>Es sind dies: S\u00e4mi Holderegger, Halden; Armin &amp; S\u00e4mi J\u00e4ger, L\u00e4bel; Fabian Nef, St\u00e4g.&nbsp;<\/p>\n\n\n\n<figure class=\"wp-block-image size-full\"><a href=\"https:\/\/kirchehundwil.ch\/wp-content\/uploads\/2024\/05\/IMG_7515.heic\"><img decoding=\"async\" src=\"https:\/\/kirchehundwil.ch\/wp-content\/uploads\/2024\/05\/IMG_7515.heic\" alt=\"\" class=\"wp-image-7616\"\/><\/a><\/figure>\n","protected":false},"excerpt":{"rendered":"<p>Am Sonntag, 11. August 2023, um 9.30 Uhr begr\u00fcssten wir beim Festgottesdienst in der Kirche Hundwil die neuen Konfirmanden, die am Palmsonntag, 13. April 2025 konfirmiert werden. Es sind dies: S\u00e4mi Holderegger, Halden; Armin &amp; S\u00e4mi J\u00e4ger, L\u00e4bel; Fabian Nef, &hellip; <a href=\"https:\/\/kirchehundwil.ch\/?page_id=7886\">Weiterlesen <span class=\"meta-nav\">&rarr;<\/span><\/a><\/p>\n","protected":false},"author":1,"featured_media":0,"parent":0,"menu_order":0,"comment_status":"closed","ping_status":"closed","template":"","meta":{"footnotes":""},"class_list":["post-7886","page","type-page","status-publish","hentry"],"_links":{"self":[{"href":"https:\/\/kirchehundwil.ch\/index.php?rest_route=\/wp\/v2\/pages\/7886","targetHints":{"allow":["GET"]}}],"collection":[{"href":"https:\/\/kirchehundwil.ch\/index.php?rest_route=\/wp\/v2\/pages"}],"about":[{"href":"https:\/\/kirchehundwil.ch\/index.php?rest_route=\/wp\/v2\/types\/page"}],"author":[{"embeddable":true,"href":"https:\/\/kirchehundwil.ch\/index.php?rest_route=\/wp\/v2\/users\/1"}],"replies":[{"embeddable":true,"href":"https:\/\/kirchehundwil.ch\/index.php?rest_route=%2Fwp%2Fv2%2Fcomments&post=7886"}],"version-history":[{"count":2,"href":"https:\/\/kirchehundwil.ch\/index.php?rest_route=\/wp\/v2\/pages\/7886\/revisions"}],"predecessor-version":[{"id":8001,"href":"https:\/\/kirchehundwil.ch\/index.php?rest_route=\/wp\/v2\/pages\/7886\/revisions\/8001"}],"wp:attachment":[{"href":"https:\/\/kirchehundwil.ch\/index.php?rest_route=%2Fwp%2Fv2%2Fmedia&parent=7886"}],"curies":[{"name":"wp","href":"https:\/\/api.w.org\/{rel}","templated":true}]}}