{"id":8100,"date":"2024-10-12T16:58:57","date_gmt":"2024-10-12T14:58:57","guid":{"rendered":"https:\/\/kirchehundwil.ch\/?page_id=8100"},"modified":"2025-11-01T21:41:22","modified_gmt":"2025-11-01T20:41:22","slug":"seniorennachmittag-vom-7-november-2024-im-roessli","status":"publish","type":"page","link":"https:\/\/kirchehundwil.ch\/?page_id=8100","title":{"rendered":"Seniorennachmittag 30. Oktober 2025 im H\u00f6rnli"},"content":{"rendered":"\n<h2 class=\"wp-block-heading\">&#8222;Ueli der P\u00e4chter&#8220; &#8211; Teil 2 &#8211; im H\u00f6rnli<\/h2>\n\n\n\n<p>Eine sch\u00f6ne Schar Hondwiler und einige neue Gesichter aus der Region genossen am Donnerstag, 30. Oktober den Film &#8222;Ueli der P\u00e4chter&#8220; und den anschliessenden Zvieri im &#8222;H\u00f6rnli&#8220;. Daran konnte auch eine kleine Panne nichts \u00e4ndern. Dann wurde froh zur Handorgel von Therese in einige Appenzeller Lieder eingestimmt. <\/p>\n\n\n\n<figure class=\"wp-block-image size-full\"><a href=\"https:\/\/kirchehundwil.ch\/wp-content\/uploads\/2025\/04\/20250422-Ueli-der-Knecht.png\"><img loading=\"lazy\" decoding=\"async\" width=\"354\" height=\"235\" src=\"https:\/\/kirchehundwil.ch\/wp-content\/uploads\/2025\/04\/20250422-Ueli-der-Knecht.png\" alt=\"\" class=\"wp-image-8498\" srcset=\"https:\/\/kirchehundwil.ch\/wp-content\/uploads\/2025\/04\/20250422-Ueli-der-Knecht.png 354w, https:\/\/kirchehundwil.ch\/wp-content\/uploads\/2025\/04\/20250422-Ueli-der-Knecht-300x199.png 300w\" sizes=\"auto, (max-width: 354px) 100vw, 354px\" \/><\/a><\/figure>\n\n\n\n<figure class=\"wp-block-image size-full is-resized\"><a href=\"https:\/\/kirchehundwil.ch\/wp-content\/uploads\/2025\/03\/20250313-Rest-Hoernli.jpeg\"><img loading=\"lazy\" decoding=\"async\" width=\"653\" height=\"355\" src=\"https:\/\/kirchehundwil.ch\/wp-content\/uploads\/2025\/03\/20250313-Rest-Hoernli.jpeg\" alt=\"\" class=\"wp-image-8381\" style=\"width:352px;height:auto\" srcset=\"https:\/\/kirchehundwil.ch\/wp-content\/uploads\/2025\/03\/20250313-Rest-Hoernli.jpeg 653w, https:\/\/kirchehundwil.ch\/wp-content\/uploads\/2025\/03\/20250313-Rest-Hoernli-300x163.jpeg 300w\" sizes=\"auto, (max-width: 653px) 100vw, 653px\" \/><\/a><\/figure>\n\n\n\n<p><\/p>\n","protected":false},"excerpt":{"rendered":"<p>&#8222;Ueli der P\u00e4chter&#8220; &#8211; Teil 2 &#8211; im H\u00f6rnli Eine sch\u00f6ne Schar Hondwiler und einige neue Gesichter aus der Region genossen am Donnerstag, 30. Oktober den Film &#8222;Ueli der P\u00e4chter&#8220; und den anschliessenden Zvieri im &#8222;H\u00f6rnli&#8220;. Daran konnte auch eine &hellip; <a href=\"https:\/\/kirchehundwil.ch\/?page_id=8100\">Weiterlesen <span class=\"meta-nav\">&rarr;<\/span><\/a><\/p>\n","protected":false},"author":1,"featured_media":0,"parent":0,"menu_order":0,"comment_status":"closed","ping_status":"closed","template":"","meta":{"footnotes":""},"class_list":["post-8100","page","type-page","status-publish","hentry"],"_links":{"self":[{"href":"https:\/\/kirchehundwil.ch\/index.php?rest_route=\/wp\/v2\/pages\/8100","targetHints":{"allow":["GET"]}}],"collection":[{"href":"https:\/\/kirchehundwil.ch\/index.php?rest_route=\/wp\/v2\/pages"}],"about":[{"href":"https:\/\/kirchehundwil.ch\/index.php?rest_route=\/wp\/v2\/types\/page"}],"author":[{"embeddable":true,"href":"https:\/\/kirchehundwil.ch\/index.php?rest_route=\/wp\/v2\/users\/1"}],"replies":[{"embeddable":true,"href":"https:\/\/kirchehundwil.ch\/index.php?rest_route=%2Fwp%2Fv2%2Fcomments&post=8100"}],"version-history":[{"count":12,"href":"https:\/\/kirchehundwil.ch\/index.php?rest_route=\/wp\/v2\/pages\/8100\/revisions"}],"predecessor-version":[{"id":8950,"href":"https:\/\/kirchehundwil.ch\/index.php?rest_route=\/wp\/v2\/pages\/8100\/revisions\/8950"}],"wp:attachment":[{"href":"https:\/\/kirchehundwil.ch\/index.php?rest_route=%2Fwp%2Fv2%2Fmedia&parent=8100"}],"curies":[{"name":"wp","href":"https:\/\/api.w.org\/{rel}","templated":true}]}}