{"id":8216,"date":"2024-12-27T09:42:11","date_gmt":"2024-12-27T08:42:11","guid":{"rendered":"https:\/\/kirchehundwil.ch\/?page_id=8216"},"modified":"2024-12-27T10:15:04","modified_gmt":"2024-12-27T09:15:04","slug":"rueckblick-sonntagsschulweihnacht-2024","status":"publish","type":"page","link":"https:\/\/kirchehundwil.ch\/?page_id=8216","title":{"rendered":"Sonntagsschulweihnacht 2024 R\u00fcckblick"},"content":{"rendered":"\n<p>Mit viel Freude, Einsatz und teilweise erstaunlichem K\u00f6nnen haben die Kinder der Sonntagsschule und des Religionsunterrichts mit ihren Helferinnen die Sonntagsschulweihnacht in Hundwil gestaltet. Die selber verfassten, gehaltvollen Texte nahmen die Zuh\u00f6rer mit in die F\u00fclle der Zeit, nach Bethlehem, wo der Christus &#8211; der Sohn Gottes, der Retter der Welt &#8211; wie Jahrhunderte zuvor angek\u00fcndigt, geboren wurde. Die Zeit war erf\u00fcllt, das Reich Gottes nahe gekommen, die Menschen sollten Busse tun und an das Evangelium glauben.<\/p>\n\n\n\n<figure class=\"wp-block-pullquote\"><blockquote><p><em>Und der Engel sprach zu ihnen: F\u00fcrchtet euch nicht, denn siehe, ich verk\u00fcndige euch gro\u00dfe Freude, die f\u00fcr das ganze Volk sein wird;&nbsp;<\/em><br><br><strong>denn euch ist heute in&nbsp;der&nbsp;Stadt Davids ein Erretter geboren, welcher ist Christus,&nbsp;der&nbsp;Herr.<\/strong><\/p><\/blockquote><\/figure>\n\n\n\n<figure class=\"wp-block-gallery has-nested-images columns-default is-cropped wp-block-gallery-1 is-layout-flex wp-block-gallery-is-layout-flex\">\n<figure class=\"wp-block-image size-large\"><a href=\"https:\/\/kirchehundwil.ch\/wp-content\/uploads\/2024\/12\/IMG_9556-3.heic\"><img decoding=\"async\" data-id=\"8217\" src=\"https:\/\/kirchehundwil.ch\/wp-content\/uploads\/2024\/12\/IMG_9556-3.heic\" alt=\"\" class=\"wp-image-8217\"\/><\/a><\/figure>\n\n\n\n<figure class=\"wp-block-image size-large\"><a href=\"https:\/\/kirchehundwil.ch\/wp-content\/uploads\/2024\/12\/IMG_9559-3.heic\"><img decoding=\"async\" data-id=\"8218\" src=\"https:\/\/kirchehundwil.ch\/wp-content\/uploads\/2024\/12\/IMG_9559-3.heic\" alt=\"\" class=\"wp-image-8218\"\/><\/a><\/figure>\n\n\n\n<figure class=\"wp-block-image size-large\"><a href=\"https:\/\/kirchehundwil.ch\/wp-content\/uploads\/2024\/12\/IMG_9579-3.heic\"><img decoding=\"async\" data-id=\"8220\" src=\"https:\/\/kirchehundwil.ch\/wp-content\/uploads\/2024\/12\/IMG_9579-3.heic\" alt=\"\" class=\"wp-image-8220\"\/><\/a><\/figure>\n<\/figure>\n\n\n\n<p>So hatte es Jesaja gut 600 Jahre vorher vorausgesagt. Das Volk, das im Finstern wandelt, hat ein gro\u00dfes Licht gesehen; die da wohnen im Land des Todesschattens, Licht hat \u00fcber ihnen geleuchtet.&nbsp;<\/p>\n\n\n\n<p>Du hast die Nation vermehrt, hast ihr&nbsp;gro\u00df gemacht&nbsp;die Freude; sie freuen sich vor dir, gleich der Freude in der Ernte, wie man frohlockt beim Verteilen der Beute.&nbsp;Denn das Joch ihrer Last und den Stab ihrer Schulter, den Stock ihres Treibers hast du zerschlagen wie am Tag Midians.&nbsp;Denn jeder Stiefel der Gestiefelten im Get\u00fcmmel, und jedes Gewand, in Blut gew\u00e4lzt, die werden zum Brand, ein Fra\u00df des Feuers.&nbsp;<\/p>\n\n\n\n<p>Denn ein Kind ist uns geboren, ein Sohn uns gegeben, und die Herrschaft ruht auf seiner Schulter. Und man nennt seinen Namen: Wunderbarer, Berater, starker Gott, Vater der Ewigkeit, Friedef\u00fcrst.&nbsp;Die Mehrung der Herrschaft und der Frieden werden kein Ende haben auf dem Thron Davids und \u00fcber sein K\u00f6nigreich, um es zu befestigen und zu st\u00fctzen durch Gericht und durch Gerechtigkeit, von nun an bis in Ewigkeit. Der Eifer des HERRN&nbsp;der Heerscharen wird dies tun. <\/p>\n\n\n\n<figure class=\"wp-block-gallery has-nested-images columns-default is-cropped wp-block-gallery-2 is-layout-flex wp-block-gallery-is-layout-flex\">\n<figure class=\"wp-block-image size-large\"><a href=\"https:\/\/kirchehundwil.ch\/wp-content\/uploads\/2024\/12\/IMG_9561-3-1.heic\"><img decoding=\"async\" data-id=\"8234\" src=\"https:\/\/kirchehundwil.ch\/wp-content\/uploads\/2024\/12\/IMG_9561-3-1.heic\" alt=\"\" class=\"wp-image-8234\"\/><\/a><\/figure>\n\n\n\n<figure class=\"wp-block-image size-large\"><a href=\"https:\/\/kirchehundwil.ch\/wp-content\/uploads\/2024\/12\/IMG_9563-3-1.heic\"><img decoding=\"async\" data-id=\"8233\" src=\"https:\/\/kirchehundwil.ch\/wp-content\/uploads\/2024\/12\/IMG_9563-3-1.heic\" alt=\"\" class=\"wp-image-8233\"\/><\/a><\/figure>\n\n\n\n<figure class=\"wp-block-image size-large\"><a href=\"https:\/\/kirchehundwil.ch\/wp-content\/uploads\/2024\/12\/IMG_9568-3-1.heic\"><img decoding=\"async\" data-id=\"8235\" src=\"https:\/\/kirchehundwil.ch\/wp-content\/uploads\/2024\/12\/IMG_9568-3-1.heic\" alt=\"\" class=\"wp-image-8235\"\/><\/a><\/figure>\n<\/figure>\n\n\n\n<figure class=\"wp-block-image size-full\"><a href=\"https:\/\/kirchehundwil.ch\/wp-content\/uploads\/2024\/12\/IMG_9585-3-Alles-Leben.heic\"><img decoding=\"async\" src=\"https:\/\/kirchehundwil.ch\/wp-content\/uploads\/2024\/12\/IMG_9585-3-Alles-Leben.heic\" alt=\"\" class=\"wp-image-8241\"\/><\/a><\/figure>\n","protected":false},"excerpt":{"rendered":"<p>Mit viel Freude, Einsatz und teilweise erstaunlichem K\u00f6nnen haben die Kinder der Sonntagsschule und des Religionsunterrichts mit ihren Helferinnen die Sonntagsschulweihnacht in Hundwil gestaltet. Die selber verfassten, gehaltvollen Texte nahmen die Zuh\u00f6rer mit in die F\u00fclle der Zeit, nach Bethlehem, &hellip; <a href=\"https:\/\/kirchehundwil.ch\/?page_id=8216\">Weiterlesen <span class=\"meta-nav\">&rarr;<\/span><\/a><\/p>\n","protected":false},"author":1,"featured_media":0,"parent":0,"menu_order":0,"comment_status":"closed","ping_status":"closed","template":"","meta":{"footnotes":""},"class_list":["post-8216","page","type-page","status-publish","hentry"],"_links":{"self":[{"href":"https:\/\/kirchehundwil.ch\/index.php?rest_route=\/wp\/v2\/pages\/8216","targetHints":{"allow":["GET"]}}],"collection":[{"href":"https:\/\/kirchehundwil.ch\/index.php?rest_route=\/wp\/v2\/pages"}],"about":[{"href":"https:\/\/kirchehundwil.ch\/index.php?rest_route=\/wp\/v2\/types\/page"}],"author":[{"embeddable":true,"href":"https:\/\/kirchehundwil.ch\/index.php?rest_route=\/wp\/v2\/users\/1"}],"replies":[{"embeddable":true,"href":"https:\/\/kirchehundwil.ch\/index.php?rest_route=%2Fwp%2Fv2%2Fcomments&post=8216"}],"version-history":[{"count":7,"href":"https:\/\/kirchehundwil.ch\/index.php?rest_route=\/wp\/v2\/pages\/8216\/revisions"}],"predecessor-version":[{"id":8242,"href":"https:\/\/kirchehundwil.ch\/index.php?rest_route=\/wp\/v2\/pages\/8216\/revisions\/8242"}],"wp:attachment":[{"href":"https:\/\/kirchehundwil.ch\/index.php?rest_route=%2Fwp%2Fv2%2Fmedia&parent=8216"}],"curies":[{"name":"wp","href":"https:\/\/api.w.org\/{rel}","templated":true}]}}