{"id":8256,"date":"2025-01-02T17:23:43","date_gmt":"2025-01-02T16:23:43","guid":{"rendered":"https:\/\/kirchehundwil.ch\/?page_id=8256"},"modified":"2025-01-02T17:28:36","modified_gmt":"2025-01-02T16:28:36","slug":"gedicht-zum-eingang-in-das-neue-jahr","status":"publish","type":"page","link":"https:\/\/kirchehundwil.ch\/?page_id=8256","title":{"rendered":"Wort zum Eingang in das neue Jahr"},"content":{"rendered":"\n<p><strong>Wort des Pfarrers<\/strong><\/p>\n\n\n\n<h2 class=\"wp-block-heading\">O meines Lebens Leben<\/h2>\n\n\n\n<p>Zum Eingang in das neue Jahr des Herrn 2025 soll hier das Wort eines anderen, wahrhaft wortgewandten Pfarrers stehen, Paul Gerhardt. 1651 bis zu seinem Tod 1676 war er Pfarrer in Berlin, Mittenwalde und L\u00fcbbe. Er er- und \u00fcberlebte die Schrecken des dreissigj\u00e4hrigen Krieges (1618-1648) und das W\u00fcten der Pest. W\u00e4hrend dieser Zeit dichtete er auch das folgende Neujahrslied.<\/p>\n\n\n\n<figure class=\"wp-block-pullquote\"><blockquote><p>Nun lasst uns gehn und treten<br>Mit Singen und mit Beten<br>Zum Herrn, der unserm Leben<br>Bis hieher Kraft gegeben.<br>\u00a0<br>Wir gehn dahin und wandern<br>Von einem Jahr zum andern,<br>Wir leben und gedeihen<br>Vom alten zu dem neuen.<br>\u00a0<br>Durch so viel Angst und Plagen,<br>Durch Zittern und durch Zagen,<br>Durch Krieg und grosse Schrecken,<br>Die alle Welt bedecken.<br>\u00a0<br>Denn wie von treuen M\u00fcttern<br>In schweren Ungewittern<br>Die Kindlein hier auf Erden<br>Mit Fleiss bewahret werden;<br>\u00a0<br>Also auch und nicht minder,<br>L\u00e4sst Gott ihm seine Kinder,<br>Wenn Not und Tr\u00fcbsal blitzen,<br>In seinem Schosse sitzen.<br>\u00a0<br>Ach, H\u00fcter unsers Lebens,<br>F\u00fcrwahr, es ist vergebens<br>Mit unserm Tun und Machen,<br>Wo nicht dein&#8216; Augen wachen.<br>\u00a0<br>Gelobt sei deine Treue,<br>Die alle Morgen neue!<br>Lob sei den starken H\u00e4nden,<br>Die alles Herzleid wenden!<br>\u00a0<br>Lass ferner dich erbitten,<br>O Vater, und bleib mitten<br>In unserm Kreuz und Leiden<br>Ein Brunnen unsrer Freuden.<br>\u00a0<br>Gib mir und allen denen,<br>Die sich von Herzen sehnen<br>Nach dir und deiner Hulde,<br>Ein Herz, das sich gedulde.<br>\u00a0<br>Schleuss zu die Jammerpforten,<br>Und lass an allen Orten<br>Auf so viel Blutvergiessen<br>Die Friedensstr\u00f6me fliessen.<br>\u00a0<br>Sprich deinen milden Segen<br>Zu allen unsern Wegen,<br>Lass Grossen und auch Kleinen<br>Die Gnadensonne scheinen.<br>\u00a0<br>Sei der Verlassnen Vater,<br>Der Irrenden Berater,<br>Der Unversorgten Gabe,<br>Der Armen Gut und Habe.<br>\u00a0<br>Hilf gn\u00e4dig allen Kranken,<br>Gib fr\u00f6hliche Gedanken<br>Den hochbetr\u00fcbten Seelen,<br>Die sich mit Schwermut qu\u00e4len.<br>\u00a0<br>Und endlich, was das meiste,<br>F\u00fcll uns mit deinem Geiste,<br>Der uns hier herrlich ziere<br>Und dort zum Himmel f\u00fchre.<br>\u00a0<br>Das alles wollst du geben,<br>O meines Lebens Leben,<br>Mir und der Christenschare<br>Zum sel&#8217;gen neuen Jahre.<br>\u00a0<br>Paul Gerhardt (1607 &#8211; 1671)<\/p><\/blockquote><\/figure>\n\n\n\n<p>Pfarrer David M\u00e4gli<\/p>\n\n\n\n<p>Quelle: Hondwiler Bl\u00e4ttli, 1. Quartal 2025<\/p>\n","protected":false},"excerpt":{"rendered":"<p>Wort des Pfarrers O meines Lebens Leben Zum Eingang in das neue Jahr des Herrn 2025 soll hier das Wort eines anderen, wahrhaft wortgewandten Pfarrers stehen, Paul Gerhardt. 1651 bis zu seinem Tod 1676 war er Pfarrer in Berlin, Mittenwalde &hellip; <a href=\"https:\/\/kirchehundwil.ch\/?page_id=8256\">Weiterlesen <span class=\"meta-nav\">&rarr;<\/span><\/a><\/p>\n","protected":false},"author":1,"featured_media":0,"parent":0,"menu_order":0,"comment_status":"closed","ping_status":"closed","template":"","meta":{"footnotes":""},"class_list":["post-8256","page","type-page","status-publish","hentry"],"_links":{"self":[{"href":"https:\/\/kirchehundwil.ch\/index.php?rest_route=\/wp\/v2\/pages\/8256","targetHints":{"allow":["GET"]}}],"collection":[{"href":"https:\/\/kirchehundwil.ch\/index.php?rest_route=\/wp\/v2\/pages"}],"about":[{"href":"https:\/\/kirchehundwil.ch\/index.php?rest_route=\/wp\/v2\/types\/page"}],"author":[{"embeddable":true,"href":"https:\/\/kirchehundwil.ch\/index.php?rest_route=\/wp\/v2\/users\/1"}],"replies":[{"embeddable":true,"href":"https:\/\/kirchehundwil.ch\/index.php?rest_route=%2Fwp%2Fv2%2Fcomments&post=8256"}],"version-history":[{"count":2,"href":"https:\/\/kirchehundwil.ch\/index.php?rest_route=\/wp\/v2\/pages\/8256\/revisions"}],"predecessor-version":[{"id":8260,"href":"https:\/\/kirchehundwil.ch\/index.php?rest_route=\/wp\/v2\/pages\/8256\/revisions\/8260"}],"wp:attachment":[{"href":"https:\/\/kirchehundwil.ch\/index.php?rest_route=%2Fwp%2Fv2%2Fmedia&parent=8256"}],"curies":[{"name":"wp","href":"https:\/\/api.w.org\/{rel}","templated":true}]}}