{"id":8619,"date":"2025-07-21T07:09:44","date_gmt":"2025-07-21T05:09:44","guid":{"rendered":"https:\/\/kirchehundwil.ch\/?page_id=8619"},"modified":"2025-07-21T07:09:45","modified_gmt":"2025-07-21T05:09:45","slug":"erntedank-vom-1-oktober-2024","status":"publish","type":"page","link":"https:\/\/kirchehundwil.ch\/?page_id=8619","title":{"rendered":"Erntedank vom 1. Oktober 2024"},"content":{"rendered":"\n<p><strong>Erntedank vom Sonntag, 28. September 2025<\/strong><\/p>\n\n\n\n<p>Am Sonntag, 1. Oktober 2024, 10.30 Uhr feierten wir beim Familiengottesdienst den Erntedank, vom Jugendch\u00f6rli und den Sch\u00fclern des Religionsunterrichts mit frohem Gesang begleitet. Anschliessend konnte sich jeder beim reichen Gabentisch bedienen. Es gab Wurst und Brot f\u00fcr Gross und Klein.<\/p>\n\n\n\n<figure class=\"wp-block-image size-full\"><a href=\"https:\/\/kirchehundwil.ch\/wp-content\/uploads\/2024\/10\/IMG_8815.heic\"><img decoding=\"async\" src=\"https:\/\/kirchehundwil.ch\/wp-content\/uploads\/2024\/10\/IMG_8815.heic\" alt=\"\" class=\"wp-image-8032\"\/><\/a><\/figure>\n\n\n\n<p><em>Mit grossem Eifer, viel Liebe, guten Ideen und feinen Gaben haben die Damen der KiVo, mit anderen zusammen den Gabentisch f\u00fcr den Erntedankgottesdienst vorbereitet, vieles aus Wiese und Feld, Garten und K\u00fcche zusammengetragen und sch\u00f6n geschm\u00fcckt. Es wurde fleissig und mit Ausdauer gebacken, geerntet und gepfl\u00fcckt, gekocht und eingemacht, zugeschnitten und verziert. Es war eine Freude, den Gabentisch zu bestaunen.<\/em><\/p>\n\n\n\n<p><em>Das Jugendch\u00f6rli Hundwil mit den Sch\u00fclern des Religionsunterrichts haben mit ihrem frohen Gesang den Gottesdienst fein umrahmt.<\/em><\/p>\n\n\n\n<p><em>Die zahlreich erschienene Gemeinde \u2013 die Kirche schien ziemlich voll zu sein \u2013 folgte gespannt der Predigt. Beim Gabentisch wurde fleissig zugegriffen. So wurden die Gaben durch die Geber reich vermehrt. Klein und Gross genossen danach Wurst und Brot.&nbsp;<\/em><\/p>\n\n\n\n<figure class=\"wp-block-image size-full\"><a href=\"https:\/\/kirchehundwil.ch\/wp-content\/uploads\/2025\/02\/IMG_6342-3.heic\"><img decoding=\"async\" src=\"https:\/\/kirchehundwil.ch\/wp-content\/uploads\/2025\/02\/IMG_6342-3.heic\" alt=\"\" class=\"wp-image-8350\"\/><\/a><\/figure>\n\n\n\n<figure class=\"wp-block-image size-full\"><a href=\"https:\/\/kirchehundwil.ch\/wp-content\/uploads\/2024\/10\/IMG_8824.heic\"><img decoding=\"async\" src=\"https:\/\/kirchehundwil.ch\/wp-content\/uploads\/2024\/10\/IMG_8824.heic\" alt=\"\" class=\"wp-image-8049\"\/><\/a><\/figure>\n","protected":false},"excerpt":{"rendered":"<p>Erntedank vom Sonntag, 28. September 2025 Am Sonntag, 1. Oktober 2024, 10.30 Uhr feierten wir beim Familiengottesdienst den Erntedank, vom Jugendch\u00f6rli und den Sch\u00fclern des Religionsunterrichts mit frohem Gesang begleitet. Anschliessend konnte sich jeder beim reichen Gabentisch bedienen. Es gab &hellip; <a href=\"https:\/\/kirchehundwil.ch\/?page_id=8619\">Weiterlesen <span class=\"meta-nav\">&rarr;<\/span><\/a><\/p>\n","protected":false},"author":1,"featured_media":0,"parent":0,"menu_order":0,"comment_status":"closed","ping_status":"closed","template":"","meta":{"footnotes":""},"class_list":["post-8619","page","type-page","status-publish","hentry"],"_links":{"self":[{"href":"https:\/\/kirchehundwil.ch\/index.php?rest_route=\/wp\/v2\/pages\/8619","targetHints":{"allow":["GET"]}}],"collection":[{"href":"https:\/\/kirchehundwil.ch\/index.php?rest_route=\/wp\/v2\/pages"}],"about":[{"href":"https:\/\/kirchehundwil.ch\/index.php?rest_route=\/wp\/v2\/types\/page"}],"author":[{"embeddable":true,"href":"https:\/\/kirchehundwil.ch\/index.php?rest_route=\/wp\/v2\/users\/1"}],"replies":[{"embeddable":true,"href":"https:\/\/kirchehundwil.ch\/index.php?rest_route=%2Fwp%2Fv2%2Fcomments&post=8619"}],"version-history":[{"count":1,"href":"https:\/\/kirchehundwil.ch\/index.php?rest_route=\/wp\/v2\/pages\/8619\/revisions"}],"predecessor-version":[{"id":8622,"href":"https:\/\/kirchehundwil.ch\/index.php?rest_route=\/wp\/v2\/pages\/8619\/revisions\/8622"}],"wp:attachment":[{"href":"https:\/\/kirchehundwil.ch\/index.php?rest_route=%2Fwp%2Fv2%2Fmedia&parent=8619"}],"curies":[{"name":"wp","href":"https:\/\/api.w.org\/{rel}","templated":true}]}}