{"id":8670,"date":"2025-07-26T21:27:54","date_gmt":"2025-07-26T19:27:54","guid":{"rendered":"https:\/\/kirchehundwil.ch\/?page_id=8670"},"modified":"2025-09-05T18:14:50","modified_gmt":"2025-09-05T16:14:50","slug":"sonntagsschulausflug-zur-ramsenburg","status":"publish","type":"page","link":"https:\/\/kirchehundwil.ch\/?page_id=8670","title":{"rendered":"Sonntagsschulausflug zur Ramsenburg 29. Juni"},"content":{"rendered":"\n<p>Am Sonntag, 29. Juni 2025 war ein kleine, muntere Schar Sonntagssch\u00fcler in Hundwil bereit. Mit dem Postauto ging&#8217;s nach Herisau zum Bahnhof. Sch\u00f6nstes Wetter, erwartungsvolle Gesichter. Von dort bem\u00fchten wir dann unsere F\u00fcsse und stiegen zuerst hinunter und dann wieder hoch zur Ramsenburg.<\/p>\n\n\n\n<figure class=\"wp-block-image size-large\"><a href=\"https:\/\/kirchehundwil.ch\/wp-content\/uploads\/2025\/07\/IMG_6367-3-scaled.jpeg\"><img loading=\"lazy\" decoding=\"async\" width=\"768\" height=\"1024\" src=\"https:\/\/kirchehundwil.ch\/wp-content\/uploads\/2025\/07\/IMG_6367-3-768x1024.jpeg\" alt=\"\" class=\"wp-image-8672\" srcset=\"https:\/\/kirchehundwil.ch\/wp-content\/uploads\/2025\/07\/IMG_6367-3-768x1024.jpeg 768w, https:\/\/kirchehundwil.ch\/wp-content\/uploads\/2025\/07\/IMG_6367-3-225x300.jpeg 225w, https:\/\/kirchehundwil.ch\/wp-content\/uploads\/2025\/07\/IMG_6367-3-1152x1536.jpeg 1152w, https:\/\/kirchehundwil.ch\/wp-content\/uploads\/2025\/07\/IMG_6367-3-1536x2048.jpeg 1536w, https:\/\/kirchehundwil.ch\/wp-content\/uploads\/2025\/07\/IMG_6367-3-scaled.jpeg 1920w\" sizes=\"auto, (max-width: 768px) 100vw, 768px\" \/><\/a><\/figure>\n\n\n\n<p>Nat\u00fcrlich mussten wir die Burg ausgiebig erkunden und erklettern. Und dann war ja auch noch die Br\u00e4tlistelle in der N\u00e4he, wo wir &#8222;F\u00fc\u00fcrli&#8220; machen und unsere W\u00fcrste braten konnten. Und Marianne lud uns dann noch zu sich nach Hause ein &#8211; mmh &#8211; da gab es eine feine Glace!<\/p>\n\n\n\n<figure class=\"wp-block-gallery has-nested-images columns-default is-cropped wp-block-gallery-1 is-layout-flex wp-block-gallery-is-layout-flex\">\n<figure class=\"wp-block-image size-large\"><a href=\"https:\/\/kirchehundwil.ch\/wp-content\/uploads\/2025\/07\/IMG_6356-scaled.jpeg\"><img loading=\"lazy\" decoding=\"async\" width=\"1024\" height=\"768\" data-id=\"8675\" src=\"https:\/\/kirchehundwil.ch\/wp-content\/uploads\/2025\/07\/IMG_6356-1024x768.jpeg\" alt=\"\" class=\"wp-image-8675\" srcset=\"https:\/\/kirchehundwil.ch\/wp-content\/uploads\/2025\/07\/IMG_6356-1024x768.jpeg 1024w, https:\/\/kirchehundwil.ch\/wp-content\/uploads\/2025\/07\/IMG_6356-300x225.jpeg 300w, https:\/\/kirchehundwil.ch\/wp-content\/uploads\/2025\/07\/IMG_6356-768x576.jpeg 768w, https:\/\/kirchehundwil.ch\/wp-content\/uploads\/2025\/07\/IMG_6356-1536x1152.jpeg 1536w, https:\/\/kirchehundwil.ch\/wp-content\/uploads\/2025\/07\/IMG_6356-2048x1536.jpeg 2048w\" sizes=\"auto, (max-width: 1024px) 100vw, 1024px\" \/><\/a><\/figure>\n\n\n\n<figure class=\"wp-block-image size-large\"><a href=\"https:\/\/kirchehundwil.ch\/wp-content\/uploads\/2025\/07\/IMG_6357-1-scaled.jpeg\"><img loading=\"lazy\" decoding=\"async\" width=\"768\" height=\"1024\" data-id=\"8676\" src=\"https:\/\/kirchehundwil.ch\/wp-content\/uploads\/2025\/07\/IMG_6357-1-768x1024.jpeg\" alt=\"\" class=\"wp-image-8676\" srcset=\"https:\/\/kirchehundwil.ch\/wp-content\/uploads\/2025\/07\/IMG_6357-1-768x1024.jpeg 768w, https:\/\/kirchehundwil.ch\/wp-content\/uploads\/2025\/07\/IMG_6357-1-225x300.jpeg 225w, https:\/\/kirchehundwil.ch\/wp-content\/uploads\/2025\/07\/IMG_6357-1-1152x1536.jpeg 1152w, https:\/\/kirchehundwil.ch\/wp-content\/uploads\/2025\/07\/IMG_6357-1-1536x2048.jpeg 1536w, https:\/\/kirchehundwil.ch\/wp-content\/uploads\/2025\/07\/IMG_6357-1-scaled.jpeg 1920w\" sizes=\"auto, (max-width: 768px) 100vw, 768px\" \/><\/a><\/figure>\n\n\n\n<figure class=\"wp-block-image size-large\"><a href=\"https:\/\/kirchehundwil.ch\/wp-content\/uploads\/2025\/07\/IMG_6358-1-scaled.jpeg\"><img loading=\"lazy\" decoding=\"async\" width=\"768\" height=\"1024\" data-id=\"8673\" src=\"https:\/\/kirchehundwil.ch\/wp-content\/uploads\/2025\/07\/IMG_6358-1-768x1024.jpeg\" alt=\"\" class=\"wp-image-8673\" srcset=\"https:\/\/kirchehundwil.ch\/wp-content\/uploads\/2025\/07\/IMG_6358-1-768x1024.jpeg 768w, https:\/\/kirchehundwil.ch\/wp-content\/uploads\/2025\/07\/IMG_6358-1-225x300.jpeg 225w, https:\/\/kirchehundwil.ch\/wp-content\/uploads\/2025\/07\/IMG_6358-1-1152x1536.jpeg 1152w, https:\/\/kirchehundwil.ch\/wp-content\/uploads\/2025\/07\/IMG_6358-1-1536x2048.jpeg 1536w, https:\/\/kirchehundwil.ch\/wp-content\/uploads\/2025\/07\/IMG_6358-1-scaled.jpeg 1920w\" sizes=\"auto, (max-width: 768px) 100vw, 768px\" \/><\/a><\/figure>\n\n\n\n<figure class=\"wp-block-image size-large\"><a href=\"https:\/\/kirchehundwil.ch\/wp-content\/uploads\/2025\/07\/IMG_6364-1-scaled.jpeg\"><img loading=\"lazy\" decoding=\"async\" width=\"768\" height=\"1024\" data-id=\"8677\" src=\"https:\/\/kirchehundwil.ch\/wp-content\/uploads\/2025\/07\/IMG_6364-1-768x1024.jpeg\" alt=\"\" class=\"wp-image-8677\" srcset=\"https:\/\/kirchehundwil.ch\/wp-content\/uploads\/2025\/07\/IMG_6364-1-768x1024.jpeg 768w, https:\/\/kirchehundwil.ch\/wp-content\/uploads\/2025\/07\/IMG_6364-1-225x300.jpeg 225w, https:\/\/kirchehundwil.ch\/wp-content\/uploads\/2025\/07\/IMG_6364-1-1152x1536.jpeg 1152w, https:\/\/kirchehundwil.ch\/wp-content\/uploads\/2025\/07\/IMG_6364-1-1536x2048.jpeg 1536w, https:\/\/kirchehundwil.ch\/wp-content\/uploads\/2025\/07\/IMG_6364-1-scaled.jpeg 1920w\" sizes=\"auto, (max-width: 768px) 100vw, 768px\" \/><\/a><\/figure>\n\n\n\n<figure class=\"wp-block-image size-large\"><a href=\"https:\/\/kirchehundwil.ch\/wp-content\/uploads\/2025\/07\/IMG_6373-1-scaled.jpeg\"><img loading=\"lazy\" decoding=\"async\" width=\"768\" height=\"1024\" data-id=\"8674\" src=\"https:\/\/kirchehundwil.ch\/wp-content\/uploads\/2025\/07\/IMG_6373-1-768x1024.jpeg\" alt=\"\" class=\"wp-image-8674\" srcset=\"https:\/\/kirchehundwil.ch\/wp-content\/uploads\/2025\/07\/IMG_6373-1-768x1024.jpeg 768w, https:\/\/kirchehundwil.ch\/wp-content\/uploads\/2025\/07\/IMG_6373-1-225x300.jpeg 225w, https:\/\/kirchehundwil.ch\/wp-content\/uploads\/2025\/07\/IMG_6373-1-1152x1536.jpeg 1152w, https:\/\/kirchehundwil.ch\/wp-content\/uploads\/2025\/07\/IMG_6373-1-1536x2048.jpeg 1536w, https:\/\/kirchehundwil.ch\/wp-content\/uploads\/2025\/07\/IMG_6373-1-scaled.jpeg 1920w\" sizes=\"auto, (max-width: 768px) 100vw, 768px\" \/><\/a><\/figure>\n<\/figure>\n\n\n\n<p>Und der R\u00fcckweg war dann gar nicht so weit &#8211; nur bis zum Bahnhof Schachen, von dort nach Herisau und mit dem &#8222;Poschti&#8220; wieder in unser geliebtes Hundwil.<\/p>\n\n\n\n<figure class=\"wp-block-image size-large\"><a href=\"https:\/\/kirchehundwil.ch\/wp-content\/uploads\/2025\/07\/IMG_6378-1-scaled.jpeg\"><img loading=\"lazy\" decoding=\"async\" width=\"768\" height=\"1024\" src=\"https:\/\/kirchehundwil.ch\/wp-content\/uploads\/2025\/07\/IMG_6378-1-768x1024.jpeg\" alt=\"\" class=\"wp-image-8678\" srcset=\"https:\/\/kirchehundwil.ch\/wp-content\/uploads\/2025\/07\/IMG_6378-1-768x1024.jpeg 768w, https:\/\/kirchehundwil.ch\/wp-content\/uploads\/2025\/07\/IMG_6378-1-225x300.jpeg 225w, https:\/\/kirchehundwil.ch\/wp-content\/uploads\/2025\/07\/IMG_6378-1-1152x1536.jpeg 1152w, https:\/\/kirchehundwil.ch\/wp-content\/uploads\/2025\/07\/IMG_6378-1-1536x2048.jpeg 1536w, https:\/\/kirchehundwil.ch\/wp-content\/uploads\/2025\/07\/IMG_6378-1-scaled.jpeg 1920w\" sizes=\"auto, (max-width: 768px) 100vw, 768px\" \/><\/a><\/figure>\n\n\n\n<p>Danke, Elsbeth und Marianne, f\u00fcr den sch\u00f6nen Tag!<\/p>\n","protected":false},"excerpt":{"rendered":"<p>Am Sonntag, 29. Juni 2025 war ein kleine, muntere Schar Sonntagssch\u00fcler in Hundwil bereit. Mit dem Postauto ging&#8217;s nach Herisau zum Bahnhof. Sch\u00f6nstes Wetter, erwartungsvolle Gesichter. Von dort bem\u00fchten wir dann unsere F\u00fcsse und stiegen zuerst hinunter und dann wieder &hellip; <a href=\"https:\/\/kirchehundwil.ch\/?page_id=8670\">Weiterlesen <span class=\"meta-nav\">&rarr;<\/span><\/a><\/p>\n","protected":false},"author":1,"featured_media":0,"parent":0,"menu_order":0,"comment_status":"closed","ping_status":"closed","template":"","meta":{"footnotes":""},"class_list":["post-8670","page","type-page","status-publish","hentry"],"_links":{"self":[{"href":"https:\/\/kirchehundwil.ch\/index.php?rest_route=\/wp\/v2\/pages\/8670","targetHints":{"allow":["GET"]}}],"collection":[{"href":"https:\/\/kirchehundwil.ch\/index.php?rest_route=\/wp\/v2\/pages"}],"about":[{"href":"https:\/\/kirchehundwil.ch\/index.php?rest_route=\/wp\/v2\/types\/page"}],"author":[{"embeddable":true,"href":"https:\/\/kirchehundwil.ch\/index.php?rest_route=\/wp\/v2\/users\/1"}],"replies":[{"embeddable":true,"href":"https:\/\/kirchehundwil.ch\/index.php?rest_route=%2Fwp%2Fv2%2Fcomments&post=8670"}],"version-history":[{"count":2,"href":"https:\/\/kirchehundwil.ch\/index.php?rest_route=\/wp\/v2\/pages\/8670\/revisions"}],"predecessor-version":[{"id":8823,"href":"https:\/\/kirchehundwil.ch\/index.php?rest_route=\/wp\/v2\/pages\/8670\/revisions\/8823"}],"wp:attachment":[{"href":"https:\/\/kirchehundwil.ch\/index.php?rest_route=%2Fwp%2Fv2%2Fmedia&parent=8670"}],"curies":[{"name":"wp","href":"https:\/\/api.w.org\/{rel}","templated":true}]}}