{"id":8711,"date":"2025-08-07T21:55:20","date_gmt":"2025-08-07T19:55:20","guid":{"rendered":"https:\/\/kirchehundwil.ch\/?page_id=8711"},"modified":"2025-08-07T21:55:21","modified_gmt":"2025-08-07T19:55:21","slug":"ehrendoktor-der-universitaet-basel","status":"publish","type":"page","link":"https:\/\/kirchehundwil.ch\/?page_id=8711","title":{"rendered":"Ehrendoktor der Universit\u00e4t Basel"},"content":{"rendered":"\n<p>Universit\u00e4t Basel, Medizinische Fakult\u00e4t<\/p>\n\n\n\n<p>Dekanat<\/p>\n\n\n\n<p>Zum Doktor der Medizin ehrenhalber wird ernannt:<\/p>\n\n\n\n<p>Herr Jakob K\u00fcnzler<br>aus Walzenhausen. Appenzell, Diakon;<\/p>\n\n\n\n<p>der w\u00e4hrend mehr als 25 Jahren in Armenien zahllose Kranke und Elende in christlicher Liebe gepflegt und sich der blutigen Heimsuchung des armenischen Volkes in mannhafter Weise entgegengestemmt hat;<\/p>\n\n\n\n<p>der nach diesem grossen Ungl\u00fcck viele Tausende von Kindern nach dem Libanon in Sicherheit gebracht und hier den Gesunden den Weg zu beruflicher Selbst\u00e4ndigkeit gewiesen. den Blinden und Schwachen aber eine dauernde Heimst\u00e4tte begr\u00fcndet hat;<\/p>\n\n\n\n<p>der schliesslich das ungeheure Fl\u00fcchtlings\u00adlager am Strand von Beirut aus den allerelendesten Verh\u00e4ltnissen in eine wohnliche Siedelung umgewandelt und die ihre Einwohner aufs schwerste bedrohenden Seuchen der Tuberkulose und der Malaria durch kluge Ratschl\u00e4ge mit Erfolg bek\u00e4mpft und zur\u00fcckgedr\u00e4ngt hat;<\/p>\n\n\n\n<p>der hierdurch, zusammen mit seiner treuen Lebensgef\u00e4hrtin, in unerm\u00fcdlicher, \u00fcber 45&nbsp;Jahre fortgesetzter pers\u00f6nlicher Hingabe Tausende von Menschen vor grausamen Leiden bewahrte und dem sicheren Tode entriss, und so ein Beispiel reiner Menschlichkeit vollbrachte, das besten \u00e4rztlichen Leistungen gleichgesetzt zu werden verdient.<\/p>\n\n\n\n<p>Basel, 22. November 1947<\/p>\n","protected":false},"excerpt":{"rendered":"<p>Universit\u00e4t Basel, Medizinische Fakult\u00e4t Dekanat Zum Doktor der Medizin ehrenhalber wird ernannt: Herr Jakob K\u00fcnzleraus Walzenhausen. Appenzell, Diakon; der w\u00e4hrend mehr als 25 Jahren in Armenien zahllose Kranke und Elende in christlicher Liebe gepflegt und sich der blutigen Heimsuchung des &hellip; <a href=\"https:\/\/kirchehundwil.ch\/?page_id=8711\">Weiterlesen <span class=\"meta-nav\">&rarr;<\/span><\/a><\/p>\n","protected":false},"author":1,"featured_media":0,"parent":0,"menu_order":0,"comment_status":"closed","ping_status":"closed","template":"","meta":{"footnotes":""},"class_list":["post-8711","page","type-page","status-publish","hentry"],"_links":{"self":[{"href":"https:\/\/kirchehundwil.ch\/index.php?rest_route=\/wp\/v2\/pages\/8711","targetHints":{"allow":["GET"]}}],"collection":[{"href":"https:\/\/kirchehundwil.ch\/index.php?rest_route=\/wp\/v2\/pages"}],"about":[{"href":"https:\/\/kirchehundwil.ch\/index.php?rest_route=\/wp\/v2\/types\/page"}],"author":[{"embeddable":true,"href":"https:\/\/kirchehundwil.ch\/index.php?rest_route=\/wp\/v2\/users\/1"}],"replies":[{"embeddable":true,"href":"https:\/\/kirchehundwil.ch\/index.php?rest_route=%2Fwp%2Fv2%2Fcomments&post=8711"}],"version-history":[{"count":1,"href":"https:\/\/kirchehundwil.ch\/index.php?rest_route=\/wp\/v2\/pages\/8711\/revisions"}],"predecessor-version":[{"id":8712,"href":"https:\/\/kirchehundwil.ch\/index.php?rest_route=\/wp\/v2\/pages\/8711\/revisions\/8712"}],"wp:attachment":[{"href":"https:\/\/kirchehundwil.ch\/index.php?rest_route=%2Fwp%2Fv2%2Fmedia&parent=8711"}],"curies":[{"name":"wp","href":"https:\/\/api.w.org\/{rel}","templated":true}]}}