{"id":911,"date":"2014-09-25T06:43:39","date_gmt":"2014-09-25T06:43:39","guid":{"rendered":"\/?page_id=911"},"modified":"2021-08-21T12:19:50","modified_gmt":"2021-08-21T10:19:50","slug":"fond-ida-kunzler","status":"publish","type":"page","link":"https:\/\/kirchehundwil.ch\/?page_id=911","title":{"rendered":"Fonds Ida K\u00fcnzler"},"content":{"rendered":"<p><a href=\"https:\/\/kirchehundwil.ch\/wp-content\/uploads\/2014\/09\/Fond-Ida-K\u00fcnzler-Statuten-14-02-24.pdf\">Fonds Ida K\u00fcnzler, Statuten<\/a><\/p>\n<p>Der Fond Ida K\u00fcnzler tr\u00e4gt seinen Namen nach der ersten Gemeindekrankenschwester in Hundwil. Er dient dazu, Gemeindegliedern (ohne Ansehen ihrer Konfession) in Notlagen unkompliziert und rasch eine \u00fcberbr\u00fcckende und weiterf\u00fchrende Hilfe zu erm\u00f6glichen. Im Auftrag des Kirchenvorsteherschaft entscheiden zwei Verantwortliche \u00fcber Hilfegesuche. Sie sind zur Geheimhaltung verpflichtet, die Namen der Empf\u00e4nger werden nirgendwo genannt.<br \/>\nAnfragen und Gesuche sind zu richten an:<br \/>\nElsbeth Eugster, Kirchenvorsteherschaft, Tel 071 367 14 79<br \/>\noder<br \/>\nPfr. David M\u00e4gli, Tel. 071 367 12 26<\/p>\n","protected":false},"excerpt":{"rendered":"<p>Fonds Ida K\u00fcnzler, Statuten Der Fond Ida K\u00fcnzler tr\u00e4gt seinen Namen nach der ersten Gemeindekrankenschwester in Hundwil. Er dient dazu, Gemeindegliedern (ohne Ansehen ihrer Konfession) in Notlagen unkompliziert und rasch eine \u00fcberbr\u00fcckende und weiterf\u00fchrende Hilfe zu erm\u00f6glichen. Im Auftrag des &hellip; <a href=\"https:\/\/kirchehundwil.ch\/?page_id=911\">Weiterlesen <span class=\"meta-nav\">&rarr;<\/span><\/a><\/p>\n","protected":false},"author":1,"featured_media":0,"parent":0,"menu_order":12,"comment_status":"open","ping_status":"open","template":"","meta":{"footnotes":""},"class_list":["post-911","page","type-page","status-publish","hentry"],"_links":{"self":[{"href":"https:\/\/kirchehundwil.ch\/index.php?rest_route=\/wp\/v2\/pages\/911","targetHints":{"allow":["GET"]}}],"collection":[{"href":"https:\/\/kirchehundwil.ch\/index.php?rest_route=\/wp\/v2\/pages"}],"about":[{"href":"https:\/\/kirchehundwil.ch\/index.php?rest_route=\/wp\/v2\/types\/page"}],"author":[{"embeddable":true,"href":"https:\/\/kirchehundwil.ch\/index.php?rest_route=\/wp\/v2\/users\/1"}],"replies":[{"embeddable":true,"href":"https:\/\/kirchehundwil.ch\/index.php?rest_route=%2Fwp%2Fv2%2Fcomments&post=911"}],"version-history":[{"count":12,"href":"https:\/\/kirchehundwil.ch\/index.php?rest_route=\/wp\/v2\/pages\/911\/revisions"}],"predecessor-version":[{"id":4503,"href":"https:\/\/kirchehundwil.ch\/index.php?rest_route=\/wp\/v2\/pages\/911\/revisions\/4503"}],"wp:attachment":[{"href":"https:\/\/kirchehundwil.ch\/index.php?rest_route=%2Fwp%2Fv2%2Fmedia&parent=911"}],"curies":[{"name":"wp","href":"https:\/\/api.w.org\/{rel}","templated":true}]}}